{"id":109320,"date":"2025-06-16T16:06:49","date_gmt":"2025-06-16T14:06:49","guid":{"rendered":"https:\/\/mamasandpapas.hu\/blog\/?page_id=109320"},"modified":"2025-06-16T16:10:39","modified_gmt":"2025-06-16T14:10:39","slug":"bugaboo-fox-5-renew","status":"publish","type":"page","link":"https:\/\/mamasandpapas.hu\/blog\/bugaboo-fox-5-renew\/","title":{"rendered":"Bugaboo Fox 5 Renew"},"content":{"rendered":"<div class=\"wpb-content-wrapper\"><p>[vc_row full_width=&#8221;stretch_row_content_no_spaces&#8221; css=&#8221;.vc_custom_1750072757912{background-color: #F2F1EF !important;}&#8221;][vc_column offset=&#8221;vc_hidden-xs&#8221;][vc_single_image image=&#8221;109345&#8243; img_size=&#8221;full&#8221; alignment=&#8221;center&#8221; css=&#8221;&#8221;][\/vc_column][\/vc_row][vc_row full_width=&#8221;stretch_row_content_no_spaces&#8221; css=&#8221;.vc_custom_1750072769680{background-color: #F2F1EF !important;}&#8221;][vc_column offset=&#8221;vc_hidden-lg vc_hidden-md vc_hidden-sm&#8221;][vc_single_image image=&#8221;109344&#8243; img_size=&#8221;full&#8221; alignment=&#8221;center&#8221; css=&#8221;&#8221;][\/vc_column][\/vc_row][vc_row][vc_column][vc_column_text css=&#8221;&#8221;]<\/p>\n<p class=\"u-hidden u-visible-up--md u-h2\" style=\"text-align: center;\"><span style=\"font-size: 21px;\"><strong data-start=\"0\" data-end=\"49\">A term\u00e9szet ihlette, gondoskod\u00e1sra tervezt\u00e9k<\/strong><\/span><\/p>\n<p class=\"u-hidden u-visible-up--md u-h2\" style=\"text-align: center;\">Mer\u00fclj el a term\u00e9szet k\u00f6zels\u00e9g\u00e9ben a Bugaboo Fox 5 Renew babakocsival. Ez az ikonikus, minden terepre tervezett modell p\u00e1ratlan k\u00e9nyelmet ny\u00fajt kisbab\u00e1dnak, mik\u00f6zben kett\u0151 az egyben rendszer\u00e9nek k\u00f6sz\u00f6nhet\u0151en egy\u00fctt n\u00f6vekszik vele. Emelt megjelen\u00e9s\u00e9vel st\u00edlusos \u00e9s eleg\u00e1ns, mik\u00f6zben tudatosan, fenntarthat\u00f3bb anyagok felhaszn\u00e1l\u00e1s\u00e1val k\u00e9sz\u00fclt.<\/p>\n<p>[\/vc_column_text][\/vc_column][\/vc_row][vc_row css=&#8221;.vc_custom_1750072746309{background-color: #F2F1EF !important;}&#8221;][vc_column offset=&#8221;vc_hidden-xs&#8221;][vc_single_image image=&#8221;109332&#8243; img_size=&#8221;full&#8221; alignment=&#8221;center&#8221; css=&#8221;&#8221;][\/vc_column][\/vc_row][vc_row full_width=&#8221;stretch_row_content_no_spaces&#8221; css=&#8221;.vc_custom_1750082968099{background-color: #F2F1EF !important;}&#8221;][vc_column offset=&#8221;vc_hidden-lg vc_hidden-md vc_hidden-sm&#8221;][vc_single_image image=&#8221;109333&#8243; img_size=&#8221;full&#8221; alignment=&#8221;center&#8221; css=&#8221;&#8221;][\/vc_column][\/vc_row][vc_row][vc_column][vc_column_text css=&#8221;&#8221;]<\/p>\n<p style=\"text-align: center;\"><span style=\"font-size: 21px;\"><strong data-start=\"0\" data-end=\"45\">Tulajdons\u00e1gok, amiket mindenk\u00e9pp tudnod kell<\/strong><\/span><\/p>\n<p style=\"text-align: center;\">A leg\u00fajabb gener\u00e1ci\u00f3s babakocsink p\u00e1ratlan ir\u00e1ny\u00edthat\u00f3s\u00e1got biztos\u00edt b\u00e1rmilyen terepen, hogy szabadon fedezhess\u00e9tek fel egy\u00fctt a vil\u00e1got. A kett\u0151 az egyben kialak\u00edt\u00e1snak k\u00f6sz\u00f6nhet\u0151en a baba k\u00f6nnyed\u00e9n v\u00e1lthat m\u00f3zeskos\u00e1rb\u00f3l \u00fcl\u00e9sbe, \u00edgy minden \u00e9letszakaszban kiv\u00e9teles k\u00e9nyelemben utazhat.<\/p>\n<p>[\/vc_column_text][\/vc_column][\/vc_row][vc_row full_width=&#8221;stretch_row_content_no_spaces&#8221; css=&#8221;.vc_custom_1750073136309{background-color: #F2F1EF !important;}&#8221;][vc_column width=&#8221;1\/4&#8243;][vc_single_image image=&#8221;109327&#8243; img_size=&#8221;full&#8221; alignment=&#8221;center&#8221; css=&#8221;&#8221;][vc_column_text css=&#8221;&#8221;]<\/p>\n<p class=\"u-hidden u-visible-up--md u-h4\" style=\"text-align: center;\"><span style=\"font-size: 21px;\"><strong data-start=\"0\" data-end=\"32\">G\u00f6rd\u00fcl\u00e9kenyen minden terepen<\/strong><\/span><\/p>\n<p class=\"u-hidden u-visible-up--md u-h4\" style=\"text-align: center;\">Fedezd fel a szabadban rejl\u0151 lehet\u0151s\u00e9geket k\u00f6nnyed\u00e9n! Az extra nagy, defektmentes kerekek \u00e9s a kimagasl\u00f3 felf\u00fcggeszt\u00e9s biztos\u00edtj\u00e1k a lehet\u0151 legsim\u00e1bb halad\u00e1st b\u00e1rhol is j\u00e1rsz \u2013 ak\u00e1r macskak\u00f6v\u00f6n, ak\u00e1r egyenetlen terepen, a baba nyugodt pihen\u00e9s\u00e9t semmi sem zavarja meg.<\/p>\n<p>[\/vc_column_text][\/vc_column][vc_column width=&#8221;1\/4&#8243;][vc_single_image image=&#8221;109328&#8243; img_size=&#8221;full&#8221; alignment=&#8221;center&#8221; css=&#8221;&#8221;][vc_column_text css=&#8221;&#8221;]<\/p>\n<p class=\"u-hidden u-visible-up--md u-h4\" style=\"text-align: center;\"><span style=\"font-size: 21px;\"><strong data-start=\"0\" data-end=\"27\">P\u00e1ratlan ir\u00e1ny\u00edthat\u00f3s\u00e1g<\/strong><\/span><\/p>\n<p class=\"u-hidden u-visible-up--md u-h4\" style=\"text-align: center;\">Tapasztald meg a legjobb man\u0151verezhet\u0151s\u00e9get! Teljesen \u00f6sszeszerelve mind\u00f6ssze 12,3 kg, \u00edgy a babakocsi k\u00f6nny\u0171, m\u00e9gis massz\u00edv \u2013 egyetlen \u00e9rint\u00e9ssel ir\u00e1ny\u00edthat\u00f3, \u00e9s mindig a te kezedben marad az ir\u00e1ny\u00edt\u00e1s. A r\u00f6vid tengelyt\u00e1vnak k\u00f6sz\u00f6nhet\u0151en mozg\u00e9kony \u00e9s gyorsan reag\u00e1l, b\u00e1rmerre is visz az utatok.<\/p>\n<p>[\/vc_column_text][\/vc_column][vc_column width=&#8221;1\/4&#8243;][vc_single_image image=&#8221;109326&#8243; img_size=&#8221;full&#8221; alignment=&#8221;center&#8221; css=&#8221;&#8221;][vc_column_text css=&#8221;&#8221;]<\/p>\n<p class=\"u-hidden u-visible-up--md u-h4\" style=\"text-align: center;\"><span style=\"font-size: 21px;\"><strong data-start=\"0\" data-end=\"42\">A kiemelked\u0151 k\u00e9nyelem jegy\u00e9ben tervezve<\/strong><\/span><\/p>\n<p class=\"u-hidden u-visible-up--md u-h4\" style=\"text-align: center;\">Teremts meghitt \u00e9s k\u00e9nyelmes k\u00f6rnyezetet \u00fajsz\u00fcl\u00f6tted sz\u00e1m\u00e1ra a t\u00e1gas, minden \u00e9vszakra alkalmas m\u00f3zeskos\u00e1rban, amely szell\u0151z\u0151 panelekkel van ell\u00e1tva. A k\u00fcl\u00f6n\u00f6sen j\u00f3l szell\u0151z\u0151 PureBreeze\u2122 matrac antibakteri\u00e1lis v\u00e9delemmel rendelkezik, ny\u00e1ri \u00e9s t\u00e9li oldala pedig seg\u00edt szab\u00e1lyozni a baba h\u0151m\u00e9rs\u00e9klet\u00e9t a nyugodt pihen\u00e9s \u00e9rdek\u00e9ben.<\/p>\n<p>[\/vc_column_text][\/vc_column][vc_column width=&#8221;1\/4&#8243;][vc_single_image image=&#8221;109329&#8243; img_size=&#8221;full&#8221; alignment=&#8221;center&#8221; css=&#8221;&#8221;][vc_column_text css=&#8221;&#8221;]<\/p>\n<p class=\"u-hidden u-visible-up--md u-h4\" style=\"text-align: center;\"><span style=\"font-size: 21px;\"><strong data-start=\"0\" data-end=\"33\">Egykezes haszn\u00e1latra tervezve<\/strong><\/span><\/p>\n<p class=\"u-hidden u-visible-up--md u-h4\" style=\"text-align: center;\">Minden r\u00e9szlet\u00e9t \u00fagy alkott\u00e1k meg, hogy megk\u00f6nny\u00edtse a mindennapokat. A tol\u00f3kar magass\u00e1ga, az \u00fcl\u00e9s d\u0151l\u00e9ssz\u00f6ge \u00e9s m\u00e9g az \u00f6sszecsuk\u00e1s is egy k\u00e9zzel \u00e1ll\u00edthat\u00f3 \u2013 t\u00f6k\u00e9letes megold\u00e1s, ha \u00fatk\u00f6zben egyszerre t\u00f6bb dologra is figyelned kell.<\/p>\n<p>[\/vc_column_text][\/vc_column][\/vc_row][vc_row full_width=&#8221;stretch_row_content_no_spaces&#8221; css=&#8221;.vc_custom_1750082603434{padding-right: 100px !important;padding-left: 100px !important;}&#8221;][vc_column width=&#8221;1\/4&#8243; offset=&#8221;vc_hidden-xs&#8221;][vc_single_image image=&#8221;109336&#8243; img_size=&#8221;full&#8221; alignment=&#8221;center&#8221; css=&#8221;&#8221;][\/vc_column][vc_column width=&#8221;1\/4&#8243; css=&#8221;.vc_custom_1750082730219{padding-left: 20px !important;}&#8221; offset=&#8221;vc_hidden-xs&#8221;][vc_row_inner][vc_column_inner offset=&#8221;vc_hidden-xs&#8221;][vc_empty_space height=&#8221;80px&#8221;][\/vc_column_inner][\/vc_row_inner][vc_column_text css=&#8221;&#8221;]<\/p>\n<p class=\"u-hidden u-visible-up--md u-h2\"><span style=\"font-size: 21px;\"><strong data-start=\"0\" data-end=\"24\">Egy\u00fctt n\u0151 a bab\u00e1ddal<\/strong><\/span><\/p>\n<p class=\"u-hidden u-visible-up--md u-h2\">A Bugaboo Fox 5 Renew \u00fcl\u00e9se ak\u00e1r 10 cm-rel meghosszabb\u00edthat\u00f3, \u00e9s ergonomikus kialak\u00edt\u00e1s\u00e1nak k\u00f6sz\u00f6nhet\u0151en t\u00f6k\u00e9letesen t\u00e1mogatja a baba fejl\u0151d\u00e9s\u00e9t. A rendk\u00edv\u00fcl puha, \u00f6t ponton r\u00f6gz\u00edthet\u0151 biztons\u00e1gi \u00f6v, a h\u00e1romf\u00e9le d\u00f6nt\u00e9si poz\u00edci\u00f3, valamint a sz\u00fcl\u0151 vagy a vil\u00e1g fel\u00e9 n\u00e9z\u0151 \u00fcl\u00e9spoz\u00edci\u00f3 mind a k\u00e9nyelmet \u00e9s a sokoldal\u00fas\u00e1got szolg\u00e1lj\u00e1k.<\/p>\n<p>[\/vc_column_text][\/vc_column][vc_column width=&#8221;1\/4&#8243; offset=&#8221;vc_hidden-xs&#8221;][vc_single_image image=&#8221;109335&#8243; img_size=&#8221;full&#8221; alignment=&#8221;center&#8221; css=&#8221;&#8221;][\/vc_column][vc_column width=&#8221;1\/4&#8243; css=&#8221;.vc_custom_1750082738794{padding-left: 20px !important;}&#8221; offset=&#8221;vc_hidden-xs&#8221;][vc_row_inner][vc_column_inner offset=&#8221;vc_hidden-xs&#8221;][vc_empty_space height=&#8221;80px&#8221;][\/vc_column_inner][\/vc_row_inner][vc_column_text css=&#8221;&#8221;]<\/p>\n<p class=\"u-hidden u-visible-up--md u-h2\"><span style=\"font-size: 21px;\"><strong data-start=\"0\" data-end=\"21\">Anyagok a j\u00f6v\u0151\u00e9rt<\/strong><\/span><\/p>\n<p class=\"u-hidden u-visible-up--md u-h2\">A bolyg\u00f3nk v\u00e9delme \u00e9rdek\u00e9ben a babakocsit fenntarthat\u00f3bb m\u00f3don, tart\u00f3s \u00fajrahasznos\u00edtott sz\u00f6vetekkel, bioalap\u00fa anyagokkal \u00e9s \u00fajrahasznos\u00edtott alum\u00edniummal k\u00e9sz\u00edtett\u00e9k. A tudatos v\u00e1laszt\u00e1soknak k\u00f6sz\u00f6nhet\u0151en a Bugaboo Fox 5 Renew sz\u00e9n-dioxid-l\u00e1bnyoma 30%-kal alacsonyabb, mint a kor\u00e1bbi Fox modellek\u00e9.<\/p>\n<p>[\/vc_column_text][\/vc_column][\/vc_row][vc_row][vc_column offset=&#8221;vc_hidden-lg vc_hidden-md vc_hidden-sm&#8221;][vc_empty_space height=&#8221;20px&#8221;][\/vc_column][\/vc_row][vc_row][vc_column offset=&#8221;vc_hidden-lg vc_hidden-md vc_hidden-sm&#8221;][vc_row_inner][vc_column_inner width=&#8221;1\/4&#8243;][vc_single_image image=&#8221;109336&#8243; img_size=&#8221;full&#8221; alignment=&#8221;center&#8221; css=&#8221;&#8221;][\/vc_column_inner][vc_column_inner width=&#8221;1\/4&#8243;][vc_column_text css=&#8221;&#8221;]<\/p>\n<p class=\"u-hidden u-visible-up--md u-h2\"><span style=\"font-size: 21px;\"><strong data-start=\"0\" data-end=\"24\">Egy\u00fctt n\u0151 a bab\u00e1ddal<\/strong><\/span><\/p>\n<p class=\"u-hidden u-visible-up--md u-h2\">A Bugaboo Fox 5 Renew \u00fcl\u00e9se ak\u00e1r 10 cm-rel meghosszabb\u00edthat\u00f3, \u00e9s ergonomikus kialak\u00edt\u00e1s\u00e1nak k\u00f6sz\u00f6nhet\u0151en t\u00f6k\u00e9letesen t\u00e1mogatja a baba fejl\u0151d\u00e9s\u00e9t. A rendk\u00edv\u00fcl puha, \u00f6t ponton r\u00f6gz\u00edthet\u0151 biztons\u00e1gi \u00f6v, a h\u00e1romf\u00e9le d\u00f6nt\u00e9si poz\u00edci\u00f3, valamint a sz\u00fcl\u0151 vagy a vil\u00e1g fel\u00e9 n\u00e9z\u0151 \u00fcl\u00e9spoz\u00edci\u00f3 mind a k\u00e9nyelmet \u00e9s a sokoldal\u00fas\u00e1got szolg\u00e1lj\u00e1k.<\/p>\n<p>[\/vc_column_text][\/vc_column_inner][vc_column_inner width=&#8221;1\/4&#8243;][vc_single_image image=&#8221;109335&#8243; img_size=&#8221;full&#8221; alignment=&#8221;center&#8221; css=&#8221;&#8221;][\/vc_column_inner][vc_column_inner width=&#8221;1\/4&#8243;][vc_column_text css=&#8221;&#8221;]<\/p>\n<p class=\"u-hidden u-visible-up--md u-h2\"><span style=\"font-size: 21px;\"><strong data-start=\"0\" data-end=\"21\">Anyagok a j\u00f6v\u0151\u00e9rt<\/strong><\/span><\/p>\n<p class=\"u-hidden u-visible-up--md u-h2\">A bolyg\u00f3nk v\u00e9delme \u00e9rdek\u00e9ben a babakocsit fenntarthat\u00f3bb m\u00f3don, tart\u00f3s \u00fajrahasznos\u00edtott sz\u00f6vetekkel, bioalap\u00fa anyagokkal \u00e9s \u00fajrahasznos\u00edtott alum\u00edniummal k\u00e9sz\u00edtett\u00e9k. A tudatos v\u00e1laszt\u00e1soknak k\u00f6sz\u00f6nhet\u0151en a Bugaboo Fox 5 Renew sz\u00e9n-dioxid-l\u00e1bnyoma 30%-kal alacsonyabb, mint a kor\u00e1bbi Fox modellek\u00e9.<\/p>\n<p>[\/vc_column_text][\/vc_column_inner][\/vc_row_inner][\/vc_column][\/vc_row][vc_row full_width=&#8221;stretch_row_content_no_spaces&#8221; css=&#8221;.vc_custom_1749814681340{background-color: #F2F1EF !important;}&#8221;][vc_column offset=&#8221;vc_hidden-xs&#8221;][vc_single_image image=&#8221;109340&#8243; img_size=&#8221;full&#8221; alignment=&#8221;center&#8221; css=&#8221;&#8221;][\/vc_column][\/vc_row][vc_row full_width=&#8221;stretch_row_content_no_spaces&#8221; css=&#8221;.vc_custom_1749814681340{background-color: #F2F1EF !important;}&#8221;][vc_column offset=&#8221;vc_hidden-lg vc_hidden-md vc_hidden-sm&#8221;][vc_single_image image=&#8221;109342&#8243; img_size=&#8221;full&#8221; alignment=&#8221;center&#8221; css=&#8221;&#8221;][\/vc_column][\/vc_row]<\/p>\n<\/div>","protected":false},"excerpt":{"rendered":"<p>[vc_row full_width=&#8221;stretch_row_content_no_spaces&#8221; css=&#8221;.vc_custom_1750072757912{background-color: #F2F1EF !important;}&#8221;][vc_column offset=&#8221;vc_hidden-xs&#8221;][vc_single_image image=&#8221;109345&#8243; img_size=&#8221;full&#8221; alignment=&#8221;center&#8221; css=&#8221;&#8221;][\/vc_column][\/vc_row][vc_row full_width=&#8221;stretch_row_content_no_spaces&#8221; css=&#8221;.vc_custom_1750072769680{background-color: #F2F1EF !important;}&#8221;][vc_column offset=&#8221;vc_hidden-lg vc_hidden-md vc_hidden-sm&#8221;][vc_single_image image=&#8221;109344&#8243; img_size=&#8221;full&#8221; alignment=&#8221;center&#8221; css=&#8221;&#8221;][\/vc_column][\/vc_row][vc_row][vc_column][vc_column_text css=&#8221;&#8221;] A term\u00e9szet ihlette, gondoskod\u00e1sra tervezt\u00e9k Mer\u00fclj el a term\u00e9szet k\u00f6zels\u00e9g\u00e9ben a Bugaboo Fox 5 Renew babakocsival. Ez az ikonikus, minden terepre tervezett modell p\u00e1ratlan k\u00e9nyelmet ny\u00fajt kisbab\u00e1dnak, mik\u00f6zben&#8230;<\/p>\n","protected":false},"author":5,"featured_media":0,"parent":0,"menu_order":0,"comment_status":"closed","ping_status":"closed","template":"","meta":{"_acf_changed":false,"footnotes":""},"class_list":["post-109320","page","type-page","status-publish","hentry"],"acf":[],"amp_enabled":true,"_links":{"self":[{"href":"https:\/\/mamasandpapas.hu\/blog\/wp-json\/wp\/v2\/pages\/109320","targetHints":{"allow":["GET"]}}],"collection":[{"href":"https:\/\/mamasandpapas.hu\/blog\/wp-json\/wp\/v2\/pages"}],"about":[{"href":"https:\/\/mamasandpapas.hu\/blog\/wp-json\/wp\/v2\/types\/page"}],"author":[{"embeddable":true,"href":"https:\/\/mamasandpapas.hu\/blog\/wp-json\/wp\/v2\/users\/5"}],"replies":[{"embeddable":true,"href":"https:\/\/mamasandpapas.hu\/blog\/wp-json\/wp\/v2\/comments?post=109320"}],"version-history":[{"count":26,"href":"https:\/\/mamasandpapas.hu\/blog\/wp-json\/wp\/v2\/pages\/109320\/revisions"}],"predecessor-version":[{"id":109360,"href":"https:\/\/mamasandpapas.hu\/blog\/wp-json\/wp\/v2\/pages\/109320\/revisions\/109360"}],"wp:attachment":[{"href":"https:\/\/mamasandpapas.hu\/blog\/wp-json\/wp\/v2\/media?parent=109320"}],"curies":[{"name":"wp","href":"https:\/\/api.w.org\/{rel}","templated":true}]}}