{"id":109036,"date":"2024-08-05T14:51:50","date_gmt":"2024-08-05T14:51:50","guid":{"rendered":"https:\/\/mamasandpapas.hu\/blog\/?page_id=109036"},"modified":"2024-08-05T15:22:27","modified_gmt":"2024-08-05T15:22:27","slug":"cybex-anoris-t2-i-size-autosules","status":"publish","type":"page","link":"https:\/\/mamasandpapas.hu\/blog\/cybex-anoris-t2-i-size-autosules\/","title":{"rendered":"Cybex Anoris T2 i-Size aut\u00f3s\u00fcl\u00e9s"},"content":{"rendered":"<div class=\"wpb-content-wrapper\"><p>[vc_row css=&#8221;.vc_custom_1722841907248{background-color: #000000 !important;}&#8221;][vc_column width=&#8221;1\/3&#8243;][vc_row_inner][vc_column_inner offset=&#8221;vc_hidden-xs&#8221;][vc_empty_space height=&#8221;150px&#8221;][\/vc_column_inner][\/vc_row_inner][vc_column_text]<\/p>\n<p style=\"text-align: center;\"><span style=\"font-size: 16px; color: #ffffff;\">CYBEX Platinum Aut\u00f3s\u00fcl\u00e9s<\/span><br \/>\n<span style=\"font-size: 36px; color: #ffffff;\"><strong>Anoris T2 i-Size<\/strong><\/span><br \/>\n<span style=\"font-size: 21px; color: #ffffff;\">A legjobb v\u00e1laszt\u00e1s gyermeked sz\u00e1m\u00e1ra<\/span><\/p>\n<p>[\/vc_column_text][\/vc_column][vc_column width=&#8221;2\/3&#8243;][vc_video link=&#8221;https:\/\/youtu.be\/to3r8H6RBk8?si=X_sQ14HaVVlodNGO&#8221;][\/vc_column][\/vc_row][vc_row][vc_column width=&#8221;1\/4&#8243;][\/vc_column][vc_column width=&#8221;1\/2&#8243;][vc_column_text]<\/p>\n<p style=\"text-align: center;\"><strong><span style=\"font-size: 24px;\">Csin\u00e1ld jobban, mint a Sz\u00fcleid<\/span><\/strong><\/p>\n<p style=\"text-align: center;\">Az aut\u00f3s\u00fcl\u00e9s technol\u00f3gia fejl\u0151d\u00e9se minden \u00faj gener\u00e1ci\u00f3 sz\u00fclei sz\u00e1m\u00e1ra \u00faj magass\u00e1gokba emeli a biztons\u00e1got. Menetir\u00e1nnyal megegyez\u0151en haszn\u00e1lhat\u00f3 aut\u00f3s\u00fcl\u00e9s be\u00e9p\u00edtett l\u00e1bzs\u00e1kkal, az Anoris T2 i-Size aut\u00f3s\u00fcl\u00e9s ADAC teszt gy\u0151ztes, vil\u00e1gvezet\u0151 a gyermekbiztons\u00e1gi innov\u00e1ci\u00f3ban.<\/p>\n<p>[\/vc_column_text][\/vc_column][vc_column width=&#8221;1\/4&#8243;][\/vc_column][\/vc_row][vc_row css=&#8221;.vc_custom_1722842971891{background-color: #000000 !important;}&#8221;][vc_column width=&#8221;1\/2&#8243;][vc_single_image image=&#8221;109040&#8243; img_size=&#8221;full&#8221; alignment=&#8221;center&#8221;][\/vc_column][vc_column width=&#8221;1\/2&#8243;][vc_row_inner][vc_column_inner offset=&#8221;vc_hidden-xs&#8221;][vc_empty_space height=&#8221;100px&#8221;][\/vc_column_inner][\/vc_row_inner][vc_row_inner][vc_column_inner width=&#8221;1\/6&#8243;][\/vc_column_inner][vc_column_inner width=&#8221;2\/3&#8243;][vc_column_text]<span style=\"color: #ffffff;\"><strong><span style=\"font-size: 21px;\">50%-kal magasabb Biztons\u00e1g*<\/span><\/strong><\/span><\/p>\n<p><span style=\"color: #ffffff;\">Egy front\u00e1lis \u00fctk\u00f6z\u00e9s eset\u00e9n a l\u00e9gzs\u00e1k n\u00e9h\u00e1ny ezredm\u00e1sodperc alatt felf\u00faj\u00f3dik, azonnal v\u00e9dve ez\u00e1ltal a gyermek fej\u00e9t, nyak\u00e1t \u00e9s t\u00f6rzs\u00e9t az \u00fctk\u00f6z\u00e9s erej\u00e9t\u0151l, m\u00e9g miel\u0151tt az oda\u00e9rne. Ez az \u00faj\u00edt\u00e1s nemcsak egy p\u00e9lda n\u00e9lk\u00fcli biztons\u00e1got eredm\u00e9nyez, hanem ez teszi az Anoris T2 i-Size aut\u00f3s\u00fcl\u00e9st 50%-kal biztons\u00e1gosabb\u00e1 t\u00f6bbi, menetir\u00e1nnyal megegyez\u0151en haszn\u00e1lhat\u00f3 \u00fcl\u00e9st\u00e1rs\u00e1val szemben.\u00a0<\/span>[\/vc_column_text][\/vc_column_inner][vc_column_inner width=&#8221;1\/6&#8243;][\/vc_column_inner][\/vc_row_inner][\/vc_column][\/vc_row][vc_row][vc_column][vc_empty_space height=&#8221;10px&#8221;][\/vc_column][\/vc_row][vc_row css=&#8221;.vc_custom_1722842971891{background-color: #000000 !important;}&#8221;][vc_column width=&#8221;1\/2&#8243;][vc_row_inner][vc_column_inner offset=&#8221;vc_hidden-xs&#8221;][vc_empty_space height=&#8221;120px&#8221;][\/vc_column_inner][\/vc_row_inner][vc_row_inner][vc_column_inner width=&#8221;1\/6&#8243;][\/vc_column_inner][vc_column_inner width=&#8221;2\/3&#8243;][vc_column_text]<span style=\"color: #ffffff;\"><strong><span style=\"font-size: 21px;\">S\u00falytalan \u00c9rz\u00e9s<\/span><\/strong><\/span><\/p>\n<p><span style=\"color: #ffffff;\">8 m\u00e9lys\u00e9g-be\u00e1ll\u00edt\u00e1s: a v\u00e9d\u0151pajzs amellett, hogy emelt szint\u0171 biztons\u00e1got ny\u00fajt, k\u00e9nyelmet \u00e9s kell\u0151 szabads\u00e1got is biztos\u00edt, hiszen semmilyen s\u00faly nem nehezedik a gyermekre. Tanulm\u00e1nyok szerint az egyetlen kattint\u00e1ssal r\u00f6gz\u00edthet\u0151 v\u00e9d\u0151pajzsot k\u00f6nnyebb r\u00f6gz\u00edteni, mint a biztons\u00e1gi \u00f6vet \u2013 id\u0151takar\u00e9kos, stresszmentes \u00e9s biztons\u00e1gos.<\/span>[\/vc_column_text][\/vc_column_inner][vc_column_inner width=&#8221;1\/6&#8243;][\/vc_column_inner][\/vc_row_inner][\/vc_column][vc_column width=&#8221;1\/2&#8243;][vc_single_image image=&#8221;109043&#8243; img_size=&#8221;full&#8221; alignment=&#8221;center&#8221;][\/vc_column][\/vc_row][vc_row][vc_column][vc_empty_space height=&#8221;10px&#8221;][\/vc_column][\/vc_row][vc_row css=&#8221;.vc_custom_1722842971891{background-color: #000000 !important;}&#8221;][vc_column width=&#8221;1\/2&#8243;][vc_single_image image=&#8221;109046&#8243; img_size=&#8221;full&#8221; alignment=&#8221;center&#8221;][\/vc_column][vc_column width=&#8221;1\/2&#8243;][vc_row_inner][vc_column_inner offset=&#8221;vc_hidden-xs&#8221;][vc_empty_space height=&#8221;120px&#8221;][\/vc_column_inner][\/vc_row_inner][vc_row_inner][vc_column_inner width=&#8221;1\/6&#8243;][\/vc_column_inner][vc_column_inner width=&#8221;2\/3&#8243;][vc_column_text]<span style=\"color: #ffffff;\"><strong><span style=\"font-size: 21px;\">7 \u00e9ves korig**<\/span><\/strong><\/span><\/p>\n<p><span style=\"color: #ffffff;\">Biztons\u00e1g, ami tov\u00e1bb tart. Az \u00fcl\u00e9sh\u00e9j rendk\u00edv\u00fcli tervez\u00e9s\u00e9nek k\u00f6sz\u00f6nhet\u0151en az \u00fcl\u00e9s el\u00e9g t\u00e1gas ahhoz, hogy n\u00f6vekv\u0151 gyermeked k\u00e9nyelmesen elf\u00e9rjen benne 15 h\u00f3napos kor\u00e1t\u00f3l k\u00f6r\u00fclbel\u00fcl 7 \u00e9ves kor\u00e1ig. \u00cdgy teh\u00e1t 3 \u00e9vvel tov\u00e1bb haszn\u00e1lhat\u00f3, mint a megszokott aut\u00f3s\u00fcl\u00e9sek.<\/span>[\/vc_column_text][\/vc_column_inner][vc_column_inner width=&#8221;1\/6&#8243;][\/vc_column_inner][\/vc_row_inner][\/vc_column][\/vc_row][vc_row][vc_column width=&#8221;1\/4&#8243;][\/vc_column][vc_column width=&#8221;1\/2&#8243;][vc_column_text]<\/p>\n<p style=\"text-align: center;\"><span style=\"color: #000000;\"><strong><span style=\"font-size: 24px;\">El\u0151re az \u00daton<\/span><\/strong><\/span><\/p>\n<p style=\"text-align: center;\"><span style=\"color: #ffffff;\"><span style=\"color: #000000;\">A menetir\u00e1ny szerinti poz\u00edci\u00f3 seg\u00edt k\u00fcl\u00f6nleges pillanatokat meg\u00e9lni gyermekeddel, mik\u00f6zben k\u00e9nyelmesen utazik. Az Anoris T2 i-Size l\u00e9gzs\u00e1k azt jelenti, hogy gyermeked nyugodtan n\u00e9zhet fel\u00e9d az aut\u00f3s\u00fcl\u00e9sben an\u00e9lk\u00fcl, hogy lemondan\u00e1tok a bizto<\/span><\/span>ns\u00e1gr\u00f3l.<\/p>\n<p>[\/vc_column_text][\/vc_column][vc_column width=&#8221;1\/4&#8243;][\/vc_column][\/vc_row][vc_row css=&#8221;.vc_custom_1722846109079{background-image: url(https:\/\/mamasandpapas.hu\/blog\/wp-content\/uploads\/2024\/08\/cybex-anoris-t2-autosules-oldal-5.jpg?id=109051) !important;}&#8221;][vc_column width=&#8221;1\/3&#8243; offset=&#8221;vc_hidden-xs&#8221;][\/vc_column][vc_column width=&#8221;1\/3&#8243; offset=&#8221;vc_hidden-xs&#8221;][\/vc_column][vc_column width=&#8221;1\/3&#8243; offset=&#8221;vc_hidden-xs&#8221;][vc_row_inner][vc_column_inner][vc_empty_space height=&#8221;120px&#8221;][\/vc_column_inner][\/vc_row_inner][vc_column_text]<span style=\"color: #ffffff;\"><strong><span style=\"font-size: 24px;\">Szemkontaktus<\/span><\/strong><\/span><\/p>\n<p><span style=\"color: #ffffff;\">A menetir\u00e1ny szerinti poz\u00edci\u00f3 lehet\u0151v\u00e9 teszi a visszapillant\u00f3 t\u00fck\u00f6r seg\u00edts\u00e9g\u00e9vel az egyszer\u0171 szemkontaktust. A gyermek \u00edgy szabadon kommunik\u00e1lhat a sz\u00fcl\u0151vel, ami l\u00e9nyeges, hiszen ebben a korban fejl\u0151d\u00e9se szempontj\u00e1b\u00f3l minden interakci\u00f3 nagyon \u00e9rt\u00e9kes.\u00a0<\/span>[\/vc_column_text][vc_row_inner][vc_column_inner][vc_empty_space height=&#8221;120px&#8221;][\/vc_column_inner][\/vc_row_inner][\/vc_column][\/vc_row][vc_row][vc_column offset=&#8221;vc_hidden-xs&#8221;][vc_empty_space height=&#8221;10px&#8221;][\/vc_column][\/vc_row][vc_row css=&#8221;.vc_custom_1722847554492{background-image: url(https:\/\/mamasandpapas.hu\/blog\/wp-content\/uploads\/2024\/08\/cybex-anoris-t2-autosules-oldal-9.jpg?id=109075) !important;}&#8221;][vc_column width=&#8221;1\/3&#8243; offset=&#8221;vc_hidden-xs&#8221;][vc_row_inner][vc_column_inner][vc_empty_space height=&#8221;120px&#8221;][\/vc_column_inner][\/vc_row_inner][vc_column_text]<span style=\"color: #ffffff;\"><strong><span style=\"font-size: 24px;\">Szabad Mozg\u00e1s<\/span><\/strong><\/span><\/p>\n<p><span style=\"color: #ffffff;\">A v\u00e9d\u0151pajzs meglehet\u0151sen kompakt. \u00cdgy gyermeked sz\u00e1m\u00e1ra van elegend\u0151 hely szabadon mozogni, mik\u00f6zben biztons\u00e1gosan r\u00f6gz\u00edtetted \u0151t. Ez a poz\u00edci\u00f3 jelent\u0151sen t\u00f6bb helyet ad a gyermek l\u00e1b\u00e1nak, mint a menetir\u00e1nynak h\u00e1ttal t\u00f6rt\u00e9n\u0151 utaz\u00e1s, r\u00e1ad\u00e1sul az \u00fcl\u00e9sbe val\u00f3 be\u00fcltet\u00e9st is sokkal egyszer\u0171bb\u00e9 teszi.<\/span>[\/vc_column_text][vc_row_inner][vc_column_inner][vc_empty_space height=&#8221;120px&#8221;][\/vc_column_inner][\/vc_row_inner][\/vc_column][vc_column width=&#8221;1\/3&#8243; offset=&#8221;vc_hidden-xs&#8221;][\/vc_column][vc_column width=&#8221;1\/3&#8243; offset=&#8221;vc_hidden-xs&#8221;][\/vc_column][\/vc_row][vc_row css=&#8221;.vc_custom_1722870999438{background-color: #f2e8da !important;}&#8221;][vc_column width=&#8221;1\/2&#8243; offset=&#8221;vc_hidden-lg vc_hidden-md vc_hidden-sm&#8221;][vc_single_image image=&#8221;109115&#8243; img_size=&#8221;full&#8221; alignment=&#8221;center&#8221;][\/vc_column][vc_column width=&#8221;1\/2&#8243; offset=&#8221;vc_hidden-lg vc_hidden-md vc_hidden-sm&#8221;][vc_column_text]<span style=\"font-size: 24px;\"><strong>Szemkontaktus<\/strong><\/span><\/p>\n<p>A menetir\u00e1ny szerinti poz\u00edci\u00f3 lehet\u0151v\u00e9 teszi a visszapillant\u00f3 t\u00fck\u00f6r seg\u00edts\u00e9g\u00e9vel az egyszer\u0171 szemkontaktust. A gyermek \u00edgy szabadon kommunik\u00e1lhat a sz\u00fcl\u0151vel, ami l\u00e9nyeges, hiszen ebben a korban fejl\u0151d\u00e9se szempontj\u00e1b\u00f3l minden interakci\u00f3 nagyon \u00e9rt\u00e9kes.[\/vc_column_text][\/vc_column][\/vc_row][vc_row css=&#8221;.vc_custom_1722871008061{background-color: #f2e8da !important;}&#8221;][vc_column width=&#8221;1\/2&#8243; offset=&#8221;vc_hidden-lg vc_hidden-md vc_hidden-sm&#8221;][vc_single_image image=&#8221;109116&#8243; img_size=&#8221;full&#8221; alignment=&#8221;center&#8221;][\/vc_column][vc_column width=&#8221;1\/2&#8243; offset=&#8221;vc_hidden-lg vc_hidden-md vc_hidden-sm&#8221;][vc_column_text]<span style=\"font-size: 24px;\"><strong>Szabad Mozg\u00e1s<\/strong><\/span><\/p>\n<p>A v\u00e9d\u0151pajzs meglehet\u0151sen kompakt. \u00cdgy gyermeked sz\u00e1m\u00e1ra van elegend\u0151 hely szabadon mozogni, mik\u00f6zben biztons\u00e1gosan r\u00f6gz\u00edtetted \u0151t. Ez a poz\u00edci\u00f3 jelent\u0151sen t\u00f6bb helyet ad a gyermek l\u00e1b\u00e1nak, mint a menetir\u00e1nynak h\u00e1ttal t\u00f6rt\u00e9n\u0151 utaz\u00e1s, r\u00e1ad\u00e1sul az \u00fcl\u00e9sbe val\u00f3 be\u00fcltet\u00e9st is sokkal egyszer\u0171bb\u00e9 teszi.[\/vc_column_text][\/vc_column][\/vc_row][vc_row][vc_column][vc_empty_space height=&#8221;30px&#8221;][\/vc_column][\/vc_row][vc_row][vc_column width=&#8221;1\/4&#8243;][\/vc_column][vc_column width=&#8221;1\/2&#8243;][vc_column_text]<\/p>\n<p style=\"text-align: center;\"><strong><span style=\"font-size: 24px;\">Okos Tulajdons\u00e1gok<\/span><\/strong><\/p>\n<p style=\"text-align: center;\">Az innov\u00e1ci\u00f3 nem \u00e1ll meg a l\u00e9gzs\u00e1kn\u00e1l. Az Anoris T2 i-Size aut\u00f3s\u00fcl\u00e9s vil\u00e1gvezet\u0151 a k\u00e9nyelmet \u00e9s biztons\u00e1got illet\u0151en.<\/p>\n<p>[\/vc_column_text][\/vc_column][vc_column width=&#8221;1\/4&#8243;][\/vc_column][\/vc_row][vc_row css=&#8221;.vc_custom_1722847775902{background-color: #e5e4e0 !important;}&#8221;][vc_column width=&#8221;1\/3&#8243;][vc_single_image image=&#8221;109078&#8243; img_size=&#8221;full&#8221; alignment=&#8221;center&#8221;][vc_column_text]<\/p>\n<p style=\"text-align: center;\"><span style=\"font-size: 18px;\"><strong>Hatszor L\u00e9g\u00e1tereszt\u0151bb<\/strong><\/span><\/p>\n<p style=\"text-align: center;\">A megfelel\u0151 szell\u0151z\u00e9s komfortosabb utaz\u00e1sokat jelent. H\u00e1l\u00f3s szerkezet\u0171 anyag seg\u00edti a leveg\u0151\u00e1raml\u00e1st, ez hatszor l\u00e9g\u00e1tereszt\u0151bb mint a hagyom\u00e1nyos anyagok.<\/p>\n<p>[\/vc_column_text][\/vc_column][vc_column width=&#8221;1\/3&#8243;][vc_single_image image=&#8221;109083&#8243; img_size=&#8221;full&#8221; alignment=&#8221;center&#8221;][vc_column_text]<\/p>\n<p style=\"text-align: center;\"><span style=\"font-size: 18px;\"><strong>V\u00e9delmez\u0151 Kupola<\/strong><\/span><\/p>\n<p style=\"text-align: center;\">V\u00e9dd gyermekedet a k\u00e1ros napsugarakt\u00f3l! Hajtsd ki az UPF+50-es napkupol\u00e1t az er\u0151s naps\u00fct\u00e9sben, \u00edgy v\u00e9ded gyermeked b\u0151r\u00e9t, \u0151 pedig zavartalanul pihenhet.<\/p>\n<p>[\/vc_column_text][\/vc_column][vc_column width=&#8221;1\/3&#8243;][vc_single_image image=&#8221;109082&#8243; img_size=&#8221;full&#8221; alignment=&#8221;center&#8221;][vc_column_text]<\/p>\n<p style=\"text-align: center;\"><span style=\"font-size: 18px;\"><strong>V\u00e9delem t\u00f6bb Ir\u00e1nyb\u00f3l<\/strong><\/span><\/p>\n<p style=\"text-align: center;\">Az Oldals\u00f3 \u00dctk\u00f6z\u00e9sv\u00e9delmi Rendszer egy esetleges \u00fctk\u00f6z\u00e9s sor\u00e1n 20%-kal cs\u00f6kkenti a behat\u00f3 er\u0151k erej\u00e9t. Ezeket az er\u0151ket az \u00fcl\u00e9s energiaelnyel\u0151 h\u00e9ja, illetve a fejt\u00e1mlav\u00e9d\u0151 vezetik el.<\/p>\n<p>[\/vc_column_text][\/vc_column][\/vc_row][vc_row][vc_column][vc_empty_space height=&#8221;10px&#8221;][\/vc_column][\/vc_row][vc_row css=&#8221;.vc_custom_1722847775902{background-color: #e5e4e0 !important;}&#8221;][vc_column width=&#8221;1\/3&#8243;][vc_single_image image=&#8221;109081&#8243; img_size=&#8221;full&#8221; alignment=&#8221;center&#8221;][vc_column_text]<\/p>\n<p style=\"text-align: center;\"><span style=\"font-size: 18px;\"><strong>A Legjobb Kezdet<\/strong><\/span><\/p>\n<p style=\"text-align: center;\">Isofix \u00e9s kihajthat\u00f3 biztons\u00e1gi talp seg\u00edtik a gyors \u00e9s egyszer\u0171 install\u00e1l\u00e1st. J\u00f3l l\u00e1that\u00f3 LED indik\u00e1torok mutatj\u00e1k a helyes r\u00f6gz\u00edt\u00e9st.<\/p>\n<p>[\/vc_column_text][\/vc_column][vc_column width=&#8221;1\/3&#8243;][vc_single_image image=&#8221;109080&#8243; img_size=&#8221;full&#8221; alignment=&#8221;center&#8221;][vc_column_text]<\/p>\n<p style=\"text-align: center;\"><span style=\"font-size: 18px;\"><strong>Pihen\u00e9s \u00datk\u00f6zben<\/strong><\/span><\/p>\n<p style=\"text-align: center;\">Az \u00fcl\u00e9s h\u00e1rom k\u00fcl\u00f6nb\u00f6z\u0151 poz\u00edci\u00f3ba d\u00f6nthet\u0151, ezzel seg\u00edtve gyermeked nyugodt pihen\u00e9s\u00e9t az utaz\u00e1sok sor\u00e1n.<\/p>\n<p>[\/vc_column_text][\/vc_column][vc_column width=&#8221;1\/3&#8243;][vc_single_image image=&#8221;109079&#8243; img_size=&#8221;full&#8221; alignment=&#8221;center&#8221;][vc_column_text]<\/p>\n<p style=\"text-align: center;\"><span style=\"font-size: 18px;\"><strong>A Z\u00f6ld azt jelenti Rendben<\/strong><\/span><\/p>\n<p style=\"text-align: center;\">A Fed\u00e9lzeti Biztons\u00e1gi Asszisztens seg\u00edt, hogy mindent megfelel\u0151en r\u00f6gz\u00edts az indul\u00e1s el\u0151tt.<\/p>\n<p>[\/vc_column_text][\/vc_column][\/vc_row][vc_row][vc_column width=&#8221;1\/4&#8243;][\/vc_column][vc_column width=&#8221;1\/2&#8243;][vc_column_text]<\/p>\n<p style=\"text-align: center;\"><strong><span style=\"font-size: 24px;\">Biztons\u00e1g St\u00edlusosan<\/span><\/strong><\/p>\n<p style=\"text-align: center;\">Nem kell lemondanod a st\u00edlusr\u00f3l sem! A trendi sz\u00ednek megjelennek a legf\u00e9ny\u0171z\u0151bb aut\u00f3s\u00fcl\u00e9s bels\u0151kben is.<\/p>\n<p>[\/vc_column_text][vc_btn title=&#8221;Megveszem&#8221; shape=&#8221;square&#8221; color=&#8221;inverse&#8221; align=&#8221;center&#8221; link=&#8221;url:https%3A%2F%2Fmamasandpapas.hu%2Ftermek%2Fcybex-anoris-t2-i-size-autosules-valassz-szint%2F|||&#8221;][\/vc_column][vc_column width=&#8221;1\/4&#8243;][\/vc_column][\/vc_row][vc_row][vc_column][vc_empty_space height=&#8221;10px&#8221;][\/vc_column][\/vc_row][vc_row][vc_column][vc_single_image image=&#8221;109085&#8243; img_size=&#8221;full&#8221; alignment=&#8221;center&#8221;][\/vc_column][\/vc_row][vc_row][vc_column width=&#8221;1\/4&#8243;][\/vc_column][vc_column width=&#8221;1\/2&#8243;][vc_column_text]<\/p>\n<p style=\"text-align: center;\"><strong><span style=\"font-size: 24px;\">\u00dajsz\u00fcl\u00f6tt kort\u00f3l Tin\u00e9dzser korig<\/span><\/strong><\/p>\n<p style=\"text-align: center;\">Maxim\u00e1lis biztons\u00e1g. Luxusk\u00e9nyelem. A CYBEX T csal\u00e1d minden koroszt\u00e1ly sz\u00e1m\u00e1ra tartogat egy aut\u00f3s\u00fcl\u00e9st, \u00fajsz\u00fcl\u00f6tt kort\u00f3l eg\u00e9szen 12 \u00e9ves korig.<\/p>\n<p>[\/vc_column_text][vc_btn title=&#8221;Megveszem&#8221; shape=&#8221;square&#8221; color=&#8221;inverse&#8221; align=&#8221;center&#8221; link=&#8221;url:https%3A%2F%2Fmamasandpapas.hu%2Fcybex-autosulesek%2F|||&#8221;][\/vc_column][vc_column width=&#8221;1\/4&#8243;][\/vc_column][\/vc_row][vc_row][vc_column][vc_empty_space height=&#8221;10px&#8221;][\/vc_column][\/vc_row][vc_row css=&#8221;.vc_custom_1722849200476{background-color: #000000 !important;}&#8221;][vc_column width=&#8221;1\/4&#8243;][vc_single_image image=&#8221;109095&#8243; img_size=&#8221;full&#8221; alignment=&#8221;center&#8221; onclick=&#8221;custom_link&#8221; link=&#8221;https:\/\/mamasandpapas.hu\/termek\/cybex-cloud-t-i-size-babahordozo-valassz-szint\/&#8221;][vc_column_text]<\/p>\n<p style=\"text-align: center;\"><span style=\"font-size: 21px; color: #ffffff;\"><strong>Cloud T i-Size<\/strong><\/span><br \/>\n<span style=\"font-size: 16px; color: #ffffff;\">Ergonomikus v\u00edzszintes poz\u00edci\u00f3<\/span><br \/>\n<span style=\"font-size: 14px; color: #ffffff;\">0-24 h\u00f3nap<\/span><\/p>\n<p>[\/vc_column_text][vc_btn title=&#8221;Fedezd fel&#8221; shape=&#8221;square&#8221; color=&#8221;white&#8221; align=&#8221;center&#8221; link=&#8221;url:https%3A%2F%2Fmamasandpapas.hu%2Ftermek%2Fcybex-cloud-t-i-size-babahordozo-valassz-szint%2F|||&#8221;][\/vc_column][vc_column width=&#8221;1\/4&#8243;][vc_single_image image=&#8221;109098&#8243; img_size=&#8221;full&#8221; alignment=&#8221;center&#8221; onclick=&#8221;custom_link&#8221; link=&#8221;https:\/\/mamasandpapas.hu\/termek\/cybex-anoris-t2-i-size-autosules-valassz-szint\/&#8221;][vc_column_text]<\/p>\n<p style=\"text-align: center;\"><span style=\"font-size: 21px; color: #ffffff;\"><strong>Anoris T2i-Size<\/strong><\/span><br \/>\n<span style=\"font-size: 16px; color: #ffffff;\">L\u00e9gzs\u00e1k<\/span><br \/>\n<span style=\"font-size: 14px; color: #ffffff;\">15 h\u00f3napos kort\u00f3l 7 \u00e9ves korig<\/span><\/p>\n<p>[\/vc_column_text][vc_btn title=&#8221;Fedezd fel&#8221; shape=&#8221;square&#8221; color=&#8221;white&#8221; align=&#8221;center&#8221; link=&#8221;url:https%3A%2F%2Fmamasandpapas.hu%2Ftermek%2Fcybex-anoris-t2-i-size-autosules-valassz-szint%2F|||&#8221;][\/vc_column][vc_column width=&#8221;1\/4&#8243;][vc_single_image image=&#8221;109097&#8243; img_size=&#8221;full&#8221; alignment=&#8221;center&#8221; onclick=&#8221;custom_link&#8221; link=&#8221;https:\/\/mamasandpapas.hu\/termek\/cybex-sirona-t-i-size-autosules-valassz-szint\/&#8221;][vc_column_text]<\/p>\n<p style=\"text-align: center;\"><span style=\"font-size: 21px; color: #ffffff;\"><strong>Sirona T i-Size<\/strong><\/span><br \/>\n<span style=\"font-size: 16px; color: #ffffff;\">Menetir\u00e1nnyal ellent\u00e9tes \u00fcltet\u00e9s<\/span><br \/>\n<span style=\"font-size: 14px; color: #ffffff;\">15 h\u00f3napos kort\u00f3l 4 \u00e9ves korig<\/span><\/p>\n<p>[\/vc_column_text][vc_btn title=&#8221;Fedezd fel&#8221; shape=&#8221;square&#8221; color=&#8221;white&#8221; align=&#8221;center&#8221; link=&#8221;url:https%3A%2F%2Fmamasandpapas.hu%2Ftermek%2Fcybex-sirona-t-i-size-autosules-valassz-szint%2F|||&#8221;][\/vc_column][vc_column width=&#8221;1\/4&#8243;][vc_single_image image=&#8221;109096&#8243; img_size=&#8221;full&#8221; alignment=&#8221;center&#8221; onclick=&#8221;custom_link&#8221; link=&#8221;https:\/\/mamasandpapas.hu\/termek\/cybex-solution-t-i-fix-autosules-valassz-szint\/&#8221;][vc_column_text]<\/p>\n<p style=\"text-align: center;\"><span style=\"font-size: 21px; color: #ffffff;\"><strong>Solution T -i-Fix<\/strong><\/span><br \/>\n<span style=\"font-size: 16px; color: #ffffff;\">D\u00f6nthet\u0151 fejt\u00e1mla<\/span><br \/>\n<span style=\"font-size: 14px; color: #ffffff;\">3-12 \u00e9ves korig<\/span><\/p>\n<p>[\/vc_column_text][vc_btn title=&#8221;Fedezd fel&#8221; shape=&#8221;square&#8221; color=&#8221;white&#8221; align=&#8221;center&#8221; link=&#8221;url:https%3A%2F%2Fmamasandpapas.hu%2Ftermek%2Fcybex-solution-t-i-fix-autosules-valassz-szint%2F|||&#8221;][\/vc_column][\/vc_row]<\/p>\n<\/div>","protected":false},"excerpt":{"rendered":"<p>[vc_row css=&#8221;.vc_custom_1722841907248{background-color: #000000 !important;}&#8221;][vc_column width=&#8221;1\/3&#8243;][vc_row_inner][vc_column_inner offset=&#8221;vc_hidden-xs&#8221;][vc_empty_space height=&#8221;150px&#8221;][\/vc_column_inner][\/vc_row_inner][vc_column_text] CYBEX Platinum Aut\u00f3s\u00fcl\u00e9s Anoris T2 i-Size A legjobb v\u00e1laszt\u00e1s gyermeked sz\u00e1m\u00e1ra [\/vc_column_text][\/vc_column][vc_column width=&#8221;2\/3&#8243;][vc_video link=&#8221;https:\/\/youtu.be\/to3r8H6RBk8?si=X_sQ14HaVVlodNGO&#8221;][\/vc_column][\/vc_row][vc_row][vc_column width=&#8221;1\/4&#8243;][\/vc_column][vc_column width=&#8221;1\/2&#8243;][vc_column_text] Csin\u00e1ld jobban, mint a Sz\u00fcleid Az aut\u00f3s\u00fcl\u00e9s technol\u00f3gia fejl\u0151d\u00e9se minden \u00faj gener\u00e1ci\u00f3 sz\u00fclei sz\u00e1m\u00e1ra \u00faj magass\u00e1gokba emeli a biztons\u00e1got. Menetir\u00e1nnyal megegyez\u0151en haszn\u00e1lhat\u00f3 aut\u00f3s\u00fcl\u00e9s be\u00e9p\u00edtett l\u00e1bzs\u00e1kkal, az Anoris&#8230;<\/p>\n","protected":false},"author":5,"featured_media":0,"parent":0,"menu_order":0,"comment_status":"closed","ping_status":"closed","template":"","meta":{"_acf_changed":false,"footnotes":""},"class_list":["post-109036","page","type-page","status-publish","hentry"],"acf":[],"amp_enabled":true,"_links":{"self":[{"href":"https:\/\/mamasandpapas.hu\/blog\/wp-json\/wp\/v2\/pages\/109036","targetHints":{"allow":["GET"]}}],"collection":[{"href":"https:\/\/mamasandpapas.hu\/blog\/wp-json\/wp\/v2\/pages"}],"about":[{"href":"https:\/\/mamasandpapas.hu\/blog\/wp-json\/wp\/v2\/types\/page"}],"author":[{"embeddable":true,"href":"https:\/\/mamasandpapas.hu\/blog\/wp-json\/wp\/v2\/users\/5"}],"replies":[{"embeddable":true,"href":"https:\/\/mamasandpapas.hu\/blog\/wp-json\/wp\/v2\/comments?post=109036"}],"version-history":[{"count":62,"href":"https:\/\/mamasandpapas.hu\/blog\/wp-json\/wp\/v2\/pages\/109036\/revisions"}],"predecessor-version":[{"id":109124,"href":"https:\/\/mamasandpapas.hu\/blog\/wp-json\/wp\/v2\/pages\/109036\/revisions\/109124"}],"wp:attachment":[{"href":"https:\/\/mamasandpapas.hu\/blog\/wp-json\/wp\/v2\/media?parent=109036"}],"curies":[{"name":"wp","href":"https:\/\/api.w.org\/{rel}","templated":true}]}}