{"id":108964,"date":"2024-08-04T15:49:04","date_gmt":"2024-08-04T15:49:04","guid":{"rendered":"https:\/\/mamasandpapas.hu\/blog\/?page_id=108964"},"modified":"2024-09-18T12:19:22","modified_gmt":"2024-09-18T12:19:22","slug":"cybex-click-fold-szek","status":"publish","type":"page","link":"https:\/\/mamasandpapas.hu\/blog\/cybex-click-fold-szek\/","title":{"rendered":"Cybex Click &#038; Fold sz\u00e9k"},"content":{"rendered":"<div class=\"wpb-content-wrapper\"><p>[vc_row css=&#8221;.vc_custom_1722659231756{background-color: #f4f4f3 !important;}&#8221;][vc_column][vc_column_text]<\/p>\n<p style=\"text-align: center;\"><span style=\"font-size: 14px;\">CYBEX GOLD HOME &amp; LIVING<br \/>\n<span style=\"font-size: 40px; color: #ff0000;\"><strong>CLICK&amp;FOLD<\/strong><\/span><br \/>\n<span style=\"font-size: 24px;\"><strong>M\u0170V\u00c9SZI MESTERMUNKA<\/strong><\/span><\/span><\/p>\n<p>[\/vc_column_text][\/vc_column][\/vc_row][vc_row][vc_column][vc_row_inner][vc_column_inner offset=&#8221;vc_hidden-xs&#8221;][vc_empty_space height=&#8221;25px&#8221;][\/vc_column_inner][\/vc_row_inner][vc_row_inner][vc_column_inner width=&#8221;1\/6&#8243;][\/vc_column_inner][vc_column_inner width=&#8221;2\/3&#8243;][vc_column_text]<\/p>\n<p style=\"text-align: center;\"><span style=\"font-size: 30px;\"><strong>Egy Modern <\/strong><span style=\"color: #ff0000;\"><strong>Diz\u00e1jn Ikon<\/strong><\/span><\/span><\/p>\n<p style=\"text-align: center;\">Gy\u00f6ny\u00f6r\u0171 mesterm\u0171 az otthonodban. Az ikonikus Click &amp; Fold etet\u0151sz\u00e9k felel\u0151s, fenntarthat\u00f3 erd\u0151gazd\u00e1lkod\u00e1sb\u00f3l sz\u00e1rmaz\u00f3 b\u00fckkf\u00e1b\u00f3l k\u00e9sz\u00fcl Eur\u00f3p\u00e1ban. Mer\u00e9sz vonalak \u00e9s eleg\u00e1ns \u00edvek jellemzik, egy val\u00f3di m\u0171alkot\u00e1s.<\/p>\n<p>[\/vc_column_text][\/vc_column_inner][vc_column_inner width=&#8221;1\/6&#8243;][\/vc_column_inner][\/vc_row_inner][vc_row_inner][vc_column_inner width=&#8221;1\/6&#8243;][\/vc_column_inner][vc_column_inner width=&#8221;2\/6&#8243;][vc_single_image image=&#8221;108974&#8243; img_size=&#8221;full&#8221; alignment=&#8221;center&#8221;][\/vc_column_inner][vc_column_inner width=&#8221;2\/6&#8243;][vc_single_image image=&#8221;108973&#8243; img_size=&#8221;full&#8221; alignment=&#8221;center&#8221;][\/vc_column_inner][vc_column_inner width=&#8221;1\/6&#8243;][\/vc_column_inner][\/vc_row_inner][vc_row_inner][vc_column_inner width=&#8221;1\/4&#8243;][vc_single_image image=&#8221;108967&#8243; img_size=&#8221;full&#8221; alignment=&#8221;center&#8221;][\/vc_column_inner][vc_column_inner width=&#8221;1\/4&#8243;][vc_single_image image=&#8221;108971&#8243; img_size=&#8221;full&#8221; alignment=&#8221;center&#8221;][\/vc_column_inner][vc_column_inner width=&#8221;1\/4&#8243;][vc_single_image image=&#8221;108972&#8243; img_size=&#8221;full&#8221; alignment=&#8221;center&#8221;][\/vc_column_inner][vc_column_inner width=&#8221;1\/4&#8243;][vc_single_image image=&#8221;108975&#8243; img_size=&#8221;full&#8221; alignment=&#8221;center&#8221;][\/vc_column_inner][\/vc_row_inner][\/vc_column][\/vc_row][vc_row][vc_column offset=&#8221;vc_hidden-xs&#8221;][vc_empty_space height=&#8221;20px&#8221;][\/vc_column][\/vc_row][vc_row][vc_column][vc_row_inner][vc_column_inner width=&#8221;1\/6&#8243;][\/vc_column_inner][vc_column_inner width=&#8221;2\/3&#8243;][vc_column_text]<\/p>\n<p style=\"text-align: center;\"><strong><span style=\"font-size: 30px;\">A Forma \u00e9s a Funkci\u00f3 tal\u00e1lkoz\u00e1sa<\/span><\/strong><\/p>\n<p style=\"text-align: center;\">Ikonikus etet\u0151sz\u00e9k kifinomult tervez\u00e9ssel. Egyedi, kreat\u00edv megold\u00e1sok \u00e9s \u00e1talak\u00edthat\u00f3s\u00e1g, kiv\u00e1l\u00f3 v\u00e1laszt\u00e1s minden koroszt\u00e1ly sz\u00e1m\u00e1ra, \u00fajsz\u00fcl\u00f6tt kort\u00f3l 99 \u00e9ves korig!<\/p>\n<p>[\/vc_column_text][\/vc_column_inner][vc_column_inner width=&#8221;1\/6&#8243;][\/vc_column_inner][\/vc_row_inner][vc_row_inner equal_height=&#8221;yes&#8221; gap=&#8221;2&#8243;][vc_column_inner width=&#8221;1\/3&#8243;][vc_single_image image=&#8221;109001&#8243; img_size=&#8221;full&#8221; alignment=&#8221;center&#8221;][\/vc_column_inner][vc_column_inner width=&#8221;1\/3&#8243;][vc_single_image image=&#8221;108999&#8243; img_size=&#8221;full&#8221; alignment=&#8221;center&#8221;][\/vc_column_inner][vc_column_inner width=&#8221;1\/3&#8243;][vc_single_image image=&#8221;108996&#8243; img_size=&#8221;full&#8221; alignment=&#8221;center&#8221;][\/vc_column_inner][\/vc_row_inner][\/vc_column][\/vc_row][vc_row css=&#8221;.vc_custom_1722664228837{background-color: #f4f4f3 !important;}&#8221;][vc_column][vc_row_inner][vc_column_inner width=&#8221;1\/6&#8243;][\/vc_column_inner][vc_column_inner width=&#8221;2\/3&#8243;][vc_column_text]<\/p>\n<p style=\"text-align: center;\"><span style=\"font-size: 30px;\"><strong>Egy kattint\u00e1ssal kezd\u0151dik<\/strong><\/span><\/p>\n<p style=\"text-align: center;\">Egy gyors, eleg\u00e1ns mozdulat elegend\u0151 a Click &amp; Fold sz\u00e9k kinyit\u00e1s\u00e1hoz, ami t\u00f6k\u00e9letes, ha a m\u00e1sik kezed foglalt. Amikor kattan egyet, tudhatod, hogy biztons\u00e1gosan a hely\u00e9re ker\u00fclt, \u00e9s k\u00e9szen \u00e1ll a haszn\u00e1latra.<\/p>\n<p>[\/vc_column_text][vc_btn title=&#8221;Megveszem&#8221; shape=&#8221;square&#8221; color=&#8221;inverse&#8221; align=&#8221;center&#8221; link=&#8221;url:https%3A%2F%2Fmamasandpapas.hu%2Ftermek%2Fcybex-click-fold-szek-valassz-szint%2F|||&#8221;][\/vc_column_inner][vc_column_inner width=&#8221;1\/6&#8243;][\/vc_column_inner][\/vc_row_inner][vc_row_inner][vc_column_inner width=&#8221;1\/3&#8243;][vc_single_image image=&#8221;109004&#8243; img_size=&#8221;full&#8221; alignment=&#8221;center&#8221;][vc_column_text]<\/p>\n<p style=\"text-align: center;\"><span style=\"color: #ff0000;\"><span style=\"font-size: 24px;\"><b>Egyszer\u0171 <span style=\"color: #000000;\">T\u00e1rol\u00e1s<\/span><\/b><\/span><\/span><\/p>\n<p style=\"text-align: center;\">A modern \u00e9lethez tervezt\u00e9k. A Click &amp; Fold etet\u0151sz\u00e9k pillanatok alatt nyithat\u00f3-csukhat\u00f3, kompakt \u00f6sszecsukott m\u00e9ret\u00e9nek k\u00f6sz\u00f6nhet\u0151en pedig gyakorlatilag b\u00e1rhol t\u00e1rolhat\u00f3.<\/p>\n<p>[\/vc_column_text][\/vc_column_inner][vc_column_inner width=&#8221;1\/3&#8243;][vc_single_image image=&#8221;109005&#8243; img_size=&#8221;full&#8221; alignment=&#8221;center&#8221;][vc_column_text]<\/p>\n<p style=\"text-align: center;\"><span style=\"color: #ff0000; font-size: 24px;\"><b><span style=\"color: #000000;\">Sz\u00e1mos<\/span> \u00c1ll\u00edt\u00e1si lehet\u0151s\u00e9g<\/b><\/span><\/p>\n<p style=\"text-align: center;\">Kicsi vagy nagy, alacsony vagy magas gyerk\u0151c: mindenki meg\u00e9rdemel egy k\u00e9nyelmes sz\u00e9ket. Az \u00fcl\u0151fel\u00fclet magass\u00e1g\u00e1nak \u00e9s m\u00e9lys\u00e9g\u00e9nek \u00e1ll\u00edthat\u00f3s\u00e1g\u00e1val mindenki megtal\u00e1lhatja a sz\u00e1m\u00e1ra legide\u00e1lisabb poz\u00edci\u00f3t.<\/p>\n<p>[\/vc_column_text][\/vc_column_inner][vc_column_inner width=&#8221;1\/3&#8243;][vc_single_image image=&#8221;109006&#8243; img_size=&#8221;full&#8221; alignment=&#8221;center&#8221;][vc_column_text]<\/p>\n<p style=\"text-align: center;\"><span style=\"font-size: 24px;\"><strong><span style=\"color: #ff0000;\">Ergonomikus<\/span> \u00dcl\u00e9s<\/strong><\/span><\/p>\n<p style=\"text-align: center;\">Egy j\u00f3 sz\u00e9k l\u00e9nyege a helyes testtart\u00e1s. A Click &amp; Fold sz\u00e9ket \u00fagy tervezt\u00e9k, hogy seg\u00edtse az ergonomikus \u00e9s term\u00e9szetes \u00fcl\u00e9st, t\u00e1mogatva a gerincet minden \u00e9letkorban.<\/p>\n<p>[\/vc_column_text][\/vc_column_inner][\/vc_row_inner][vc_row_inner][vc_column_inner offset=&#8221;vc_hidden-xs&#8221;][vc_empty_space height=&#8221;20px&#8221;][\/vc_column_inner][\/vc_row_inner][vc_row_inner][vc_column_inner width=&#8221;1\/6&#8243;][\/vc_column_inner][vc_column_inner width=&#8221;2\/3&#8243;][vc_column_text]<\/p>\n<p style=\"text-align: center;\"><span style=\"font-size: 30px;\"><strong>\u00dajsz\u00fcl\u00f6tt kort\u00f3l 99 \u00e9ves korig<\/strong><\/span><\/p>\n<p style=\"text-align: center;\">Egy \u00e9letre tervezt\u00e9k, \u00e9s \u00fagy, hogy gener\u00e1ci\u00f3kon \u00e1t tartson.<\/p>\n<p>[\/vc_column_text][\/vc_column_inner][vc_column_inner width=&#8221;1\/6&#8243;][\/vc_column_inner][\/vc_row_inner][vc_row_inner][vc_column_inner width=&#8221;1\/4&#8243;][vc_single_image image=&#8221;109007&#8243; img_size=&#8221;full&#8221; alignment=&#8221;right&#8221;][vc_column_text]<\/p>\n<p style=\"text-align: center;\"><span style=\"font-size: 18px;\"><strong>Pihen\u0151sz\u00e9k \u00fcl\u0151r\u00e9sz<\/strong><\/span><br \/>\n<span style=\"font-size: 16px;\">0-6 h\u00f3napos korig<\/span><\/p>\n<p>[\/vc_column_text][\/vc_column_inner][vc_column_inner width=&#8221;1\/4&#8243;][vc_single_image image=&#8221;109009&#8243; img_size=&#8221;full&#8221; alignment=&#8221;right&#8221;][vc_column_text]<\/p>\n<p style=\"text-align: center;\"><span style=\"font-size: 18px;\"><strong>Click &amp; Fold Baby szett<\/strong><\/span><br \/>\n<span style=\"font-size: 16px;\">6 h\u00f3napt\u00f3l 3 \u00e9ves korig<\/span><\/p>\n<p>[\/vc_column_text][\/vc_column_inner][vc_column_inner width=&#8221;1\/4&#8243;][vc_single_image image=&#8221;109010&#8243; img_size=&#8221;full&#8221; alignment=&#8221;right&#8221;][vc_column_text]<\/p>\n<p style=\"text-align: center;\"><span style=\"font-size: 18px;\"><strong>Click &amp; Fold sz\u00e9k<\/strong><\/span><br \/>\n<span style=\"font-size: 16px;\">3-5 \u00e9ves korig<\/span><\/p>\n<p>[\/vc_column_text][\/vc_column_inner][vc_column_inner width=&#8221;1\/4&#8243;][vc_single_image image=&#8221;109011&#8243; img_size=&#8221;full&#8221; alignment=&#8221;right&#8221;][vc_column_text]<\/p>\n<p style=\"text-align: center;\"><span style=\"font-size: 18px;\"><strong>Click &amp; Fold sz\u00e9k<\/strong><\/span><br \/>\n<span style=\"font-size: 16px;\">5-99 \u00e9ves korig<\/span><\/p>\n<p>[\/vc_column_text][\/vc_column_inner][\/vc_row_inner][\/vc_column][\/vc_row][vc_row][vc_column width=&#8221;1\/6&#8243;][\/vc_column][vc_column width=&#8221;2\/3&#8243;][vc_column_text]<\/p>\n<p style=\"text-align: center;\"><span style=\"font-size: 30px;\"><strong>Hihetetlen\u00fcl Sokoldal\u00fa<\/strong><\/span><\/p>\n<p style=\"text-align: center;\">M\u00e1r a legels\u0151 \u00e9tkez\u00e9sekt\u0151l: a Click &amp; Fold ott van nektek minden sz\u00fcks\u00e9ges pillanatban: legyen sz\u00f3 j\u00e1t\u00e9kr\u00f3l, ev\u00e9sr\u0151l, csal\u00e1di egy\u00fcttl\u00e9tr\u0151l.<\/p>\n<p>[\/vc_column_text][\/vc_column][vc_column width=&#8221;1\/6&#8243;][\/vc_column][\/vc_row][vc_row][vc_column width=&#8221;1\/3&#8243;][vc_single_image image=&#8221;109016&#8243; img_size=&#8221;full&#8221; alignment=&#8221;center&#8221;][\/vc_column][vc_column width=&#8221;1\/3&#8243;][vc_single_image image=&#8221;109015&#8243; img_size=&#8221;full&#8221; alignment=&#8221;center&#8221;][\/vc_column][vc_column width=&#8221;1\/3&#8243;][vc_single_image image=&#8221;109017&#8243; img_size=&#8221;full&#8221; alignment=&#8221;center&#8221;][\/vc_column][\/vc_row][vc_row][vc_column width=&#8221;1\/6&#8243;][\/vc_column][vc_column width=&#8221;2\/3&#8243;][vc_column_text]<\/p>\n<p style=\"text-align: center;\"><span style=\"font-size: 30px;\"><strong>Az Otthonod, a St\u00edlusod<\/strong><\/span><\/p>\n<p style=\"text-align: center;\">Trendi sz\u00ednek amik b\u00e1rmelyik otthonba szuper\u00fcl beleillenek.<\/p>\n<p>[\/vc_column_text][vc_btn title=&#8221;Megveszem&#8221; shape=&#8221;square&#8221; color=&#8221;inverse&#8221; align=&#8221;center&#8221; link=&#8221;url:https%3A%2F%2Fmamasandpapas.hu%2Ftermek%2Fcybex-click-fold-szek-valassz-szint%2F|||&#8221;][\/vc_column][vc_column width=&#8221;1\/6&#8243;][\/vc_column][\/vc_row][vc_row][vc_column offset=&#8221;vc_hidden-xs&#8221;][vc_empty_space height=&#8221;20px&#8221;][\/vc_column][\/vc_row][vc_row][vc_column][vc_single_image image=&#8221;109022&#8243; img_size=&#8221;full&#8221; alignment=&#8221;center&#8221;][\/vc_column][\/vc_row][vc_row][vc_column width=&#8221;1\/6&#8243;][\/vc_column][vc_column width=&#8221;2\/3&#8243;][vc_column_text]<\/p>\n<p style=\"text-align: center;\"><span style=\"font-size: 30px;\"><strong>Ahogy kiny\u00edlik a vil\u00e1g<\/strong><\/span><\/p>\n<p style=\"text-align: center;\">Minden n\u00f6veked\u00e9si f\u00e1zisnak megvannak a saj\u00e1t ig\u00e9nyei. A Click &amp; Fold igazodik n\u00f6vekv\u0151 gyermeked ig\u00e9nyeihez a pihen\u0151sz\u00e9k \u00fcl\u0151r\u00e9sz\u00e9vel, a Baby szettel \u00e9s egy\u00e9b speci\u00e1lisan megtervezett kieg\u00e9sz\u00edt\u0151ivel.<\/p>\n<p>[\/vc_column_text][\/vc_column][vc_column width=&#8221;1\/6&#8243;][\/vc_column][\/vc_row][vc_row][vc_column width=&#8221;1\/3&#8243;][vc_single_image image=&#8221;109026&#8243; img_size=&#8221;full&#8221; alignment=&#8221;center&#8221; onclick=&#8221;custom_link&#8221; link=&#8221;https:\/\/mamasandpapas.hu\/termek\/cybex-click-fold-szek-4az1ben-valassz-szint\/&#8221;][vc_column_text]<\/p>\n<p style=\"text-align: center;\"><span style=\"font-size: 18px;\"><strong>Click &amp; Fold<\/strong><\/span><br \/>\n<span style=\"font-size: 16px;\">4az1ben<\/span><\/p>\n<p>[\/vc_column_text][\/vc_column][vc_column width=&#8221;1\/3&#8243;][vc_single_image image=&#8221;109025&#8243; img_size=&#8221;full&#8221; alignment=&#8221;center&#8221; onclick=&#8221;custom_link&#8221; link=&#8221;https:\/\/mamasandpapas.hu\/termek\/cybex-click-fold-szek-3az1ben-valassz-szint\/&#8221;][vc_column_text]<\/p>\n<p style=\"text-align: center;\"><span style=\"font-size: 18px;\"><strong>Click &amp; Fold<\/strong><\/span><br \/>\n<span style=\"font-size: 16px;\">3az1ben<\/span><\/p>\n<p>[\/vc_column_text][\/vc_column][vc_column width=&#8221;1\/3&#8243;][vc_single_image image=&#8221;109027&#8243; img_size=&#8221;full&#8221; alignment=&#8221;center&#8221; onclick=&#8221;custom_link&#8221; link=&#8221;https:\/\/mamasandpapas.hu\/termek\/cybex-click-fold-szek-valassz-szint\/&#8221;][vc_column_text]<\/p>\n<p style=\"text-align: center;\"><span style=\"font-size: 18px;\"><strong>Click &amp; Fold<\/strong><\/span><br \/>\n<span style=\"font-size: 16px;\">sz\u00e9k<\/span><\/p>\n<p>[\/vc_column_text][\/vc_column][\/vc_row][vc_row css=&#8221;.vc_custom_1722659231756{background-color: #f4f4f3 !important;}&#8221;][vc_column][vc_column_text]<\/p>\n<p style=\"text-align: center;\"><span style=\"font-size: 24px;\"><strong>K\u00d6VETI A V\u00c1LTOZ\u00c1ST<\/strong><\/span><\/p>\n<p style=\"text-align: center;\">Minden csal\u00e1d egyedi. A Click &amp; Fold etet\u0151sz\u00e9k alkalmazkodik a v\u00e1ltoz\u00f3 ig\u00e9nyekhez, hozzon az \u00e9let b\u00e1rmit is.<\/p>\n<p>[\/vc_column_text][vc_btn title=&#8221;Megveszem&#8221; shape=&#8221;square&#8221; color=&#8221;inverse&#8221; align=&#8221;center&#8221; link=&#8221;url:https%3A%2F%2Fmamasandpapas.hu%2Ftermek%2Fcybex-click-fold-szek-valassz-szint%2F|||&#8221;][\/vc_column][\/vc_row]<\/p>\n<\/div>","protected":false},"excerpt":{"rendered":"<p>[vc_row css=&#8221;.vc_custom_1722659231756{background-color: #f4f4f3 !important;}&#8221;][vc_column][vc_column_text] CYBEX GOLD HOME &amp; LIVING CLICK&amp;FOLD M\u0170V\u00c9SZI MESTERMUNKA [\/vc_column_text][\/vc_column][\/vc_row][vc_row][vc_column][vc_row_inner][vc_column_inner offset=&#8221;vc_hidden-xs&#8221;][vc_empty_space height=&#8221;25px&#8221;][\/vc_column_inner][\/vc_row_inner][vc_row_inner][vc_column_inner width=&#8221;1\/6&#8243;][\/vc_column_inner][vc_column_inner width=&#8221;2\/3&#8243;][vc_column_text] Egy Modern Diz\u00e1jn Ikon Gy\u00f6ny\u00f6r\u0171 mesterm\u0171 az otthonodban. Az ikonikus Click &amp; Fold etet\u0151sz\u00e9k felel\u0151s, fenntarthat\u00f3 erd\u0151gazd\u00e1lkod\u00e1sb\u00f3l sz\u00e1rmaz\u00f3 b\u00fckkf\u00e1b\u00f3l k\u00e9sz\u00fcl Eur\u00f3p\u00e1ban. Mer\u00e9sz vonalak \u00e9s eleg\u00e1ns \u00edvek jellemzik, egy val\u00f3di m\u0171alkot\u00e1s. [\/vc_column_text][\/vc_column_inner][vc_column_inner width=&#8221;1\/6&#8243;][\/vc_column_inner][\/vc_row_inner][vc_row_inner][vc_column_inner width=&#8221;1\/6&#8243;][\/vc_column_inner][vc_column_inner&#8230;<\/p>\n","protected":false},"author":5,"featured_media":0,"parent":0,"menu_order":0,"comment_status":"closed","ping_status":"closed","template":"","meta":{"_acf_changed":false,"footnotes":""},"class_list":["post-108964","page","type-page","status-publish","hentry"],"acf":[],"amp_enabled":true,"_links":{"self":[{"href":"https:\/\/mamasandpapas.hu\/blog\/wp-json\/wp\/v2\/pages\/108964","targetHints":{"allow":["GET"]}}],"collection":[{"href":"https:\/\/mamasandpapas.hu\/blog\/wp-json\/wp\/v2\/pages"}],"about":[{"href":"https:\/\/mamasandpapas.hu\/blog\/wp-json\/wp\/v2\/types\/page"}],"author":[{"embeddable":true,"href":"https:\/\/mamasandpapas.hu\/blog\/wp-json\/wp\/v2\/users\/5"}],"replies":[{"embeddable":true,"href":"https:\/\/mamasandpapas.hu\/blog\/wp-json\/wp\/v2\/comments?post=108964"}],"version-history":[{"count":42,"href":"https:\/\/mamasandpapas.hu\/blog\/wp-json\/wp\/v2\/pages\/108964\/revisions"}],"predecessor-version":[{"id":109167,"href":"https:\/\/mamasandpapas.hu\/blog\/wp-json\/wp\/v2\/pages\/108964\/revisions\/109167"}],"wp:attachment":[{"href":"https:\/\/mamasandpapas.hu\/blog\/wp-json\/wp\/v2\/media?parent=108964"}],"curies":[{"name":"wp","href":"https:\/\/api.w.org\/{rel}","templated":true}]}}