{"id":108848,"date":"2024-05-15T11:41:30","date_gmt":"2024-05-15T11:41:30","guid":{"rendered":"https:\/\/mamasandpapas.hu\/blog\/?page_id=108848"},"modified":"2024-05-15T12:17:21","modified_gmt":"2024-05-15T12:17:21","slug":"bugaboo-donkey-babakocsi","status":"publish","type":"page","link":"https:\/\/mamasandpapas.hu\/blog\/bugaboo-donkey-babakocsi\/","title":{"rendered":"Bugaboo Donkey babakocsi"},"content":{"rendered":"<div class=\"wpb-content-wrapper\"><p>[vc_row css=&#8221;.vc_custom_1647017089929{background-color: #f2f2f2 !important;}&#8221; mobile_bg_img_hidden=&#8221;no&#8221; tablet_bg_img_hidden=&#8221;no&#8221; woodmart_parallax=&#8221;0&#8243; woodmart_gradient_switch=&#8221;no&#8221; row_reverse_mobile=&#8221;0&#8243; row_reverse_tablet=&#8221;0&#8243; woodmart_disable_overflow=&#8221;0&#8243;][vc_column][vc_row_inner][vc_column_inner width=&#8221;1\/3&#8243;][vc_single_image image=&#8221;108849&#8243; img_size=&#8221;full&#8221; alignment=&#8221;center&#8221; onclick=&#8221;custom_link&#8221; woodmart_inline=&#8221;no&#8221; parallax_scroll=&#8221;no&#8221; link=&#8221;https:\/\/mamasandpapas.hu\/termek\/bugaboo-donkey-5-mono-valassz-szint\/&#8221;][vc_column_text woodmart_inline=&#8221;no&#8221; text_larger=&#8221;no&#8221;]<\/p>\n<h5 style=\"text-align: center;\"><span style=\"color: #000000;\">BUGABOO DONKEY 5 MONO<\/span><\/h5>\n<p>[\/vc_column_text][vc_btn title=&#8221;Fedezd fel!&#8221; shape=&#8221;square&#8221; color=&#8221;inverse&#8221; align=&#8221;center&#8221; link=&#8221;url:https%3A%2F%2Fmamasandpapas.hu%2Ftermek%2Fbugaboo-donkey-5-mono-valassz-szint%2F&#8221;][\/vc_column_inner][vc_column_inner width=&#8221;1\/3&#8243;][vc_single_image image=&#8221;108850&#8243; img_size=&#8221;full&#8221; alignment=&#8221;center&#8221; onclick=&#8221;custom_link&#8221; woodmart_inline=&#8221;no&#8221; parallax_scroll=&#8221;no&#8221; link=&#8221;https:\/\/mamasandpapas.hu\/termek\/bugaboo-donkey-5-duo-valassz-szint\/&#8221;][vc_column_text woodmart_inline=&#8221;no&#8221; text_larger=&#8221;no&#8221;]<\/p>\n<h5 style=\"text-align: center;\"><span style=\"color: #000000;\">BUGABOO DONKEY 5 DUO<\/span><\/h5>\n<p>[\/vc_column_text][vc_btn title=&#8221;Fedezd fel!&#8221; shape=&#8221;square&#8221; color=&#8221;inverse&#8221; align=&#8221;center&#8221; link=&#8221;url:https%3A%2F%2Fmamasandpapas.hu%2Ftermek%2Fbugaboo-donkey-5-duo-valassz-szint%2F&#8221;][\/vc_column_inner][vc_column_inner width=&#8221;1\/3&#8243;][vc_single_image image=&#8221;108851&#8243; img_size=&#8221;full&#8221; alignment=&#8221;center&#8221; onclick=&#8221;custom_link&#8221; woodmart_inline=&#8221;no&#8221; parallax_scroll=&#8221;no&#8221; link=&#8221;https:\/\/mamasandpapas.hu\/termek\/bugaboo-donkey-5-twin-valassz-szint\/&#8221;][vc_column_text woodmart_inline=&#8221;no&#8221; text_larger=&#8221;no&#8221;]<\/p>\n<h5 style=\"text-align: center;\">BUGABOO DONKEY 5 TWIN<\/h5>\n<p>[\/vc_column_text][vc_btn title=&#8221;Fedezd fel!&#8221; shape=&#8221;square&#8221; color=&#8221;inverse&#8221; align=&#8221;center&#8221; link=&#8221;url:https%3A%2F%2Fmamasandpapas.hu%2Ftermek%2Fbugaboo-donkey-5-twin-valassz-szint%2F&#8221;][\/vc_column_inner][\/vc_row_inner][\/vc_column][\/vc_row][vc_row][vc_column][vc_empty_space height=&#8221;5px&#8221; woodmart_hide_large=&#8221;0&#8243; woodmart_hide_medium=&#8221;0&#8243; woodmart_hide_small=&#8221;0&#8243; woodmart_hide_extra_small=&#8221;0&#8243;][\/vc_column][\/vc_row][vc_row css=&#8221;.vc_custom_1645621162042{background-color: #000000 !important;}&#8221; mobile_bg_img_hidden=&#8221;no&#8221; tablet_bg_img_hidden=&#8221;no&#8221; woodmart_parallax=&#8221;0&#8243; woodmart_gradient_switch=&#8221;no&#8221; row_reverse_mobile=&#8221;0&#8243; row_reverse_tablet=&#8221;0&#8243; woodmart_disable_overflow=&#8221;0&#8243;][vc_column width=&#8221;1\/3&#8243; mobile_bg_img_hidden=&#8221;no&#8221; tablet_bg_img_hidden=&#8221;no&#8221; woodmart_parallax=&#8221;0&#8243; woodmart_sticky_column=&#8221;false&#8221; parallax_scroll=&#8221;no&#8221; mobile_reset_margin=&#8221;no&#8221; tablet_reset_margin=&#8221;no&#8221;][vc_single_image image=&#8221;108852&#8243; img_size=&#8221;full&#8221; alignment=&#8221;center&#8221; woodmart_inline=&#8221;no&#8221; parallax_scroll=&#8221;no&#8221;][\/vc_column][vc_column width=&#8221;1\/3&#8243;][vc_single_image image=&#8221;108853&#8243; img_size=&#8221;full&#8221; alignment=&#8221;center&#8221; woodmart_inline=&#8221;no&#8221; parallax_scroll=&#8221;no&#8221;][\/vc_column][vc_column width=&#8221;1\/3&#8243;][vc_single_image image=&#8221;108854&#8243; img_size=&#8221;full&#8221; alignment=&#8221;center&#8221; woodmart_inline=&#8221;no&#8221; parallax_scroll=&#8221;no&#8221;][\/vc_column][\/vc_row][vc_row css=&#8221;.vc_custom_1645620470718{background-color: #000000 !important;}&#8221; mobile_bg_img_hidden=&#8221;no&#8221; tablet_bg_img_hidden=&#8221;no&#8221; woodmart_parallax=&#8221;0&#8243; woodmart_gradient_switch=&#8221;no&#8221; row_reverse_mobile=&#8221;0&#8243; row_reverse_tablet=&#8221;0&#8243; woodmart_disable_overflow=&#8221;0&#8243;][vc_column][vc_column_text woodmart_inline=&#8221;no&#8221; text_larger=&#8221;no&#8221;]<\/p>\n<h2 class=\"basic-text__tag u-text--body-large u-margin-bottom-16 u-text--color-ocean-teal\" style=\"text-align: center;\"><strong><span style=\"color: #80d6c5;\">\u00daJ<\/span><\/strong><\/h2>\n<h3 class=\"basic-text__tag u-h6 u-text--color-white u-margin-bottom-24\" style=\"text-align: center;\"><span style=\"color: #ffffff;\">Bugaboo Donkey 5 babakocsi<\/span><\/h3>\n<h2 class=\"u-h2 u-text--color-candyfloss u-margin-bottom-24\" style=\"text-align: center;\"><span style=\"color: #edb9d9;\">Ak\u00e1rhova is sodor az \u00e9let<\/span><\/h2>\n<p class=\"u-text--body-large u-margin-bottom-48\" style=\"text-align: center;\"><span style=\"color: #ffffff;\">Ismerd meg ezt a szuper testv\u00e9rbabakocsit, ami a lehet\u0151 legk\u00f6zelebb hozza egym\u00e1shoz a testv\u00e9reket.<\/span><\/p>\n<p>[\/vc_column_text][vc_row_inner][vc_column_inner width=&#8221;1\/4&#8243;][vc_column_text woodmart_inline=&#8221;no&#8221; text_larger=&#8221;no&#8221;]<\/p>\n<p style=\"text-align: center;\"><span style=\"color: #80d6c5;\"><strong>A CSAL\u00c1DDAL EGY\u00dcTT N\u0150.<\/strong><\/span><\/p>\n<p>[\/vc_column_text][\/vc_column_inner][vc_column_inner width=&#8221;1\/4&#8243;][vc_column_text woodmart_inline=&#8221;no&#8221; text_larger=&#8221;no&#8221;]<\/p>\n<p style=\"text-align: center;\"><span style=\"color: #80d6c5;\"><strong>EGYSZER\u0170EN MAN\u0150VEREZHET\u0150.<\/strong><\/span><\/p>\n<p>[\/vc_column_text][\/vc_column_inner][vc_column_inner width=&#8221;1\/4&#8243;][vc_column_text woodmart_inline=&#8221;no&#8221; text_larger=&#8221;no&#8221;]<\/p>\n<p style=\"text-align: center;\"><span style=\"color: #80d6c5;\"><strong>\u00d3RI\u00c1SI T\u00c1ROL\u00d3KAPACIT\u00c1S.<\/strong><\/span><\/p>\n<p>[\/vc_column_text][\/vc_column_inner][vc_column_inner width=&#8221;1\/4&#8243;][vc_column_text woodmart_inline=&#8221;no&#8221; text_larger=&#8221;no&#8221;]<\/p>\n<p style=\"text-align: center;\"><span style=\"color: #80d6c5;\"><strong>KISEBB, MINT GONDOLN\u00c1D.<\/strong><\/span><\/p>\n<p>[\/vc_column_text][\/vc_column_inner][\/vc_row_inner][vc_empty_space height=&#8221;10px&#8221; woodmart_hide_large=&#8221;0&#8243; woodmart_hide_medium=&#8221;0&#8243; woodmart_hide_small=&#8221;0&#8243; woodmart_hide_extra_small=&#8221;0&#8243;][\/vc_column][\/vc_row][vc_row mobile_bg_img_hidden=&#8221;no&#8221; tablet_bg_img_hidden=&#8221;no&#8221; woodmart_parallax=&#8221;0&#8243; woodmart_gradient_switch=&#8221;no&#8221; row_reverse_mobile=&#8221;0&#8243; row_reverse_tablet=&#8221;0&#8243; woodmart_disable_overflow=&#8221;0&#8243;][vc_column][vc_column_text woodmart_inline=&#8221;no&#8221; text_larger=&#8221;no&#8221;]<\/p>\n<h2 class=\"u-h2 \" style=\"text-align: center;\">3 egyed\u00fcl\u00e1ll\u00f3 konfigur\u00e1ci\u00f3<\/h2>\n<p>[\/vc_column_text][\/vc_column][\/vc_row][vc_row][vc_column width=&#8221;1\/3&#8243;][vc_row_inner css=&#8221;.vc_custom_1645621761260{background-color: #edb9d9 !important;}&#8221; row_reverse_mobile=&#8221;0&#8243; row_reverse_tablet=&#8221;0&#8243;][vc_column_inner][vc_single_image image=&#8221;108855&#8243; img_size=&#8221;full&#8221; alignment=&#8221;center&#8221; woodmart_inline=&#8221;no&#8221; parallax_scroll=&#8221;no&#8221;][\/vc_column_inner][\/vc_row_inner][vc_row_inner css=&#8221;.vc_custom_1645621769867{background-color: #000000 !important;}&#8221; row_reverse_mobile=&#8221;0&#8243; row_reverse_tablet=&#8221;0&#8243;][vc_column_inner][vc_column_text woodmart_inline=&#8221;no&#8221; text_larger=&#8221;no&#8221;]<\/p>\n<div class=\"c-basic-text c-basic-text__center__center unique-configurations-block__basic-text \">\n<div class=\"o-container\">\n<div class=\"o-grid\">\n<div class=\"o-col-12\">\n<h3 class=\"basic-text__tag u-text--body-large u-text--color-ocean-teal u-margin-bottom-24\" style=\"text-align: center;\"><span style=\"color: #80d6c5;\">Egy gyermeknek, b\u0151v\u00edthet\u0151 hellyel<\/span><\/h3>\n<h4 class=\"u-text-color-white\" style=\"text-align: center;\"><span style=\"color: #ffffff;\">Donkey 5 Mono<\/span><\/h4>\n<p class=\"u-text-color-white u-margin-top-24 u-margin-bottom-8\" style=\"text-align: center;\"><span style=\"color: #ffffff;\">Ez a j\u00f6v\u0151biztos babakocsi sz\u00e1mos t\u00e1rol\u00f3hellyel rendelkezik, \u00edgy magaddal vihetsz minden r\u00e1gcs\u00e1lnival\u00f3t \u00e9s elengedhetetlen j\u00e1t\u00e9kot a csal\u00e1di csa<\/span><span style=\"color: #ffffff;\">varg\u00e1sokhoz.<\/span><\/p>\n<\/div>\n<\/div>\n<\/div>\n<\/div>\n<div class=\"c-basic-text c-basic-text__center__center unique-configurations-block__basic-text \">\n<div class=\"o-container\">\n<div class=\"o-grid\">\n<div class=\"o-col-12\" style=\"text-align: center;\">\n<p>&nbsp;<\/p>\n<p><span class=\"basic-text__tag u-text--color-candyfloss u-text--bold u-margin-bottom-24\" style=\"color: #edb9d9;\">Konfigur\u00e1ci\u00f3i:<\/span><\/p>\n<p class=\"u-text-color-white\" style=\"text-align: center;\"><span style=\"color: #ffffff;\">1 \u00fcl\u00e9s \u00e9s t\u00e1rol\u00f3kos\u00e1r<\/span><\/p>\n<p class=\"u-text-color-white u-margin-bottom-24\" style=\"text-align: center;\"><span style=\"color: #ffffff;\">1 m\u00f3zeskos\u00e1r \u00e9s t\u00e1rol\u00f3kos\u00e1r<\/span><\/p>\n<\/div>\n<\/div>\n<\/div>\n<\/div>\n<p>[\/vc_column_text][vc_empty_space height=&#8221;1px&#8221; woodmart_hide_large=&#8221;0&#8243; woodmart_hide_medium=&#8221;0&#8243; woodmart_hide_small=&#8221;0&#8243; woodmart_hide_extra_small=&#8221;0&#8243;][\/vc_column_inner][\/vc_row_inner][\/vc_column][vc_column width=&#8221;1\/3&#8243;][vc_row_inner css=&#8221;.vc_custom_1645621783011{background-color: #edb9d9 !important;}&#8221; row_reverse_mobile=&#8221;0&#8243; row_reverse_tablet=&#8221;0&#8243;][vc_column_inner][vc_single_image image=&#8221;108856&#8243; img_size=&#8221;full&#8221; alignment=&#8221;center&#8221; woodmart_inline=&#8221;no&#8221; parallax_scroll=&#8221;no&#8221;][\/vc_column_inner][\/vc_row_inner][vc_row_inner css=&#8221;.vc_custom_1645621789091{background-color: #000000 !important;}&#8221; row_reverse_mobile=&#8221;0&#8243; row_reverse_tablet=&#8221;0&#8243;][vc_column_inner][vc_column_text woodmart_inline=&#8221;no&#8221; text_larger=&#8221;no&#8221;]<\/p>\n<div class=\"c-basic-text c-basic-text__center__center unique-configurations-block__basic-text \">\n<div class=\"o-container\">\n<div class=\"o-grid\">\n<div class=\"o-col-12\">\n<h3 class=\"basic-text__tag u-text--body-large u-text--color-ocean-teal u-margin-bottom-24\" style=\"text-align: center;\"><span style=\"color: #80d6c5;\">K\u00fcl\u00f6nb\u00f6z\u0151 kor\u00fa testv\u00e9reknek<\/span><\/h3>\n<h4 class=\"u-text-color-white\" style=\"text-align: center;\"><span style=\"color: #ffffff;\">Donkey 5 Duo<\/span><\/h4>\n<p class=\"u-text-color-white u-margin-top-24 u-margin-bottom-8\" style=\"text-align: center;\"><span style=\"color: #ffffff;\">Ezzel a babakocsival a testv\u00e9rek egy\u00fctt fedezhetik fel a vil\u00e1got, r\u00e1ad\u00e1sul ez a testv\u00e9rverzi\u00f3 kisebb, mint gondoln\u00e1d.<\/span><\/p>\n<\/div>\n<\/div>\n<\/div>\n<\/div>\n<div class=\"c-basic-text c-basic-text__center__center unique-configurations-block__basic-text \">\n<div class=\"o-container\">\n<div class=\"o-grid\">\n<div class=\"o-col-12\" style=\"text-align: center;\">\n<p>&nbsp;<\/p>\n<p><span class=\"basic-text__tag u-text--color-candyfloss u-text--bold u-margin-bottom-24\" style=\"color: #edb9d9;\">Konfigur\u00e1ci\u00f3i:<\/span><\/p>\n<p class=\"u-text-color-white\" style=\"text-align: center;\"><span style=\"color: #ffffff;\">1 \u00fcl\u00e9s \u00e9s 1 m\u00f3zeskos\u00e1r<\/span><\/p>\n<p class=\"u-text-color-white u-margin-bottom-24\" style=\"text-align: center;\"><span style=\"color: #ffffff;\">2 \u00fcl\u00e9s<\/span><\/p>\n<\/div>\n<\/div>\n<\/div>\n<\/div>\n<p>[\/vc_column_text][vc_empty_space height=&#8221;29px&#8221; woodmart_hide_large=&#8221;0&#8243; woodmart_hide_medium=&#8221;0&#8243; woodmart_hide_small=&#8221;0&#8243; woodmart_hide_extra_small=&#8221;0&#8243;][\/vc_column_inner][\/vc_row_inner][\/vc_column][vc_column width=&#8221;1\/3&#8243;][vc_row_inner css=&#8221;.vc_custom_1645621906555{background-color: #edb9d9 !important;}&#8221; row_reverse_mobile=&#8221;0&#8243; row_reverse_tablet=&#8221;0&#8243;][vc_column_inner][vc_single_image image=&#8221;108857&#8243; img_size=&#8221;full&#8221; alignment=&#8221;center&#8221; woodmart_inline=&#8221;no&#8221; parallax_scroll=&#8221;no&#8221;][vc_empty_space height=&#8221;1px&#8221; woodmart_hide_large=&#8221;0&#8243; woodmart_hide_medium=&#8221;0&#8243; woodmart_hide_small=&#8221;0&#8243; woodmart_hide_extra_small=&#8221;0&#8243;][\/vc_column_inner][\/vc_row_inner][vc_row_inner css=&#8221;.vc_custom_1645621914361{background-color: #000000 !important;}&#8221; row_reverse_mobile=&#8221;0&#8243; row_reverse_tablet=&#8221;0&#8243;][vc_column_inner][vc_column_text woodmart_inline=&#8221;no&#8221; text_larger=&#8221;no&#8221;]<\/p>\n<div class=\"c-basic-text c-basic-text__center__center unique-configurations-block__basic-text \">\n<div class=\"o-container\">\n<div class=\"o-grid\">\n<div class=\"o-col-12\">\n<h3 class=\"basic-text__tag u-text--body-large u-text--color-ocean-teal u-margin-bottom-24\" style=\"text-align: center;\"><span style=\"color: #80d6c5;\">Ikreknek<\/span><\/h3>\n<h4 class=\"u-text-color-white\" style=\"text-align: center;\"><span style=\"color: #ffffff;\">Donkey 5 Twin<\/span><\/h4>\n<p class=\"u-text-color-white u-margin-top-24 u-margin-bottom-8\" style=\"text-align: center;\"><span style=\"color: #ffffff;\">Ez a kialak\u00edt\u00e1s szint\u00e9n kisebb, mint gondoln\u00e1d \u00e9s kimondottan ikreknek tervezt\u00e9k, hiszen a legjobb dolgok az \u00e9letben mindig p\u00e1rban j\u00f6nnek!<\/span><\/p>\n<\/div>\n<\/div>\n<\/div>\n<\/div>\n<div class=\"c-basic-text c-basic-text__center__center unique-configurations-block__basic-text \">\n<div class=\"o-container\">\n<div class=\"o-grid\">\n<div class=\"o-col-12\" style=\"text-align: center;\">\n<p>&nbsp;<\/p>\n<p><span class=\"basic-text__tag u-text--color-candyfloss u-text--bold u-margin-bottom-24\" style=\"color: #edb9d9;\">Konfigur\u00e1ci\u00f3i:<\/span><\/p>\n<p class=\"u-text-color-white\" style=\"text-align: center;\"><span style=\"color: #ffffff;\">2 m\u00f3zeskos\u00e1r \u00e9s 2 \u00fcl\u00e9s<\/span><\/p>\n<p class=\"u-text-color-white u-margin-bottom-24\" style=\"text-align: center;\"><span style=\"color: #ffffff;\">1 m\u00f3zeskos\u00e1r \u00e9s 1 \u00fcl\u00e9s<\/span><\/p>\n<\/div>\n<\/div>\n<\/div>\n<\/div>\n<p>[\/vc_column_text][vc_empty_space height=&#8221;29px&#8221; woodmart_hide_large=&#8221;0&#8243; woodmart_hide_medium=&#8221;0&#8243; woodmart_hide_small=&#8221;0&#8243; woodmart_hide_extra_small=&#8221;0&#8243;][\/vc_column_inner][\/vc_row_inner][\/vc_column][\/vc_row][vc_row el_class=&#8221;mobil-padding-top-15&#8243; mobile_bg_img_hidden=&#8221;no&#8221; tablet_bg_img_hidden=&#8221;no&#8221; woodmart_parallax=&#8221;0&#8243; woodmart_gradient_switch=&#8221;no&#8221; row_reverse_mobile=&#8221;0&#8243; row_reverse_tablet=&#8221;0&#8243; woodmart_disable_overflow=&#8221;0&#8243;][vc_column][vc_empty_space height=&#8221;20px&#8221; woodmart_hide_large=&#8221;0&#8243; woodmart_hide_medium=&#8221;0&#8243; woodmart_hide_small=&#8221;0&#8243; woodmart_hide_extra_small=&#8221;0&#8243;][vc_column_text woodmart_inline=&#8221;no&#8221; text_larger=&#8221;no&#8221;]<\/p>\n<h2 style=\"text-align: center;\">Miben v\u00e1ltozott el\u0151dj\u00e9hez k\u00e9pest?<\/h2>\n<p>[\/vc_column_text][\/vc_column][\/vc_row][vc_row css=&#8221;.vc_custom_1645624262683{background-color: #000000 !important;}&#8221; mobile_bg_img_hidden=&#8221;no&#8221; tablet_bg_img_hidden=&#8221;no&#8221; woodmart_parallax=&#8221;0&#8243; woodmart_gradient_switch=&#8221;no&#8221; row_reverse_mobile=&#8221;0&#8243; row_reverse_tablet=&#8221;0&#8243; woodmart_disable_overflow=&#8221;0&#8243;][vc_column width=&#8221;1\/3&#8243;][vc_column_text woodmart_inline=&#8221;no&#8221; text_larger=&#8221;no&#8221;]<\/p>\n<h3 style=\"text-align: center;\"><span style=\"color: #80d6c5;\">K\u00e9nyelem<\/span><\/h3>\n<p>[\/vc_column_text][vc_single_image image=&#8221;108858&#8243; img_size=&#8221;full&#8221; alignment=&#8221;center&#8221; woodmart_inline=&#8221;no&#8221; parallax_scroll=&#8221;no&#8221;][vc_column_text woodmart_inline=&#8221;no&#8221; text_larger=&#8221;no&#8221;]<\/p>\n<h4 style=\"text-align: center;\"><span style=\"color: #ffffff;\">Szell\u0151z\u0151 m\u00f3zeskos\u00e1r<\/span><\/h4>\n<p style=\"text-align: center;\"><span style=\"color: #ffffff;\">Puha, h\u00e1l\u00f3s szerkezet\u0171 panelek biztos\u00edtj\u00e1k a szabad leveg\u0151\u00e1raml\u00e1st, seg\u00edts\u00e9g\u00e9vel a gyermek minden id\u0151ben komfortosan utazik.<\/span><\/p>\n<p>[\/vc_column_text][\/vc_column][vc_column width=&#8221;1\/3&#8243;][vc_column_text woodmart_inline=&#8221;no&#8221; text_larger=&#8221;no&#8221;]<\/p>\n<h3 style=\"text-align: center;\"><span style=\"color: #80d6c5;\">Biztons\u00e1g<\/span><\/h3>\n<p>[\/vc_column_text][vc_single_image image=&#8221;108859&#8243; img_size=&#8221;full&#8221; alignment=&#8221;center&#8221; woodmart_inline=&#8221;no&#8221; parallax_scroll=&#8221;no&#8221;][vc_column_text woodmart_inline=&#8221;no&#8221; text_larger=&#8221;no&#8221;]<\/p>\n<h4 style=\"text-align: center;\"><span style=\"color: #ffffff;\">\u00dcl\u00e9s \u00e9s biztons\u00e1gi \u00f6v<\/span><\/h4>\n<p style=\"text-align: center;\"><span style=\"color: #ffffff;\">A magasabb \u00fcl\u00e9spoz\u00edci\u00f3 biztos\u00edtja, hogy a gyermek mindig k\u00f6zel legyen, \u00e9s az \u00faj, gyors-klikkes biztons\u00e1gi \u00f6v seg\u00edt, hogy m\u00e1sodpercek alatt elindulhassatok.<\/span><\/p>\n<p>[\/vc_column_text][\/vc_column][vc_column width=&#8221;1\/3&#8243;][vc_column_text woodmart_inline=&#8221;no&#8221; text_larger=&#8221;no&#8221;]<\/p>\n<h3 style=\"text-align: center;\"><span style=\"color: #80d6c5;\">K\u00e9nyelem<\/span><\/h3>\n<p>[\/vc_column_text][vc_single_image image=&#8221;108860&#8243; img_size=&#8221;full&#8221; alignment=&#8221;center&#8221; woodmart_inline=&#8221;no&#8221; parallax_scroll=&#8221;no&#8221;][vc_column_text woodmart_inline=&#8221;no&#8221; text_larger=&#8221;no&#8221;]<\/p>\n<h4 style=\"text-align: center;\"><span style=\"color: #ffffff;\">Egyszer\u0171en kezelhet\u0151 kieg\u00e9sz\u00edt\u0151k<\/span><\/h4>\n<p style=\"text-align: center;\"><span style=\"color: #ffffff;\">Az \u00faj r\u00f6gz\u00edt\u0151pontok gyors illeszt\u00e9st tesznek lehet\u0151v\u00e9, n\u00e9h\u00e1ny kattint\u00e1s \u00e9s m\u00e1r mehettek is.<\/span><\/p>\n<p>[\/vc_column_text][\/vc_column][\/vc_row][vc_row][vc_column][vc_empty_space height=&#8221;5px&#8221; woodmart_hide_large=&#8221;0&#8243; woodmart_hide_medium=&#8221;0&#8243; woodmart_hide_small=&#8221;0&#8243; woodmart_hide_extra_small=&#8221;0&#8243;][\/vc_column][\/vc_row][vc_row css=&#8221;.vc_custom_1645704663587{background-color: #edb9d9 !important;}&#8221; mobile_bg_img_hidden=&#8221;no&#8221; tablet_bg_img_hidden=&#8221;no&#8221; woodmart_parallax=&#8221;0&#8243; woodmart_gradient_switch=&#8221;no&#8221; row_reverse_mobile=&#8221;0&#8243; row_reverse_tablet=&#8221;0&#8243; woodmart_disable_overflow=&#8221;0&#8243;][vc_column][vc_row_inner][vc_column_inner width=&#8221;1\/2&#8243;][vc_empty_space height=&#8221;80px&#8221; woodmart_hide_large=&#8221;0&#8243; woodmart_hide_medium=&#8221;0&#8243; woodmart_hide_small=&#8221;0&#8243; woodmart_hide_extra_small=&#8221;0&#8243;][vc_column_text woodmart_inline=&#8221;no&#8221; text_larger=&#8221;no&#8221; css=&#8221;.vc_custom_1647373061193{padding-right: 30px !important;padding-left: 30px !important;}&#8221;]<\/p>\n<h4 class=\"u-h3 u-text--color-fox3-background u-margin-bottom-24 donkey5-effortlessly__basic-title\" style=\"text-align: center;\">Meger\u0151ltet\u00e9s n\u00e9lk\u00fcl cirk\u00e1lhattok<\/h4>\n<p class=\"u-text--body u-text--color-fox3-background u-margin-bottom-24--md\" style=\"text-align: center;\">Ak\u00e1r egy j\u00e1rdaszeg\u00e9llyel kell megb\u00edrk\u00f3znotok, ak\u00e1r vid\u00e9kre kalandoztok, a Donkey 5 t\u00f6k\u00e9letes v\u00e1laszt\u00e1s a kisebb \u00e9s nagyobb kalandokhoz is.<\/p>\n<h4 style=\"text-align: center;\"><strong>Kisebb, mint gondoln\u00e1d<\/strong><\/h4>\n<p style=\"text-align: center;\">74 centim\u00e9teres sz\u00e9less\u00e9g\u00e9vel, a Duo \u00e9s a Twin is szuper\u00fcl \u00e1tf\u00e9r a standard m\u00e9ret\u0171 ajt\u00f3kon, a Mono pedig m\u00e9g kisebb.<\/p>\n<h4 style=\"text-align: center;\"><strong>Egyszer\u0171en man\u0151verezhet\u0151<\/strong><\/h4>\n<p style=\"text-align: center;\">M\u00e1r a legkisebb \u00e9rint\u00e9ssel is mozg\u00e1sba hozhat\u00f3, ez\u00e9rt a Donkey 5 m\u00e9g a legv\u00e1ratlanabb fordulatokban is meg\u00e1llja a hely\u00e9t.<\/p>\n<p>[\/vc_column_text][\/vc_column_inner][vc_column_inner width=&#8221;1\/2&#8243;][vc_single_image image=&#8221;108861&#8243; img_size=&#8221;full&#8221; alignment=&#8221;center&#8221; woodmart_inline=&#8221;no&#8221; parallax_scroll=&#8221;no&#8221;][\/vc_column_inner][\/vc_row_inner][\/vc_column][\/vc_row][vc_row][vc_column][vc_empty_space height=&#8221;5px&#8221; woodmart_hide_large=&#8221;0&#8243; woodmart_hide_medium=&#8221;0&#8243; woodmart_hide_small=&#8221;0&#8243; woodmart_hide_extra_small=&#8221;0&#8243;][\/vc_column][\/vc_row][vc_row css=&#8221;.vc_custom_1645705393986{background-color: #f2f2f2 !important;}&#8221; mobile_bg_img_hidden=&#8221;no&#8221; tablet_bg_img_hidden=&#8221;no&#8221; woodmart_parallax=&#8221;0&#8243; woodmart_gradient_switch=&#8221;no&#8221; row_reverse_mobile=&#8221;0&#8243; row_reverse_tablet=&#8221;0&#8243; woodmart_disable_overflow=&#8221;0&#8243;][vc_column width=&#8221;1\/3&#8243;][vc_empty_space height=&#8221;100px&#8221; woodmart_hide_large=&#8221;0&#8243; woodmart_hide_medium=&#8221;0&#8243; woodmart_hide_small=&#8221;0&#8243; woodmart_hide_extra_small=&#8221;0&#8243;][vc_column_text woodmart_inline=&#8221;no&#8221; text_larger=&#8221;no&#8221;]<\/p>\n<h2 class=\"u-h3 u-margin-bottom-24 u-margin-top-48--md donkey5-video-title\" style=\"text-align: center;\">A csal\u00e1ddal egy\u00fctt n\u0151<\/h2>\n<p class=\"donkey5-video-description\" style=\"text-align: center;\">A Donkey 5 Duo nagyon praktikus arra az esetre, ha a csal\u00e1d b\u0151v\u00fcl, ak\u00e1r egyed\u00fcl utazik kis pil\u00f3t\u00e1d, ak\u00e1r egy k\u00eds\u00e9r\u0151vel.<\/p>\n<p style=\"text-align: center;\">Ikreket v\u00e1rsz? Akkor pedig ideje felfedezned a Donkey 5 Twint!<\/p>\n<p>[\/vc_column_text][\/vc_column][vc_column width=&#8221;1\/3&#8243;][vc_single_image image=&#8221;108862&#8243; img_size=&#8221;full&#8221; alignment=&#8221;center&#8221; style=&#8221;vc_box_border_circle&#8221; woodmart_inline=&#8221;no&#8221; parallax_scroll=&#8221;no&#8221;][\/vc_column][vc_column width=&#8221;1\/3&#8243;][vc_single_image image=&#8221;108863&#8243; img_size=&#8221;full&#8221; alignment=&#8221;center&#8221; style=&#8221;vc_box_border_circle&#8221; woodmart_inline=&#8221;no&#8221; parallax_scroll=&#8221;no&#8221;][\/vc_column][\/vc_row][vc_column][\/vc_column]<\/p>\n<\/div>","protected":false},"excerpt":{"rendered":"<p>[vc_row css=&#8221;.vc_custom_1647017089929{background-color: #f2f2f2 !important;}&#8221; mobile_bg_img_hidden=&#8221;no&#8221; tablet_bg_img_hidden=&#8221;no&#8221; woodmart_parallax=&#8221;0&#8243; woodmart_gradient_switch=&#8221;no&#8221; row_reverse_mobile=&#8221;0&#8243; row_reverse_tablet=&#8221;0&#8243; woodmart_disable_overflow=&#8221;0&#8243;][vc_column][vc_row_inner][vc_column_inner width=&#8221;1\/3&#8243;][vc_single_image image=&#8221;108849&#8243; img_size=&#8221;full&#8221; alignment=&#8221;center&#8221; onclick=&#8221;custom_link&#8221; woodmart_inline=&#8221;no&#8221; parallax_scroll=&#8221;no&#8221; link=&#8221;https:\/\/mamasandpapas.hu\/termek\/bugaboo-donkey-5-mono-valassz-szint\/&#8221;][vc_column_text woodmart_inline=&#8221;no&#8221; text_larger=&#8221;no&#8221;] BUGABOO DONKEY 5 MONO [\/vc_column_text][vc_btn title=&#8221;Fedezd fel!&#8221; shape=&#8221;square&#8221; color=&#8221;inverse&#8221; align=&#8221;center&#8221; link=&#8221;url:https%3A%2F%2Fmamasandpapas.hu%2Ftermek%2Fbugaboo-donkey-5-mono-valassz-szint%2F&#8221;][\/vc_column_inner][vc_column_inner width=&#8221;1\/3&#8243;][vc_single_image image=&#8221;108850&#8243; img_size=&#8221;full&#8221; alignment=&#8221;center&#8221; onclick=&#8221;custom_link&#8221; woodmart_inline=&#8221;no&#8221; parallax_scroll=&#8221;no&#8221; link=&#8221;https:\/\/mamasandpapas.hu\/termek\/bugaboo-donkey-5-duo-valassz-szint\/&#8221;][vc_column_text woodmart_inline=&#8221;no&#8221; text_larger=&#8221;no&#8221;] BUGABOO DONKEY 5 DUO [\/vc_column_text][vc_btn title=&#8221;Fedezd fel!&#8221; shape=&#8221;square&#8221;&#8230;<\/p>\n","protected":false},"author":5,"featured_media":0,"parent":0,"menu_order":0,"comment_status":"closed","ping_status":"closed","template":"","meta":{"_acf_changed":false,"footnotes":""},"class_list":["post-108848","page","type-page","status-publish","hentry"],"acf":[],"amp_enabled":true,"_links":{"self":[{"href":"https:\/\/mamasandpapas.hu\/blog\/wp-json\/wp\/v2\/pages\/108848","targetHints":{"allow":["GET"]}}],"collection":[{"href":"https:\/\/mamasandpapas.hu\/blog\/wp-json\/wp\/v2\/pages"}],"about":[{"href":"https:\/\/mamasandpapas.hu\/blog\/wp-json\/wp\/v2\/types\/page"}],"author":[{"embeddable":true,"href":"https:\/\/mamasandpapas.hu\/blog\/wp-json\/wp\/v2\/users\/5"}],"replies":[{"embeddable":true,"href":"https:\/\/mamasandpapas.hu\/blog\/wp-json\/wp\/v2\/comments?post=108848"}],"version-history":[{"count":9,"href":"https:\/\/mamasandpapas.hu\/blog\/wp-json\/wp\/v2\/pages\/108848\/revisions"}],"predecessor-version":[{"id":108873,"href":"https:\/\/mamasandpapas.hu\/blog\/wp-json\/wp\/v2\/pages\/108848\/revisions\/108873"}],"wp:attachment":[{"href":"https:\/\/mamasandpapas.hu\/blog\/wp-json\/wp\/v2\/media?parent=108848"}],"curies":[{"name":"wp","href":"https:\/\/api.w.org\/{rel}","templated":true}]}}