{"id":108509,"date":"2023-11-06T11:25:20","date_gmt":"2023-11-06T11:25:20","guid":{"rendered":"https:\/\/mamasandpapas.hu\/blog\/?page_id=108509"},"modified":"2023-11-08T15:11:51","modified_gmt":"2023-11-08T15:11:51","slug":"stokke-mickey-kollekcio","status":"publish","type":"page","link":"https:\/\/mamasandpapas.hu\/blog\/stokke-mickey-kollekcio\/","title":{"rendered":"Stokke Mickey kollekci\u00f3"},"content":{"rendered":"<div class=\"wpb-content-wrapper\"><p>[vc_row][vc_column][vc_row_inner css=&#8221;.vc_custom_1698760761039{background-color: #b8dfde !important;}&#8221;][vc_column_inner][vc_single_image image=&#8221;108513&#8243; img_size=&#8221;full&#8221; alignment=&#8221;center&#8221;][\/vc_column_inner][\/vc_row_inner][vc_row_inner css=&#8221;.vc_custom_1699266799237{background-color: #f5ead9 !important;}&#8221;][vc_column_inner width=&#8221;1\/6&#8243;][\/vc_column_inner][vc_column_inner width=&#8221;2\/3&#8243;][vc_column_text]<\/p>\n<p style=\"text-align: center;\">Az \u00faj Disney | Stokke kollekci\u00f3val &#8211; legyen sz\u00f3 ev\u00e9sr\u0151l, alv\u00e1sr\u00f3l vagy f\u00fcrd\u00e9sr\u0151l &#8211; egy kis extra var\u00e1zslatot vihetsz a mindennapokba.. \u00c9lj\u00e9tek meg sz\u00fcl\u0151k\u00e9nt azt a var\u00e1zslatot, ahogy l\u00e1tj\u00e1tok gyermekeiteket cseperednii, tanulni \u00e9s felfedezni a vil\u00e1got.<\/p>\n<p>[\/vc_column_text][vc_video link=&#8221;https:\/\/youtu.be\/IERMd5syK5Q?si=QLqKiRL9B1HVtRRZ&#8221;][vc_column_text]<\/p>\n<div class=\"sk-headline-text sk-text--center sk-regular-4_5xl\" style=\"text-align: center;\"><span style=\"font-size: 24px;\"><strong>Var\u00e1zslat az asztal k\u00f6r\u00fcl<\/strong><\/span><\/div>\n<div><\/div>\n<div class=\"sk-headline-text sk-text--center sk-regular-4_5xl\" style=\"text-align: center;\">A mindennapi egy\u00fctt t\u00f6lt\u00f6tt pillanatok, k\u00f6z\u00f6s \u00e9tkez\u00e9sek \u00e9s j\u00e1t\u00e9kid\u0151 az asztaln\u00e1l er\u0151s\u00edtik a kapcsolatot \u00e9s \u00f6sszetartoz\u00e1st k\u00f6zted \u00e9s csemet\u00e9d k\u00f6zt &#8211; var\u00e1zslatos!<\/div>\n<p>[\/vc_column_text][\/vc_column_inner][vc_column_inner width=&#8221;1\/6&#8243;][\/vc_column_inner][\/vc_row_inner][vc_row_inner css=&#8221;.vc_custom_1698760783615{background-color: #f5ead9 !important;}&#8221;][vc_column_inner width=&#8221;1\/3&#8243;][vc_single_image image=&#8221;108512&#8243; img_size=&#8221;full&#8221; alignment=&#8221;center&#8221;][\/vc_column_inner][vc_column_inner width=&#8221;1\/3&#8243;][vc_single_image image=&#8221;108510&#8243; img_size=&#8221;full&#8221; alignment=&#8221;center&#8221;][\/vc_column_inner][vc_column_inner width=&#8221;1\/3&#8243;][vc_single_image image=&#8221;108511&#8243; img_size=&#8221;full&#8221; alignment=&#8221;center&#8221;][\/vc_column_inner][\/vc_row_inner][vc_row_inner][vc_column_inner width=&#8221;1\/3&#8243;][vc_single_image image=&#8221;108516&#8243; img_size=&#8221;full&#8221; alignment=&#8221;center&#8221; onclick=&#8221;custom_link&#8221; link=&#8221;https:\/\/mamasandpapas.hu\/termek\/stokke-tripp-trapp-classic-parna\/?attribute_pa_tripp-trapp-classic-cushion=mickey-celebration&#8221;][vc_column_text]<\/p>\n<p style=\"text-align: center;\"><span style=\"font-size: 18px;\"><strong>Stokke Tripp Trapp Classic p\u00e1rna Mickey Celebration<\/strong><\/span><\/p>\n<p>[\/vc_column_text][vc_btn title=&#8221;Megn\u00e9zem&#8221; style=&#8221;outline-custom&#8221; outline_custom_color=&#8221;#666666&#8243; outline_custom_hover_background=&#8221;#ffffff&#8221; outline_custom_hover_text=&#8221;#000000&#8243; shape=&#8221;square&#8221; align=&#8221;center&#8221; link=&#8221;url:https%3A%2F%2Fmamasandpapas.hu%2Ftermek%2Fstokke-tripp-trapp-classic-parna%2F%3Fattribute_pa_tripp-trapp-classic-cushion%3Dmickey-celebration|||&#8221;][\/vc_column_inner][vc_column_inner width=&#8221;1\/3&#8243;][vc_single_image image=&#8221;108517&#8243; img_size=&#8221;full&#8221; alignment=&#8221;center&#8221; onclick=&#8221;custom_link&#8221; link=&#8221;https:\/\/mamasandpapas.hu\/termek\/stokke-tripp-trapp-classic-parna\/?attribute_pa_tripp-trapp-classic-cushion=mickey-signature&#8221;][vc_column_text]<\/p>\n<p style=\"text-align: center;\"><span style=\"font-size: 18px;\"><strong>Stokke Tripp Trapp Classic p\u00e1rna Mickey Signature<\/strong><\/span><\/p>\n<p>[\/vc_column_text][vc_btn title=&#8221;Megn\u00e9zem&#8221; style=&#8221;outline-custom&#8221; outline_custom_color=&#8221;#666666&#8243; outline_custom_hover_background=&#8221;#ffffff&#8221; outline_custom_hover_text=&#8221;#000000&#8243; shape=&#8221;square&#8221; align=&#8221;center&#8221; link=&#8221;url:https%3A%2F%2Fmamasandpapas.hu%2Ftermek%2Fstokke-tripp-trapp-classic-parna%2F%3Fattribute_pa_tripp-trapp-classic-cushion%3Dmickey-signature|||&#8221;][\/vc_column_inner][vc_column_inner width=&#8221;1\/3&#8243;][vc_single_image image=&#8221;108518&#8243; img_size=&#8221;full&#8221; alignment=&#8221;center&#8221; onclick=&#8221;custom_link&#8221; link=&#8221;https:\/\/mamasandpapas.hu\/termek\/stokke-nomi-parna-valassz-szint\/?attribute_pa_stokke-nomi-szinek=mickey-signature&#8221;][vc_column_text]<\/p>\n<p style=\"text-align: center;\"><span style=\"font-size: 18px;\"><strong>Stokke Nomi p\u00e1rna Mickey Signature<\/strong><\/span><\/p>\n<p>[\/vc_column_text][vc_btn title=&#8221;Megn\u00e9zem&#8221; style=&#8221;outline-custom&#8221; outline_custom_color=&#8221;#666666&#8243; outline_custom_hover_background=&#8221;#ffffff&#8221; outline_custom_hover_text=&#8221;#000000&#8243; shape=&#8221;square&#8221; align=&#8221;center&#8221; link=&#8221;url:https%3A%2F%2Fmamasandpapas.hu%2Ftermek%2Fstokke-nomi-parna-valassz-szint%2F%3Fattribute_pa_stokke-nomi-szinek%3Dmickey-signature|||&#8221;][\/vc_column_inner][\/vc_row_inner][\/vc_column][\/vc_row][vc_row css=&#8221;.vc_custom_1698761447350{background-color: #f5ead9 !important;}&#8221;][vc_column][vc_column_text]<\/p>\n<div class=\"sk-headline-wrapper\">\n<div class=\"sk-headline-text sk-text--center sk-regular-4_5xl\" style=\"text-align: center;\"><span style=\"font-size: 24px;\"><strong>Teremts var\u00e1zslatos pillanatokat f\u00fcrd\u00e9sn\u00e9l<\/strong><\/span><\/div>\n<div><\/div>\n<\/div>\n<div class=\"sk-paragraph-wrapper\">\n<div class=\"sk-paragraph-text sk-text--center sk-regular-medium\" style=\"text-align: center;\">Elj\u00f6tt a m\u00f3ka, nevet\u00e9s \u00e9s term\u00e9szetesen az \u00f3ri\u00e1si hab \u00e9s bubor\u00e9kok ideje! Az egy\u00fctt t\u00f6lt\u00f6tt id\u0151 \u00e9s a k\u00f6z\u00f6s \u00e9lm\u00e9nyek \u00f6sszekapcsolnak, \u00f6r\u00f6k eml\u00e9kk\u00e9nt ott \u00e9lnek bennetek!<\/div>\n<\/div>\n<p>[\/vc_column_text][vc_row_inner][vc_column_inner width=&#8221;1\/3&#8243;][vc_single_image image=&#8221;108521&#8243; img_size=&#8221;full&#8221; alignment=&#8221;center&#8221;][\/vc_column_inner][vc_column_inner width=&#8221;1\/3&#8243;][vc_single_image image=&#8221;108522&#8243; img_size=&#8221;full&#8221; alignment=&#8221;center&#8221;][\/vc_column_inner][vc_column_inner width=&#8221;1\/3&#8243;][vc_single_image image=&#8221;108523&#8243; img_size=&#8221;full&#8221; alignment=&#8221;center&#8221;][\/vc_column_inner][\/vc_row_inner][\/vc_column][\/vc_row][vc_row][vc_column width=&#8221;1\/4&#8243;][\/vc_column][vc_column width=&#8221;1\/4&#8243;][vc_single_image image=&#8221;108524&#8243; img_size=&#8221;full&#8221; alignment=&#8221;center&#8221; onclick=&#8221;custom_link&#8221; link=&#8221;https:\/\/mamasandpapas.hu\/termek\/stokke-flexi-bath-osszecsukhato-babakad-valassz-szint\/?attribute_pa_stokke-kad-szinek=mickey-celebration&#8221;][vc_column_text]<\/p>\n<p style=\"text-align: center;\"><span style=\"font-size: 18px;\"><strong>Stokke Flexi Bath \u00f6sszecsukhat\u00f3 babak\u00e1d Mickey Celebration<\/strong><\/span><\/p>\n<p>[\/vc_column_text][vc_btn title=&#8221;Megn\u00e9zem&#8221; style=&#8221;outline-custom&#8221; outline_custom_color=&#8221;#666666&#8243; outline_custom_hover_background=&#8221;#ffffff&#8221; outline_custom_hover_text=&#8221;#000000&#8243; shape=&#8221;square&#8221; align=&#8221;center&#8221; link=&#8221;url:https%3A%2F%2Fmamasandpapas.hu%2Ftermek%2Fstokke-flexi-bath-osszecsukhato-babakad-valassz-szint%2F%3Fattribute_pa_stokke-kad-szinek%3Dmickey-celebration|||&#8221;][\/vc_column][vc_column width=&#8221;1\/4&#8243;][vc_single_image image=&#8221;108525&#8243; img_size=&#8221;full&#8221; alignment=&#8221;center&#8221; onclick=&#8221;custom_link&#8221; link=&#8221;https:\/\/mamasandpapas.hu\/termek\/stokke-flexi-bath-xl-osszecsukhato-babakad-valassz-szint\/?attribute_pa_stokke-kad-szinek=mickey-celebration&#8221;][vc_column_text]<\/p>\n<p style=\"text-align: center;\"><span style=\"font-size: 18px;\"><strong>Stokke Flexi Bath XL \u00f6sszecsukhat\u00f3 babak\u00e1d Mickey Celebration<\/strong><\/span><\/p>\n<p>[\/vc_column_text][vc_btn title=&#8221;Megn\u00e9zem&#8221; style=&#8221;outline-custom&#8221; outline_custom_color=&#8221;#666666&#8243; outline_custom_hover_background=&#8221;#ffffff&#8221; outline_custom_hover_text=&#8221;#000000&#8243; shape=&#8221;square&#8221; align=&#8221;center&#8221; link=&#8221;url:https%3A%2F%2Fmamasandpapas.hu%2Ftermek%2Fstokke-flexi-bath-xl-osszecsukhato-babakad-valassz-szint%2F%3Fattribute_pa_stokke-kad-szinek%3Dmickey-celebration|||&#8221;][\/vc_column][vc_column width=&#8221;1\/4&#8243;][\/vc_column][\/vc_row][vc_row css=&#8221;.vc_custom_1698761447350{background-color: #f5ead9 !important;}&#8221;][vc_column][vc_column_text]<\/p>\n<div class=\"sk-headline-wrapper\">\n<div class=\"sk-headline-text sk-text--center sk-regular-4_5xl\" style=\"text-align: center;\">\n<div class=\"sk-headline-wrapper\">\n<div class=\"sk-headline-text sk-text--center sk-regular-4_5xl\">\n<p dir=\"ltr\"><span style=\"font-size: 24px;\"><b><strong>Var\u00e1zslatos \u00e1lmok<\/strong><\/b><\/span><\/p>\n<\/div>\n<\/div>\n<div class=\"sk-paragraph-wrapper\">\n<div class=\"sk-paragraph-text sk-text--center sk-regular-medium\">A h\u00e9tk\u00f6znapi \u00e9lm\u00e9nyek rendk\u00edv\u00fcli \u00e9lm\u00e9nyekk\u00e9 v\u00e1lnak a gyerekekkel. N\u00e9zd a vil\u00e1got a gyermek szemein kereszt\u00fcl \u00e9s fedezd fel a csod\u00e1t!<\/div>\n<\/div>\n<\/div>\n<\/div>\n<p>[\/vc_column_text][vc_row_inner][vc_column_inner width=&#8221;1\/3&#8243;][vc_single_image image=&#8221;108529&#8243; img_size=&#8221;full&#8221; alignment=&#8221;center&#8221;][\/vc_column_inner][vc_column_inner width=&#8221;1\/3&#8243;][vc_single_image image=&#8221;108528&#8243; img_size=&#8221;full&#8221; alignment=&#8221;center&#8221;][\/vc_column_inner][vc_column_inner width=&#8221;1\/3&#8243;][vc_single_image image=&#8221;108530&#8243; img_size=&#8221;full&#8221; alignment=&#8221;center&#8221;][\/vc_column_inner][\/vc_row_inner][\/vc_column][\/vc_row][vc_row][vc_column width=&#8221;1\/3&#8243;][vc_single_image image=&#8221;108531&#8243; img_size=&#8221;full&#8221; alignment=&#8221;center&#8221; onclick=&#8221;custom_link&#8221; link=&#8221;https:\/\/mamasandpapas.hu\/termek\/stokke-jetkids-felfujhato-matrac\/?attribute_pa_stokke-jetkids-szinek=mickey-celebration&#8221;][vc_column_text]<\/p>\n<p style=\"text-align: center;\"><span style=\"font-size: 18px;\"><strong>Stokke JetKids felf\u00fajhat\u00f3 matrac Mickey Celebration<\/strong><\/span><\/p>\n<p>[\/vc_column_text][vc_btn title=&#8221;Megn\u00e9zem&#8221; style=&#8221;outline-custom&#8221; outline_custom_color=&#8221;#666666&#8243; outline_custom_hover_background=&#8221;#ffffff&#8221; outline_custom_hover_text=&#8221;#000000&#8243; shape=&#8221;square&#8221; align=&#8221;center&#8221; link=&#8221;url:https%3A%2F%2Fmamasandpapas.hu%2Ftermek%2Fstokke-jetkids-felfujhato-matrac%2F%3Fattribute_pa_stokke-jetkids-szinek%3Dmickey-celebration|||&#8221;][\/vc_column][vc_column width=&#8221;1\/3&#8243;][vc_single_image image=&#8221;108532&#8243; img_size=&#8221;full&#8221; alignment=&#8221;center&#8221; onclick=&#8221;custom_link&#8221; link=&#8221;https:\/\/mamasandpapas.hu\/termek\/stokke-sleepi-mini-gumis-lepedo-v3-valassz-szint\/?attribute_pa_stokke-lepedo-szinek=mickey-celebration&#8221;][vc_column_text]<\/p>\n<p style=\"text-align: center;\"><span style=\"font-size: 18px;\"><strong>Stokke Sleepi Mini gumis leped\u0151 V3 Mickey Celebration<\/strong><\/span><\/p>\n<p>[\/vc_column_text][vc_btn title=&#8221;Megn\u00e9zem&#8221; style=&#8221;outline-custom&#8221; outline_custom_color=&#8221;#666666&#8243; outline_custom_hover_background=&#8221;#ffffff&#8221; outline_custom_hover_text=&#8221;#000000&#8243; shape=&#8221;square&#8221; align=&#8221;center&#8221; link=&#8221;url:https%3A%2F%2Fmamasandpapas.hu%2Ftermek%2Fstokke-sleepi-mini-gumis-lepedo-v3-valassz-szint%2F%3Fattribute_pa_stokke-lepedo-szinek%3Dmickey-celebration|||&#8221;][\/vc_column][vc_column width=&#8221;1\/3&#8243;][vc_single_image image=&#8221;108533&#8243; img_size=&#8221;full&#8221; alignment=&#8221;center&#8221; onclick=&#8221;custom_link&#8221; link=&#8221;https:\/\/mamasandpapas.hu\/termek\/stokke-sleepi-gumis-lepedo-v3-valassz-szint\/?attribute_pa_stokke-lepedo-szinek=mickey-celebration&#8221;][vc_column_text]<\/p>\n<p style=\"text-align: center;\"><span style=\"font-size: 18px;\"><strong>Stokke Sleepi gumis leped\u0151 V3 Mickey Celebration<\/strong><\/span><\/p>\n<p>[\/vc_column_text][vc_btn title=&#8221;Megn\u00e9zem&#8221; style=&#8221;outline-custom&#8221; outline_custom_color=&#8221;#666666&#8243; outline_custom_hover_background=&#8221;#ffffff&#8221; outline_custom_hover_text=&#8221;#000000&#8243; shape=&#8221;square&#8221; align=&#8221;center&#8221; link=&#8221;url:https%3A%2F%2Fmamasandpapas.hu%2Ftermek%2Fstokke-sleepi-gumis-lepedo-v3-valassz-szint%2F%3Fattribute_pa_stokke-lepedo-szinek%3Dmickey-celebration|||&#8221;][\/vc_column][\/vc_row][vc_row css=&#8221;.vc_custom_1698763566580{background-color: #e6e6e6 !important;}&#8221;][vc_column width=&#8221;1\/4&#8243;][vc_column_text]<strong>\u00daj minta<\/strong><\/p>\n<p><strong><span style=\"font-size: 21px;\">Mickey Celebration<\/span><\/strong><\/p>\n<p>A Mickey Celebration egy modern minta az ikonikus Mickey eg\u00e9rrel, aki 7 k\u00fcl\u00f6nb\u00f6z\u0151 p\u00f3zban l\u00e1that\u00f3, boldog mosollyal az arc\u00e1n, \u00fajabb \u00e9s \u00fajabb kalandokat keresve. Vibr\u00e1l\u00f3 sz\u00ednek \u00e9s j\u00e1t\u00e9kos konfetti minta.[\/vc_column_text][\/vc_column][vc_column width=&#8221;1\/4&#8243;][vc_single_image image=&#8221;108535&#8243; img_size=&#8221;full&#8221; alignment=&#8221;center&#8221;][\/vc_column][vc_column width=&#8221;1\/4&#8243;][vc_column_text]<strong>\u00daj minta<\/strong><\/p>\n<p><strong><span style=\"font-size: 21px;\">Mickey Signature<\/span><\/strong><\/p>\n<p>A Mickey Signature egy szofisztik\u00e1lt, monokr\u00f3m minta, eleg\u00e1ns, k\u00e9zzel festett, mosolyg\u00f3s Mickey eg\u00e9r fejekkel, amik minden ir\u00e1nyba n\u00e9znek \u00faj kalandokat keresve. Meleg b\u00e9zs \u00e1rnyalat\u00fa h\u00e1tt\u00e9r.[\/vc_column_text][\/vc_column][vc_column width=&#8221;1\/4&#8243;][vc_single_image image=&#8221;108536&#8243; img_size=&#8221;full&#8221; alignment=&#8221;center&#8221;][\/vc_column][\/vc_row][vc_row][vc_column][vc_empty_space height=&#8221;10&#8243;][\/vc_column][\/vc_row][vc_row css=&#8221;.vc_custom_1698764493548{background-color: #f5ead9 !important;}&#8221;][vc_column][vc_column_text]<\/p>\n<div class=\"sk-subheadline-wrapper\">\n<div class=\"sk-subheadline-text sk-text--center sk-regular-xl\" style=\"text-align: center;\">Disney | Stokke<\/div>\n<div><\/div>\n<\/div>\n<div class=\"sk-headline-wrapper\">\n<div class=\"sk-headline-text sk-text--center sk-regular-4_5xl\" style=\"text-align: center;\"><strong><span style=\"font-size: 24px;\">Egy\u00fctt var\u00e1zslatos pillanatokat teremt\u00fcnk.<\/span><\/strong><\/div>\n<\/div>\n<p>[\/vc_column_text][vc_single_image image=&#8221;108541&#8243; img_size=&#8221;full&#8221; alignment=&#8221;center&#8221;][\/vc_column][\/vc_row]<\/p>\n<\/div>","protected":false},"excerpt":{"rendered":"<p>[vc_row][vc_column][vc_row_inner css=&#8221;.vc_custom_1698760761039{background-color: #b8dfde !important;}&#8221;][vc_column_inner][vc_single_image image=&#8221;108513&#8243; img_size=&#8221;full&#8221; alignment=&#8221;center&#8221;][\/vc_column_inner][\/vc_row_inner][vc_row_inner css=&#8221;.vc_custom_1699266799237{background-color: #f5ead9 !important;}&#8221;][vc_column_inner width=&#8221;1\/6&#8243;][\/vc_column_inner][vc_column_inner width=&#8221;2\/3&#8243;][vc_column_text] Az \u00faj Disney | Stokke kollekci\u00f3val &#8211; legyen sz\u00f3 ev\u00e9sr\u0151l, alv\u00e1sr\u00f3l vagy f\u00fcrd\u00e9sr\u0151l &#8211; egy kis extra var\u00e1zslatot vihetsz a mindennapokba.. \u00c9lj\u00e9tek meg sz\u00fcl\u0151k\u00e9nt azt a var\u00e1zslatot, ahogy l\u00e1tj\u00e1tok gyermekeiteket cseperednii, tanulni \u00e9s felfedezni a vil\u00e1got. [\/vc_column_text][vc_video link=&#8221;https:\/\/youtu.be\/IERMd5syK5Q?si=QLqKiRL9B1HVtRRZ&#8221;][vc_column_text]&#8230;<\/p>\n","protected":false},"author":5,"featured_media":0,"parent":0,"menu_order":0,"comment_status":"closed","ping_status":"closed","template":"","meta":{"_acf_changed":false,"footnotes":""},"class_list":["post-108509","page","type-page","status-publish","hentry"],"acf":[],"amp_enabled":true,"_links":{"self":[{"href":"https:\/\/mamasandpapas.hu\/blog\/wp-json\/wp\/v2\/pages\/108509","targetHints":{"allow":["GET"]}}],"collection":[{"href":"https:\/\/mamasandpapas.hu\/blog\/wp-json\/wp\/v2\/pages"}],"about":[{"href":"https:\/\/mamasandpapas.hu\/blog\/wp-json\/wp\/v2\/types\/page"}],"author":[{"embeddable":true,"href":"https:\/\/mamasandpapas.hu\/blog\/wp-json\/wp\/v2\/users\/5"}],"replies":[{"embeddable":true,"href":"https:\/\/mamasandpapas.hu\/blog\/wp-json\/wp\/v2\/comments?post=108509"}],"version-history":[{"count":39,"href":"https:\/\/mamasandpapas.hu\/blog\/wp-json\/wp\/v2\/pages\/108509\/revisions"}],"predecessor-version":[{"id":108571,"href":"https:\/\/mamasandpapas.hu\/blog\/wp-json\/wp\/v2\/pages\/108509\/revisions\/108571"}],"wp:attachment":[{"href":"https:\/\/mamasandpapas.hu\/blog\/wp-json\/wp\/v2\/media?parent=108509"}],"curies":[{"name":"wp","href":"https:\/\/api.w.org\/{rel}","templated":true}]}}