{"id":108381,"date":"2023-09-13T20:09:52","date_gmt":"2023-09-13T20:09:52","guid":{"rendered":"https:\/\/mamasandpapas.hu\/blog\/?page_id=108381"},"modified":"2023-09-14T16:05:23","modified_gmt":"2023-09-14T16:05:23","slug":"cybex-eos-lux-2az1ben-babakocsi","status":"publish","type":"page","link":"https:\/\/mamasandpapas.hu\/blog\/cybex-eos-lux-2az1ben-babakocsi\/","title":{"rendered":"Cybex Eos Lux 2az1ben babakocsi"},"content":{"rendered":"<div class=\"wpb-content-wrapper\"><p>[vc_row][vc_column offset=&#8221;vc_hidden-xs&#8221;][vc_row_inner css=&#8221;.vc_custom_1694612151218{background-color: #f3f1ee !important;}&#8221;][vc_column_inner][vc_single_image image=&#8221;108395&#8243; img_size=&#8221;full&#8221; alignment=&#8221;center&#8221;][\/vc_column_inner][\/vc_row_inner][vc_row_inner][vc_column_inner][vc_column_text]<\/p>\n<p style=\"text-align: center;\">Biztos t\u00e1rs a kalandok sor\u00e1n: ez az EOS Lux 2az1ben babakocsi, ami veled lesz a bab\u00e1ddal t\u00f6lt\u00f6tt legfontosabb pillanatokban: az els\u0151 napt\u00f3l kezdve eg\u00e9szen addig, am\u00edg m\u00e1r a saj\u00e1t l\u00e1b\u00e1n fut majd el\u0151tted. Az EOS Lux a kisgyermekkor minden mozzanat\u00e1n v\u00e9gigk\u00eds\u00e9r, olyan funkci\u00f3kkal rendelkezik, amelyek megk\u00f6nny\u00edtik a mindennapokat, \u00edgy a gyermekeddel t\u00f6lt\u00f6tt pillanatok k\u00f6nnyedek \u00e9s pihentet\u0151ek maradhatnak. Alkalmazkodik a n\u00f6vekv\u0151 gyerk\u0151ch\u00f6z: el\u0151sz\u00f6r a m\u00f3zeskos\u00e1r lesz az, ami a baba sz\u00fclet\u00e9s\u00e9t\u0151l kezdve k\u00e9nyelmet \u00e9s v\u00e9delmet ny\u00fajt. Amikor gyermeked m\u00e1r tud \u00fclni, a m\u00f3zeskos\u00e1r egyszer\u0171en \u00fcl\u00e9sr\u00e9ssz\u00e9 alak\u00edthat\u00f3 \u00e1t a v\u00e1z puha sz\u00f6vetelemeinek cser\u00e9j\u00e9vel. A travel system funkci\u00f3nak k\u00f6sz\u00f6nhet\u0151en k\u00f6nnyed\u00e9n v\u00e1lthatsz aut\u00f3z\u00e1sr\u00f3l s\u00e9t\u00e1ra \u00e9s ford\u00edtva. Az els\u0151 ker\u00e9kfelf\u00fcggeszt\u00e9s \u00e9s terepkerekek megk\u00fczdenek az akad\u00e1lyokkal legyen sz\u00f3 macskak\u00f6ves utakr\u00f3l vagy egyenetlen terepr\u0151l: minimaliz\u00e1lj\u00e1k a r\u00e1zk\u00f3d\u00e1sokat, \u00edgy a babakocsi h\u00e1bor\u00edtatlan pihen\u00e9st biztos\u00edt kisbab\u00e1d sz\u00e1m\u00e1ra.<\/p>\n<p>[\/vc_column_text][\/vc_column_inner][\/vc_row_inner][vc_separator border_width=&#8221;3&#8243;][\/vc_column][\/vc_row][vc_row][vc_column offset=&#8221;vc_hidden-lg vc_hidden-md vc_hidden-sm&#8221;][vc_row_inner css=&#8221;.vc_custom_1694612166585{background-color: #f3f1ee !important;}&#8221;][vc_column_inner width=&#8221;1\/3&#8243;][vc_single_image image=&#8221;108385&#8243; img_size=&#8221;full&#8221; alignment=&#8221;center&#8221;][\/vc_column_inner][vc_column_inner width=&#8221;1\/3&#8243;][vc_single_image image=&#8221;108386&#8243; img_size=&#8221;full&#8221; alignment=&#8221;center&#8221;][\/vc_column_inner][vc_column_inner width=&#8221;1\/3&#8243;][vc_single_image image=&#8221;108384&#8243; img_size=&#8221;full&#8221; alignment=&#8221;center&#8221;][\/vc_column_inner][\/vc_row_inner][vc_row_inner][vc_column_inner][vc_column_text]<\/p>\n<p style=\"text-align: center;\">Biztos t\u00e1rs a kalandok sor\u00e1n: ez az EOS Lux 2az1ben babakocsi. Veled lesz a bab\u00e1ddal t\u00f6lt\u00f6tt legfontosabb pillanatokban: az els\u0151 napt\u00f3l kezdve eg\u00e9szen addig, am\u00edg m\u00e1r a saj\u00e1t l\u00e1b\u00e1n fut majd el\u0151tted. Az EOS Lux a kisgyermekkor minden mozzanat\u00e1n v\u00e9gigk\u00eds\u00e9r, olyan funkci\u00f3kkal rendelkezik, amelyek megk\u00f6nny\u00edtik a mindennapokat, \u00edgy a gyermekeddel t\u00f6lt\u00f6tt pillanatok k\u00f6nnyedek \u00e9s pihentet\u0151ek maradhatnak. Alkalmazkodik a n\u00f6vekv\u0151 gyerk\u0151ch\u00f6z: el\u0151sz\u00f6r a m\u00f3zeskos\u00e1r lesz az, ami a baba sz\u00fclet\u00e9s\u00e9t\u0151l kezdve k\u00e9nyelmet \u00e9s v\u00e9delmet ny\u00fajt. Amikor gyermeked m\u00e1r tud \u00fclni, a m\u00f3zeskos\u00e1r egyszer\u0171en \u00fcl\u00e9sr\u00e9ssz\u00e9 alak\u00edthat\u00f3 \u00e1t a v\u00e1z puha sz\u00f6vetelemeinek cser\u00e9j\u00e9vel. A travel system funkci\u00f3nak k\u00f6sz\u00f6nhet\u0151en k\u00f6nnyed\u00e9n v\u00e1lthatsz aut\u00f3z\u00e1sr\u00f3l s\u00e9t\u00e1ra \u00e9s ford\u00edtva. Az els\u0151 ker\u00e9kfelf\u00fcggeszt\u00e9s \u00e9s terepkerekek megk\u00fczdenek az akad\u00e1lyokkal legyen sz\u00f3 macskak\u00f6ves utakr\u00f3l vagy egyenetlen terepr\u0151l: minimaliz\u00e1lj\u00e1k a r\u00e1zk\u00f3d\u00e1sokat, \u00edgy a babakocsi h\u00e1bor\u00edtatlan pihen\u00e9st biztos\u00edt kisbab\u00e1d sz\u00e1m\u00e1ra.<\/p>\n<p>[\/vc_column_text][\/vc_column_inner][\/vc_row_inner][vc_separator border_width=&#8221;3&#8243;][\/vc_column][\/vc_row][vc_row][vc_column offset=&#8221;vc_hidden-xs&#8221;][vc_row_inner][vc_column_inner width=&#8221;1\/2&#8243;][vc_single_image image=&#8221;108402&#8243; img_size=&#8221;full&#8221; alignment=&#8221;center&#8221;][\/vc_column_inner][vc_column_inner width=&#8221;1\/2&#8243;][vc_empty_space height=&#8221;150px&#8221;][vc_column_text]<strong>2az1ben &#8211; m\u00f3zeskos\u00e1rb\u00f3l \u00fcl\u00e9s<\/strong><\/p>\n<p>Minden, amire sz\u00fcks\u00e9ged lesz az els\u0151 n\u00e9gy \u00e9vben. A m\u00f3zeskos\u00e1rban \u00fajsz\u00fcl\u00f6tt bab\u00e1d k\u00e9nyelmesen tud fek\u00fcdni. Amikor pedig m\u00e1r el\u00e9g nagy ahhoz, hogy egyenesen \u00fclj\u00f6n: egyszer\u0171en csak cser\u00e9ld ki a sz\u00f6vetet a v\u00e1zon, \u00edgy tudsz sport\u00fcl\u00e9sre v\u00e1ltani.[\/vc_column_text][\/vc_column_inner][\/vc_row_inner][vc_row_inner css=&#8221;.vc_custom_1659091571392{background-color: #f2f2f2 !important;}&#8221;][vc_column_inner width=&#8221;1\/2&#8243;][vc_single_image image=&#8221;108397&#8243; img_size=&#8221;full&#8221; alignment=&#8221;center&#8221;][\/vc_column_inner][vc_column_inner width=&#8221;1\/2&#8243;][vc_empty_space height=&#8221;150px&#8221;][vc_column_text]<strong>Travel system kompatibilis<\/strong><\/p>\n<p>Egy v\u00e1z, h\u00e1rom utaz\u00e1si lehet\u0151s\u00e9ggel. A m\u00f3zeskos\u00e1r \u00e9s a sport\u00fcl\u00e9s mellett egy d\u00edjnyertes CYBEX hordoz\u00f3 is csatlakoztathat\u00f3 a babakocsi v\u00e1z\u00e1hoz. \u00cdgy egyszer\u0171en tudsz aut\u00f3z\u00e1sr\u00f3l s\u00e9t\u00e1ra v\u00e1ltani an\u00e9lk\u00fcl, hogy \u00e9ppen szundik\u00e1l\u00f3 kisbab\u00e1dat fel\u00e9breszten\u00e9d.[\/vc_column_text][\/vc_column_inner][\/vc_row_inner][vc_row_inner][vc_column_inner width=&#8221;1\/2&#8243;][vc_single_image image=&#8221;108398&#8243; img_size=&#8221;full&#8221; alignment=&#8221;center&#8221;][\/vc_column_inner][vc_column_inner width=&#8221;1\/2&#8243;][vc_empty_space height=&#8221;150px&#8221;][vc_column_text]<strong>Terepkerekek<\/strong><\/p>\n<p>A defektbiztos \u00e9s fix\u00e1lhat\u00f3 els\u0151 kerekek stabilit\u00e1st \u00e9s g\u00f6rd\u00fcl\u00e9keny utakat biztos\u00edtanak. \u00c9lvezd a s\u00e9t\u00e1kat b\u00e1rhol is vagy: legyen sz\u00f3 ak\u00e1r macskak\u00f6ves utc\u00e1kr\u00f3l, ak\u00e1r egy csal\u00e1di kir\u00e1ndul\u00e1sr\u00f3l a szabadban.[\/vc_column_text][\/vc_column_inner][\/vc_row_inner][vc_row_inner css=&#8221;.vc_custom_1670599676826{background-color: #f2f2f2 !important;}&#8221;][vc_column_inner width=&#8221;1\/2&#8243;][vc_single_image image=&#8221;108399&#8243; img_size=&#8221;full&#8221; alignment=&#8221;center&#8221;][\/vc_column_inner][vc_column_inner width=&#8221;1\/2&#8243;][vc_empty_space height=&#8221;150px&#8221;][vc_column_text]<strong>Els\u0151 ker\u00e9kfelf\u00fcggeszt\u00e9s<\/strong><\/p>\n<p>Az els\u0151 ker\u00e9kfelf\u00fcggeszt\u00e9s minimaliz\u00e1lja a r\u00e1zk\u00f3d\u00e1sokat, ez\u00e1ltal h\u00e1bor\u00edtatlan pihen\u00e9st biztos\u00edt a babakocsiban kisbab\u00e1d sz\u00e1m\u00e1ra. Homokos, f\u00fcves vagy kavicsos terep sem lehet akad\u00e1ly.[\/vc_column_text][\/vc_column_inner][\/vc_row_inner][vc_row_inner][vc_column_inner width=&#8221;1\/2&#8243;][vc_single_image image=&#8221;108403&#8243; img_size=&#8221;full&#8221; alignment=&#8221;center&#8221;][\/vc_column_inner][vc_column_inner width=&#8221;1\/2&#8243;][vc_empty_space height=&#8221;150px&#8221;][vc_column_text]<strong>XXL-es m\u00e9ret\u0171 napkupola h\u00e1l\u00f3s ablakkal<\/strong><\/p>\n<p>V\u00e9dd meg gyermeked a k\u00fcls\u0151 id\u0151j\u00e1r\u00e1si t\u00e9nyez\u0151kt\u0151l az XXL-es m\u00e9ret\u0171 UPF50+ v\u00e9delmet biztos\u00edt\u00f3 napkupol\u00e1val! A h\u00e1l\u00f3s ablak szabad leveg\u0151\u00e1raml\u00e1st biztos\u00edt.[\/vc_column_text][\/vc_column_inner][\/vc_row_inner][vc_row_inner css=&#8221;.vc_custom_1659091556041{background-color: #f2f2f2 !important;}&#8221;][vc_column_inner width=&#8221;1\/2&#8243;][vc_single_image image=&#8221;108404&#8243; img_size=&#8221;full&#8221; alignment=&#8221;center&#8221;][\/vc_column_inner][vc_column_inner width=&#8221;1\/2&#8243;][vc_empty_space height=&#8221;150px&#8221;][vc_column_text]<strong>\u00c1ll\u00edthat\u00f3 magass\u00e1g\u00fa tol\u00f3kar<\/strong><\/p>\n<p>Egy babakocsinak a sz\u00fcl\u0151 sz\u00e1m\u00e1ra is k\u00e9nyelmesnek kell lennie. \u00c1ll\u00edtsd a tol\u00f3kart magass\u00e1godhoz, tal\u00e1ld meg a legk\u00e9nyelmesebb poz\u00edci\u00f3t \u00e9s indulhatnak is a s\u00e9t\u00e1k![\/vc_column_text][\/vc_column_inner][\/vc_row_inner][vc_row_inner][vc_column_inner width=&#8221;1\/2&#8243;][vc_single_image image=&#8221;108401&#8243; img_size=&#8221;full&#8221; alignment=&#8221;center&#8221;][\/vc_column_inner][vc_column_inner width=&#8221;1\/2&#8243;][vc_empty_space height=&#8221;150px&#8221;][vc_column_text]<strong>Megford\u00edthat\u00f3 \u00fcl\u00e9s<\/strong><\/p>\n<p>V\u00e1ltoztasd meg az \u00fcl\u00e9s ir\u00e1ny\u00e1t kedved szerint! Gyermeked utazhat fel\u00e9d n\u00e9zve, megosztva egym\u00e1ssal a boldog pillanatokat, de ford\u00edthatod \u0151t a k\u00fclvil\u00e1g ir\u00e1ny\u00e1ba is. Az \u00fcl\u00e9sir\u00e1ny m\u00e1sodpercek alatt v\u00e1ltoztathat\u00f3.[\/vc_column_text][\/vc_column_inner][\/vc_row_inner][vc_row_inner css=&#8221;.vc_custom_1670599696513{background-color: #f2f2f2 !important;}&#8221;][vc_column_inner width=&#8221;1\/2&#8243;][vc_single_image image=&#8221;108400&#8243; img_size=&#8221;full&#8221; alignment=&#8221;center&#8221;][\/vc_column_inner][vc_column_inner width=&#8221;1\/2&#8243;][vc_empty_space height=&#8221;150px&#8221;][vc_column_text]<strong>Egyetlen k\u00e9zzel d\u00f6nthet\u0151<\/strong><\/p>\n<p>Amikor gyermekednek pihen\u00e9sre van sz\u00fcks\u00e9ge, egyszer\u0171en csak d\u00f6ntsd az \u00fcl\u00e9st megfelel\u0151 poz\u00edci\u00f3ba egyetlen k\u00e9zzel! A teljesen v\u00edzszintes, ergonomikus poz\u00edci\u00f3 is be\u00e1ll\u00edthat\u00f3 a k\u00e9nyelmes alv\u00e1s \u00e9rdek\u00e9ben.[\/vc_column_text][\/vc_column_inner][\/vc_row_inner][vc_row_inner][vc_column_inner width=&#8221;1\/2&#8243;][vc_single_image image=&#8221;108405&#8243; img_size=&#8221;full&#8221; alignment=&#8221;center&#8221;][\/vc_column_inner][vc_column_inner width=&#8221;1\/2&#8243;][vc_empty_space height=&#8221;150px&#8221;][vc_column_text]<strong>T\u00e1gas bev\u00e1s\u00e1rl\u00f3 kos\u00e1r<\/strong><\/p>\n<p>Vigy\u00e9l magaddal ak\u00e1r 5 kg-ot b\u00e1rmib\u0151l, amire neked \u00e9s<br \/>\ngyermek\u00e9nek sz\u00fcks\u00e9ge lehet &#8211; legyen az r\u00e1gcs\u00e1lnival\u00f3, pelenk\u00e1z\u00f3t\u00e1ska vagy \u00e9lelmiszerek \u2013 ez a t\u00e1gas kos\u00e1r mindet elb\u00edrja.[\/vc_column_text][\/vc_column_inner][\/vc_row_inner][vc_row_inner][vc_column_inner width=&#8221;1\/2&#8243;][vc_empty_space height=&#8221;50px&#8221;][vc_column_text]Aj\u00e1nljuk: \u00fajsz\u00fcl\u00f6tt kort\u00f3l kb. 4 \u00e9ves korig<br \/>\nMaximum terhel\u00e9s: 22 kg<\/p>\n<p>M\u00e9retei kinyitva: Ho: 85-95 x Sz\u00e9: 61 x Ma: 116 cm<br \/>\nM\u00e9retei \u00f6sszecsukva: Ho: 40 x Sz\u00e9: 51 x Ma: 92 cm<br \/>\nS\u00falya: 11.6 kg[\/vc_column_text][vc_btn title=&#8221;Megveszem a babakocsit&#8221; shape=&#8221;square&#8221; color=&#8221;black&#8221; align=&#8221;left&#8221; link=&#8221;url:https%3A%2F%2Fmamasandpapas.hu%2Ftermek%2Fcybex-eos-lux-babakocsi-valassz-szint%2F|||&#8221;][\/vc_column_inner][vc_column_inner width=&#8221;1\/2&#8243;][vc_video link=&#8221;https:\/\/youtu.be\/ea8NPo2qJdk?si=dEKtGKv9BqSMz03L&#8221;][\/vc_column_inner][\/vc_row_inner][\/vc_column][\/vc_row][vc_row][vc_column offset=&#8221;vc_hidden-lg vc_hidden-md vc_hidden-sm&#8221;][vc_row_inner][vc_column_inner width=&#8221;1\/2&#8243;][vc_single_image image=&#8221;108402&#8243; img_size=&#8221;full&#8221; alignment=&#8221;center&#8221;][\/vc_column_inner][vc_column_inner width=&#8221;1\/2&#8243;][vc_column_text]<strong>2az1ben &#8211; m\u00f3zeskos\u00e1rb\u00f3l \u00fcl\u00e9s<\/strong><\/p>\n<p>Minden, amire sz\u00fcks\u00e9ged lesz az els\u0151 n\u00e9gy \u00e9vben. A m\u00f3zeskos\u00e1rban \u00fajsz\u00fcl\u00f6tt bab\u00e1d k\u00e9nyelmesen tud fek\u00fcdni. Amikor pedig m\u00e1r el\u00e9g nagy ahhoz, hogy egyenesen \u00fclj\u00f6n: egyszer\u0171en csak cser\u00e9ld ki a sz\u00f6vetet a v\u00e1zon, \u00edgy tudsz sport\u00fcl\u00e9sre v\u00e1ltani.[\/vc_column_text][\/vc_column_inner][\/vc_row_inner][vc_row_inner css=&#8221;.vc_custom_1659091571392{background-color: #f2f2f2 !important;}&#8221;][vc_column_inner width=&#8221;1\/2&#8243;][vc_single_image image=&#8221;108397&#8243; img_size=&#8221;full&#8221; alignment=&#8221;center&#8221;][\/vc_column_inner][vc_column_inner width=&#8221;1\/2&#8243;][vc_column_text]<strong>Travel system kompatibilis<\/strong><\/p>\n<p>Egy v\u00e1z, h\u00e1rom utaz\u00e1si lehet\u0151s\u00e9ggel. A m\u00f3zeskos\u00e1r \u00e9s a sport\u00fcl\u00e9s mellett egy d\u00edjnyertes CYBEX hordoz\u00f3 is csatlakoztathat\u00f3 a babakocsi v\u00e1z\u00e1hoz. \u00cdgy egyszer\u0171en tudsz aut\u00f3z\u00e1sr\u00f3l s\u00e9t\u00e1ra v\u00e1ltani an\u00e9lk\u00fcl, hogy \u00e9ppen szundik\u00e1l\u00f3 kisbab\u00e1dat fel\u00e9breszten\u00e9d.[\/vc_column_text][\/vc_column_inner][\/vc_row_inner][vc_row_inner][vc_column_inner width=&#8221;1\/2&#8243;][vc_single_image image=&#8221;108398&#8243; img_size=&#8221;full&#8221; alignment=&#8221;center&#8221;][\/vc_column_inner][vc_column_inner width=&#8221;1\/2&#8243;][vc_column_text]<strong>Terepkerekek<\/strong><\/p>\n<p>A defektbiztos \u00e9s fix\u00e1lhat\u00f3 els\u0151 kerekek stabilit\u00e1st \u00e9s g\u00f6rd\u00fcl\u00e9keny utakat biztos\u00edtanak. \u00c9lvezd a s\u00e9t\u00e1kat b\u00e1rhol is vagy: legyen sz\u00f3 ak\u00e1r macskak\u00f6ves utc\u00e1kr\u00f3l, ak\u00e1r egy csal\u00e1di kir\u00e1ndul\u00e1sr\u00f3l a szabadban.[\/vc_column_text][\/vc_column_inner][\/vc_row_inner][vc_row_inner css=&#8221;.vc_custom_1670599676826{background-color: #f2f2f2 !important;}&#8221;][vc_column_inner width=&#8221;1\/2&#8243;][vc_single_image image=&#8221;108399&#8243; img_size=&#8221;full&#8221; alignment=&#8221;center&#8221;][\/vc_column_inner][vc_column_inner width=&#8221;1\/2&#8243;][vc_column_text]<strong>Els\u0151 ker\u00e9kfelf\u00fcggeszt\u00e9s<\/strong><\/p>\n<p>Az els\u0151 ker\u00e9kfelf\u00fcggeszt\u00e9s minimaliz\u00e1lja a r\u00e1zk\u00f3d\u00e1sokat, ez\u00e1ltal h\u00e1bor\u00edtatlan pihen\u00e9st biztos\u00edt a babakocsiban kisbab\u00e1d sz\u00e1m\u00e1ra. Homokos, f\u00fcves vagy kavicsos terep sem lehet akad\u00e1ly.[\/vc_column_text][\/vc_column_inner][\/vc_row_inner][vc_row_inner][vc_column_inner width=&#8221;1\/2&#8243;][vc_single_image image=&#8221;108403&#8243; img_size=&#8221;full&#8221; alignment=&#8221;center&#8221;][\/vc_column_inner][vc_column_inner width=&#8221;1\/2&#8243;][vc_column_text]<strong>XXL-es m\u00e9ret\u0171 napkupola h\u00e1l\u00f3s ablakkal<\/strong><\/p>\n<p>V\u00e9dd meg gyermeked a k\u00fcls\u0151 id\u0151j\u00e1r\u00e1si t\u00e9nyez\u0151kt\u0151l az XXL-es m\u00e9ret\u0171 UPF50+ v\u00e9delmet biztos\u00edt\u00f3 napkupol\u00e1val! A h\u00e1l\u00f3s ablak szabad leveg\u0151\u00e1raml\u00e1st biztos\u00edt.[\/vc_column_text][\/vc_column_inner][\/vc_row_inner][vc_row_inner css=&#8221;.vc_custom_1659091556041{background-color: #f2f2f2 !important;}&#8221;][vc_column_inner width=&#8221;1\/2&#8243;][vc_single_image image=&#8221;108404&#8243; img_size=&#8221;full&#8221; alignment=&#8221;center&#8221;][\/vc_column_inner][vc_column_inner width=&#8221;1\/2&#8243;][vc_column_text]<strong>\u00c1ll\u00edthat\u00f3 magass\u00e1g\u00fa tol\u00f3kar<\/strong><\/p>\n<p>Egy babakocsinak a sz\u00fcl\u0151 sz\u00e1m\u00e1ra is k\u00e9nyelmesnek kell lennie. \u00c1ll\u00edtsd a tol\u00f3kart magass\u00e1godhoz, tal\u00e1ld meg a legk\u00e9nyelmesebb poz\u00edci\u00f3t \u00e9s indulhatnak is a s\u00e9t\u00e1k![\/vc_column_text][\/vc_column_inner][\/vc_row_inner][vc_row_inner][vc_column_inner width=&#8221;1\/2&#8243;][vc_single_image image=&#8221;108401&#8243; img_size=&#8221;full&#8221; alignment=&#8221;center&#8221;][\/vc_column_inner][vc_column_inner width=&#8221;1\/2&#8243;][vc_column_text]<strong>Megford\u00edthat\u00f3 \u00fcl\u00e9s<\/strong><\/p>\n<p>V\u00e1ltoztasd meg az \u00fcl\u00e9s ir\u00e1ny\u00e1t kedved szerint! Gyermeked utazhat fel\u00e9d n\u00e9zve, megosztva egym\u00e1ssal a boldog pillanatokat, de ford\u00edthatod \u0151t a k\u00fclvil\u00e1g ir\u00e1ny\u00e1ba is. Az \u00fcl\u00e9sir\u00e1ny m\u00e1sodpercek alatt v\u00e1ltoztathat\u00f3.[\/vc_column_text][\/vc_column_inner][\/vc_row_inner][vc_row_inner css=&#8221;.vc_custom_1670599696513{background-color: #f2f2f2 !important;}&#8221;][vc_column_inner width=&#8221;1\/2&#8243;][vc_single_image image=&#8221;108400&#8243; img_size=&#8221;full&#8221; alignment=&#8221;center&#8221;][\/vc_column_inner][vc_column_inner width=&#8221;1\/2&#8243;][vc_column_text]<strong>Egyetlen k\u00e9zzel d\u00f6nthet\u0151<\/strong><\/p>\n<p>Amikor gyermekednek pihen\u00e9sre van sz\u00fcks\u00e9ge, egyszer\u0171en csak d\u00f6ntsd az \u00fcl\u00e9st megfelel\u0151 poz\u00edci\u00f3ba egyetlen k\u00e9zzel! A teljesen v\u00edzszintes, ergonomikus poz\u00edci\u00f3 is be\u00e1ll\u00edthat\u00f3 a k\u00e9nyelmes alv\u00e1s \u00e9rdek\u00e9ben.[\/vc_column_text][\/vc_column_inner][\/vc_row_inner][vc_row_inner][vc_column_inner width=&#8221;1\/2&#8243;][vc_single_image image=&#8221;108405&#8243; img_size=&#8221;full&#8221; alignment=&#8221;center&#8221;][\/vc_column_inner][vc_column_inner width=&#8221;1\/2&#8243;][vc_column_text]<strong>T\u00e1gas bev\u00e1s\u00e1rl\u00f3 kos\u00e1r<\/strong><\/p>\n<p>Vigy\u00e9l magaddal ak\u00e1r 5 kg-ot b\u00e1rmib\u0151l, amire neked \u00e9s<br \/>\ngyermek\u00e9nek sz\u00fcks\u00e9ge lehet &#8211; legyen az r\u00e1gcs\u00e1lnival\u00f3, pelenk\u00e1z\u00f3t\u00e1ska vagy \u00e9lelmiszerek \u2013 ez a t\u00e1gas kos\u00e1r mindet elb\u00edrja.[\/vc_column_text][\/vc_column_inner][\/vc_row_inner][vc_row_inner][vc_column_inner][vc_separator border_width=&#8221;3&#8243;][\/vc_column_inner][\/vc_row_inner][vc_row_inner][vc_column_inner width=&#8221;1\/2&#8243;][vc_column_text]Aj\u00e1nljuk: \u00fajsz\u00fcl\u00f6tt kort\u00f3l kb. 4 \u00e9ves korig<br \/>\nMaximum terhel\u00e9s: 22 kg<\/p>\n<p>M\u00e9retei kinyitva: Ho: 85-95 x Sz\u00e9: 61 x Ma: 116 cm<br \/>\nM\u00e9retei \u00f6sszecsukva: Ho: 40 x Sz\u00e9: 51 x Ma: 92 cm<br \/>\nS\u00falya: 11.6 kg[\/vc_column_text][vc_btn title=&#8221;Megveszem a babakocsit&#8221; shape=&#8221;square&#8221; color=&#8221;black&#8221; align=&#8221;left&#8221; link=&#8221;url:https%3A%2F%2Fmamasandpapas.hu%2Ftermek%2Fcybex-eos-lux-babakocsi-valassz-szint%2F|||&#8221;][\/vc_column_inner][vc_column_inner width=&#8221;1\/2&#8243;][vc_video link=&#8221;https:\/\/youtu.be\/ea8NPo2qJdk?si=dEKtGKv9BqSMz03L&#8221;][\/vc_column_inner][\/vc_row_inner][\/vc_column][\/vc_row]<\/p>\n<\/div>","protected":false},"excerpt":{"rendered":"<p>[vc_row][vc_column offset=&#8221;vc_hidden-xs&#8221;][vc_row_inner css=&#8221;.vc_custom_1694612151218{background-color: #f3f1ee !important;}&#8221;][vc_column_inner][vc_single_image image=&#8221;108395&#8243; img_size=&#8221;full&#8221; alignment=&#8221;center&#8221;][\/vc_column_inner][\/vc_row_inner][vc_row_inner][vc_column_inner][vc_column_text] Biztos t\u00e1rs a kalandok sor\u00e1n: ez az EOS Lux 2az1ben babakocsi, ami veled lesz a bab\u00e1ddal t\u00f6lt\u00f6tt legfontosabb pillanatokban: az els\u0151 napt\u00f3l kezdve eg\u00e9szen addig, am\u00edg m\u00e1r a saj\u00e1t l\u00e1b\u00e1n fut majd el\u0151tted. Az EOS Lux a kisgyermekkor minden mozzanat\u00e1n v\u00e9gigk\u00eds\u00e9r, olyan&#8230;<\/p>\n","protected":false},"author":5,"featured_media":0,"parent":0,"menu_order":0,"comment_status":"closed","ping_status":"closed","template":"","meta":{"_acf_changed":false,"footnotes":""},"class_list":["post-108381","page","type-page","status-publish","hentry"],"acf":[],"amp_enabled":true,"_links":{"self":[{"href":"https:\/\/mamasandpapas.hu\/blog\/wp-json\/wp\/v2\/pages\/108381","targetHints":{"allow":["GET"]}}],"collection":[{"href":"https:\/\/mamasandpapas.hu\/blog\/wp-json\/wp\/v2\/pages"}],"about":[{"href":"https:\/\/mamasandpapas.hu\/blog\/wp-json\/wp\/v2\/types\/page"}],"author":[{"embeddable":true,"href":"https:\/\/mamasandpapas.hu\/blog\/wp-json\/wp\/v2\/users\/5"}],"replies":[{"embeddable":true,"href":"https:\/\/mamasandpapas.hu\/blog\/wp-json\/wp\/v2\/comments?post=108381"}],"version-history":[{"count":16,"href":"https:\/\/mamasandpapas.hu\/blog\/wp-json\/wp\/v2\/pages\/108381\/revisions"}],"predecessor-version":[{"id":108415,"href":"https:\/\/mamasandpapas.hu\/blog\/wp-json\/wp\/v2\/pages\/108381\/revisions\/108415"}],"wp:attachment":[{"href":"https:\/\/mamasandpapas.hu\/blog\/wp-json\/wp\/v2\/media?parent=108381"}],"curies":[{"name":"wp","href":"https:\/\/api.w.org\/{rel}","templated":true}]}}