{"id":108163,"date":"2023-07-19T12:39:56","date_gmt":"2023-07-19T12:39:56","guid":{"rendered":"https:\/\/mamasandpapas.hu\/blog\/?page_id=108163"},"modified":"2023-07-27T09:04:35","modified_gmt":"2023-07-27T09:04:35","slug":"stokke-mutable","status":"publish","type":"page","link":"https:\/\/mamasandpapas.hu\/blog\/stokke-mutable\/","title":{"rendered":"Stokke MuTable"},"content":{"rendered":"<div class=\"wpb-content-wrapper\"><p>[vc_row css=&#8221;.vc_custom_1689686729186{background-color: #fff5f2 !important;}&#8221;][vc_column][vc_column_text]<\/p>\n<div class=\"sk-subheadline-wrapper\">\n<h3 class=\"sk-subheadline-text sk-text--center sk-regular-xl\" style=\"text-align: center;\">J\u00e1t\u00e9kon kereszt\u00fcl tanulni a legjobb!\u200b<\/h3>\n<h1 class=\"sk-subheadline-text sk-text--center sk-regular-xl\" style=\"text-align: center;\">J\u00e1t\u00e9kasztal, sz\u00e9k \u00e9s kieg\u00e9sz\u00edt\u0151k totyog\u00f3knak<\/h1>\n<\/div>\n<p>[\/vc_column_text][vc_column_text]<\/p>\n<p style=\"text-align: center;\"><span style=\"font-size: 18px;\">Term\u00e9szetesen a j\u00e1t\u00e9k l\u00e9nyege a M\u00f3ka. A m\u00e1sik fontos dolog a j\u00e1t\u00e9kon kereszt\u00fcl a Tanul\u00e1s. Legyen sz\u00f3 kocka\u00e9p\u00edt\u00e9sr\u0151l, rajzol\u00e1sr\u00f3l vagy egy d\u00edn\u00f3s jelenetr\u0151l: a Stokke MuTable t\u00f6bbfunkci\u00f3s asztallal lehet\u0151v\u00e9 v\u00e1lik, hogy a gyermek mind a kezeivel, mind az elm\u00e9j\u00e9vel felfedezzen.\u00a0<\/span><\/p>\n<p>[\/vc_column_text][vc_btn title=&#8221;Fedezd fel a kollekci\u00f3t&#8221; style=&#8221;custom&#8221; custom_background=&#8221;#ed7703&#8243; custom_text=&#8221;#ffffff&#8221; shape=&#8221;square&#8221; align=&#8221;center&#8221; link=&#8221;url:https%3A%2F%2Fmamasandpapas.hu%2Ftermekkategoria%2Fstokke-mutable-v2-termekek%2F|||&#8221;][\/vc_column][\/vc_row][vc_row][vc_column offset=&#8221;vc_hidden-xs&#8221;][vc_row_inner][vc_column_inner width=&#8221;1\/5&#8243;][vc_single_image image=&#8221;108175&#8243; img_size=&#8221;full&#8221; alignment=&#8221;center&#8221;][vc_column_text]<\/p>\n<p style=\"text-align: center;\"><em><a href=\"https:\/\/mamasandpapas.hu\/termek\/stokke-mutable-tobbfunkcios-asztal-v2-valassz-szint\/\"><strong>Stokke MuTable t\u00f6bbfunkci\u00f3s asztal<\/strong><\/a><\/em><\/p>\n<p>[\/vc_column_text][\/vc_column_inner][vc_column_inner width=&#8221;1\/5&#8243;][vc_single_image image=&#8221;108176&#8243; img_size=&#8221;full&#8221; alignment=&#8221;center&#8221;][vc_column_text]<\/p>\n<p style=\"text-align: center;\"><em><a href=\"https:\/\/mamasandpapas.hu\/termek\/stokke-mutable-jatekhaz-v2\/\"><strong>Stokke MuTable j\u00e1t\u00e9kh\u00e1z<\/strong><\/a><\/em><\/p>\n<p>[\/vc_column_text][\/vc_column_inner][vc_column_inner width=&#8221;1\/5&#8243;][vc_single_image image=&#8221;108177&#8243; img_size=&#8221;full&#8221; alignment=&#8221;center&#8221;][vc_column_text]<\/p>\n<p style=\"text-align: center;\"><em><a href=\"https:\/\/mamasandpapas.hu\/termek\/stokke-mutable-jatektabla-v2-gyumolcsok-es-zoldsegek\/\"><strong>Stokke MuTable j\u00e1t\u00e9kt\u00e1bla<\/strong><\/a><\/em><\/p>\n<p>[\/vc_column_text][\/vc_column_inner][vc_column_inner width=&#8221;1\/5&#8243;][vc_single_image image=&#8221;108179&#8243; img_size=&#8221;full&#8221; alignment=&#8221;center&#8221;][vc_column_text]<\/p>\n<p style=\"text-align: center;\"><em><a href=\"https:\/\/mamasandpapas.hu\/termek\/stokke-mutable-tarolo-zsak-v2-valassz-szint\/\"><strong>Stokke MuTable t\u00e1rol\u00f3 zs\u00e1k<\/strong><\/a><\/em><\/p>\n<p>[\/vc_column_text][\/vc_column_inner][vc_column_inner width=&#8221;1\/5&#8243;][vc_single_image image=&#8221;108178&#8243; img_size=&#8221;full&#8221; alignment=&#8221;center&#8221;][vc_column_text]<\/p>\n<p style=\"text-align: center;\"><em><a href=\"https:\/\/mamasandpapas.hu\/termek\/stokke-mutable-szek-v2-valassz-szint\/\"><strong>Stokke MuTable sz\u00e9k<\/strong><\/a><\/em><\/p>\n<p>[\/vc_column_text][\/vc_column_inner][\/vc_row_inner][\/vc_column][\/vc_row][vc_row][vc_column offset=&#8221;vc_hidden-lg vc_hidden-md vc_hidden-sm&#8221;][vc_row_inner][vc_column_inner width=&#8221;1\/2&#8243; offset=&#8221;vc_col-xs-6&#8243;][vc_single_image image=&#8221;108175&#8243; img_size=&#8221;full&#8221; alignment=&#8221;center&#8221;][vc_column_text]<\/p>\n<p style=\"text-align: center;\"><em><a href=\"https:\/\/mamasandpapas.hu\/termek\/stokke-mutable-tobbfunkcios-asztal-v2-valassz-szint\/\"><strong>Stokke MuTable asztal<\/strong><\/a><\/em><\/p>\n<p>[\/vc_column_text][vc_single_image image=&#8221;108177&#8243; img_size=&#8221;full&#8221; alignment=&#8221;center&#8221;][vc_column_text]<\/p>\n<p style=\"text-align: center;\"><em><a href=\"https:\/\/mamasandpapas.hu\/termek\/stokke-mutable-jatektabla-v2-gyumolcsok-es-zoldsegek\/\"><strong>Stokke MuTable j\u00e1t\u00e9kt\u00e1bla<\/strong><\/a><\/em><\/p>\n<p>[\/vc_column_text][vc_single_image image=&#8221;108179&#8243; img_size=&#8221;full&#8221; alignment=&#8221;center&#8221;][vc_column_text]<\/p>\n<p style=\"text-align: center;\"><em><a href=\"https:\/\/mamasandpapas.hu\/termek\/stokke-mutable-tarolo-zsak-v2-valassz-szint\/\"><strong>Stokke MuTable t\u00e1rol\u00f3 zs\u00e1k<\/strong><\/a><\/em><\/p>\n<p>[\/vc_column_text][\/vc_column_inner][vc_column_inner width=&#8221;1\/2&#8243; offset=&#8221;vc_col-xs-6&#8243;][vc_single_image image=&#8221;108176&#8243; img_size=&#8221;full&#8221; alignment=&#8221;center&#8221;][vc_column_text]<\/p>\n<p style=\"text-align: center;\"><em><a href=\"https:\/\/mamasandpapas.hu\/termek\/stokke-mutable-jatekhaz-v2\/\"><strong>Stokke MuTable j\u00e1t\u00e9kh\u00e1z<\/strong><\/a><\/em><\/p>\n<p>[\/vc_column_text][vc_single_image image=&#8221;108238&#8243; img_size=&#8221;full&#8221; alignment=&#8221;center&#8221;][vc_column_text]<\/p>\n<p style=\"text-align: center;\"><em><a href=\"https:\/\/mamasandpapas.hu\/termek\/stokke-mutable-gyurmatabla-v2\/\"><strong>Stokke MuTable gyurmat\u00e1bla<\/strong><\/a><\/em><\/p>\n<p>[\/vc_column_text][vc_single_image image=&#8221;108178&#8243; img_size=&#8221;full&#8221; alignment=&#8221;center&#8221;][vc_column_text]<\/p>\n<p style=\"text-align: center;\"><em><a href=\"https:\/\/mamasandpapas.hu\/termek\/stokke-mutable-szek-v2-valassz-szint\/\"><strong>Stokke MuTable sz\u00e9k<\/strong><\/a><\/em><\/p>\n<p>[\/vc_column_text][\/vc_column_inner][\/vc_row_inner][\/vc_column][\/vc_row][vc_row][vc_column][vc_empty_space height=&#8221;10px&#8221;][\/vc_column][\/vc_row][vc_row css=&#8221;.vc_custom_1689687092048{background-color: #ffe0d7 !important;}&#8221;][vc_column width=&#8221;2\/3&#8243;][vc_video link=&#8221;https:\/\/youtu.be\/4jf9G4S_seQ&#8221; align=&#8221;center&#8221;][\/vc_column][vc_column width=&#8221;1\/3&#8243;][vc_row_inner][vc_column_inner offset=&#8221;vc_hidden-xs&#8221;][vc_empty_space][\/vc_column_inner][\/vc_row_inner][vc_column_text]<span style=\"font-size: 16px;\">Stokke\u00ae MuTable\u2122<\/span>[\/vc_column_text][vc_column_text]<\/p>\n<h2 class=\"header__preheading\" style=\"text-align: left;\">J\u00f3 dolog, amikor egy\u00fctt j\u00e1tszunk<\/h2>\n<p style=\"text-align: left;\"><span style=\"font-size: 18px;\">A j\u00e1t\u00e9k t\u00f6rt\u00e9nhet egyed\u00fcl, bar\u00e1tokkal vagy csal\u00e1dtagokkal, az \u00faj Stokke MuTable j\u00e1t\u00e9kasztal teret ad a k\u00e9pzeletnek, a kalandoknak \u00e9s a v\u00e9gtelen lehet\u0151s\u00e9geknek.<\/span><\/p>\n<p>[\/vc_column_text][vc_btn title=&#8221;Megveszem&#8221; style=&#8221;custom&#8221; custom_background=&#8221;#ed7703&#8243; custom_text=&#8221;#ffffff&#8221; shape=&#8221;square&#8221; align=&#8221;left&#8221; link=&#8221;url:https%3A%2F%2Fmamasandpapas.hu%2Ftermek%2Fstokke-mutable-tobbfunkcios-asztal-v2-valassz-szint%2F|||&#8221;][\/vc_column][\/vc_row][vc_row][vc_column][vc_empty_space height=&#8221;10px&#8221;][\/vc_column][\/vc_row][vc_row css=&#8221;.vc_custom_1689687139999{background-color: #f1fcff !important;}&#8221;][vc_column][vc_column_text]<\/p>\n<h3 style=\"text-align: center;\">Hogyan gazdag\u00edtja a j\u00e1t\u00e9kasztal a gyermekek \u00e9let\u00e9t?<\/h3>\n<p>[\/vc_column_text][vc_row_inner][vc_column_inner width=&#8221;1\/4&#8243;][vc_single_image image=&#8221;108164&#8243; img_size=&#8221;full&#8221; alignment=&#8221;center&#8221;][vc_column_text]<\/p>\n<div class=\"sk-card-slider__card-title sk-semibold-small\"><strong>Egy igazi j\u00e1t\u00e9kparadicsom<\/strong><\/div>\n<div><\/div>\n<div class=\"sk-card-slider__card-description sk-regular-small\">Egy gyermek m\u00e9ret\u00e9hez igazod\u00f3 j\u00e1t\u00e9kasztal \u00e9s a hozz\u00e1 tervezett sz\u00e9k n\u00e9lk\u00fcl\u00f6zhetetlen a kisebbek \u00e9s nagyobbak sz\u00e1m\u00e1ra, hiszen biztons\u00e1gos \u00e9s ide\u00e1lis j\u00e1tsz\u00f3k\u00f6rnyezetet teremt, mik\u00f6zben helyes testtart\u00e1st \u00e9s k\u00e9nyelmet biztos\u00edt.<\/div>\n<p>[\/vc_column_text][\/vc_column_inner][vc_column_inner width=&#8221;1\/4&#8243;][vc_single_image image=&#8221;108165&#8243; img_size=&#8221;full&#8221; alignment=&#8221;center&#8221;][vc_column_text]<\/p>\n<div id=\"tns1-item1\" class=\"sk-card-slider__card-wrapper tns-item tns-slide-active\">\n<div class=\"sk-card-slider__card-text-container\">\n<div class=\"sk-card-slider__card-title sk-semibold-small\"><strong>T\u00e1pl\u00e1lja a kreativit\u00e1st<\/strong><\/div>\n<div><\/div>\n<div class=\"sk-card-slider__card-description sk-regular-small\">Egy j\u00e1t\u00e9kasztal t\u00f6k\u00e9letes helysz\u00edn a k\u00e9pzel\u0151er\u0151 fejleszt\u00e9s\u00e9hez, hiszen itt t\u00f6bbf\u00e9le lehet\u0151s\u00e9g is k\u00edn\u00e1lkozik: a gyerk\u0151c rajzolhat, festhet, \u00e9p\u00edthet, gyurm\u00e1zhat, saj\u00e1t kezeivel \u00e9s elm\u00e9j\u00e9vel fedezheti fel a vil\u00e1got.<\/div>\n<\/div>\n<\/div>\n<div id=\"tns1-item2\" class=\"sk-card-slider__card-wrapper tns-item tns-slide-active\">\n<div class=\"sk-card-slider__card-image-wrapper\"><picture class=\"sk-image sk-card-slider__card-image initialized\"><source srcset=\"https:\/\/www.stokke.com\/on\/demandware.static\/-\/Library-Sites-StokkeSharedLibrary\/default\/dw7038bab5\/cms_assets\/pcp_mutable_cardslider_600x600_3_jpg__legacy-mobile.jpg\" data-srcset=\"\" data-sk-viewport=\"mobile\" \/><\/picture><\/div>\n<\/div>\n<p>[\/vc_column_text][\/vc_column_inner][vc_column_inner width=&#8221;1\/4&#8243;][vc_single_image image=&#8221;108166&#8243; img_size=&#8221;full&#8221; alignment=&#8221;center&#8221;][vc_column_text]<\/p>\n<div class=\"sk-card-slider__card-title sk-semibold-small\"><strong>Szabads\u00e1got ad<\/strong><\/div>\n<div><\/div>\n<div class=\"sk-card-slider__card-description sk-regular-small\">A gyermekek k\u00f6nnyen hozz\u00e1f\u00e9rnek az asztalhoz \u00e9s sz\u00e9khez \u00e9s \u00f6n\u00e1ll\u00f3an tudnak j\u00e1tszani. Mindez el\u0151seg\u00edti a probl\u00e9mamegold\u00e1st, \u00f6nbizalmat ad, ami elengedhetetlen a magabiztoss\u00e1ghoz.<\/div>\n<p>[\/vc_column_text][\/vc_column_inner][vc_column_inner width=&#8221;1\/4&#8243;][vc_single_image image=&#8221;108167&#8243; img_size=&#8221;full&#8221; alignment=&#8221;center&#8221;][vc_column_text]<\/p>\n<div class=\"sk-card-slider__card-title sk-semibold-small\"><strong>T\u00e1mogatja az egy\u00fcttl\u00e9tet<\/strong><\/div>\n<div><\/div>\n<div class=\"sk-card-slider__card-description sk-regular-small\">A j\u00e1t\u00e9kasztal szoci\u00e1lis interakci\u00f3ra b\u00e1tor\u00edt, egy\u00fcttm\u0171k\u00f6d\u00e9sre, csapatmunk\u00e1ra. T\u00f6bb gyerek, testv\u00e9r, bar\u00e1t j\u00e1tszhat egy asztaln\u00e1l a saj\u00e1t sz\u00e9k\u00e9n \u00fclve mik\u00f6zben mindenkinek megvan a saj\u00e1t szem\u00e9lyes kis tere ahol az adott tev\u00e9kenys\u00e9gben elm\u00e9ly\u00fclhet.<\/div>\n<p>[\/vc_column_text][\/vc_column_inner][\/vc_row_inner][\/vc_column][\/vc_row][vc_row][vc_column][vc_column_text]<\/p>\n<h2 class=\"sk-headline-text sk-text--center sk-regular-4_5xl\" style=\"text-align: center;\">Mit\u0151l annyira k\u00fcl\u00f6nleges a Stokke MuTable?<\/h2>\n<p>[\/vc_column_text][\/vc_column][\/vc_row][vc_row][vc_column width=&#8221;1\/2&#8243;][vc_single_image image=&#8221;108182&#8243; img_size=&#8221;full&#8221; alignment=&#8221;center&#8221;][\/vc_column][vc_column width=&#8221;1\/2&#8243;][vc_row_inner][vc_column_inner offset=&#8221;vc_hidden-xs&#8221;][vc_empty_space height=&#8221;150px&#8221;][\/vc_column_inner][\/vc_row_inner][vc_column_text]<\/p>\n<h3 class=\"sk-pep-text-image__headline sk-text--left sk-regular-2xl\">Gyermekeddel egy\u00fctt n\u0151<\/h3>\n<div class=\"sk-pep-text-image__paragraph sk-text--left sk-regular-medium\">Ez a sokoldal\u00fa j\u00e1t\u00e9kasztal a n\u00f6vekv\u0151 gyermek sz\u00fcks\u00e9gleteit k\u00f6veti, finoman \u00e1tvezet a totyog\u00f3 korb\u00f3l az iskol\u00e1t megel\u0151z\u0151 id\u0151szakra \u00e9s m\u00e9g azon is t\u00fal. Az asztal b\u0151v\u00edthet\u0151 l\u00e1bakkal \u00e9rkezik, ennek k\u00f6vetkezt\u00e9ben a j\u00e1t\u00e9kid\u0151t sz\u00f3 szerint \u00faj magass\u00e1gokba emeli.<\/div>\n<p>[\/vc_column_text][\/vc_column][\/vc_row][vc_row][vc_column width=&#8221;1\/2&#8243;][vc_row_inner][vc_column_inner offset=&#8221;vc_hidden-xs&#8221;][vc_empty_space height=&#8221;150px&#8221;][\/vc_column_inner][\/vc_row_inner][vc_column_text]<\/p>\n<h3 class=\"sk-pep-text-image__headline sk-text--left sk-regular-2xl\">Kiv\u00e9teles min\u0151s\u00e9g<\/h3>\n<div class=\"sk-pep-text-image__paragraph sk-text--left sk-regular-medium\">Pr\u00e9mium min\u0151s\u00e9g\u0171 anyagokb\u00f3l: \u00edgy term\u00e9szetes f\u00e1b\u00f3l megalkotott hossz\u00fa \u00e9lettartam\u00fa, t\u00f6bbfunkci\u00f3s asztal. L\u00e1gyan kerek\u00edtett sz\u00e9lek gondoskodnak a biztons\u00e1gr\u00f3l, a d\u00edjnyertes diz\u00e1jn \u00e9s trendi sz\u00ednek pedig az egy\u00e9b enteri\u0151r\u00f6kkel val\u00f3 harm\u00f3ni\u00e1r\u00f3l.<\/div>\n<p>[\/vc_column_text][\/vc_column][vc_column width=&#8221;1\/2&#8243;][vc_single_image image=&#8221;108183&#8243; img_size=&#8221;full&#8221; alignment=&#8221;center&#8221;][\/vc_column][\/vc_row][vc_row][vc_column][vc_empty_space height=&#8221;20px&#8221;][\/vc_column][\/vc_row][vc_row][vc_column][vc_column_text]<\/p>\n<div class=\"sk-headline-wrapper\">\n<h2 class=\"sk-headline-text sk-text--center sk-regular-4xl\" style=\"text-align: center;\">Sz\u00e1mos lehet\u0151s\u00e9ggel csomagolva<\/h2>\n<\/div>\n<p>[\/vc_column_text][vc_column_text]<\/p>\n<p style=\"text-align: center;\">Vibr\u00e1l\u00f3 j\u00e1t\u00e9kt\u00e1bl\u00e1k, gyurmat\u00e1bla, \u00e9p\u00edt\u0151torony, j\u00e1t\u00e9kh\u00e1z, puzzlek szolg\u00e1lnak a kalandok helysz\u00edn\u00e9\u00fcl<\/p>\n<p>[\/vc_column_text][vc_row_inner][vc_column_inner width=&#8221;1\/2&#8243;][vc_single_image image=&#8221;108188&#8243; img_size=&#8221;full&#8221; alignment=&#8221;center&#8221;][vc_column_text]<\/p>\n<p style=\"text-align: center;\"><em><a href=\"https:\/\/mamasandpapas.hu\/termek\/stokke-mutable-epitotorony-szerepjatekhoz-v2\/\"><strong>Stokke MuTable \u00e9p\u00edt\u0151torony<\/strong><\/a><\/em><\/p>\n<p>[\/vc_column_text][\/vc_column_inner][vc_column_inner width=&#8221;1\/2&#8243;][vc_single_image image=&#8221;108189&#8243; img_size=&#8221;full&#8221; alignment=&#8221;center&#8221;][vc_column_text]<\/p>\n<p style=\"text-align: center;\"><em><a href=\"https:\/\/mamasandpapas.hu\/termek\/stokke-mutable-jatekhaz-v2\/\"><strong>Stokke MuTable j\u00e1t\u00e9kh\u00e1z <\/strong><\/a><\/em><br \/>\n<em><a href=\"https:\/\/mamasandpapas.hu\/termek\/stokke-mutable-kiegeszito-babak-jatekhazhoz-v2\/\"><strong>S<\/strong><\/a><\/em><em><a href=\"https:\/\/mamasandpapas.hu\/termek\/stokke-mutable-kiegeszito-babak-jatekhazhoz-v2\/\"><strong>tokke MuTable bab\u00e1k j\u00e1t\u00e9kh\u00e1zhoz\u00a0 <\/strong><\/a><\/em><br \/>\n<em><a href=\"https:\/\/mamasandpapas.hu\/termek\/stokke-mutable-butorszett-jatekhazhoz-v2\/\"><strong>Stokke MuTable b\u00fatorszett j\u00e1t\u00e9kh\u00e1zhoz<\/strong><\/a><\/em><\/p>\n<p>[\/vc_column_text][\/vc_column_inner][\/vc_row_inner][\/vc_column][\/vc_row][vc_row css=&#8221;.vc_custom_1689755125241{background-color: #f5fff4 !important;}&#8221;][vc_column][vc_column_text]<\/p>\n<div class=\"sk-headline-wrapper\">\n<h2 class=\"sk-headline-text sk-text--center sk-regular-4_5xl\" style=\"text-align: center;\">Kieg\u00e9sz\u00edt\u0151k a j\u00e1t\u00e9kasztalhoz<\/h2>\n<\/div>\n<p>[\/vc_column_text][vc_column_text]<\/p>\n<p style=\"text-align: center;\">A j\u00e1t\u00e9kasztalhoz megv\u00e1s\u00e1rolhat\u00f3 kieg\u00e9sz\u00edt\u0151k m\u00e9g sz\u00ednesebb j\u00e1t\u00e9kot, t\u00f6bbf\u00e9le tev\u00e9kenys\u00e9get tesznek lehet\u0151v\u00e9<\/p>\n<p>[\/vc_column_text][vc_row_inner][vc_column_inner width=&#8221;1\/2&#8243;][vc_single_image image=&#8221;108193&#8243; img_size=&#8221;full&#8221; alignment=&#8221;center&#8221;][vc_column_text]<\/p>\n<p style=\"text-align: center;\"><a href=\"https:\/\/mamasandpapas.hu\/termek\/stokke-mutable-gyurmatabla-v2\/\"><em><strong>Stokke MuTable gyurmat\u00e1bla<\/strong><\/em><\/a><br \/>\n<a href=\"https:\/\/mamasandpapas.hu\/termek\/stokke-mutable-jatektabla-v2-gyumolcsok-es-zoldsegek\/\"><em><strong>Stokke MuTable j\u00e1t\u00e9kt\u00e1bla &#8211; Gy\u00fcm\u00f6lcs\u00f6k \u00e9s z\u00f6lds\u00e9gek<\/strong><\/em><\/a><br \/>\n<a href=\"https:\/\/mamasandpapas.hu\/termek\/stokke-mutable-jatektabla-v2-vilagunk\/\"><strong><em>Stokke MuTable j\u00e1t\u00e9kt\u00e1bla &#8211; Vil\u00e1gunk<\/em><\/strong><\/a><\/p>\n<p>[\/vc_column_text][\/vc_column_inner][vc_column_inner width=&#8221;1\/2&#8243;][vc_single_image image=&#8221;108194&#8243; img_size=&#8221;full&#8221; alignment=&#8221;center&#8221;][vc_column_text]<\/p>\n<p style=\"text-align: center;\"><a href=\"https:\/\/mamasandpapas.hu\/termek\/stokke-mutable-puzzle-v2-a-vilag-korul\/\"><strong><em>Stokke MuTable puzzle &#8211; A vil\u00e1g k\u00f6r\u00fcl<\/em><\/strong><\/a><br \/>\n<a href=\"https:\/\/mamasandpapas.hu\/termek\/stokke-mutable-puzzle-v2-negy-evszak\/\"><strong><em>Stokke MuTable puzzle &#8211; N\u00e9gy \u00e9vszak<\/em><\/strong><\/a><\/p>\n<p>[\/vc_column_text][\/vc_column_inner][\/vc_row_inner][\/vc_column][\/vc_row][vc_row][vc_column][vc_btn title=&#8221;Megn\u00e9zem az \u00f6sszes term\u00e9ket&#8221; style=&#8221;custom&#8221; custom_background=&#8221;#ed7703&#8243; custom_text=&#8221;#ffffff&#8221; shape=&#8221;square&#8221; align=&#8221;center&#8221; link=&#8221;url:https%3A%2F%2Fmamasandpapas.hu%2Ftermekkategoria%2Fstokke-mutable-v2-termekek%2F|||&#8221;][\/vc_column][\/vc_row]<\/p>\n<\/div>","protected":false},"excerpt":{"rendered":"<p>[vc_row css=&#8221;.vc_custom_1689686729186{background-color: #fff5f2 !important;}&#8221;][vc_column][vc_column_text] J\u00e1t\u00e9kon kereszt\u00fcl tanulni a legjobb!\u200b J\u00e1t\u00e9kasztal, sz\u00e9k \u00e9s kieg\u00e9sz\u00edt\u0151k totyog\u00f3knak [\/vc_column_text][vc_column_text] Term\u00e9szetesen a j\u00e1t\u00e9k l\u00e9nyege a M\u00f3ka. A m\u00e1sik fontos dolog a j\u00e1t\u00e9kon kereszt\u00fcl a Tanul\u00e1s. Legyen sz\u00f3 kocka\u00e9p\u00edt\u00e9sr\u0151l, rajzol\u00e1sr\u00f3l vagy egy d\u00edn\u00f3s jelenetr\u0151l: a Stokke MuTable t\u00f6bbfunkci\u00f3s asztallal lehet\u0151v\u00e9 v\u00e1lik, hogy a gyermek mind a&#8230;<\/p>\n","protected":false},"author":5,"featured_media":0,"parent":0,"menu_order":0,"comment_status":"closed","ping_status":"closed","template":"","meta":{"_acf_changed":false,"footnotes":""},"class_list":["post-108163","page","type-page","status-publish","hentry"],"acf":[],"amp_enabled":true,"_links":{"self":[{"href":"https:\/\/mamasandpapas.hu\/blog\/wp-json\/wp\/v2\/pages\/108163","targetHints":{"allow":["GET"]}}],"collection":[{"href":"https:\/\/mamasandpapas.hu\/blog\/wp-json\/wp\/v2\/pages"}],"about":[{"href":"https:\/\/mamasandpapas.hu\/blog\/wp-json\/wp\/v2\/types\/page"}],"author":[{"embeddable":true,"href":"https:\/\/mamasandpapas.hu\/blog\/wp-json\/wp\/v2\/users\/5"}],"replies":[{"embeddable":true,"href":"https:\/\/mamasandpapas.hu\/blog\/wp-json\/wp\/v2\/comments?post=108163"}],"version-history":[{"count":47,"href":"https:\/\/mamasandpapas.hu\/blog\/wp-json\/wp\/v2\/pages\/108163\/revisions"}],"predecessor-version":[{"id":108235,"href":"https:\/\/mamasandpapas.hu\/blog\/wp-json\/wp\/v2\/pages\/108163\/revisions\/108235"}],"wp:attachment":[{"href":"https:\/\/mamasandpapas.hu\/blog\/wp-json\/wp\/v2\/media?parent=108163"}],"curies":[{"name":"wp","href":"https:\/\/api.w.org\/{rel}","templated":true}]}}