{"id":108055,"date":"2023-06-29T11:21:43","date_gmt":"2023-06-29T11:21:43","guid":{"rendered":"https:\/\/mamasandpapas.hu\/blog\/?page_id=108055"},"modified":"2024-07-31T08:10:36","modified_gmt":"2024-07-31T08:10:36","slug":"mamas-papas-airo-babakocsi","status":"publish","type":"page","link":"https:\/\/mamasandpapas.hu\/blog\/mamas-papas-airo-babakocsi\/","title":{"rendered":"Mamas &#038; Papas Airo babakocsi"},"content":{"rendered":"<div class=\"wpb-content-wrapper\"><p>[vc_row css=&#8221;.vc_custom_1687786225613{background-color: #faf7f2 !important;}&#8221;][vc_column offset=&#8221;vc_hidden-xs&#8221;][vc_single_image image=&#8221;108123&#8243; img_size=&#8221;full&#8221; alignment=&#8221;center&#8221; onclick=&#8221;custom_link&#8221; link=&#8221;https:\/\/mamasandpapas.hu\/termek\/airo-babakocsi-valassz-szint\/&#8221;][\/vc_column][\/vc_row][vc_row css=&#8221;.vc_custom_1687786257185{background-color: #faf7f2 !important;}&#8221;][vc_column offset=&#8221;vc_hidden-lg vc_hidden-md vc_hidden-sm&#8221;][vc_single_image image=&#8221;108122&#8243; img_size=&#8221;full&#8221; alignment=&#8221;center&#8221; onclick=&#8221;custom_link&#8221; link=&#8221;https:\/\/mamasandpapas.hu\/termek\/airo-babakocsi-valassz-szint\/&#8221;][\/vc_column][\/vc_row][vc_row][vc_column offset=&#8221;vc_hidden-xs&#8221;][vc_row_inner][vc_column_inner width=&#8221;1\/4&#8243;][vc_single_image image=&#8221;107936&#8243; img_size=&#8221;full&#8221; alignment=&#8221;center&#8221;][vc_column_text]<\/p>\n<p style=\"text-align: center;\">Igazi egykezes \u00f6sszecsuk\u00e1si mechanizmus<\/p>\n<p>[\/vc_column_text][\/vc_column_inner][vc_column_inner width=&#8221;1\/4&#8243;][vc_single_image image=&#8221;107938&#8243; img_size=&#8221;full&#8221; alignment=&#8221;center&#8221;][vc_column_text]<\/p>\n<p style=\"text-align: center;\">Kompakt, kis m\u00e9retben t\u00f6rt\u00e9n\u0151 t\u00e1rol\u00e1s<\/p>\n<p>[\/vc_column_text][\/vc_column_inner][vc_column_inner width=&#8221;1\/4&#8243;][vc_single_image image=&#8221;107940&#8243; img_size=&#8221;full&#8221; alignment=&#8221;center&#8221;][vc_column_text]<\/p>\n<p style=\"text-align: center;\">M\u00f3zeskos\u00e1r \u00e9s v\u00edzszintesre d\u00f6nthet\u0151 \u00fcl\u00e9s<\/p>\n<p>[\/vc_column_text][\/vc_column_inner][vc_column_inner width=&#8221;1\/4&#8243;][vc_single_image image=&#8221;107939&#8243; img_size=&#8221;full&#8221; alignment=&#8221;center&#8221;][vc_column_text]<\/p>\n<p style=\"text-align: center;\">K\u00e9nyelmes ir\u00e1ny\u00edt\u00e1s, k\u00e9nyelmes s\u00e9t\u00e1k<\/p>\n<p>[\/vc_column_text][\/vc_column_inner][\/vc_row_inner][\/vc_column][\/vc_row][vc_row][vc_column offset=&#8221;vc_hidden-lg vc_hidden-md vc_hidden-sm&#8221;][vc_row_inner][vc_column_inner width=&#8221;1\/2&#8243; offset=&#8221;vc_col-xs-6&#8243;][vc_single_image image=&#8221;107936&#8243; img_size=&#8221;full&#8221; alignment=&#8221;center&#8221;][vc_column_text]<\/p>\n<p style=\"text-align: center;\">Igazi egykezes \u00f6sszecsuk\u00e1si mechanizmus<\/p>\n<p>[\/vc_column_text][vc_single_image image=&#8221;107940&#8243; img_size=&#8221;full&#8221; alignment=&#8221;center&#8221;][vc_column_text]<\/p>\n<p style=\"text-align: center;\">M\u00f3zeskos\u00e1r \u00e9s v\u00edzszintesre d\u00f6nthet\u0151 \u00fcl\u00e9s<\/p>\n<p>[\/vc_column_text][\/vc_column_inner][vc_column_inner width=&#8221;1\/2&#8243; offset=&#8221;vc_col-xs-6&#8243;][vc_single_image image=&#8221;107938&#8243; img_size=&#8221;full&#8221; alignment=&#8221;center&#8221;][vc_column_text]<\/p>\n<p style=\"text-align: center;\">Kompakt, kis m\u00e9retben t\u00f6rt\u00e9n\u0151 t\u00e1rol\u00e1s<\/p>\n<p>[\/vc_column_text][vc_single_image image=&#8221;107939&#8243; img_size=&#8221;full&#8221; alignment=&#8221;center&#8221;][vc_column_text]<\/p>\n<p style=\"text-align: center;\">K\u00e9nyelmes ir\u00e1ny\u00edt\u00e1s, k\u00e9nyelmes s\u00e9t\u00e1k<\/p>\n<p>[\/vc_column_text][\/vc_column_inner][\/vc_row_inner][\/vc_column][\/vc_row][vc_row][vc_column][vc_video link=&#8221;https:\/\/youtu.be\/C7UlgAmgFDY&#8221; align=&#8221;center&#8221;][\/vc_column][\/vc_row][vc_row css=&#8221;.vc_custom_1687773938450{background-color: #f8f6f1 !important;}&#8221;][vc_column width=&#8221;1\/2&#8243;][vc_row_inner][vc_column_inner offset=&#8221;vc_hidden-xs&#8221;][vc_empty_space height=&#8221;150px&#8221;][\/vc_column_inner][\/vc_row_inner][vc_column_text]<\/p>\n<h2 class=\"csc-title-block-header font-title-xxxxl-light image-with-text__heading\" style=\"text-align: center;\">Utaz\u00e1s<\/h2>\n<h4 class=\"csc-title-block-title font-title-l-bold\" style=\"text-align: center;\"><strong>az ultra k\u00f6nny\u0171, szuper\u00fcl hordozhat\u00f3 Airo babakocsival<\/strong><\/h4>\n<div class=\"csc-title-block-subheader font-text-s image-with-text__text rte\">\n<p style=\"text-align: center;\">Ultra hordozhat\u00f3 \u00e9s kompakt, az Airo megteremti az utaz\u00e1s szabads\u00e1g\u00e1t. T\u00f6k\u00e9letes a v\u00e1rosi \u00e9lethez \u00e9s utaz\u00f3 csal\u00e1dok sz\u00e1m\u00e1ra, hiszen gond n\u00e9lk\u00fcl surran \u00e1t a sz\u0171k helyeken, kis m\u00e9retre csukhat\u00f3, praktikusan t\u00e1rolhat\u00f3 \u00e9s egyszer\u0171en, k\u00e9nyelmesen hordozhat\u00f3 ak\u00e1r v\u00e1llon, ak\u00e1r h\u00e1ton.<\/p>\n<\/div>\n<p>[\/vc_column_text][\/vc_column][vc_column width=&#8221;1\/2&#8243;][vc_single_image image=&#8221;108099&#8243; img_size=&#8221;full&#8221; alignment=&#8221;center&#8221;][\/vc_column][\/vc_row][vc_row][vc_column offset=&#8221;vc_hidden-xs&#8221;][vc_single_image image=&#8221;108097&#8243; img_size=&#8221;full&#8221; alignment=&#8221;center&#8221;][\/vc_column][\/vc_row][vc_row][vc_column offset=&#8221;vc_hidden-lg vc_hidden-md vc_hidden-sm&#8221;][vc_single_image image=&#8221;108098&#8243; img_size=&#8221;full&#8221; alignment=&#8221;center&#8221;][\/vc_column][\/vc_row][vc_row][vc_column width=&#8221;1\/4&#8243;][\/vc_column][vc_column width=&#8221;1\/2&#8243;][vc_column_text]<\/p>\n<h2 style=\"text-align: center;\">Az ultra-szuperk\u00f6nny\u0171 utaz\u00f3s Mamas &amp; Papas babakocsi<\/h2>\n<p>[\/vc_column_text][\/vc_column][vc_column width=&#8221;1\/4&#8243;][\/vc_column][\/vc_row][vc_row css=&#8221;.vc_custom_1687774301188{background-color: #f8f6f1 !important;}&#8221;][vc_column width=&#8221;1\/2&#8243;][vc_single_image image=&#8221;108100&#8243; img_size=&#8221;full&#8221; alignment=&#8221;center&#8221;][\/vc_column][vc_column width=&#8221;1\/2&#8243; css=&#8221;.vc_custom_1687519109619{background-color: #f8f6f1 !important;}&#8221;][vc_row_inner][vc_column_inner offset=&#8221;vc_hidden-xs&#8221;][vc_empty_space height=&#8221;150px&#8221;][\/vc_column_inner][\/vc_row_inner][vc_column_text]<\/p>\n<h4 class=\"title font-title-l\" style=\"text-align: center;\">A legk\u00f6nnyebb<\/h4>\n<h3 class=\"headline font-title-xxl-light\" style=\"text-align: center;\">Mamas &amp; Papas v\u00e1z<\/h3>\n<div class=\"text csc-title-block-subheader font-text-s rte\">\n<p style=\"text-align: center;\">Kompakt \u00f6sszecsukott m\u00e9ret\u00e9vel praktikusan elf\u00e9r az aut\u00f3 csomagtart\u00f3j\u00e1ban, a buszon, vonaton \u00e9s a rep\u00fcl\u0151 k\u00e9zipoggy\u00e1sz tart\u00f3j\u00e1ban is. Kerekei fix\u00e1lhat\u00f3k, \u00edgy nem mozdul el amikor \u00e1ll\u00edtva t\u00e1rolod.<\/p>\n<\/div>\n<p>[\/vc_column_text][\/vc_column][\/vc_row][vc_row css=&#8221;.vc_custom_1687774890763{background-color: #f8f6f1 !important;}&#8221;][vc_column width=&#8221;1\/2&#8243; css=&#8221;.vc_custom_1687519109619{background-color: #f8f6f1 !important;}&#8221;][vc_row_inner][vc_column_inner offset=&#8221;vc_hidden-xs&#8221;][vc_empty_space height=&#8221;150px&#8221;][\/vc_column_inner][\/vc_row_inner][vc_column_text]<\/p>\n<div class=\"title font-title-l\" style=\"text-align: center;\">\n<h4 class=\"title font-title-l\">Gyermeked<\/h4>\n<h3 class=\"headline font-title-xxl-light\">is felfedezheti a vil\u00e1got<\/h3>\n<div class=\"text csc-title-block-subheader font-text-s rte\">\n<p>Amikor a gyermek m\u00e1r tud \u00f6n\u00e1ll\u00f3an \u00fclni, az Airo teljesen f\u00fcgg\u0151legesre \u00e1ll\u00edthat\u00f3 h\u00e1tt\u00e1ml\u00e1ja \u00e9s l\u00e1bt\u00e1masza lehet\u0151v\u00e9 teszik a biztons\u00e1gos \u00e9s k\u00e9nyelmes \u00fcl\u00e9st, \u00edgy megny\u00edlik sz\u00e1mara a vil\u00e1g.<\/p>\n<\/div>\n<\/div>\n<p>[\/vc_column_text][\/vc_column][vc_column width=&#8221;1\/2&#8243;][vc_single_image image=&#8221;108101&#8243; img_size=&#8221;full&#8221; alignment=&#8221;center&#8221;][\/vc_column][\/vc_row][vc_row css=&#8221;.vc_custom_1687774897843{background-color: #f8f6f1 !important;}&#8221;][vc_column width=&#8221;1\/2&#8243;][vc_single_image image=&#8221;108102&#8243; img_size=&#8221;full&#8221; alignment=&#8221;center&#8221;][\/vc_column][vc_column width=&#8221;1\/2&#8243; css=&#8221;.vc_custom_1687519109619{background-color: #f8f6f1 !important;}&#8221;][vc_row_inner][vc_column_inner offset=&#8221;vc_hidden-xs&#8221;][vc_empty_space height=&#8221;150px&#8221;][\/vc_column_inner][\/vc_row_inner][vc_column_text]<\/p>\n<div class=\"title font-title-l\" style=\"text-align: center;\">\n<div class=\"title font-title-l\">\n<h4 class=\"title font-title-l\">Ultra<\/h4>\n<h3 class=\"headline font-title-xxl-light\">hordozhat\u00f3<\/h3>\n<div class=\"text csc-title-block-subheader font-text-s rte\">\n<p>\u00d6sszecsukva egyszer\u0171en, k\u00e9nyelmesen hordozhat\u00f3 v\u00e1llon vagy h\u00e1ton, sz\u00f3val nincs mi\u00e9rt agg\u00f3dnod, ak\u00e1rhov\u00e1 is m\u00e9sz, a legk\u00e9nyelmesebb m\u00f3don teheted mindezt.<\/p>\n<\/div>\n<\/div>\n<\/div>\n<p>[\/vc_column_text][\/vc_column][\/vc_row][vc_row css=&#8221;.vc_custom_1687774908279{background-color: #f8f6f1 !important;}&#8221;][vc_column width=&#8221;1\/2&#8243; css=&#8221;.vc_custom_1687519109619{background-color: #f8f6f1 !important;}&#8221;][vc_row_inner][vc_column_inner offset=&#8221;vc_hidden-xs&#8221;][vc_empty_space height=&#8221;130px&#8221;][\/vc_column_inner][\/vc_row_inner][vc_column_text]<\/p>\n<div class=\"title font-title-l\" style=\"text-align: center;\">\n<div class=\"title font-title-l\">\n<div class=\"title font-title-l\">\n<h4 class=\"title font-title-l\">Luxus<\/h4>\n<h3 class=\"headline font-title-xxl-light\">egy kis m\u00e9ret\u0171 csomagban<\/h3>\n<div class=\"text csc-title-block-subheader font-text-s rte\">\n<p>Kicsi, m\u00e9gis min\u0151s\u00e9gi tulajdons\u00e1gokkal felv\u00e9rtezett. A luxus r\u00e9szletek, a pr\u00e9mium anyagok, a k\u00e9nyelmes kip\u00e1rn\u00e1z\u00e1s, a b\u0151r hat\u00e1s\u00fa tol\u00f3kar \u00e9s kapaszkod\u00f3 \u00e9s az \u00e1ll\u00edthat\u00f3 l\u00e1bt\u00e1mla egy utaz\u00f3bar\u00e1t modellbe csomagolva \u00e9rkeznek.<\/p>\n<\/div>\n<\/div>\n<\/div>\n<\/div>\n<p>[\/vc_column_text][vc_btn title=&#8221;Megveszem&#8221; style=&#8221;outline-custom&#8221; outline_custom_color=&#8221;#666666&#8243; outline_custom_hover_background=&#8221;#f8f6f1&#8243; outline_custom_hover_text=&#8221;#000000&#8243; shape=&#8221;square&#8221; align=&#8221;center&#8221; link=&#8221;url:https%3A%2F%2Fmamasandpapas.hu%2Ftermek%2Fairo-babakocsi-valassz-szint%2F|||&#8221;][\/vc_column][vc_column width=&#8221;1\/2&#8243;][vc_single_image image=&#8221;108103&#8243; img_size=&#8221;full&#8221; alignment=&#8221;center&#8221;][\/vc_column][\/vc_row][vc_row][vc_column][vc_empty_space height=&#8221;10px&#8221;][\/vc_column][\/vc_row][vc_row css=&#8221;.vc_custom_1687776842025{background-color: #f3f0ea !important;}&#8221;][vc_column offset=&#8221;vc_hidden-xs&#8221;][vc_row_inner][vc_column_inner width=&#8221;1\/2&#8243;][vc_single_image image=&#8221;107970&#8243; img_size=&#8221;full&#8221; alignment=&#8221;center&#8221;][\/vc_column_inner][vc_column_inner width=&#8221;1\/2&#8243;][vc_empty_space height=&#8221;70px&#8221;][vc_column_text]<\/p>\n<h4 class=\"csc-title-block-subheader font-title-l\" style=\"text-align: center;\">Teszteld<\/h4>\n<h2 class=\"csc-title-block-header font-title-xxxxl-light image-with-text__heading\" style=\"text-align: center;\">Babakocsijainkat<\/h2>\n<div class=\"csc-title-block-subheader font-text-s image-with-text__text rte\">\n<p style=\"text-align: center;\">Fedezd fel k\u00edn\u00e1latunkat, k\u00e9rdezz b\u00e1tran \u00e9s kapj hiteles v\u00e1laszokat tan\u00e1csad\u00f3inkt\u00f3l!<\/p>\n<\/div>\n<p>[\/vc_column_text][vc_btn title=&#8221;Foglalok&#8221; style=&#8221;outline-custom&#8221; outline_custom_color=&#8221;#666666&#8243; outline_custom_hover_background=&#8221;#f3f0ea&#8221; outline_custom_hover_text=&#8221;#000000&#8243; shape=&#8221;square&#8221; align=&#8221;center&#8221; link=&#8221;url:https%3A%2F%2Fmamasandpapas.hu%2Fszemelyes-tanacsadas%2F|||&#8221;][\/vc_column_inner][\/vc_row_inner][\/vc_column][\/vc_row][vc_row css=&#8221;.vc_custom_1687776842025{background-color: #f3f0ea !important;}&#8221;][vc_column offset=&#8221;vc_hidden-lg vc_hidden-md vc_hidden-sm&#8221;][vc_row_inner][vc_column_inner width=&#8221;1\/2&#8243;][vc_single_image image=&#8221;107971&#8243; img_size=&#8221;full&#8221; alignment=&#8221;center&#8221;][\/vc_column_inner][vc_column_inner width=&#8221;1\/2&#8243;][vc_column_text]<\/p>\n<h4 class=\"csc-title-block-subheader font-title-l\" style=\"text-align: center;\">Teszteld<\/h4>\n<h2 class=\"csc-title-block-header font-title-xxxxl-light image-with-text__heading\" style=\"text-align: center;\">Babakocsijainkat<\/h2>\n<div class=\"csc-title-block-subheader font-text-s image-with-text__text rte\">\n<p style=\"text-align: center;\">Fedezd fel k\u00edn\u00e1latunkat, k\u00e9rdezz b\u00e1tran \u00e9s kapj hiteles v\u00e1laszokat tan\u00e1csad\u00f3inkt\u00f3l!<\/p>\n<\/div>\n<p>[\/vc_column_text][vc_btn title=&#8221;Foglalok&#8221; style=&#8221;outline-custom&#8221; outline_custom_color=&#8221;#666666&#8243; outline_custom_hover_background=&#8221;#f3f0ea&#8221; outline_custom_hover_text=&#8221;#000000&#8243; shape=&#8221;square&#8221; align=&#8221;center&#8221; link=&#8221;url:https%3A%2F%2Fmamasandpapas.hu%2Fszemelyes-tanacsadas%2F|||&#8221;][\/vc_column_inner][\/vc_row_inner][\/vc_column][\/vc_row][vc_row][vc_column][vc_column_text]<\/p>\n<h2>Gyakori k\u00e9rd\u00e9sek<\/h2>\n<p>[\/vc_column_text][vc_tta_accordion style=&#8221;outline&#8221; shape=&#8221;square&#8221; color=&#8221;black&#8221; c_icon=&#8221;chevron&#8221; c_position=&#8221;right&#8221; active_section=&#8221;20&#8243;][vc_tta_section title=&#8221;Melyik babakocsit v\u00e1lasszam?&#8221; tab_id=&#8221;1&#8243;][vc_column_text]A babakocsi kiv\u00e1laszt\u00e1sa els\u0151re kicsit ijeszt\u0151nek t\u0171nhet, hiszen rengeteg modell k\u00f6z\u00fcl v\u00e1laszthatsz. A v\u00e1laszt\u00e1sn\u00e1l gondolj egy\u00e9ni ig\u00e9nyeidre, melyik \u00e9s mi\u00e9rt illene hozz\u00e1d a legjobban. Egy olyan babakocsira van sz\u00fcks\u00e9ged ami szuperk\u00f6nny\u0171 \u00e9s t\u00f6k\u00e9letesen belesimul a v\u00e1rosi l\u00e9tbe vagy ink\u00e1bb egy minden terepen j\u00f3l m\u0171k\u00f6d\u0151 terep babakocsira?[\/vc_column_text][\/vc_tta_section][vc_tta_section title=&#8221;Sport\u00fcl\u00e9ses, m\u00f3zeskosaras babakocsit vagy eserny\u0151kocsit v\u00e1lasszak?&#8221; tab_id=&#8221;2&#8243;][vc_column_text]A sz\u00fcl\u0151k gyakran felv\u00e1ltva haszn\u00e1lj\u00e1k ezeket a babakocsikat, ezek n\u00e9mik\u00e9ppen elt\u00e9r\u0151en m\u0171k\u00f6dnek, \u00edgy nem \u00e1rt megismerkedni vel\u00fck v\u00e1s\u00e1rl\u00e1s el\u0151tt. A sport\u00fcl\u00e9ses babakocsi az \u00fcl\u00e9ssel egy\u00fctt \u00f6sszecsukhat\u00f3, ez m\u00e1r nagyobb bab\u00e1knak, totyog\u00f3knak haszn\u00e1lhat\u00f3, m\u00edg a m\u00f3zeskosaras babakocsi az els\u0151 h\u00f3napokban t\u00f6k\u00e9letes v\u00e1laszt\u00e1s. Az eserny\u0151kocsik alapvet\u0151en k\u00f6nny\u0171ek, \u00f6sszecsukva kompakt m\u00e9ret\u0171ek, \u00edgy szuper praktikusak egy nagyobb gyerk\u0151ccel k\u00f6z\u00f6s utaz\u00e1shoz. Babakocsijainkkal ismerkedve l\u00e1tni fogod, hogy az \u00e9les k\u00fcl\u00f6nbs\u00e9gek ma m\u00e1r kicsit elmos\u00f3dnak, hiszen egy sport\u00fcl\u00e9ses babakocsi is tud hasonl\u00f3an kompakt lenni, mint egy eserny\u0151kocsi, sok eserny\u0151kocsi pedig m\u00e1r \u00fajsz\u00fcl\u00f6tt kort\u00f3l haszn\u00e1lhat\u00f3 lehet\u0151s\u00e9geket k\u00edn\u00e1l.[\/vc_column_text][\/vc_tta_section][vc_tta_section title=&#8221;Milyen tulajdons\u00e1gokt\u00f3l lesz szuper egy utaz\u00f3s babakocsi?&#8221; tab_id=&#8221;3&#8243;][vc_column_text]Az utaz\u00e1sok sor\u00e1n j\u00f3l j\u00f6n egy szuperk\u00f6nny\u0171 babakocsi, ami egyszer\u0171en \u00f6sszecsukhat\u00f3 \u00e9s kis helyen t\u00e1rolhat\u00f3. A v\u00e1laszt\u00e1s sor\u00e1n vedd figyelembe az adott babakocsi m\u00e9reteit \u00e9s, hogy hov\u00e1 kell bef\u00e9rnie: az aut\u00f3 csomagtart\u00f3j\u00e1ba vagy esetleg a rep\u00fcl\u0151g\u00e9p k\u00e9zipoggy\u00e1sz tart\u00f3j\u00e1ba?[\/vc_column_text][\/vc_tta_section][vc_tta_section title=&#8221;Kipr\u00f3b\u00e1lhatom a babakocsit miel\u0151tt megveszem?&#8221; tab_id=&#8221;4&#8243;][vc_column_text]Nagyon fontos kipr\u00f3b\u00e1lni a v\u00e1lasztott babakocsit v\u00e1s\u00e1rl\u00e1s el\u0151tt, ez\u00e9rt is ny\u00fajtunk lehet\u0151s\u00e9get priv\u00e1t tal\u00e1lkoz\u00f3 keret\u00e9n bel\u00fcl, ami teljesen ingyenes \u00e9s ahol minden seg\u00edts\u00e9get, tan\u00e1csot, bemutat\u00e1st megkapsz amire csak sz\u00fcks\u00e9ged lehet.[\/vc_column_text][\/vc_tta_section][vc_tta_section title=&#8221;Hogyan vigy\u00e1zzak a babakocsira?&#8221; tab_id=&#8221;5&#8243;][vc_column_text]A babakocsikat \u00fagy tervezt\u00e9k, hogy j\u00f3 hossz\u00fa \u00e9lettartam\u00faak legyenek ha vigy\u00e1zol r\u00e1, \u00e9s szerencs\u00e9re nagyon egyszer\u0171 a karbantart\u00e1suk. Mindig j\u00f3l n\u00e9zd meg, hogy a kerekek tiszt\u00e1k, t\u00f6rmel\u00e9kekt\u0151l mentesek legyenek, hiszen a betapadt koszt\u00f3l, kavicsokt\u00f3l k\u00f6nnyebben s\u00e9r\u00fclhetnek. V\u00e1zuk nedves kend\u0151vel tiszt\u00edthat\u00f3.[\/vc_column_text][\/vc_tta_section][vc_tta_section title=&#8221;Mikre van sz\u00fcks\u00e9ged amikor egy \u00fajsz\u00fcl\u00f6ttel utazol?&#8221; tab_id=&#8221;6&#8243;][vc_column_text]Van n\u00e9h\u00e1ny elengedhetetlen kieg\u00e9sz\u00edt\u0151, amiket j\u00f3 ha magaddal viszel ha elmentek otthonr\u00f3l! Mindig legyen n\u00e1lad elegend\u0151 pelus \u00e9s popsit\u00f6rl\u0151, innival\u00f3 a bab\u00e1nak \u00e9s utaz\u00f3s j\u00e1t\u00e9k az \u00fatk\u00f6zbeni sz\u00f3rakoztat\u00e1shoz \u00e9s mindezt vidd magaddal egy j\u00f3l megv\u00e1lasztott pelenk\u00e1z\u00f3t\u00e1sk\u00e1ban, amiben minden fontos kell\u00e9k elf\u00e9r majd. Javasoljuk, hogy v\u00e1lasszatok k\u00f6nny\u0171, kompakt m\u00e9ret\u0171re \u00f6sszecsukhat\u00f3 babakocsit utaz\u00e1shoz. Utaz\u00f3s babakocsijaink praktikusan elf\u00e9rnek az aut\u00f3 csomagtart\u00f3j\u00e1ban, a rep\u00fcl\u0151n vagy a vonaton.[\/vc_column_text][\/vc_tta_section][vc_tta_section title=&#8221;Hogyan utazzak egy totyog\u00f3val?&#8221; tab_id=&#8221;7&#8243;][vc_column_text]Ak\u00e1r tapasztalt utaz\u00f3 vagy, ak\u00e1r ez az els\u0151 csal\u00e1di nyaral\u00e1sod, egy totyog\u00f3val val\u00f3 utaz\u00e1s megk\u00f6veteli, hogy n\u00e9h\u00e1ny extra dolgot is magaddal vigy\u00e9l: ilyenek egy utaz\u00f3\u00e1gy, j\u00e1t\u00e9kok \u00e9s egy szuperk\u00f6nny\u0171 utaz\u00f3s babakocsi, ami k\u00f6nnyen felvihet\u0151 a rep\u00fcl\u0151re vagy betehet\u0151 az aut\u00f3ba.[\/vc_column_text][\/vc_tta_section][\/vc_tta_accordion][\/vc_column][\/vc_row]<\/p>\n<\/div>","protected":false},"excerpt":{"rendered":"<p>[vc_row css=&#8221;.vc_custom_1687786225613{background-color: #faf7f2 !important;}&#8221;][vc_column offset=&#8221;vc_hidden-xs&#8221;][vc_single_image image=&#8221;108123&#8243; img_size=&#8221;full&#8221; alignment=&#8221;center&#8221; onclick=&#8221;custom_link&#8221; link=&#8221;https:\/\/mamasandpapas.hu\/termek\/airo-babakocsi-valassz-szint\/&#8221;][\/vc_column][\/vc_row][vc_row css=&#8221;.vc_custom_1687786257185{background-color: #faf7f2 !important;}&#8221;][vc_column offset=&#8221;vc_hidden-lg vc_hidden-md vc_hidden-sm&#8221;][vc_single_image image=&#8221;108122&#8243; img_size=&#8221;full&#8221; alignment=&#8221;center&#8221; onclick=&#8221;custom_link&#8221; link=&#8221;https:\/\/mamasandpapas.hu\/termek\/airo-babakocsi-valassz-szint\/&#8221;][\/vc_column][\/vc_row][vc_row][vc_column offset=&#8221;vc_hidden-xs&#8221;][vc_row_inner][vc_column_inner width=&#8221;1\/4&#8243;][vc_single_image image=&#8221;107936&#8243; img_size=&#8221;full&#8221; alignment=&#8221;center&#8221;][vc_column_text] Igazi egykezes \u00f6sszecsuk\u00e1si mechanizmus [\/vc_column_text][\/vc_column_inner][vc_column_inner width=&#8221;1\/4&#8243;][vc_single_image image=&#8221;107938&#8243; img_size=&#8221;full&#8221; alignment=&#8221;center&#8221;][vc_column_text] Kompakt, kis m\u00e9retben t\u00f6rt\u00e9n\u0151 t\u00e1rol\u00e1s [\/vc_column_text][\/vc_column_inner][vc_column_inner width=&#8221;1\/4&#8243;][vc_single_image image=&#8221;107940&#8243; img_size=&#8221;full&#8221; alignment=&#8221;center&#8221;][vc_column_text] M\u00f3zeskos\u00e1r \u00e9s v\u00edzszintesre d\u00f6nthet\u0151 \u00fcl\u00e9s&#8230;<\/p>\n","protected":false},"author":5,"featured_media":0,"parent":0,"menu_order":0,"comment_status":"closed","ping_status":"closed","template":"","meta":{"_acf_changed":false,"footnotes":""},"class_list":["post-108055","page","type-page","status-publish","hentry"],"acf":[],"amp_enabled":true,"_links":{"self":[{"href":"https:\/\/mamasandpapas.hu\/blog\/wp-json\/wp\/v2\/pages\/108055","targetHints":{"allow":["GET"]}}],"collection":[{"href":"https:\/\/mamasandpapas.hu\/blog\/wp-json\/wp\/v2\/pages"}],"about":[{"href":"https:\/\/mamasandpapas.hu\/blog\/wp-json\/wp\/v2\/types\/page"}],"author":[{"embeddable":true,"href":"https:\/\/mamasandpapas.hu\/blog\/wp-json\/wp\/v2\/users\/5"}],"replies":[{"embeddable":true,"href":"https:\/\/mamasandpapas.hu\/blog\/wp-json\/wp\/v2\/comments?post=108055"}],"version-history":[{"count":14,"href":"https:\/\/mamasandpapas.hu\/blog\/wp-json\/wp\/v2\/pages\/108055\/revisions"}],"predecessor-version":[{"id":108125,"href":"https:\/\/mamasandpapas.hu\/blog\/wp-json\/wp\/v2\/pages\/108055\/revisions\/108125"}],"wp:attachment":[{"href":"https:\/\/mamasandpapas.hu\/blog\/wp-json\/wp\/v2\/media?parent=108055"}],"curies":[{"name":"wp","href":"https:\/\/api.w.org\/{rel}","templated":true}]}}