{"id":107778,"date":"2023-06-06T11:08:40","date_gmt":"2023-06-06T11:08:40","guid":{"rendered":"https:\/\/mamasandpapas.hu\/blog\/?page_id=107778"},"modified":"2023-08-14T05:03:40","modified_gmt":"2023-08-14T05:03:40","slug":"bugaboo-dragonfly-babakocsi","status":"publish","type":"page","link":"https:\/\/mamasandpapas.hu\/blog\/bugaboo-dragonfly-babakocsi\/","title":{"rendered":"Bugaboo Dragonfly babakocsi"},"content":{"rendered":"<div class=\"wpb-content-wrapper\"><p>[vc_row css=&#8221;.vc_custom_1684409393858{background-color: #cde2e9 !important;}&#8221;][vc_column width=&#8221;1\/3&#8243; offset=&#8221;vc_hidden-xs&#8221;][vc_empty_space height=&#8221;180px&#8221;][vc_column_text]<\/p>\n<h1 style=\"text-align: center;\"><strong><span style=\"color: #ff4da4;\">Bugaboo Dragonfly<\/span><\/strong><\/h1>\n<p>[\/vc_column_text][\/vc_column][vc_column width=&#8221;2\/3&#8243; offset=&#8221;vc_hidden-xs&#8221;][vc_single_image image=&#8221;107780&#8243; img_size=&#8221;full&#8221; alignment=&#8221;center&#8221;][\/vc_column][\/vc_row][vc_row css=&#8221;.vc_custom_1684409393858{background-color: #cde2e9 !important;}&#8221;][vc_column width=&#8221;1\/3&#8243; offset=&#8221;vc_hidden-lg vc_hidden-md vc_hidden-sm&#8221;][vc_column_text]<\/p>\n<h1 style=\"text-align: center;\"><strong><span style=\"color: #ff4da4;\">Bugaboo Dragonfly<\/span><\/strong><\/h1>\n<p>[\/vc_column_text][\/vc_column][vc_column width=&#8221;2\/3&#8243; offset=&#8221;vc_hidden-lg vc_hidden-md vc_hidden-sm&#8221;][vc_single_image image=&#8221;107781&#8243; img_size=&#8221;full&#8221; alignment=&#8221;center&#8221;][\/vc_column][\/vc_row][vc_row css=&#8221;.vc_custom_1684411994729{background-color: #869fb2 !important;}&#8221;][vc_column][vc_row_inner][vc_column_inner width=&#8221;1\/4&#8243;][\/vc_column_inner][vc_column_inner width=&#8221;1\/2&#8243;][vc_column_text]<\/p>\n<h1 class=\"u-h3\" style=\"text-align: center;\"><span style=\"color: #ffffff;\">Engedd be a j\u00f6v\u0151t<\/span><\/h1>\n<p class=\"u-margin-top--sm\" style=\"text-align: center;\"><span style=\"color: #ffffff;\">Gyermeked j\u00f6v\u0151j\u00e9t a v\u00e1ros l\u00e1tnival\u00f3i \u00e9s hangjai form\u00e1lj\u00e1k. A Bugaboo Dragonfly babakocsiban p\u00e1rosul a k\u00e9nyelem \u00e9s az innovat\u00edv kompakt \u00f6sszecsuk\u00e1s, \u00edgy hat\u00e1rok n\u00e9lk\u00fcli felfedez\u00e9s v\u00e1r r\u00e1tok.<\/span><\/p>\n<p>[\/vc_column_text][\/vc_column_inner][vc_column_inner width=&#8221;1\/4&#8243;][\/vc_column_inner][\/vc_row_inner][vc_row_inner][vc_column_inner width=&#8221;1\/4&#8243;][vc_column_text]<\/p>\n<p style=\"text-align: center;\"><strong><span style=\"color: #ff4da4;\">Praktikus egykezes \u00f6sszecsuk\u00e1s, \u00f6nmag\u00e1ban meg\u00e1ll\u00f3 kompakt m\u00e9ret<\/span><\/strong><\/p>\n<p>[\/vc_column_text][\/vc_column_inner][vc_column_inner width=&#8221;1\/4&#8243;][vc_column_text]<\/p>\n<p style=\"text-align: center;\"><strong><span style=\"color: #ff4da4;\">V\u00e1rosi terepre sz\u00fcletett<\/span><\/strong><\/p>\n<p>[\/vc_column_text][\/vc_column_inner][vc_column_inner width=&#8221;1\/4&#8243;][vc_column_text]<\/p>\n<p style=\"text-align: center;\"><strong><span style=\"color: #ff4da4;\">Rugalmas t\u00e1rol\u00e1si rendszer<\/span><\/strong><\/p>\n<p>[\/vc_column_text][\/vc_column_inner][vc_column_inner width=&#8221;1\/4&#8243;][vc_column_text]<\/p>\n<p style=\"text-align: center;\"><strong><span style=\"color: #ff4da4;\">K\u00e9nyelem a sz\u00fcl\u0151nek \u00e9s gyereknek egyar\u00e1nt<\/span><\/strong><\/p>\n<p>[\/vc_column_text][\/vc_column_inner][\/vc_row_inner][\/vc_column][\/vc_row][vc_row][vc_column][vc_column_text]<\/p>\n<h2 style=\"text-align: center;\"><strong>A j\u00f6v\u0151 v\u00e1rosi babakocsija<\/strong><\/h2>\n<p>[\/vc_column_text][vc_row_inner][vc_column_inner width=&#8221;1\/3&#8243;][vc_single_image image=&#8221;107784&#8243; img_size=&#8221;full&#8221; alignment=&#8221;center&#8221;][vc_column_text]<\/p>\n<p style=\"text-align: center;\"><strong>Innovat\u00edv egykezes \u00f6sszecsuk\u00e1s<\/strong><\/p>\n<p style=\"text-align: center;\">A Bugaboo Dragonfly szabadalmazott kompakt \u00f6sszecsuk\u00e1sa az els\u0151 a fajt\u00e1j\u00e1ban. A v\u00e1zra szerelt \u00fcl\u00e9ssel vagy m\u00f3zeskos\u00e1rral egy\u00fctt \u00f6sszecsukhat\u00f3 \u00e9s mindez egyetlen k\u00e9zzel kivitelezhet\u0151, mik\u00f6zben a m\u00e1sik kezed szabadon maradhat.<\/p>\n<p>[\/vc_column_text][\/vc_column_inner][vc_column_inner width=&#8221;1\/3&#8243;][vc_single_image image=&#8221;107785&#8243; img_size=&#8221;full&#8221; alignment=&#8221;center&#8221;][vc_column_text]<\/p>\n<p style=\"text-align: center;\"><strong>T\u00e1rol\u00e1si lehet\u0151s\u00e9gek a v\u00e1rosi cirk\u00e1l\u00e1sokhoz<\/strong><\/p>\n<p style=\"text-align: center;\">A v\u00e1rosban minden hely luxusnak sz\u00e1m\u00edt. Az XL-es m\u00e9ret\u0171 bev\u00e1s\u00e1rl\u00f3 kos\u00e1r kapacit\u00e1sa 10 kg, \u00e9s pluszban egy h\u00e1ts\u00f3 t\u00e1rol\u00f3val is rendelkezik, ami mozgathat\u00f3: elhelyezheted el\u00f6l-h\u00e1tul vagy a tol\u00f3karn\u00e1l.<\/p>\n<p>[\/vc_column_text][\/vc_column_inner][vc_column_inner width=&#8221;1\/3&#8243;][vc_single_image image=&#8221;107795&#8243; img_size=&#8221;full&#8221; alignment=&#8221;center&#8221;][vc_column_text]<\/p>\n<p style=\"text-align: center;\"><strong>Z\u00f6kken\u0151mentes babakocsiz\u00e1s, egyszer\u0171 haszn\u00e1lat<\/strong><\/p>\n<p style=\"text-align: center;\">Szuper v\u00e1rosi vezet\u00e9si \u00e9lm\u00e9nyt ny\u00fajt: a n\u00e9gykerekes felf\u00fcggeszt\u00e9s \u00e9s a magas teljes\u00edtm\u00e9ny\u0171 v\u00e1rosi kerekek lehet\u0151v\u00e9 teszik, hogy csak egyszer\u0171en \u00e1tsuhanj a v\u00e1roson ha \u00e9ppen \u00fagy tartja kedved.<\/p>\n<p>[\/vc_column_text][\/vc_column_inner][\/vc_row_inner][\/vc_column][\/vc_row][vc_row css=&#8221;.vc_custom_1684413501990{background-color: #cde2e9 !important;}&#8221;][vc_column offset=&#8221;vc_hidden-xs&#8221;][vc_single_image image=&#8221;107797&#8243; img_size=&#8221;full&#8221; alignment=&#8221;center&#8221;][\/vc_column][\/vc_row][vc_row css=&#8221;.vc_custom_1684413501990{background-color: #cde2e9 !important;}&#8221;][vc_column offset=&#8221;vc_hidden-lg vc_hidden-md vc_hidden-sm&#8221;][vc_single_image image=&#8221;107799&#8243; img_size=&#8221;full&#8221; alignment=&#8221;center&#8221;][\/vc_column][\/vc_row][vc_row css=&#8221;.vc_custom_1684413501990{background-color: #cde2e9 !important;}&#8221;][vc_column][vc_column_text]<\/p>\n<h2 class=\" u-h2\" style=\"text-align: center;\"><strong><span style=\"color: #ff4da4;\">Tervez\u00e9s\u00e9n\u00e9l gondoltak a j\u00f6v\u0151 gener\u00e1ci\u00f3ira \u00e9s arra, hogy v\u00e9dj\u00e9k a F\u00f6ldet, ami majd gyermekeinket form\u00e1lja.\u00a0<\/span><\/strong><\/h2>\n<p>[\/vc_column_text][\/vc_column][\/vc_row][vc_row css=&#8221;.vc_custom_1684417083241{background-color: #f2f2f2 !important;}&#8221;][vc_column][vc_row_inner][vc_column_inner width=&#8221;1\/2&#8243;][vc_single_image image=&#8221;107801&#8243; img_size=&#8221;full&#8221; alignment=&#8221;center&#8221;][vc_column_text]<\/p>\n<p style=\"text-align: center;\"><strong>K\u00e9nyelem a sz\u00fcl\u0151nek \u00e9s a gyerk\u0151cnek<\/strong><\/p>\n<p style=\"text-align: center;\">A legk\u00e9nyelmesebb v\u00e1rosi babakocsi, amit m\u00e9g vinni is k\u00e9nyelmes. A m\u00f3zeskos\u00e1r szell\u0151z\u0151 panelei seg\u00edtik az ide\u00e1lis leveg\u0151\u00e1raml\u00e1st, a b\u0151v\u00edthet\u0151 kupola pedig seg\u00edti egy kuck\u00f3s k\u00f6rnyezet megteremt\u00e9s\u00e9t a szundiz\u00e1sokhoz. Plusz szuperk\u00f6nny\u0171, \u00edgy a hordoz\u00f3p\u00e1nttal k\u00f6nnyen vihet\u0151.<\/p>\n<p>[\/vc_column_text][\/vc_column_inner][vc_column_inner width=&#8221;1\/2&#8243;][vc_single_image image=&#8221;107802&#8243; img_size=&#8221;full&#8221; alignment=&#8221;center&#8221;][vc_column_text]<\/p>\n<p style=\"text-align: center;\"><strong>Tervez\u00e9s\u00e9n\u00e9l gondoltak a j\u00f6v\u0151re<\/strong><\/p>\n<p style=\"text-align: center;\">A Bugaboo Dragonfly a fenntarthat\u00f3s\u00e1g jegy\u00e9ben, bioalap\u00fa anyagokb\u00f3l k\u00e9sz\u00fcl, \u00edgy karbonl\u00e1bnyoma 21%-kal alacsonyabb ahhoz k\u00e9pest, mintha hagyom\u00e1nyos m\u0171anyagb\u00f3l k\u00e9sz\u00fclne. A c\u00e9l, hogy ez 2035-re Nulla legyen. Hossz\u00fa \u00e9vekre tervezt\u00e9k, a modul\u00e1ris diz\u00e1jnnak k\u00f6sz\u00f6nhet\u0151en egyszer\u0171en jav\u00edthat\u00f3, \u00e9s az egyes elemek cser\u00e9lhet\u0151k ha sz\u00fcks\u00e9ges.<\/p>\n<p>[\/vc_column_text][\/vc_column_inner][\/vc_row_inner][\/vc_column][\/vc_row][vc_row][vc_column width=&#8221;1\/2&#8243;][vc_column_text]<\/p>\n<h3><strong>Tov\u00e1bbi tulajdons\u00e1gok:<\/strong><\/h3>\n<ul>\n<li>\u00d6sszecsukhat\u00f3 m\u00f3zeskos\u00e1r az egyszer\u0171 t\u00e1rol\u00e1s\u00e9rt<\/li>\n<li>\u00dcl\u00e9smagass\u00e1g a f\u00f6ldt\u0151l: 50 cm<\/li>\n<li>\u00dcl\u00e9se megford\u00edthat\u00f3: n\u00e9zhet a sz\u00fcl\u0151 fel\u00e9 vagy a k\u00fclvil\u00e1g fel\u00e9<\/li>\n<li>\u00dcl\u00e9se v\u00edzszintesre d\u00f6nthet\u0151 a l\u00e1btart\u00f3val<\/li>\n<li>Az \u00fcl\u00e9s anyaga oldalr\u00f3l is v\u00e9d<\/li>\n<li>A tol\u00f3kar k\u00f6nnyen forgathat\u00f3, \u00edgy nem fogod fel\u00e9breszteni az \u00e9ppen alv\u00f3 gyermeket<\/li>\n<li>Gyorsan becsatolhat\u00f3, extra puh\u00e1n p\u00e1rn\u00e1zott biztons\u00e1gi \u00f6v<\/li>\n<li>Aut\u00f3s\u00fcl\u00e9s kompatibilis<\/li>\n<li>Puha, strapab\u00edr\u00f3, pr\u00e9mium anyagok \u00e9s eco-bar\u00e1t v\u00edz\u00e1ll\u00f3 anyagbor\u00edt\u00e1sok<\/li>\n<li>A bioalap\u00fa anyagoknak k\u00f6sz\u00f6nhet\u0151en 21%-kal cs\u00f6kkentett karbonl\u00e1bnyom, jelenlegi karbonl\u00e1bnyoma 62.82<\/li>\n<li>Veg\u00e1n b\u0151rb\u0151l k\u00e9sz\u00fclt tol\u00f3kar<\/li>\n<li>Hollandi\u00e1ban tervezt\u00e9k \u00e9s a Bugaboo gy\u00e1r\u00e1ban szerelt\u00e9k \u00f6ssze<\/li>\n<li>Modul\u00e1ris diz\u00e1jn seg\u00edti a jav\u00edt\u00e1st \u00e9s meg\u00fajul\u00e1st<\/li>\n<li>A c\u00e9g saj\u00e1t gy\u00e1r\u00e1b\u00f3l karbonsemleges \u00f3ce\u00e1ni sz\u00e1ll\u00edt\u00e1ssal \u00e9rkezik<\/li>\n<\/ul>\n<p>[\/vc_column_text][\/vc_column][vc_column width=&#8221;1\/2&#8243;][vc_single_image image=&#8221;107821&#8243; img_size=&#8221;full&#8221; alignment=&#8221;center&#8221;][\/vc_column][\/vc_row][vc_row css=&#8221;.vc_custom_1684418653192{background-color: #f2f2f2 !important;}&#8221;][vc_column width=&#8221;1\/2&#8243;][vc_column_text]<\/p>\n<h3><strong>Technikai jellemz\u0151k:<\/strong><\/h3>\n<ul>\n<li>S\u00faly: 7.9-9.9 kg<\/li>\n<li>Aj\u00e1nljuk: \u00fajsz\u00fcl\u00f6tt kort\u00f3l kb. 4 \u00e9ves korig, maximum 22 kg-ig<\/li>\n<li>Ker\u00e9k m\u00e9retek: els\u0151: 18 cm, h\u00e1ts\u00f3: 22 cm<\/li>\n<li>Tol\u00f3kar magass\u00e1ga: 98-105 cm<\/li>\n<li>\u00dcl\u00e9s: Sz\u00e9: 30 cm, h\u00e1tt\u00e1mla hossz\u00fas\u00e1ga: 58 cm<\/li>\n<li>Kapacit\u00e1s: Az \u00fcl\u00e9sben: 22 kg, bev\u00e1s\u00e1rl\u00f3kos\u00e1r kapacit\u00e1sa: 10 kg, 39 liter<\/li>\n<li>M\u00e9retei \u00f6sszecsukva: egy darabban az \u00fcl\u00e9ssel: 36 x 52 x 90 cm, egy darabban a m\u00f3zessel: 32 x 52 x 90 cm<\/li>\n<li>M\u00e9retei kinyitva: 104 x 106 x 52 cm<\/li>\n<li>M\u00f3zeskos\u00e1r m\u00e9rete: 80-30 cm<\/li>\n<li>Anyaga: kupola: 100% poli\u00e9szter, \u00fcl\u00e9s: k\u00edv\u00fcl. 100% poli\u00e9szter, b\u00e9l\u00e9s: 100% poliamid, t\u00f6ltet1: 100% poli\u00e9szter, t\u00f6ltet2: 100% poliuret\u00e1n hab, bev\u00e1s\u00e1rl\u00f3 kos\u00e1r: k\u00edv\u00fcl: 100% poli\u00e9szter, alul: 100% poliamid<\/li>\n<li>Tiszt\u00edt\u00e1s: a huzatok 30 fokon moshat\u00f3k<\/li>\n<li>A csomag tartalma: v\u00e1z kerekekkel \u00e9s kapaszkod\u00f3kkal, \u00fcl\u00e9s, kupola, bev\u00e1s\u00e1rl\u00f3kos\u00e1r.<\/li>\n<\/ul>\n<p>[\/vc_column_text][\/vc_column][vc_column width=&#8221;1\/2&#8243;][vc_empty_space height=&#8221;70px&#8221;][vc_video link=&#8221;https:\/\/youtu.be\/lPMOE0lUSSA&#8221; align=&#8221;center&#8221;][\/vc_column][\/vc_row][vc_row][vc_column][vc_column_text css=&#8221;.vc_custom_1684489855407{background-color: #cde2e9 !important;}&#8221;]<\/p>\n<h3 style=\"text-align: center;\"><strong>DRAGONFLY VS BUTTERFLY<\/strong><\/h3>\n<p>[\/vc_column_text][vc_row_inner][vc_column_inner width=&#8221;1\/2&#8243;][vc_single_image image=&#8221;107833&#8243; img_size=&#8221;full&#8221; alignment=&#8221;center&#8221;][vc_column_text]<\/p>\n<p style=\"text-align: center;\"><strong>BUGABOO BUTTERFLY<\/strong><\/p>\n<p>[\/vc_column_text][vc_column_text css=&#8221;.vc_custom_1684489971111{background-color: #cde2e9 !important;}&#8221;]<\/p>\n<p style=\"text-align: center;\">IATA kompatibilis: <strong>igen<\/strong><br \/>\nMegford\u00edthat\u00f3 \u00fcl\u00e9s: <strong>nem<\/strong><br \/>\nOkos k\u00e9zipoggy\u00e1sz rendszer: <strong>nem<\/strong><br \/>\nKer\u00e9k m\u00e9ret: <strong>4.7&#8243; els\u0151 kerekek, 6&#8243; h\u00e1ts\u00f3 kerekek<\/strong><br \/>\nBev\u00e1s\u00e1rl\u00f3 kos\u00e1r kapacit\u00e1s: <strong>8 kg<\/strong><br \/>\nS\u00faly: <strong>7.3 kg<\/strong><\/p>\n<p>[\/vc_column_text][\/vc_column_inner][vc_column_inner width=&#8221;1\/2&#8243;][vc_single_image image=&#8221;107834&#8243; img_size=&#8221;full&#8221; alignment=&#8221;center&#8221;][vc_column_text]<\/p>\n<p style=\"text-align: center;\"><strong>BUGABOO DRAGONFLY<\/strong><\/p>\n<p>[\/vc_column_text][vc_column_text css=&#8221;.vc_custom_1684489977918{background-color: #cde2e9 !important;}&#8221;]<\/p>\n<p style=\"text-align: center;\">IATA kompatibilis: <strong>nem<\/strong><br \/>\nMegford\u00edthat\u00f3 \u00fcl\u00e9s: <strong>igen<\/strong><br \/>\nOkos k\u00e9zipoggy\u00e1sz rendszer: <strong>igen<\/strong><br \/>\nKer\u00e9k m\u00e9ret: <strong>7&#8243; els\u0151 kerekek, 8.5&#8243; h\u00e1ts\u00f3 kerekek<\/strong><br \/>\nBev\u00e1s\u00e1rl\u00f3 kos\u00e1r kapacit\u00e1s: <strong>10\u00a0kg<\/strong><br \/>\nS\u00faly: <strong>7.9 kg<\/strong><\/p>\n<p>[\/vc_column_text][\/vc_column_inner][\/vc_row_inner][\/vc_column][\/vc_row][vc_row][vc_column][vc_empty_space height=&#8221;20px&#8221;][\/vc_column][\/vc_row][vc_row][vc_column][vc_btn title=&#8221;Megn\u00e9zem a Bugaboo Dragonfly babakocsit&#8221; shape=&#8221;square&#8221; align=&#8221;center&#8221; link=&#8221;url:https%3A%2F%2Fmamasandpapas.hu%2Ftermek%2Fbugaboo-dragonfly-babakocsi-valassz-szint%2F|||&#8221;][\/vc_column][\/vc_row]<\/p>\n<\/div>","protected":false},"excerpt":{"rendered":"<p>[vc_row css=&#8221;.vc_custom_1684409393858{background-color: #cde2e9 !important;}&#8221;][vc_column width=&#8221;1\/3&#8243; offset=&#8221;vc_hidden-xs&#8221;][vc_empty_space height=&#8221;180px&#8221;][vc_column_text] Bugaboo Dragonfly [\/vc_column_text][\/vc_column][vc_column width=&#8221;2\/3&#8243; offset=&#8221;vc_hidden-xs&#8221;][vc_single_image image=&#8221;107780&#8243; img_size=&#8221;full&#8221; alignment=&#8221;center&#8221;][\/vc_column][\/vc_row][vc_row css=&#8221;.vc_custom_1684409393858{background-color: #cde2e9 !important;}&#8221;][vc_column width=&#8221;1\/3&#8243; offset=&#8221;vc_hidden-lg vc_hidden-md vc_hidden-sm&#8221;][vc_column_text] Bugaboo Dragonfly [\/vc_column_text][\/vc_column][vc_column width=&#8221;2\/3&#8243; offset=&#8221;vc_hidden-lg vc_hidden-md vc_hidden-sm&#8221;][vc_single_image image=&#8221;107781&#8243; img_size=&#8221;full&#8221; alignment=&#8221;center&#8221;][\/vc_column][\/vc_row][vc_row css=&#8221;.vc_custom_1684411994729{background-color: #869fb2 !important;}&#8221;][vc_column][vc_row_inner][vc_column_inner width=&#8221;1\/4&#8243;][\/vc_column_inner][vc_column_inner width=&#8221;1\/2&#8243;][vc_column_text] Engedd be a j\u00f6v\u0151t Gyermeked j\u00f6v\u0151j\u00e9t a v\u00e1ros l\u00e1tnival\u00f3i \u00e9s hangjai form\u00e1lj\u00e1k. A&#8230;<\/p>\n","protected":false},"author":5,"featured_media":0,"parent":0,"menu_order":0,"comment_status":"closed","ping_status":"closed","template":"","meta":{"_acf_changed":false,"footnotes":""},"class_list":["post-107778","page","type-page","status-publish","hentry"],"acf":[],"amp_enabled":true,"_links":{"self":[{"href":"https:\/\/mamasandpapas.hu\/blog\/wp-json\/wp\/v2\/pages\/107778","targetHints":{"allow":["GET"]}}],"collection":[{"href":"https:\/\/mamasandpapas.hu\/blog\/wp-json\/wp\/v2\/pages"}],"about":[{"href":"https:\/\/mamasandpapas.hu\/blog\/wp-json\/wp\/v2\/types\/page"}],"author":[{"embeddable":true,"href":"https:\/\/mamasandpapas.hu\/blog\/wp-json\/wp\/v2\/users\/5"}],"replies":[{"embeddable":true,"href":"https:\/\/mamasandpapas.hu\/blog\/wp-json\/wp\/v2\/comments?post=107778"}],"version-history":[{"count":54,"href":"https:\/\/mamasandpapas.hu\/blog\/wp-json\/wp\/v2\/pages\/107778\/revisions"}],"predecessor-version":[{"id":108319,"href":"https:\/\/mamasandpapas.hu\/blog\/wp-json\/wp\/v2\/pages\/107778\/revisions\/108319"}],"wp:attachment":[{"href":"https:\/\/mamasandpapas.hu\/blog\/wp-json\/wp\/v2\/media?parent=107778"}],"curies":[{"name":"wp","href":"https:\/\/api.w.org\/{rel}","templated":true}]}}