{"id":107716,"date":"2023-04-13T14:48:56","date_gmt":"2023-04-13T14:48:56","guid":{"rendered":"https:\/\/mamasandpapas.hu\/blog\/?page_id=107716"},"modified":"2023-12-13T12:29:34","modified_gmt":"2023-12-13T12:29:34","slug":"cybex-lemo-szek-es-pihenoszek","status":"publish","type":"page","link":"https:\/\/mamasandpapas.hu\/blog\/cybex-lemo-szek-es-pihenoszek\/","title":{"rendered":"Cybex Lemo sz\u00e9k \u00e9s pihen\u0151sz\u00e9k"},"content":{"rendered":"<div class=\"wpb-content-wrapper\"><p>[vc_row][vc_column offset=&#8221;vc_hidden-xs&#8221;][vc_single_image image=&#8221;107718&#8243; img_size=&#8221;full&#8221; alignment=&#8221;center&#8221;][\/vc_column][\/vc_row][vc_row][vc_column offset=&#8221;vc_hidden-lg vc_hidden-md vc_hidden-sm&#8221;][vc_single_image image=&#8221;107719&#8243; img_size=&#8221;full&#8221; alignment=&#8221;center&#8221;][\/vc_column][\/vc_row][vc_row][vc_column][vc_row_inner][vc_column_inner width=&#8221;1\/4&#8243;][\/vc_column_inner][vc_column_inner width=&#8221;1\/2&#8243;][vc_column_text]<\/p>\n<h1 style=\"text-align: center;\"><strong><span class=\"m-h2\">Szett egy \u00e9letre<\/span><\/strong><\/h1>\n<p style=\"text-align: center;\">A LEMO egy sz\u00e9k az eg\u00e9sz csal\u00e1dnak, sz\u00e1mos konfigur\u00e1ci\u00f3val, minden koroszt\u00e1ly sz\u00e1m\u00e1ra: innovat\u00edv, ergonomikus \u00e9s okos. A Cybex d\u00edjnyertes koncepci\u00f3ja a gyermekkel egy\u00fctt n\u0151, ami n\u00e9lk\u00fcl\u00f6zhetetlenn\u00e9 teszi b\u00e1rmely \u00e9letkorban.<\/p>\n<p>[\/vc_column_text][\/vc_column_inner][vc_column_inner width=&#8221;1\/4&#8243;][\/vc_column_inner][\/vc_row_inner][\/vc_column][\/vc_row][vc_row css=&#8221;.vc_custom_1702464836004{background-color: #edeceb !important;}&#8221;][vc_column width=&#8221;1\/4&#8243;][vc_single_image image=&#8221;108574&#8243; img_size=&#8221;full&#8221; alignment=&#8221;center&#8221;][vc_row_inner][vc_column_inner offset=&#8221;vc_hidden-xs&#8221;][vc_empty_space height=&#8221;28px&#8221;][\/vc_column_inner][\/vc_row_inner][vc_column_text]<\/p>\n<p style=\"text-align: center;\"><span style=\"font-size: 21px;\"><strong>Pihen\u0151sz\u00e9k \u00fcl\u0151r\u00e9sz<\/strong><\/span><\/p>\n<p style=\"text-align: center;\">0-6 h\u00f3napos korig<\/p>\n<p>[\/vc_column_text][vc_row_inner css=&#8221;.vc_custom_1702466680006{background-color: #d6dadc !important;}&#8221;][vc_column_inner][vc_column_text]<\/p>\n<p style=\"text-align: center;\">Minden itt kezd\u0151dik. K\u00e9nyelembe csomagolja gyermekedet. R\u00f6gz\u00edtsd a Lemo sz\u00e9kre az els\u0151 6 h\u00f3napra vagy illeszd az ehhez tervezett \u00e1llv\u00e1nyra!<\/p>\n<p>[\/vc_column_text][vc_btn title=&#8221;Megn\u00e9zem&#8221; shape=&#8221;square&#8221; color=&#8221;white&#8221; align=&#8221;center&#8221; link=&#8221;url:https%3A%2F%2Fmamasandpapas.hu%2Ftermek%2Fcybex-lemo-szek-4az1ben-valassz-szint%2F|||&#8221;][\/vc_column_inner][\/vc_row_inner][\/vc_column][vc_column width=&#8221;1\/4&#8243;][vc_single_image image=&#8221;108575&#8243; img_size=&#8221;full&#8221; alignment=&#8221;center&#8221;][vc_column_text]<\/p>\n<p style=\"text-align: center;\"><span style=\"font-size: 21px;\"><strong>Baby szett<\/strong><\/span><\/p>\n<p style=\"text-align: center;\">6 h\u00f3napos kort\u00f3l 3 \u00e9ves korig<\/p>\n<p>[\/vc_column_text][vc_row_inner css=&#8221;.vc_custom_1702466680006{background-color: #d6dadc !important;}&#8221;][vc_column_inner][vc_column_text]<\/p>\n<p style=\"text-align: center;\">Amint gyermeked m\u00e1r egyenesen tud \u00fclni, a Baby szett seg\u00edt, hogy \u0151 is helyet foglalhasson a csal\u00e1di asztaln\u00e1l, asztalmagass\u00e1gban.<\/p>\n<p>[\/vc_column_text][vc_btn title=&#8221;Megn\u00e9zem&#8221; shape=&#8221;square&#8221; color=&#8221;white&#8221; align=&#8221;center&#8221; link=&#8221;url:https%3A%2F%2Fmamasandpapas.hu%2Ftermek%2Fcybex-lemo-szek-3az1ben-valassz-szint%2F|||&#8221;][\/vc_column_inner][\/vc_row_inner][\/vc_column][vc_column width=&#8221;1\/4&#8243;][vc_single_image image=&#8221;108576&#8243; img_size=&#8221;full&#8221; alignment=&#8221;center&#8221;][vc_column_text]<\/p>\n<p style=\"text-align: center;\"><span style=\"font-size: 21px;\"><strong>Tanul\u00f3torony szett<\/strong><\/span><\/p>\n<p style=\"text-align: center;\">1-5 \u00e9ves korig<\/p>\n<p>[\/vc_column_text][vc_row_inner css=&#8221;.vc_custom_1702466680006{background-color: #d6dadc !important;}&#8221;][vc_column_inner][vc_column_text]<\/p>\n<p style=\"text-align: center;\">A gyermeki k\u00edv\u00e1ncsis\u00e1g hat\u00e1rtalan. A Lemo sz\u00e9ket tanul\u00f3toronny\u00e1 alak\u00edtva korl\u00e1tok n\u00e9lk\u00fcl fedezhetik fel k\u00f6rnyezet\u00fcket.<\/p>\n<p>[\/vc_column_text][vc_btn title=&#8221;Megn\u00e9zem&#8221; shape=&#8221;square&#8221; color=&#8221;white&#8221; align=&#8221;center&#8221; link=&#8221;url:https%3A%2F%2Fmamasandpapas.hu%2Ftermek%2Fcybex-lemo-tanulotorony-valassz-szint%2F|||&#8221;][\/vc_column_inner][\/vc_row_inner][\/vc_column][vc_column width=&#8221;1\/4&#8243;][vc_single_image image=&#8221;108577&#8243; img_size=&#8221;full&#8221; alignment=&#8221;center&#8221;][vc_row_inner][vc_column_inner offset=&#8221;vc_hidden-xs&#8221;][vc_empty_space height=&#8221;28px&#8221;][\/vc_column_inner][\/vc_row_inner][vc_column_text]<\/p>\n<p style=\"text-align: center;\"><span style=\"font-size: 21px;\"><strong>Lemo sz\u00e9k<\/strong><\/span><\/p>\n<p style=\"text-align: center;\">3-99 \u00e9ves korig<\/p>\n<p>[\/vc_column_text][vc_row_inner css=&#8221;.vc_custom_1702466680006{background-color: #d6dadc !important;}&#8221;][vc_column_inner][vc_column_text]<\/p>\n<p style=\"text-align: center;\">A Lemo sz\u00e9k t\u00f6bb egy egyszer\u0171 sz\u00e9kn\u00e9l. J\u00f3l \u00e1tgondolt, ergonomikus diz\u00e1jn, b\u00e1rmelyik csal\u00e1dtag megtal\u00e1lja a sz\u00e1m\u00e1ra k\u00e9nyelmes \u00fcl\u0151poz\u00edci\u00f3t.<\/p>\n<p>[\/vc_column_text][vc_btn title=&#8221;Megn\u00e9zem&#8221; shape=&#8221;square&#8221; color=&#8221;white&#8221; align=&#8221;center&#8221; link=&#8221;url:https%3A%2F%2Fmamasandpapas.hu%2Ftermek%2Fcybex-lemo-szek-valassz-szint%2F|||&#8221;][\/vc_column_inner][\/vc_row_inner][\/vc_column][\/vc_row][vc_row][vc_column][vc_row_inner][vc_column_inner width=&#8221;1\/4&#8243;][\/vc_column_inner][vc_column_inner width=&#8221;1\/2&#8243;][vc_column_text]<\/p>\n<h2 style=\"text-align: center;\"><strong>Sz\u00e9k egy \u00e9letre<\/strong><\/h2>\n<p style=\"text-align: center;\">Fedezd fel, hogy a Cybex LEMO koncepci\u00f3ja hogyan seg\u00edti a csal\u00e1d k\u00e9nyelm\u00e9t az \u00e9vek sor\u00e1n: \u00fajsz\u00fcl\u00f6tt kort\u00f3l eg\u00e9szen 99 \u00e9ves korig!<\/p>\n<p>[\/vc_column_text][\/vc_column_inner][vc_column_inner width=&#8221;1\/4&#8243;][\/vc_column_inner][\/vc_row_inner][vc_row_inner css=&#8221;.vc_custom_1681395000482{background-color: #7c949e !important;}&#8221;][vc_column_inner width=&#8221;1\/3&#8243;][vc_single_image image=&#8221;107732&#8243; img_size=&#8221;full&#8221; alignment=&#8221;center&#8221;][vc_column_text]<\/p>\n<h3 style=\"text-align: center;\"><span style=\"color: #ffffff;\"><strong>Szabads\u00e1g \u00fajsz\u00fcl\u00f6tt kort\u00f3l<\/strong><\/span><\/h3>\n<p style=\"text-align: center;\"><span style=\"color: #ffffff;\">Haszn\u00e1ld a LEMO \u00e1llv\u00e1nyt a Pihen\u0151sz\u00e9k \u00fcl\u0151r\u00e9sz\u00e9vel \u00e9s \u00e9lvezd, hogy gyermeked biztons\u00e1gosan a k\u00f6zeledben lehet m\u00e1r az els\u0151 napt\u00f3l, mik\u00f6zben szabadon tudsz tenni-venni az otthon b\u00e1rmely pontj\u00e1n.<\/span><\/p>\n<p>[\/vc_column_text][\/vc_column_inner][vc_column_inner width=&#8221;1\/3&#8243;][vc_single_image image=&#8221;107734&#8243; img_size=&#8221;full&#8221; alignment=&#8221;center&#8221;][vc_column_text]<\/p>\n<h3 style=\"text-align: center;\"><strong><span style=\"color: #ffffff;\">Gond n\u00e9lk\u00fcl \u00e1ll\u00edthat\u00f3<\/span><\/strong><\/h3>\n<p style=\"text-align: center;\"><span style=\"color: #ffffff;\">Egy sz\u00e9k ami igazodik a csal\u00e1d ig\u00e9nyeihez. \u00c1ll\u00edt\u00e1sa k\u00f6nnyed\u00e9n, egyetlen k\u00e9zzel t\u00f6rt\u00e9nik, nem sz\u00fcks\u00e9ges semmilyen eszk\u00f6z hozz\u00e1.<\/span><\/p>\n<p>[\/vc_column_text][\/vc_column_inner][vc_column_inner width=&#8221;1\/3&#8243;][vc_single_image image=&#8221;107733&#8243; img_size=&#8221;full&#8221; alignment=&#8221;center&#8221;][vc_column_text]<\/p>\n<h3 style=\"text-align: center;\"><strong><span style=\"color: #ffffff;\">\u00dajsz\u00fcl\u00f6tt kort\u00f3l 99 \u00e9ves korig<\/span><\/strong><\/h3>\n<p style=\"text-align: center;\"><span style=\"color: #ffffff;\">Id\u0151tlen sz\u00e9k megold\u00e1s. P\u00e1ros\u00edtsd a pihen\u0151sz\u00e9k \u00fcl\u0151r\u00e9sz\u00e9vel \u00e9s megt\u00e1maszt\u00f3 p\u00e1rn\u00e1zott \u00fcl\u00e9sbet\u00e9ttel, \u00edgy m\u00e1r sz\u00fclet\u00e9st\u0151l haszn\u00e1lhatj\u00e1tok eg\u00e9szen 99 \u00e9ves korig.<\/span><\/p>\n<p>[\/vc_column_text][\/vc_column_inner][\/vc_row_inner][\/vc_column][\/vc_row][vc_row][vc_column][vc_empty_space height=&#8221;30px&#8221;][\/vc_column][\/vc_row][vc_row][vc_column][vc_column_text]<\/p>\n<h2 style=\"text-align: center;\"><strong>LEMO SZ\u00c9K<\/strong><\/h2>\n<p style=\"text-align: center;\">A LEMO egy hossz\u00fa \u00e9let\u0171, diz\u00e1jnos sz\u00e9k koncepci\u00f3. 3 \u00e9ves kort\u00f3l 99 \u00e9ves korig haszn\u00e1lhat\u00f3 \u00f6n\u00e1ll\u00f3 sz\u00e9kk\u00e9nt.<\/p>\n<p>[\/vc_column_text][vc_row_inner][vc_column_inner][vc_single_image image=&#8221;107728&#8243; img_size=&#8221;full&#8221; alignment=&#8221;center&#8221;][\/vc_column_inner][\/vc_row_inner][\/vc_column][\/vc_row][vc_row][vc_column][vc_column_text]<\/p>\n<h2 style=\"text-align: center;\"><strong>El\u0151ny\u00f6k<\/strong><\/h2>\n<p style=\"text-align: center;\">Fedezd fel, hogy a LEMO sz\u00e9k hogyan tudja megk\u00f6nny\u00edteni a mindennapokat!<\/p>\n<p>[\/vc_column_text][vc_row_inner css=&#8221;.vc_custom_1681381010269{background-color: #c2cfd7 !important;}&#8221;][vc_column_inner width=&#8221;1\/3&#8243;][vc_single_image image=&#8221;107736&#8243; img_size=&#8221;full&#8221; alignment=&#8221;center&#8221;][vc_column_text]<\/p>\n<h3 style=\"text-align: center;\"><strong><span style=\"color: #ffffff;\">Gond n\u00e9lk\u00fcl \u00e1ll\u00edthat\u00f3<\/span><\/strong><\/h3>\n<p style=\"text-align: center;\"><span style=\"color: #ffffff;\">Egy sz\u00e9k ami igazodik a csal\u00e1d ig\u00e9nyeihez. \u00c1ll\u00edt\u00e1sa k\u00f6nnyed\u00e9n, egyetlen k\u00e9zzel t\u00f6rt\u00e9nik, nem sz\u00fcks\u00e9ges semmilyen eszk\u00f6z hozz\u00e1.<\/span><\/p>\n<p>[\/vc_column_text][\/vc_column_inner][vc_column_inner width=&#8221;1\/3&#8243;][vc_single_image image=&#8221;107738&#8243; img_size=&#8221;full&#8221; alignment=&#8221;center&#8221;][vc_column_text]<\/p>\n<h3 style=\"text-align: center;\"><span style=\"color: #ffffff;\">Egy\u00e9ni magass\u00e1g be\u00e1ll\u00edt\u00e1s<\/span><\/h3>\n<p style=\"text-align: center;\"><span style=\"color: #ffffff;\">Hogy mindig testhez\u00e1ll\u00f3 legyen: \u00e1ll\u00edtsd be az \u00fcl\u0151fel\u00fclet magass\u00e1g\u00e1t egyetlen k\u00e9zzel, \u00edgy gyermeked mindig egy ergonomikusan optim\u00e1lis poz\u00edci\u00f3ban \u00fclhet.\u00a0<\/span><\/p>\n<p>[\/vc_column_text][\/vc_column_inner][vc_column_inner width=&#8221;1\/3&#8243;][vc_single_image image=&#8221;107737&#8243; img_size=&#8221;full&#8221; alignment=&#8221;center&#8221;][vc_column_text]<\/p>\n<h3 style=\"text-align: center;\"><span style=\"color: #ffffff;\">Egy\u00e9ni m\u00e9lys\u00e9g be\u00e1ll\u00edt\u00e1s<\/span><\/h3>\n<p style=\"text-align: center;\"><span style=\"color: #ffffff;\">Az \u00fcl\u0151fel\u00fclet horizont\u00e1lis m\u00e9lys\u00e9g be\u00e1ll\u00edt\u00e1sa lehet\u0151v\u00e9 teszi, hogy a gyermek b\u00e1rmely \u00e9letkorban k\u00e9nyelmesen \u00fclj\u00f6n az asztaln\u00e1l.<\/span><\/p>\n<p>[\/vc_column_text][\/vc_column_inner][\/vc_row_inner][\/vc_column][\/vc_row][vc_row][vc_column][vc_empty_space height=&#8221;30px&#8221;][\/vc_column][\/vc_row][vc_row][vc_column width=&#8221;1\/3&#8243;][\/vc_column][vc_column width=&#8221;1\/3&#8243;][vc_btn title=&#8221;Megn\u00e9zem a LEMO sz\u00e9ket&#8221; shape=&#8221;square&#8221; align=&#8221;center&#8221; link=&#8221;url:https%3A%2F%2Fmamasandpapas.hu%2Ftermek%2Fcybex-lemo-szek-valassz-szint%2F|||&#8221;][\/vc_column][vc_column width=&#8221;1\/3&#8243;][\/vc_column][\/vc_row][vc_row][vc_column][vc_empty_space height=&#8221;20px&#8221;][\/vc_column][\/vc_row][vc_row][vc_column][vc_column_text]<\/p>\n<h2 style=\"text-align: center;\"><strong>LEMO PIHEN\u0150SZ\u00c9K<\/strong><\/h2>\n<p style=\"text-align: center;\">A LEMO PIHEN\u0150SZ\u00c9K kisbab\u00e1d seg\u00edt\u0151t\u00e1rsa lesz m\u00e1r sz\u00fclet\u00e9s\u00e9t\u0151l, hiszen napk\u00f6zbeni szundik\u00e1l\u00e1sokn\u00e1l, j\u00e1t\u00e9kid\u0151ben \u00e9s ev\u00e9sekn\u00e9l is haszn\u00e1lhat\u00f3.<\/p>\n<p>[\/vc_column_text][vc_row_inner][vc_column_inner][vc_single_image image=&#8221;107729&#8243; img_size=&#8221;full&#8221; alignment=&#8221;center&#8221;][\/vc_column_inner][\/vc_row_inner][\/vc_column][\/vc_row][vc_row][vc_column][vc_column_text]<\/p>\n<h2 style=\"text-align: center;\"><strong>El\u0151ny\u00f6k<\/strong><\/h2>\n<p style=\"text-align: center;\">Fedezd fel, hogy a LEMO pihen\u0151sz\u00e9k hogyan tudja megk\u00f6nny\u00edteni a mindennapokat!<\/p>\n<p>[\/vc_column_text][vc_row_inner css=&#8221;.vc_custom_1681381010269{background-color: #c2cfd7 !important;}&#8221;][vc_column_inner width=&#8221;1\/3&#8243;][vc_single_image image=&#8221;107742&#8243; img_size=&#8221;full&#8221; alignment=&#8221;center&#8221;][vc_column_text]<\/p>\n<h3 style=\"text-align: center;\"><span style=\"color: #ffffff;\"><strong>Etet\u00e9s. T\u00e1rsalg\u00e1s. Rug\u00f3z\u00e1s.<\/strong><\/span><\/h3>\n<p style=\"text-align: center;\"><span style=\"color: #ffffff;\">A LEMO pihen\u0151sz\u00e9k a legide\u00e1lisabb els\u0151 &#8222;sz\u00e9k&#8221; gyermeked sz\u00e1m\u00e1ra ak\u00e1r enni, ak\u00e1r pihenni, ak\u00e1r j\u00e1tszani szeretne.<\/span><\/p>\n<p>[\/vc_column_text][\/vc_column_inner][vc_column_inner width=&#8221;1\/3&#8243;][vc_single_image image=&#8221;107741&#8243; img_size=&#8221;full&#8221; alignment=&#8221;center&#8221;][vc_column_text]<\/p>\n<h3 style=\"text-align: center;\"><span style=\"color: #ffffff;\"><strong>D\u00f6nthet\u0151 h\u00e1tt\u00e1mla<\/strong><\/span><\/h3>\n<p style=\"text-align: center;\"><span style=\"color: #ffffff;\">D\u00f6ntsd lejjebb a h\u00e1tt\u00e1ml\u00e1t ha kisbab\u00e1d pihenni szeretne vagy emeld meg ha \u00e9ppen elj\u00f6tt az ev\u00e9s ideje!<\/span><\/p>\n<p>[\/vc_column_text][\/vc_column_inner][vc_column_inner width=&#8221;1\/3&#8243;][vc_single_image image=&#8221;107740&#8243; img_size=&#8221;full&#8221; alignment=&#8221;center&#8221;][vc_column_text]<\/p>\n<h3 style=\"text-align: center;\"><span style=\"color: #ffffff;\"><strong>Mag\u00e1t\u00f3l v\u00e9gzi a rug\u00f3z\u00e1st<\/strong><\/span><\/h3>\n<p style=\"text-align: center;\"><span style=\"color: #ffffff;\">A pihen\u0151sz\u00e9k a baba saj\u00e1t mozg\u00e1s\u00e1ra reag\u00e1l: ha a baba mozog a sz\u00e9k is mozog, ha a baba \u00e9ppen mozdulatlan \u00e9s pihen, akkor a pihen\u0151sz\u00e9k is nyugalmi \u00e1llapotban van.<\/span><\/p>\n<p>[\/vc_column_text][\/vc_column_inner][\/vc_row_inner][\/vc_column][\/vc_row][vc_row][vc_column][vc_empty_space height=&#8221;30px&#8221;][\/vc_column][\/vc_row][vc_row][vc_column width=&#8221;1\/3&#8243;][\/vc_column][vc_column width=&#8221;1\/3&#8243;][vc_btn title=&#8221;Megn\u00e9zem a LEMO pihen\u0151sz\u00e9ket&#8221; shape=&#8221;square&#8221; align=&#8221;center&#8221; link=&#8221;url:https%3A%2F%2Fmamasandpapas.hu%2Ftermek%2Fcybex-lemo-pihenoszek-valassz-szint%2F|||&#8221;][\/vc_column][vc_column width=&#8221;1\/3&#8243;][\/vc_column][\/vc_row][vc_row][vc_column][vc_empty_space height=&#8221;20px&#8221;][\/vc_column][\/vc_row][vc_row][vc_column][vc_column_text css_animation=&#8221;none&#8221;]<\/p>\n<h2 style=\"text-align: center;\"><strong>LEMO TANUL\u00d3TORONY<\/strong><\/h2>\n<p style=\"text-align: center;\">A gyermekeket vonzz\u00e1k az \u00fajabb \u00e9s \u00fajabb kalandok.. Alak\u00edtsd \u00e1t a Lemo sz\u00e9ket tanul\u00f3toronny\u00e1, \u00edgy szemed f\u00e9nye teljes biztons\u00e1gban fedezheti fel az otthont \u00e9s r\u00e9sze lehet minden eml\u00e9kezetes csal\u00e1di pillanatnak.<\/p>\n<p>[\/vc_column_text][vc_row_inner css=&#8221;.vc_custom_1702469198989{background-color: #ebe7e3 !important;}&#8221;][vc_column_inner width=&#8221;1\/3&#8243;][vc_single_image image=&#8221;108594&#8243; img_size=&#8221;full&#8221; alignment=&#8221;center&#8221;][\/vc_column_inner][vc_column_inner width=&#8221;1\/3&#8243;][vc_single_image image=&#8221;108595&#8243; img_size=&#8221;full&#8221; alignment=&#8221;center&#8221;][\/vc_column_inner][vc_column_inner width=&#8221;1\/3&#8243;][vc_single_image image=&#8221;108596&#8243; img_size=&#8221;full&#8221; alignment=&#8221;center&#8221;][\/vc_column_inner][\/vc_row_inner][\/vc_column][\/vc_row][vc_row][vc_column][vc_empty_space height=&#8221;30px&#8221;][\/vc_column][\/vc_row][vc_row][vc_column width=&#8221;1\/3&#8243;][\/vc_column][vc_column width=&#8221;1\/3&#8243;][vc_btn title=&#8221;Megn\u00e9zem a LEMO tanul\u00f3tornyot&#8221; shape=&#8221;square&#8221; align=&#8221;center&#8221; link=&#8221;url:https%3A%2F%2Fmamasandpapas.hu%2Ftermek%2Fcybex-lemo-tanulotorony-valassz-szint%2F|||&#8221;][\/vc_column][vc_column width=&#8221;1\/3&#8243;][\/vc_column][\/vc_row][vc_row][vc_column][vc_column_text]<\/p>\n<h2 style=\"text-align: center;\"><strong>LEMO CSOMAGOK<\/strong><\/h2>\n<p style=\"text-align: center;\">Ha szeretn\u00e9d, csomagban is meg tudod v\u00e1s\u00e1rolni a LEMO sz\u00e9ket \u00e9s kieg\u00e9sz\u00edt\u0151it.<\/p>\n<p>[\/vc_column_text][vc_row_inner][vc_column_inner width=&#8221;1\/2&#8243;][vc_single_image image=&#8221;107771&#8243; img_size=&#8221;full&#8221; alignment=&#8221;center&#8221;][vc_btn title=&#8221;Megn\u00e9zem a LEMO 4az1ben csomagot&#8221; shape=&#8221;square&#8221; align=&#8221;center&#8221; link=&#8221;url:https%3A%2F%2Fmamasandpapas.hu%2Ftermek%2Fcybex-lemo-szek-4az1ben-valassz-szint%2F|||&#8221;][\/vc_column_inner][vc_column_inner width=&#8221;1\/2&#8243;][vc_single_image image=&#8221;107772&#8243; img_size=&#8221;full&#8221; alignment=&#8221;center&#8221;][vc_btn title=&#8221;Megn\u00e9zem a LEMO 3az1ben csomagot&#8221; shape=&#8221;square&#8221; align=&#8221;center&#8221; link=&#8221;url:https%3A%2F%2Fmamasandpapas.hu%2Ftermek%2Fcybex-lemo-szek-3az1ben-valassz-szint%2F|||&#8221;][\/vc_column_inner][\/vc_row_inner][\/vc_column][\/vc_row]<\/p>\n<\/div>","protected":false},"excerpt":{"rendered":"<p>[vc_row][vc_column offset=&#8221;vc_hidden-xs&#8221;][vc_single_image image=&#8221;107718&#8243; img_size=&#8221;full&#8221; alignment=&#8221;center&#8221;][\/vc_column][\/vc_row][vc_row][vc_column offset=&#8221;vc_hidden-lg vc_hidden-md vc_hidden-sm&#8221;][vc_single_image image=&#8221;107719&#8243; img_size=&#8221;full&#8221; alignment=&#8221;center&#8221;][\/vc_column][\/vc_row][vc_row][vc_column][vc_row_inner][vc_column_inner width=&#8221;1\/4&#8243;][\/vc_column_inner][vc_column_inner width=&#8221;1\/2&#8243;][vc_column_text] Szett egy \u00e9letre A LEMO egy sz\u00e9k az eg\u00e9sz csal\u00e1dnak, sz\u00e1mos konfigur\u00e1ci\u00f3val, minden koroszt\u00e1ly sz\u00e1m\u00e1ra: innovat\u00edv, ergonomikus \u00e9s okos. A Cybex d\u00edjnyertes koncepci\u00f3ja a gyermekkel egy\u00fctt n\u0151, ami n\u00e9lk\u00fcl\u00f6zhetetlenn\u00e9 teszi b\u00e1rmely \u00e9letkorban. [\/vc_column_text][\/vc_column_inner][vc_column_inner width=&#8221;1\/4&#8243;][\/vc_column_inner][\/vc_row_inner][\/vc_column][\/vc_row][vc_row css=&#8221;.vc_custom_1702464836004{background-color: #edeceb !important;}&#8221;][vc_column&#8230;<\/p>\n","protected":false},"author":5,"featured_media":0,"parent":0,"menu_order":0,"comment_status":"closed","ping_status":"closed","template":"","meta":{"_acf_changed":false,"footnotes":""},"class_list":["post-107716","page","type-page","status-publish","hentry"],"acf":[],"amp_enabled":true,"_links":{"self":[{"href":"https:\/\/mamasandpapas.hu\/blog\/wp-json\/wp\/v2\/pages\/107716","targetHints":{"allow":["GET"]}}],"collection":[{"href":"https:\/\/mamasandpapas.hu\/blog\/wp-json\/wp\/v2\/pages"}],"about":[{"href":"https:\/\/mamasandpapas.hu\/blog\/wp-json\/wp\/v2\/types\/page"}],"author":[{"embeddable":true,"href":"https:\/\/mamasandpapas.hu\/blog\/wp-json\/wp\/v2\/users\/5"}],"replies":[{"embeddable":true,"href":"https:\/\/mamasandpapas.hu\/blog\/wp-json\/wp\/v2\/comments?post=107716"}],"version-history":[{"count":59,"href":"https:\/\/mamasandpapas.hu\/blog\/wp-json\/wp\/v2\/pages\/107716\/revisions"}],"predecessor-version":[{"id":107756,"href":"https:\/\/mamasandpapas.hu\/blog\/wp-json\/wp\/v2\/pages\/107716\/revisions\/107756"}],"wp:attachment":[{"href":"https:\/\/mamasandpapas.hu\/blog\/wp-json\/wp\/v2\/media?parent=107716"}],"curies":[{"name":"wp","href":"https:\/\/api.w.org\/{rel}","templated":true}]}}