{"id":107674,"date":"2023-03-30T09:12:14","date_gmt":"2023-03-30T09:12:14","guid":{"rendered":"https:\/\/mamasandpapas.hu\/blog\/?page_id=107674"},"modified":"2023-03-30T09:12:14","modified_gmt":"2023-03-30T09:12:14","slug":"cybex-coya-esernyokocsi","status":"publish","type":"page","link":"https:\/\/mamasandpapas.hu\/blog\/cybex-coya-esernyokocsi\/","title":{"rendered":"Cybex Coya eserny\u0151kocsi"},"content":{"rendered":"<div class=\"wpb-content-wrapper\"><p>[vc_row][vc_column offset=&#8221;vc_hidden-xs&#8221;][vc_row_inner css=&#8221;.vc_custom_1680166308669{background-color: #f2f2f2 !important;}&#8221;][vc_column_inner][vc_single_image image=&#8221;107680&#8243; img_size=&#8221;full&#8221; alignment=&#8221;center&#8221;][\/vc_column_inner][\/vc_row_inner][vc_row_inner][vc_column_inner][vc_column_text]<\/p>\n<p style=\"text-align: center;\">Divatos sz\u00fcl\u0151knek k\u00e9sz\u00fclt, a Cybex Coya az els\u0151 olyan eserny\u0151kocsi, ahol az ikonikus diz\u00e1jn tal\u00e1lkozik az els\u0151 oszt\u00e1ly\u00fa funkcionalit\u00e1ssal. Ultra kompakt m\u00e9ret\u0171, luxus k\u00e9nyelm\u0171, m\u00e1sodpercek alatt \u00f6sszecsukhat\u00f3 k\u00e9zipoggy\u00e1sz m\u00e9ret\u0171re, \u00edgy gondtalan utaz\u00e1s v\u00e1r r\u00e1tok az indul\u00e1st\u00f3l eg\u00e9szen az \u00e9rkez\u00e9sig. M\u00e1r \u00fajsz\u00fcl\u00f6tt kort\u00f3l haszn\u00e1lhat\u00f3, \u00fcl\u00e9se v\u00edzszintes fekv\u0151 poz\u00edci\u00f3t tesz lehet\u0151v\u00e9 a kicsiknek, l\u00e1btart\u00f3ja \u00e1ll\u00edthat\u00f3 \u00e9s biztons\u00e1gi \u00f6ve k\u00e9nyelmesen, egyetlen k\u00e9zzel a gyermekhez igaz\u00edthat\u00f3. Travel system k\u00e9sz, \u00edgy k\u00f6nnyen v\u00e1lthatsz az aut\u00f3r\u00f3l s\u00e9t\u00e1ra \u00e9s ford\u00edtva.<\/p>\n<p>[\/vc_column_text][\/vc_column_inner][\/vc_row_inner][\/vc_column][\/vc_row][vc_row][vc_column offset=&#8221;vc_hidden-lg vc_hidden-md vc_hidden-sm&#8221;][vc_row_inner css=&#8221;.vc_custom_1680166483127{background-color: #f2f2f2 !important;}&#8221;][vc_column_inner][vc_single_image image=&#8221;107681&#8243; img_size=&#8221;full&#8221; alignment=&#8221;center&#8221;][\/vc_column_inner][\/vc_row_inner][vc_row_inner][vc_column_inner][vc_column_text]<\/p>\n<p style=\"text-align: center;\">Divatos sz\u00fcl\u0151knek k\u00e9sz\u00fclt, a Cybex Coya az els\u0151 olyan eserny\u0151kocsi, ahol az ikonikus diz\u00e1jn tal\u00e1lkozik az els\u0151 oszt\u00e1ly\u00fa funkcionalit\u00e1ssal. Ultra kompakt m\u00e9ret\u0171, luxus k\u00e9nyelm\u0171, m\u00e1sodpercek alatt \u00f6sszecsukhat\u00f3 k\u00e9zipoggy\u00e1sz m\u00e9ret\u0171re, \u00edgy gondtalan utaz\u00e1s v\u00e1r r\u00e1tok az indul\u00e1st\u00f3l eg\u00e9szen az \u00e9rkez\u00e9sig. M\u00e1r \u00fajsz\u00fcl\u00f6tt kort\u00f3l haszn\u00e1lhat\u00f3, \u00fcl\u00e9se v\u00edzszintes fekv\u0151 poz\u00edci\u00f3t tesz lehet\u0151v\u00e9 a kicsiknek, l\u00e1btart\u00f3ja \u00e1ll\u00edthat\u00f3 \u00e9s biztons\u00e1gi \u00f6ve k\u00e9nyelmesen, egyetlen k\u00e9zzel a gyermekhez igaz\u00edthat\u00f3. Travel system k\u00e9sz, \u00edgy k\u00f6nnyen v\u00e1lthatsz az aut\u00f3r\u00f3l s\u00e9t\u00e1ra \u00e9s ford\u00edtva.<\/p>\n<p>[\/vc_column_text][\/vc_column_inner][\/vc_row_inner][\/vc_column][\/vc_row][vc_row][vc_column][vc_column_text]<\/p>\n<h2 style=\"text-align: center;\"><strong>Tulajdons\u00e1gok<\/strong><\/h2>\n<p>[\/vc_column_text][\/vc_column][\/vc_row][vc_row][vc_column width=&#8221;1\/2&#8243;][vc_single_image image=&#8221;107686&#8243; img_size=&#8221;full&#8221; alignment=&#8221;center&#8221;][\/vc_column][vc_column width=&#8221;1\/2&#8243;][vc_row_inner][vc_column_inner offset=&#8221;vc_hidden-xs&#8221;][vc_empty_space height=&#8221;150px&#8221;][\/vc_column_inner][\/vc_row_inner][vc_column_text]<\/p>\n<h5 class=\"matchheight\" style=\"text-align: left;\"><strong>K\u00c9ZIPOGGY\u00c1SZ M\u00c9RET<\/strong><\/h5>\n<p style=\"text-align: left;\">Luxus \u00e9rz\u00e9s az utaz\u00e1sok sor\u00e1n. M\u00e1sodpercek alatt \u00f6sszecsukhat\u00f3, az ultra kompakt m\u00e9ret\u0171 Cybex Coya eserny\u0151kocsi k\u00f6nnyed\u00e9n elf\u00e9r a rep\u00fcl\u0151n a k\u00e9zipoggy\u00e1sz tart\u00f3ban, \u00edgy nyugodtan \u00e9lvezheted a rep\u00fcl\u00e9st.<\/p>\n<p>[\/vc_column_text][\/vc_column][\/vc_row][vc_row css=&#8221;.vc_custom_1680166223719{background-color: #f2f2f2 !important;}&#8221;][vc_column offset=&#8221;vc_hidden-xs&#8221;][vc_single_image image=&#8221;107682&#8243; img_size=&#8221;full&#8221; alignment=&#8221;center&#8221;][\/vc_column][\/vc_row][vc_row css=&#8221;.vc_custom_1680166230766{background-color: #f2f2f2 !important;}&#8221;][vc_column offset=&#8221;vc_hidden-lg vc_hidden-md vc_hidden-sm&#8221;][vc_single_image image=&#8221;107683&#8243; img_size=&#8221;full&#8221; alignment=&#8221;center&#8221;][\/vc_column][\/vc_row][vc_row][vc_column width=&#8221;1\/2&#8243;][vc_single_image image=&#8221;107693&#8243; img_size=&#8221;full&#8221; alignment=&#8221;center&#8221;][\/vc_column][vc_column width=&#8221;1\/2&#8243;][vc_row_inner][vc_column_inner offset=&#8221;vc_hidden-xs&#8221;][vc_empty_space height=&#8221;150px&#8221;][\/vc_column_inner][\/vc_row_inner][vc_column_text]<\/p>\n<h5 class=\"matchheight\" style=\"text-align: left;\"><strong>ERGONOMIKUS FEKV\u0150 POZ\u00cdCI\u00d3<\/strong><\/h5>\n<p style=\"text-align: left;\">Az eserny\u0151kocsi h\u00e1tt\u00e1ml\u00e1ja egyetlen k\u00e9zzel fokozatosan d\u00f6nthet\u0151 eg\u00e9szen a v\u00edzszintes poz\u00edci\u00f3ig, ami extra k\u00e9nyelmet biztos\u00edt a kicsiknek, \u00edgy ak\u00e1r m\u00e1r az els\u0151 napt\u00f3l haszn\u00e1lhatj\u00e1tok.<\/p>\n<p>[\/vc_column_text][\/vc_column][\/vc_row][vc_row][vc_column width=&#8221;1\/2&#8243;][vc_single_image image=&#8221;107692&#8243; img_size=&#8221;full&#8221; alignment=&#8221;center&#8221;][\/vc_column][vc_column width=&#8221;1\/2&#8243;][vc_row_inner][vc_column_inner offset=&#8221;vc_hidden-xs&#8221;][vc_empty_space height=&#8221;150px&#8221;][\/vc_column_inner][\/vc_row_inner][vc_column_text]<\/p>\n<h5 class=\"matchheight\" style=\"text-align: left;\"><strong>EGY K\u00c9ZZEL \u00c1LL\u00cdTHAT\u00d3 BIZTONS\u00c1GI \u00d6V<\/strong><\/h5>\n<p style=\"text-align: left;\">M\u00e1sodpercek alatt biztons\u00e1gosan r\u00f6gz\u00edthet\u0151 a gyerk\u0151c \u00e9s ehhez elegend\u0151 az egyik kezed.<\/p>\n<p>[\/vc_column_text][\/vc_column][\/vc_row][vc_row][vc_column width=&#8221;1\/2&#8243;][vc_single_image image=&#8221;107694&#8243; img_size=&#8221;full&#8221; alignment=&#8221;center&#8221;][\/vc_column][vc_column width=&#8221;1\/2&#8243;][vc_row_inner][vc_column_inner offset=&#8221;vc_hidden-xs&#8221;][vc_empty_space height=&#8221;150px&#8221;][\/vc_column_inner][\/vc_row_inner][vc_column_text]<\/p>\n<h5 class=\"matchheight\" style=\"text-align: left;\"><strong>TRAVEL SYSTEM M\u00c1R \u00daJSZ\u00dcL\u00d6TT KORT\u00d3L<\/strong><\/h5>\n<p style=\"text-align: left;\">Az eserny\u0151kocsi kompatibilis a d\u00edjnyertes Cybex aut\u00f3s\u00fcl\u00e9sekkel, ami extra rugalmass\u00e1got jelent utaz\u00e1saitok sor\u00e1n.<\/p>\n<p>[\/vc_column_text][\/vc_column][\/vc_row][vc_row css=&#8221;.vc_custom_1680156506346{background-color: #f2f2f2 !important;}&#8221;][vc_column width=&#8221;1\/3&#8243;][vc_single_image image=&#8221;107701&#8243; img_size=&#8221;full&#8221; alignment=&#8221;center&#8221;][\/vc_column][vc_column width=&#8221;1\/3&#8243;][vc_single_image image=&#8221;107700&#8243; img_size=&#8221;full&#8221; alignment=&#8221;center&#8221;][\/vc_column][vc_column width=&#8221;1\/3&#8243;][vc_single_image image=&#8221;107705&#8243; img_size=&#8221;full&#8221; alignment=&#8221;center&#8221;][\/vc_column][\/vc_row][vc_row][vc_column width=&#8221;1\/2&#8243;][vc_single_image image=&#8221;107687&#8243; img_size=&#8221;full&#8221; alignment=&#8221;center&#8221;][\/vc_column][vc_column width=&#8221;1\/2&#8243;][vc_row_inner][vc_column_inner offset=&#8221;vc_hidden-xs&#8221;][vc_empty_space height=&#8221;150px&#8221;][\/vc_column_inner][\/vc_row_inner][vc_column_text]<\/p>\n<h5 class=\"matchheight\" style=\"text-align: left;\"><strong>J\u00d3L SZELL\u0150Z\u0150 H\u00c1TT\u00c1MLA<\/strong><\/h5>\n<p style=\"text-align: left;\">A puha p\u00e1rn\u00e1zott \u00fcl\u00e9sb\u00e9l\u00e9s kivehet\u0151, \u00edgy a forr\u00f3 ny\u00e1ri napokon csup\u00e1n egy v\u00e9kony anyag \u00f6leli k\u00f6rbe a gyermeket, aki \u00edgy komfortosan, a h\u0171s\u00edt\u0151 szell\u0151 \u00e9rz\u00e9s\u00e9vel utazhat.<\/p>\n<p>[\/vc_column_text][\/vc_column][\/vc_row][vc_row][vc_column width=&#8221;1\/2&#8243;][vc_single_image image=&#8221;107685&#8243; img_size=&#8221;full&#8221; alignment=&#8221;center&#8221;][\/vc_column][vc_column width=&#8221;1\/2&#8243;][vc_row_inner][vc_column_inner offset=&#8221;vc_hidden-xs&#8221;][vc_empty_space height=&#8221;150px&#8221;][\/vc_column_inner][\/vc_row_inner][vc_column_text]<\/p>\n<h5 style=\"text-align: left;\"><strong>EGYKEZES \u00d6SSZECSUK\u00c1S \u00c9S BE\u00c9P\u00cdTETT HORDOZ\u00d3P\u00c1NT<\/strong><\/h5>\n<p style=\"text-align: left;\">Nagyon egyszer\u0171en, egyetlen k\u00e9zzel kinyithat\u00f3 \u00e9s \u00f6sszecsukhat\u00f3. K\u00f6nny\u0171 s\u00faly\u00fa \u00e9s \u00f6sszecsukva kis m\u00e9ret\u0171, ez\u00e9rt a hordoz\u00f3p\u00e1nt seg\u00edts\u00e9g\u00e9vel ak\u00e1r v\u00e1llon is vihet\u0151.<\/p>\n<p>[\/vc_column_text][\/vc_column][\/vc_row][vc_row][vc_column width=&#8221;1\/2&#8243;][vc_single_image image=&#8221;107691&#8243; img_size=&#8221;full&#8221; alignment=&#8221;center&#8221;][\/vc_column][vc_column width=&#8221;1\/2&#8243;][vc_row_inner][vc_column_inner offset=&#8221;vc_hidden-xs&#8221;][vc_empty_space height=&#8221;150px&#8221;][\/vc_column_inner][\/vc_row_inner][vc_column_text]<\/p>\n<h5 class=\"matchheight\" style=\"text-align: left;\"><strong>\u00c1LL\u00cdTHAT\u00d3 L\u00c1BTART\u00d3<\/strong><\/h5>\n<p style=\"text-align: left;\">A legfontosabb a k\u00e9nyelem \u00e9s boldogs\u00e1g a csavarg\u00e1sok sor\u00e1n, egy \u00e1ll\u00edthat\u00f3 l\u00e1btart\u00f3val pedig garant\u00e1ltan siker\u00fcl majd megtal\u00e1lni a legpihentet\u0151bb poz\u00edci\u00f3t.<\/p>\n<p>[\/vc_column_text][\/vc_column][\/vc_row][vc_row css=&#8221;.vc_custom_1680156609095{background-color: #f2f2f2 !important;}&#8221;][vc_column width=&#8221;1\/3&#8243;][vc_single_image image=&#8221;107704&#8243; img_size=&#8221;full&#8221; alignment=&#8221;center&#8221;][\/vc_column][vc_column width=&#8221;1\/3&#8243;][vc_single_image image=&#8221;107702&#8243; img_size=&#8221;full&#8221; alignment=&#8221;center&#8221;][\/vc_column][vc_column width=&#8221;1\/3&#8243;][vc_single_image image=&#8221;107703&#8243; img_size=&#8221;full&#8221; alignment=&#8221;center&#8221;][\/vc_column][\/vc_row][vc_row][vc_column width=&#8221;1\/2&#8243;][vc_single_image image=&#8221;107690&#8243; img_size=&#8221;full&#8221; alignment=&#8221;center&#8221;][\/vc_column][vc_column width=&#8221;1\/2&#8243;][vc_row_inner][vc_column_inner offset=&#8221;vc_hidden-xs&#8221;][vc_empty_space height=&#8221;150px&#8221;][\/vc_column_inner][\/vc_row_inner][vc_column_text]<\/p>\n<h5 style=\"text-align: left;\"><strong>KUPOLA SZELL\u0150Z\u0150 NY\u00cdL\u00c1SSAL<\/strong><\/h5>\n<p style=\"text-align: left;\">3 r\u00e9szben b\u0151v\u00edthet\u0151, UPF50+-es anyag\u00fa kupol\u00e1ja v\u00e9di a gyermeket az er\u0151s naps\u00fct\u00e9ssel szemben, szell\u0151z\u0151 ny\u00edl\u00e1sa pedig seg\u00edt elviselni a forr\u00f3, ny\u00e1ri h\u0151s\u00e9get.<\/p>\n<p>[\/vc_column_text][\/vc_column][\/vc_row][vc_row][vc_column width=&#8221;1\/2&#8243;][vc_single_image image=&#8221;107689&#8243; img_size=&#8221;full&#8221; alignment=&#8221;center&#8221;][\/vc_column][vc_column width=&#8221;1\/2&#8243;][vc_row_inner][vc_column_inner offset=&#8221;vc_hidden-xs&#8221;][vc_empty_space height=&#8221;150px&#8221;][\/vc_column_inner][\/vc_row_inner][vc_column_text]<\/p>\n<h5 style=\"text-align: left;\"><strong>ELS\u0150 KER\u00c9KFELF\u00dcGGESZT\u00c9S<\/strong><\/h5>\n<p style=\"text-align: left;\">Ak\u00e1r a v\u00e1rosi utc\u00e1kon csavarogtok, ak\u00e1r a rep\u00fcl\u0151t\u00e9ren kell \u00e1tsuhannotok, az els\u0151 ker\u00e9kfelf\u00fcggeszt\u00e9snek k\u00f6sz\u00f6nhet\u0151en a Coya b\u00e1rmilyen szembej\u00f6v\u0151 bukkan\u00f3val megbirk\u00f3zik.<\/p>\n<p>[\/vc_column_text][\/vc_column][\/vc_row][vc_row][vc_column width=&#8221;1\/2&#8243;][vc_single_image image=&#8221;107688&#8243; img_size=&#8221;full&#8221; alignment=&#8221;center&#8221;][\/vc_column][vc_column width=&#8221;1\/2&#8243;][vc_row_inner][vc_column_inner offset=&#8221;vc_hidden-xs&#8221;][vc_empty_space height=&#8221;150px&#8221;][\/vc_column_inner][\/vc_row_inner][vc_column_text]<\/p>\n<h5 style=\"text-align: left;\"><strong>NAGY BEV\u00c1S\u00c1RL\u00d3 KOS\u00c1R<\/strong><\/h5>\n<p style=\"text-align: left;\">T\u00e1gas, k\u00f6nnyen hozz\u00e1f\u00e9rhet\u0151 bev\u00e1s\u00e1rl\u00f3 kosara 5 kg-os kapacit\u00e1s\u00fa, a Coya egy igazi seg\u00edt\u0151 t\u00e1rs a mindennapokban.<\/p>\n<p>[\/vc_column_text][\/vc_column][\/vc_row][vc_row css=&#8221;.vc_custom_1680166223719{background-color: #f2f2f2 !important;}&#8221;][vc_column offset=&#8221;vc_hidden-xs&#8221;][vc_single_image image=&#8221;107710&#8243; img_size=&#8221;full&#8221; alignment=&#8221;center&#8221;][\/vc_column][\/vc_row][vc_row css=&#8221;.vc_custom_1680166230766{background-color: #f2f2f2 !important;}&#8221;][vc_column offset=&#8221;vc_hidden-lg vc_hidden-md vc_hidden-sm&#8221;][vc_single_image image=&#8221;107711&#8243; img_size=&#8221;full&#8221; alignment=&#8221;center&#8221;][\/vc_column][\/vc_row][vc_row][vc_column width=&#8221;1\/2&#8243;][vc_column_text]<strong>Technikai jellemz\u0151k:<\/strong><\/p>\n<p>Aj\u00e1nljuk: \u00fajasz\u00fcl\u00f6tt kort\u00f3l 22 kg-ig (kb. 4 \u00e9ves korig)<br \/>\nM\u00e9retei: Ho: 790 x Sz\u00e9: 440 x Ma:1050 mm<br \/>\n\u00d6sszecsukott m\u00e9retei: 180 x 440 x 520 mm<br \/>\nS\u00falya: 6,6 kg<br \/>\nTiszt\u00edt\u00e1s: a huzat mos\u00f3g\u00e9pben 30 fokon moshat\u00f3<br \/>\nTartalmazza: v\u00e1z az \u00fcl\u00e9ssel, kupola, bev\u00e1s\u00e1rl\u00f3 kos\u00e1r, hordoz\u00f3p\u00e1nt.[\/vc_column_text][\/vc_column][vc_column width=&#8221;1\/2&#8243;][\/vc_column][\/vc_row]<\/p>\n<\/div>","protected":false},"excerpt":{"rendered":"<p>[vc_row][vc_column offset=&#8221;vc_hidden-xs&#8221;][vc_row_inner css=&#8221;.vc_custom_1680166308669{background-color: #f2f2f2 !important;}&#8221;][vc_column_inner][vc_single_image image=&#8221;107680&#8243; img_size=&#8221;full&#8221; alignment=&#8221;center&#8221;][\/vc_column_inner][\/vc_row_inner][vc_row_inner][vc_column_inner][vc_column_text] Divatos sz\u00fcl\u0151knek k\u00e9sz\u00fclt, a Cybex Coya az els\u0151 olyan eserny\u0151kocsi, ahol az ikonikus diz\u00e1jn tal\u00e1lkozik az els\u0151 oszt\u00e1ly\u00fa funkcionalit\u00e1ssal. Ultra kompakt m\u00e9ret\u0171, luxus k\u00e9nyelm\u0171, m\u00e1sodpercek alatt \u00f6sszecsukhat\u00f3 k\u00e9zipoggy\u00e1sz m\u00e9ret\u0171re, \u00edgy gondtalan utaz\u00e1s v\u00e1r r\u00e1tok az indul\u00e1st\u00f3l eg\u00e9szen az \u00e9rkez\u00e9sig. M\u00e1r \u00fajsz\u00fcl\u00f6tt kort\u00f3l&#8230;<\/p>\n","protected":false},"author":5,"featured_media":0,"parent":0,"menu_order":0,"comment_status":"closed","ping_status":"closed","template":"","meta":{"_acf_changed":false,"footnotes":""},"class_list":["post-107674","page","type-page","status-publish","hentry"],"acf":[],"amp_enabled":true,"_links":{"self":[{"href":"https:\/\/mamasandpapas.hu\/blog\/wp-json\/wp\/v2\/pages\/107674","targetHints":{"allow":["GET"]}}],"collection":[{"href":"https:\/\/mamasandpapas.hu\/blog\/wp-json\/wp\/v2\/pages"}],"about":[{"href":"https:\/\/mamasandpapas.hu\/blog\/wp-json\/wp\/v2\/types\/page"}],"author":[{"embeddable":true,"href":"https:\/\/mamasandpapas.hu\/blog\/wp-json\/wp\/v2\/users\/5"}],"replies":[{"embeddable":true,"href":"https:\/\/mamasandpapas.hu\/blog\/wp-json\/wp\/v2\/comments?post=107674"}],"version-history":[{"count":18,"href":"https:\/\/mamasandpapas.hu\/blog\/wp-json\/wp\/v2\/pages\/107674\/revisions"}],"predecessor-version":[{"id":107714,"href":"https:\/\/mamasandpapas.hu\/blog\/wp-json\/wp\/v2\/pages\/107674\/revisions\/107714"}],"wp:attachment":[{"href":"https:\/\/mamasandpapas.hu\/blog\/wp-json\/wp\/v2\/media?parent=107674"}],"curies":[{"name":"wp","href":"https:\/\/api.w.org\/{rel}","templated":true}]}}