{"id":107604,"date":"2023-03-12T15:23:55","date_gmt":"2023-03-12T15:23:55","guid":{"rendered":"https:\/\/mamasandpapas.hu\/blog\/?page_id=107604"},"modified":"2025-10-25T15:13:43","modified_gmt":"2025-10-25T13:13:43","slug":"bugaboo-fox-cub-babakocsi","status":"publish","type":"page","link":"https:\/\/mamasandpapas.hu\/blog\/bugaboo-fox-cub-babakocsi\/","title":{"rendered":"Bugaboo Fox Cub babakocsi"},"content":{"rendered":"<div class=\"wpb-content-wrapper\"><p>[vc_row][vc_column offset=&#8221;vc_hidden-xs&#8221;][vc_column_text]<\/p>\n<h1 style=\"text-align: center;\"><strong><span style=\"color: #ff807e;\">Bugaboo Fox Cub<\/span><\/strong><\/h1>\n<p style=\"text-align: center;\">A Bugaboo Fox Cub egy \u00fcgyes terep babakocsi sz\u00e1mos okos tulajdons\u00e1ggal felszerelve a mindennapi kalandokhoz. N\u00e9gykerekes felf\u00fcggeszt\u00e9ssel, nagyszer\u0171 man\u0151verez\u00e9ssel \u00e9s t\u00e1gas t\u00e1rol\u00f3r\u00e9sszel, \u00edgy m\u00e1r az els\u0151 napt\u00f3l indulhatsz is kis felfedez\u0151ddel.<\/p>\n<p>[\/vc_column_text][\/vc_column][\/vc_row][vc_row css=&#8221;.vc_custom_1678438238359{background-color: #e9f2f4 !important;}&#8221;][vc_column][vc_row_inner][vc_column_inner width=&#8221;1\/2&#8243;][vc_column_text]<\/p>\n<h3 style=\"text-align: left;\"><strong><span style=\"color: #548087;\">Minden, amit a Bugaboo Fox Cub babakocsir\u00f3l tudni \u00e9rdemes<\/span><\/strong><\/h3>\n<ul>\n<li>Nagy kerekek &#8211; n\u00e9gykerekes felf\u00fcggeszt\u00e9s<\/li>\n<li>Szuperk\u00f6nny\u0171 diz\u00e1jn<\/li>\n<li>T\u00e1gas m\u00f3zeskos\u00e1r<\/li>\n<li>2 kerekes m\u00f3d &#8211; ilyenkor az \u00fcl\u00e9s n\u00e9zzen mindig fel\u00e9d<\/li>\n<li>V\u00edzszintesre d\u00f6nthet\u0151 \u00fcl\u00e9s<\/li>\n<li>360 fokban elforgathat\u00f3 kapaszkod\u00f3<\/li>\n<li>Extra nagy kupola &#8211; UPF 50+-es v\u00e9delem<\/li>\n<li>Egy darabban \u00e9s k\u00e9t darbban is \u00f6sszecsukhat\u00f3<\/li>\n<li>Egyszer\u0171 egykezes haszn\u00e1lat<\/li>\n<li>Maxim\u00e1lis k\u00e9nyelem gyermekednek mind az \u00fcl\u00e9sben, mind a m\u00f3zeskos\u00e1rban<\/li>\n<li>5-pontos biztons\u00e1gi \u00f6v<\/li>\n<\/ul>\n<h3 style=\"text-align: left;\"><span style=\"color: #548087;\"><strong>Extr\u00e1k<\/strong><\/span><\/h3>\n<ul>\n<li>Moshat\u00f3 anyagok<\/li>\n<li>T\u00e1gas t\u00e1rol\u00f3r\u00e9sz<\/li>\n<li>Aut\u00f3s\u00fcl\u00e9s kompatibilit\u00e1s<\/li>\n<li>K\u00fcl\u00f6n megv\u00e1s\u00e1rolhat\u00f3 kieg\u00e9sz\u00edt\u0151k &#8211; l\u00e1bzs\u00e1k, testv\u00e9rfell\u00e9p\u0151, ny\u00e1ri szell\u0151z\u0151 kupola<\/li>\n<\/ul>\n<p>[\/vc_column_text][vc_column_text][\/vc_column_text][\/vc_column_inner][vc_column_inner width=&#8221;1\/2&#8243;][vc_single_image image=&#8221;107609&#8243; img_size=&#8221;full&#8221; alignment=&#8221;center&#8221;][\/vc_column_inner][\/vc_row_inner][\/vc_column][\/vc_row][vc_row css=&#8221;.vc_custom_1678454570938{background-color: #f4f4f4 !important;}&#8221;][vc_column][vc_column_text]<\/p>\n<h2 style=\"text-align: center;\"><span style=\"color: #000000;\"><strong>Tulajdons\u00e1gok amiket im\u00e1dni fogsz<\/strong><\/span><\/h2>\n<p>[\/vc_column_text][vc_row_inner][vc_column_inner width=&#8221;1\/3&#8243;][vc_single_image image=&#8221;107606&#8243; img_size=&#8221;full&#8221; alignment=&#8221;center&#8221;][vc_column_text]<\/p>\n<h2 style=\"text-align: center;\"><strong>Egy darabban \u00f6sszecsukhat\u00f3<\/strong><\/h2>\n<p style=\"text-align: center;\">T\u00e1rol\u00e1sa \u00e9s hordoz\u00e1sa egyszer\u0171, mind\u00f6ssze 9.6 kg.<\/p>\n<p>[\/vc_column_text][\/vc_column_inner][vc_column_inner width=&#8221;1\/3&#8243;][vc_single_image image=&#8221;107607&#8243; img_size=&#8221;full&#8221; alignment=&#8221;center&#8221;][vc_column_text]<\/p>\n<h2 style=\"text-align: center;\"><strong>K\u00e9nyelem<\/strong><\/h2>\n<p style=\"text-align: center;\">T\u00e1gas m\u00f3zeskosar\u00e1ban elegend\u0151 helye van a bab\u00e1nak ny\u00fajt\u00f3zkodni, izegni-mozogni, szundizni.<\/p>\n<p>[\/vc_column_text][\/vc_column_inner][vc_column_inner width=&#8221;1\/3&#8243;][vc_single_image image=&#8221;107608&#8243; img_size=&#8221;full&#8221; alignment=&#8221;center&#8221;][vc_column_text]<\/p>\n<h2 style=\"text-align: center;\"><strong>Ikonikus diz\u00e1jn<\/strong><\/h2>\n<p style=\"text-align: center;\">Okos tervez\u00e9s\u00e9nek k\u00f6sz\u00f6nhet\u0151en minden fordul\u00e1s, man\u0151verez\u00e9s minim\u00e1lis er\u0151fesz\u00edt\u00e9st ig\u00e9nyel.<\/p>\n<p>[\/vc_column_text][\/vc_column_inner][\/vc_row_inner][\/vc_column][\/vc_row][vc_row css=&#8221;.vc_custom_1678362910044{background-color: #e9f2f4 !important;}&#8221;][vc_column][vc_row_inner][vc_column_inner width=&#8221;1\/2&#8243;][vc_column_text]<\/p>\n<h2 class=\" u-h2\" style=\"text-align: left;\"><span style=\"color: #77cfbd;\"><strong>K\u00f6rnyezetbar\u00e1tabb babakocsiz\u00e1s<\/strong><\/span><\/h2>\n<p><strong>Bioalap\u00fa anyagokb\u00f3l k\u00e9sz\u00fcl<\/strong><\/p>\n<p>A Bugaboo Fox Cub karbonl\u00e1bnyoma 19%-kal alacsonyabb ahhoz k\u00e9pest, mintha hagyom\u00e1nyos m\u0171anyagb\u00f3l k\u00e9sz\u00fclne.<\/p>\n<p><strong>A c\u00e9l a cs\u00f6kkent\u00e9s<\/strong><\/p>\n<p>Napjainkban a Bugaboo Fox 5 babakocsi karbonl\u00e1bnyoma megegyezik egy 263 km\/\u00f3r\u00e1val sz\u00e1guld\u00f3 benzines aut\u00f3\u00e9val. A c\u00e9l az, hogy 2035-re ez Nulla legyen.<\/p>\n<p><strong>Hossz\u00fa\u00e9let\u0171<\/strong><\/p>\n<p>Hossz\u00fa \u00e9vekre tervezt\u00e9k, a modul\u00e1ris diz\u00e1jnnak k\u00f6sz\u00f6nhet\u0151en egyszer\u0171en jav\u00edthat\u00f3, \u00e9s az egyes elemek cser\u00e9lhet\u0151k ha sz\u00fcks\u00e9ges.<\/p>\n<p><strong>Karbonsemleges sz\u00e1ll\u00edt\u00e1s<\/strong><\/p>\n<p>A Bugaboo Fox Cub babakocsi a c\u00e9g saj\u00e1t gy\u00e1r\u00e1b\u00f3l karbonsemleges \u00f3ce\u00e1ni sz\u00e1ll\u00edt\u00e1ssal \u00e9rkezik.[\/vc_column_text][\/vc_column_inner][vc_column_inner width=&#8221;1\/2&#8243;][vc_single_image image=&#8221;107605&#8243; img_size=&#8221;full&#8221; alignment=&#8221;center&#8221;][\/vc_column_inner][\/vc_row_inner][\/vc_column][\/vc_row][vc_row][vc_column offset=&#8221;vc_hidden-xs&#8221;][vc_row_inner][vc_column_inner width=&#8221;1\/2&#8243;][vc_column_text]<\/p>\n<div class=\"product-table__row o-grid\">\n<div class=\"product-table__wrapper o-col-12 o-col-4--md\">\n<div class=\"product-table__item u-padding-bottom--md u-flex u-flex-column\">\n<h3 class=\"product-table__title\"><strong>Technikai jellemz\u0151k<\/strong><\/h3>\n<ul>\n<li id=\"item-spec\" class=\"product-table__item-spec u-margin-bottom--sm\">\n<div class=\"product-table__item-title u-text--bold\">S\u00faly: 9.6 &#8211; 11.2 kg<\/div>\n<\/li>\n<li id=\"item-spec\" class=\"product-table__item-spec u-margin-bottom--sm\">\n<div class=\"product-table__item-title u-text--bold\">Aj\u00e1nljuk: \u00fajsz\u00fcl\u00f6tt kort\u00f3l kb. 4 \u00e9ves korig, maximum 22 kg-ig<\/div>\n<\/li>\n<li id=\"item-spec\" class=\"product-table__item-spec u-margin-bottom--sm\">\n<div class=\"product-table__item-description\">Kateg\u00f3ria: k\u00e9nyelmes terep babakocsi<\/div>\n<\/li>\n<li>Ker\u00e9k m\u00e9retek: els\u0151: 20 cm, h\u00e1ts\u00f3: 28 cm<\/li>\n<li>Tol\u00f3kar magass\u00e1ga: 89-108 cm<\/li>\n<li>\u00dcl\u00e9s: Sz\u00e9: 39 cm Ho: 50 cm<\/li>\n<li>Kapacit\u00e1s: Az \u00fcl\u00e9sben: 22 kg, bev\u00e1s\u00e1rl\u00f3kos\u00e1r kapacit\u00e1sa: 10 kg, 35 liter<\/li>\n<li>M\u00e9retei \u00f6sszecsukva: k\u00e9t darabban: 83 x 53 x 36 cm, egy darabban: 55 x 60 x 90 cm<\/li>\n<\/ul>\n<\/div>\n<\/div>\n<\/div>\n<p>[\/vc_column_text][\/vc_column_inner][vc_column_inner width=&#8221;1\/2&#8243;][vc_empty_space][vc_column_text css=&#8221;&#8221;]<\/p>\n<ul>\n<li>M\u00e9retei kinyitva: 86 x 60 x 107 cm<\/li>\n<li>\u00dcl\u00e9s magass\u00e1ga: 56 cm<\/li>\n<li>Anyaga: \u00fcl\u00e9s: k\u00edv\u00fcl: 100% poli\u00e9szter, huzat: 100% poliamid,\u00a0 t\u00f6ltet 1: 100% poli\u00e9szter, t\u00f6ltet 2: 100% poliuret\u00e1n hab, m\u00f3zeskos\u00e1r: 100% poli\u00e9szter, matrac: k\u00edv\u00fcl: 100% poli\u00e9szter,\u00a0 huzat: 100% poliamid, t\u00f6ltet: 100% poliuret\u00e1n hab<\/li>\n<li>Tiszt\u00edt\u00e1s: a huzatok 30 fokon moshat\u00f3k. A m\u0171b\u0151r kapaszkod\u00f3k puha nedves kend\u0151vel tiszt\u00edthat\u00f3k.<\/li>\n<li>A csomag tartalma: v\u00e1z kerekekkel \u00e9s kapaszkod\u00f3kkal, \u00fcl\u00e9s, m\u00f3zeskos\u00e1r, kupola, bev\u00e1s\u00e1rl\u00f3kos\u00e1r.<\/li>\n<\/ul>\n<p>[\/vc_column_text][\/vc_column_inner][\/vc_row_inner][\/vc_column][\/vc_row][vc_row][vc_column offset=&#8221;vc_hidden-lg vc_hidden-md vc_hidden-sm&#8221;][vc_column_text]<\/p>\n<div class=\"product-table__row o-grid\">\n<div class=\"product-table__wrapper o-col-12 o-col-4--md\">\n<div class=\"product-table__item u-padding-bottom--md u-flex u-flex-column\">\n<h3 class=\"product-table__title\"><strong>Technikai jellemz\u0151k<\/strong><\/h3>\n<ul>\n<li id=\"item-spec\" class=\"product-table__item-spec u-margin-bottom--sm\">\n<div class=\"product-table__item-title u-text--bold\">S\u00faly: 9.6 &#8211; 11.2 kg<\/div>\n<\/li>\n<li id=\"item-spec\" class=\"product-table__item-spec u-margin-bottom--sm\">\n<div class=\"product-table__item-title u-text--bold\">Aj\u00e1nljuk: \u00fajsz\u00fcl\u00f6tt kort\u00f3l kb. 4 \u00e9ves korig, maximum 22 kg-ig<\/div>\n<\/li>\n<li id=\"item-spec\" class=\"product-table__item-spec u-margin-bottom--sm\">\n<div class=\"product-table__item-description\">Kateg\u00f3ria: k\u00e9nyelmes terep babakocsi<\/div>\n<\/li>\n<li>Ker\u00e9k m\u00e9retek: els\u0151: 20 cm, h\u00e1ts\u00f3: 28 cm<\/li>\n<li>Tol\u00f3kar magass\u00e1ga: 89-108 cm<\/li>\n<li>\u00dcl\u00e9s: Sz\u00e9: 39 cm Ho: 50 cm<\/li>\n<li>Kapacit\u00e1s: Az \u00fcl\u00e9sben: 22 kg, bev\u00e1s\u00e1rl\u00f3kos\u00e1r kapacit\u00e1sa: 10 kg, 35 liter<\/li>\n<li>M\u00e9retei \u00f6sszecsukva: k\u00e9t darabban: 83 x 53 x 36 cm, egy darabban: 55 x 60 x 90 cm<\/li>\n<li>M\u00e9retei kinyitva: 86 x 60 x 107 cm<\/li>\n<li>\u00dcl\u00e9s magass\u00e1ga: 56 cm<\/li>\n<li>Anyaga: \u00fcl\u00e9s: k\u00edv\u00fcl: 100% poli\u00e9szter, huzat: 100% poliamid,\u00a0 t\u00f6ltet 1: 100% poli\u00e9szter, t\u00f6ltet 2: 100% poliuret\u00e1n hab, m\u00f3zeskos\u00e1r: 100% poli\u00e9szter, matrac: k\u00edv\u00fcl: 100% poli\u00e9szter,\u00a0 huzat: 100% poliamid, t\u00f6ltet: 100% poliuret\u00e1n hab<\/li>\n<li>Tiszt\u00edt\u00e1s: a huzatok 30 fokon moshat\u00f3k. A m\u0171b\u0151r kapaszkod\u00f3k puha nedves kend\u0151vel tiszt\u00edthat\u00f3k.<\/li>\n<li>A csomag tartalma: v\u00e1z kerekekkel \u00e9s kapaszkod\u00f3kkal, \u00fcl\u00e9s, m\u00f3zeskos\u00e1r, kupola, bev\u00e1s\u00e1rl\u00f3kos\u00e1r, es\u0151v\u00e9d\u0151.<\/li>\n<\/ul>\n<\/div>\n<\/div>\n<\/div>\n<p>[\/vc_column_text][\/vc_column][\/vc_row]<\/p>\n<\/div>","protected":false},"excerpt":{"rendered":"<p>[vc_row][vc_column offset=&#8221;vc_hidden-xs&#8221;][vc_column_text] Bugaboo Fox Cub A Bugaboo Fox Cub egy \u00fcgyes terep babakocsi sz\u00e1mos okos tulajdons\u00e1ggal felszerelve a mindennapi kalandokhoz. N\u00e9gykerekes felf\u00fcggeszt\u00e9ssel, nagyszer\u0171 man\u0151verez\u00e9ssel \u00e9s t\u00e1gas t\u00e1rol\u00f3r\u00e9sszel, \u00edgy m\u00e1r az els\u0151 napt\u00f3l indulhatsz is kis felfedez\u0151ddel. [\/vc_column_text][\/vc_column][\/vc_row][vc_row css=&#8221;.vc_custom_1678438238359{background-color: #e9f2f4 !important;}&#8221;][vc_column][vc_row_inner][vc_column_inner width=&#8221;1\/2&#8243;][vc_column_text] Minden, amit a Bugaboo Fox Cub babakocsir\u00f3l tudni \u00e9rdemes&#8230;<\/p>\n","protected":false},"author":5,"featured_media":0,"parent":0,"menu_order":0,"comment_status":"closed","ping_status":"closed","template":"","meta":{"_acf_changed":false,"footnotes":""},"class_list":["post-107604","page","type-page","status-publish","hentry"],"acf":[],"amp_enabled":true,"_links":{"self":[{"href":"https:\/\/mamasandpapas.hu\/blog\/wp-json\/wp\/v2\/pages\/107604","targetHints":{"allow":["GET"]}}],"collection":[{"href":"https:\/\/mamasandpapas.hu\/blog\/wp-json\/wp\/v2\/pages"}],"about":[{"href":"https:\/\/mamasandpapas.hu\/blog\/wp-json\/wp\/v2\/types\/page"}],"author":[{"embeddable":true,"href":"https:\/\/mamasandpapas.hu\/blog\/wp-json\/wp\/v2\/users\/5"}],"replies":[{"embeddable":true,"href":"https:\/\/mamasandpapas.hu\/blog\/wp-json\/wp\/v2\/comments?post=107604"}],"version-history":[{"count":9,"href":"https:\/\/mamasandpapas.hu\/blog\/wp-json\/wp\/v2\/pages\/107604\/revisions"}],"predecessor-version":[{"id":109541,"href":"https:\/\/mamasandpapas.hu\/blog\/wp-json\/wp\/v2\/pages\/107604\/revisions\/109541"}],"wp:attachment":[{"href":"https:\/\/mamasandpapas.hu\/blog\/wp-json\/wp\/v2\/media?parent=107604"}],"curies":[{"name":"wp","href":"https:\/\/api.w.org\/{rel}","templated":true}]}}