{"id":107557,"date":"2023-03-10T08:54:10","date_gmt":"2023-03-10T08:54:10","guid":{"rendered":"https:\/\/mamasandpapas.hu\/blog\/?page_id=107557"},"modified":"2025-01-30T09:03:18","modified_gmt":"2025-01-30T09:03:18","slug":"bugaboo-fox-5-babakocsi","status":"publish","type":"page","link":"https:\/\/mamasandpapas.hu\/blog\/bugaboo-fox-5-babakocsi\/","title":{"rendered":"Bugaboo Fox 5 babakocsi"},"content":{"rendered":"<div class=\"wpb-content-wrapper\"><p>[vc_row css=&#8221;.vc_custom_1678363682325{background-color: #6c5971 !important;}&#8221;][vc_column offset=&#8221;vc_hidden-xs&#8221;][vc_row_inner][vc_column_inner width=&#8221;1\/3&#8243;][vc_empty_space height=&#8221;120px&#8221;][vc_column_text]<\/p>\n<h1 style=\"text-align: center;\"><strong><span style=\"color: #d5fc7b;\">Bugaboo Fox 5<\/span><\/strong><\/h1>\n<h2 style=\"text-align: center;\"><span style=\"color: #ffffff;\">Az egyed\u00fcl\u00e1ll\u00f3 terep babakocsi<\/span><\/h2>\n<p>[\/vc_column_text][\/vc_column_inner][vc_column_inner width=&#8221;2\/3&#8243;][vc_single_image image=&#8221;107567&#8243; img_size=&#8221;full&#8221; alignment=&#8221;center&#8221;][\/vc_column_inner][\/vc_row_inner][\/vc_column][\/vc_row][vc_row css=&#8221;.vc_custom_1678363682325{background-color: #6c5971 !important;}&#8221;][vc_column offset=&#8221;vc_hidden-lg vc_hidden-md vc_hidden-sm&#8221;][vc_row_inner][vc_column_inner width=&#8221;1\/3&#8243;][vc_column_text]<\/p>\n<h1 style=\"text-align: center;\"><strong><span style=\"color: #d5fc7b;\">Bugaboo Fox 5<\/span><\/strong><\/h1>\n<h2 style=\"text-align: center;\"><span style=\"color: #ffffff;\">Az egyed\u00fcl\u00e1ll\u00f3 terep babakocsi<\/span><\/h2>\n<p>[\/vc_column_text][\/vc_column_inner][vc_column_inner width=&#8221;2\/3&#8243;][vc_single_image image=&#8221;107569&#8243; img_size=&#8221;full&#8221; alignment=&#8221;center&#8221;][\/vc_column_inner][\/vc_row_inner][\/vc_column][\/vc_row][vc_row css=&#8221;.vc_custom_1678360964963{background-color: #548087 !important;}&#8221;][vc_column][vc_column_text]<\/p>\n<h2 class=\"u-h2\" style=\"text-align: center;\"><span style=\"color: #d5fc7b;\">A pocakon k\u00edv\u00fcli legjobb &#8222;babahordoz\u00f3&#8221;<\/span><\/h2>\n<h2 class=\"u-h2\" style=\"text-align: center;\"><span style=\"font-size: 18px; color: #ffffff;\">Kisbab\u00e1d \u00e9lete a pocakban kezd\u0151dik. Miut\u00e1n meg\u00e9rkezik a vil\u00e1gba, a pocakon k\u00edv\u00fcl a Bugaboo Fox 5 a t\u00f6k\u00e9letes v\u00e1laszt\u00e1s a baba tov\u00e1bbi k\u00e9nyelmes \u00e9s biztons\u00e1gos &#8222;hordoz\u00e1s\u00e1hoz&#8221;, hiszen b\u00e1rmilyen terepre mentek is, nincs akad\u00e1ly.<\/span><\/h2>\n<p>[\/vc_column_text][vc_row_inner][vc_column_inner width=&#8221;1\/6&#8243;][\/vc_column_inner][vc_column_inner width=&#8221;2\/3&#8243;][vc_video link=&#8221;https:\/\/youtu.be\/_sTwW_z8qi8&#8243;][\/vc_column_inner][vc_column_inner width=&#8221;1\/6&#8243;][\/vc_column_inner][\/vc_row_inner][vc_row_inner][vc_column_inner width=&#8221;1\/4&#8243;][vc_column_text]<\/p>\n<h4 class=\"u-h5 u-margin-bottom--sm\" style=\"text-align: center;\"><span style=\"color: #ffffff;\"><strong>P\u00e1ratlan man\u0151verez\u00e9s<\/strong><\/span><\/h4>\n<p style=\"text-align: center;\"><span style=\"color: #ffffff;\">Egyedi v\u00e1za strapab\u00edr\u00f3 m\u00e9gis szuperk\u00f6nny\u0171, \u00edgy pofon egyszer\u0171 navig\u00e1lni.<\/span><\/p>\n<p>[\/vc_column_text][\/vc_column_inner][vc_column_inner width=&#8221;1\/4&#8243;][vc_column_text]<\/p>\n<h4 style=\"text-align: center;\"><span style=\"color: #ffffff;\"><strong>B\u0151v\u00edthet\u0151 \u00fcl\u00e9s<\/strong><\/span><\/h4>\n<p style=\"text-align: center;\"><span style=\"color: #ffffff;\">Az \u00fcl\u00e9s 10 centim\u00e9terrel b\u0151v\u00edthet\u0151, \u00edgy egyszer\u0171en alkalmazkodik a mindig v\u00e1ltoz\u00f3 ig\u00e9nyekhez.<\/span><\/p>\n<p>[\/vc_column_text][\/vc_column_inner][vc_column_inner width=&#8221;1\/4&#8243;][vc_column_text]<\/p>\n<h4 style=\"text-align: center;\"><span style=\"color: #ffffff;\"><strong>Egykezes haszn\u00e1lat<\/strong><\/span><\/h4>\n<p style=\"text-align: center;\"><span style=\"color: #ffffff;\">A tol\u00f3kar magass\u00e1ga \u00e9s az \u00fcl\u00e9s d\u0151l\u00e9ssz\u00f6ge is k\u00f6nnyed\u00e9n \u00e1ll\u00edthat\u00f3 egy k\u00e9zzel, \u00e9s ugyanez jellemzi az \u00f6sszecsuk\u00e1st is.<\/span><\/p>\n<p>[\/vc_column_text][\/vc_column_inner][vc_column_inner width=&#8221;1\/4&#8243;][vc_column_text]<\/p>\n<h4 style=\"text-align: center;\"><span style=\"color: #ffffff;\"><strong>M\u00e9g fenntarthat\u00f3bb<\/strong><\/span><\/h4>\n<p style=\"text-align: center;\"><span style=\"color: #ffffff;\">A Bugaboo Fox 5 mindegyik eleme \u00fagy k\u00e9sz\u00fclt, hogy min\u00e9l kisebb terhet r\u00f3jon a k\u00f6rnyezetre.<\/span><\/p>\n<p>[\/vc_column_text][\/vc_column_inner][\/vc_row_inner][\/vc_column][\/vc_row][vc_row css=&#8221;.vc_custom_1678438238359{background-color: #e9f2f4 !important;}&#8221;][vc_column][vc_row_inner][vc_column_inner width=&#8221;1\/6&#8243;][\/vc_column_inner][vc_column_inner width=&#8221;2\/3&#8243;][vc_video link=&#8221;https:\/\/youtu.be\/fxSfLIILk_o&#8221;][\/vc_column_inner][vc_column_inner width=&#8221;1\/6&#8243;][\/vc_column_inner][\/vc_row_inner][vc_row_inner][vc_column_inner width=&#8221;1\/2&#8243;][vc_column_text]<\/p>\n<h3 style=\"text-align: left;\"><strong><span style=\"color: #548087;\">Minden, amit a Bugaboo Fox 5 babakocsir\u00f3l tudni \u00e9rdemes<\/span><\/strong><\/h3>\n<ul>\n<li>Extra nagy kerekek &#8211; n\u00e9gykerekes felf\u00fcggeszt\u00e9s<\/li>\n<li>2 kerekes m\u00f3d &#8211; ilyenkor az \u00fcl\u00e9s n\u00e9zzen mindig fel\u00e9d<\/li>\n<li>Gond n\u00e9lk\u00fcli korm\u00e1nyz\u00e1s<\/li>\n<li>Egyszer\u0171 egykezes haszn\u00e1lat<\/li>\n<li>Maxim\u00e1lis k\u00e9nyelem gyermekednek mind az \u00fcl\u00e9sben, mind a m\u00f3zeskos\u00e1rban<\/li>\n<li>Extra nagy kupola &#8211; UPF 50+-es v\u00e9delem<\/li>\n<li>5-pontos biztons\u00e1gi \u00f6v<\/li>\n<li>A n\u00f6vekv\u0151 gyermekhez igaz\u00edthat\u00f3 \u00fcl\u00e9s &#8211; 5 centim\u00e9ter b\u0151v\u00edt\u00e9s a l\u00e1bt\u00e1maszn\u00e1l \u00e9s 5 centim\u00e9ter b\u0151v\u00edt\u00e9s a kupol\u00e1n\u00e1l<\/li>\n<\/ul>\n<p>[\/vc_column_text][\/vc_column_inner][vc_column_inner width=&#8221;1\/2&#8243;][vc_column_text]<\/p>\n<h3 style=\"text-align: left;\"><span style=\"color: #548087;\"><strong>Extr\u00e1k<\/strong><\/span><\/h3>\n<ul>\n<li>Moshat\u00f3 anyagok<\/li>\n<li>T\u00e1gas t\u00e1rol\u00f3r\u00e9sz<\/li>\n<li>Aut\u00f3s\u00fcl\u00e9s kompatibilit\u00e1s<\/li>\n<li>7000 tesztkilom\u00e9ter<\/li>\n<li>K\u00fcl\u00f6n megv\u00e1s\u00e1rolhat\u00f3 \u00e1llv\u00e1ny a m\u00f3zeskos\u00e1rhoz &#8211; a napk\u00f6zbeni szuny\u00f3k\u00e1l\u00e1sokhoz<\/li>\n<li>K\u00fcl\u00f6n megv\u00e1s\u00e1rolhat\u00f3 kieg\u00e9sz\u00edt\u0151k &#8211; l\u00e1bzs\u00e1k, testv\u00e9rfell\u00e9p\u0151, ny\u00e1ri szell\u0151z\u0151 kupola<\/li>\n<\/ul>\n<p>[\/vc_column_text][\/vc_column_inner][\/vc_row_inner][\/vc_column][\/vc_row][vc_row][vc_column width=&#8221;1\/2&#8243;][vc_single_image image=&#8221;107559&#8243; img_size=&#8221;full&#8221; alignment=&#8221;center&#8221;][\/vc_column][vc_column width=&#8221;1\/2&#8243;][vc_row_inner][vc_column_inner offset=&#8221;vc_hidden-xs&#8221;][vc_empty_space height=&#8221;100px&#8221;][\/vc_column_inner][\/vc_row_inner][vc_column_text]<\/p>\n<h3><strong>Mi v\u00e1ltozott el\u0151dj\u00e9hez, a Fox 3-hoz k\u00e9pest?<\/strong><\/h3>\n<ul>\n<li>Egyetlen k\u00e9zzel \u00f6ssze tudod csukni a kocsit, tudod \u00e1ll\u00edtani a tol\u00f3kart \u00e9s az \u00fcl\u00e9st<\/li>\n<li>\u00daj v\u00e1z diz\u00e1jn a jobb korm\u00e1nyz\u00e1s \u00e9rdek\u00e9ben<\/li>\n<li>A l\u00e1bt\u00e1masz lejjebb, a kupola feljebb \u00e1ll\u00edthat\u00f3, \u00edgy az \u00fcl\u00e9s 10 centim\u00e9terrel meghosszabb\u00edthat\u00f3 &#8211; az \u00fcl\u00e9s a gyerk\u0151c n\u00f6veked\u00e9s\u00e9hez igazodik<\/li>\n<li>A t\u00e1rol\u00f3kos\u00e1rban most m\u00e9g t\u00f6bb minden f\u00e9r el<\/li>\n<li>\u00daj testv\u00e9rfell\u00e9p\u0151 csatlakoz\u00e1si pontok &#8211; \u00edgy m\u00e9g t\u00f6bb hely van sz\u00e1modra is a s\u00e9t\u00e1k sor\u00e1n<\/li>\n<li>\u00daj, Astro Purple sz\u00edn!<\/li>\n<li>M\u00e9g t\u00f6bb st\u00edlusos r\u00e9szlet a megragad\u00f3 tekintetek\u00e9rt<\/li>\n<\/ul>\n<p>[\/vc_column_text][\/vc_column][\/vc_row][vc_row css=&#8221;.vc_custom_1678362272593{background-color: #548087 !important;}&#8221;][vc_column][vc_column_text]<\/p>\n<h2 style=\"text-align: center;\"><strong><span style=\"color: #ffffff;\">Tulajdons\u00e1gok amiket im\u00e1dni fogsz<\/span><\/strong><\/h2>\n<p>[\/vc_column_text][vc_row_inner][vc_column_inner width=&#8221;1\/3&#8243;][vc_single_image image=&#8221;107561&#8243; img_size=&#8221;full&#8221; alignment=&#8221;center&#8221;][vc_column_text]<\/p>\n<h2 style=\"text-align: center;\"><span style=\"color: #ffffff;\"><strong>Egyszer\u0171 haszn\u00e1lat<\/strong><\/span><\/h2>\n<p style=\"text-align: center;\"><span style=\"color: #ffffff;\">Egykezes be\u00e1ll\u00edt\u00e1si opci\u00f3k<\/span><\/p>\n<p>[\/vc_column_text][\/vc_column_inner][vc_column_inner width=&#8221;1\/3&#8243;][vc_single_image image=&#8221;107562&#8243; img_size=&#8221;full&#8221; alignment=&#8221;center&#8221;][vc_column_text]<\/p>\n<h2 style=\"text-align: center;\"><span style=\"color: #ffffff;\"><strong>K\u00e9nyelem<\/strong><\/span><\/h2>\n<p style=\"text-align: center;\"><span style=\"color: #ffffff;\">A n\u00f6vekv\u0151 gyermekhez igaz\u00edthat\u00f3<\/span><\/p>\n<p>[\/vc_column_text][\/vc_column_inner][vc_column_inner width=&#8221;1\/3&#8243;][vc_single_image image=&#8221;107560&#8243; img_size=&#8221;full&#8221; alignment=&#8221;center&#8221;][vc_column_text]<\/p>\n<h2 style=\"text-align: center;\"><span style=\"color: #ffffff;\"><strong>Diz\u00e1jn<\/strong><\/span><\/h2>\n<p style=\"text-align: center;\"><span style=\"color: #ffffff;\">\u00daj tervez\u00e9s\u0171 v\u00e1z\u00e1val m\u00e9g k\u00f6nnyebb a man\u0151verez\u00e9s<\/span><\/p>\n<p>[\/vc_column_text][\/vc_column_inner][\/vc_row_inner][\/vc_column][\/vc_row][vc_row css=&#8221;.vc_custom_1678362910044{background-color: #e9f2f4 !important;}&#8221;][vc_column][vc_row_inner][vc_column_inner width=&#8221;1\/2&#8243;][vc_column_text]<\/p>\n<h2 class=\" u-h2\" style=\"text-align: left;\"><span style=\"color: #77cfbd;\"><strong>K\u00f6rnyezetbar\u00e1tabb babakocsiz\u00e1s<\/strong><\/span><\/h2>\n<p><strong>Bioalap\u00fa anyagokb\u00f3l k\u00e9sz\u00fcl<\/strong><\/p>\n<p>A Bugaboo Fox 5 karbonl\u00e1bnyoma 20%-kal alacsonyabb ahhoz k\u00e9pest, mintha hagyom\u00e1nyos m\u0171anyagb\u00f3l k\u00e9sz\u00fclne.<\/p>\n<p><strong>A c\u00e9l a cs\u00f6kkent\u00e9s<\/strong><\/p>\n<p>Napjainkban a Bugaboo Fox 5 babakocsi karbonl\u00e1bnyoma megegyezik egy 325 km\/\u00f3r\u00e1val sz\u00e1guld\u00f3 benzines aut\u00f3\u00e9val. A c\u00e9l az, hogy 2035-re ez Nulla legyen.<\/p>\n<p><strong>Hossz\u00fa\u00e9let\u0171<\/strong><\/p>\n<p>Hossz\u00fa \u00e9vekre tervezt\u00e9k, a modul\u00e1ris diz\u00e1jnnak k\u00f6sz\u00f6nhet\u0151en egyszer\u0171en jav\u00edthat\u00f3, \u00e9s az egyes elemek cser\u00e9lhet\u0151k ha sz\u00fcks\u00e9ges.<\/p>\n<p><strong>Karbonsemleges sz\u00e1ll\u00edt\u00e1s<\/strong><\/p>\n<p>A Bugaboo Fox 5 babakocsi a c\u00e9g saj\u00e1t gy\u00e1r\u00e1b\u00f3l karbonsemleges \u00f3ce\u00e1ni sz\u00e1ll\u00edt\u00e1ssal \u00e9rkezik.[\/vc_column_text][\/vc_column_inner][vc_column_inner width=&#8221;1\/2&#8243;][vc_single_image image=&#8221;107563&#8243; img_size=&#8221;full&#8221; alignment=&#8221;center&#8221;][\/vc_column_inner][\/vc_row_inner][\/vc_column][\/vc_row][vc_row][vc_column offset=&#8221;vc_hidden-xs&#8221;][vc_row_inner][vc_column_inner width=&#8221;1\/2&#8243;][vc_column_text]<\/p>\n<div class=\"product-table__row o-grid\">\n<div class=\"product-table__wrapper o-col-12 o-col-4--md\">\n<div class=\"product-table__item u-padding-bottom--md u-flex u-flex-column\">\n<h3 class=\"product-table__title\"><strong>Technikai jellemz\u0151k<\/strong><\/h3>\n<ul>\n<li id=\"item-spec\" class=\"product-table__item-spec u-margin-bottom--sm\">\n<div class=\"product-table__item-title u-text--bold\">S\u00faly: \u00fcl\u00e9ssel: 12.2 kg, m\u00f3zeskos\u00e1rral: 13 kg<\/div>\n<\/li>\n<li id=\"item-spec\" class=\"product-table__item-spec u-margin-bottom--sm\">\n<div class=\"product-table__item-title u-text--bold\">Aj\u00e1nljuk: \u00fajsz\u00fcl\u00f6tt kort\u00f3l kb. 4 \u00e9ves korig, maximum 22 kg-ig<\/div>\n<\/li>\n<li id=\"item-spec\" class=\"product-table__item-spec u-margin-bottom--sm\">\n<div class=\"product-table__item-description\">Kateg\u00f3ria: k\u00e9nyelmes terep babakocsi<\/div>\n<\/li>\n<li>Ker\u00e9k m\u00e9retek: els\u0151: 22 cm, h\u00e1ts\u00f3: 30 cm<\/li>\n<li>Tol\u00f3kar magass\u00e1ga: 92-108 cm<\/li>\n<li>\u00dcl\u00e9s: Sz\u00e9: 39 cm Ho: 50 cm (10 centim\u00e9terrel b\u0151v\u00edthet\u0151 a l\u00e1bt\u00e1masz lejjebb \u00e9s a kupola feljebb t\u00f6rt\u00e9n\u0151 \u00e1ll\u00edt\u00e1s\u00e1val)<\/li>\n<li>Kapacit\u00e1s: Az \u00fcl\u00e9sben: 22 kg, bev\u00e1s\u00e1rl\u00f3kos\u00e1r kapacit\u00e1sa: 10 kg, 39 liter<\/li>\n<li>M\u00e9retei \u00f6sszecsukva: k\u00e9t darabban: 89 x 53 x 34 cm, egy darabban: 44 x 60 x 90 cm<\/li>\n<\/ul>\n<\/div>\n<\/div>\n<\/div>\n<p>[\/vc_column_text][\/vc_column_inner][vc_column_inner width=&#8221;1\/2&#8243;][vc_empty_space][vc_column_text]<\/p>\n<ul>\n<li>M\u00e9retei kinyitva: 93 x 60 x 105 cm<\/li>\n<li>\u00dcl\u00e9s magass\u00e1ga: 59 cm<\/li>\n<li>M\u00f3zeskos\u00e1r magass\u00e1ga: 54 &#8211; 74 cm<\/li>\n<li>Anyaga: anyagok \u00e9s t\u00f6ltet: 100% poli\u00e9szter, tol\u00f3kar bor\u00edt\u00e1sa: 100% poliuret\u00e1n m\u0171b\u0151r, matrac: 100% poli\u00e9szter<\/li>\n<li>Tiszt\u00edt\u00e1s: a huzatok 30 fokon moshat\u00f3k. A m\u0171b\u0151r kapaszkod\u00f3k puha nedves kend\u0151vel tiszt\u00edthat\u00f3k.<\/li>\n<li>A csomag tartalma: v\u00e1z kerekekkel \u00e9s kapaszkod\u00f3kkal, \u00fcl\u00e9s, m\u00f3zeskos\u00e1r, kupola, bev\u00e1s\u00e1rl\u00f3kos\u00e1r, es\u0151v\u00e9d\u0151.<\/li>\n<\/ul>\n<p>[\/vc_column_text][\/vc_column_inner][\/vc_row_inner][\/vc_column][\/vc_row][vc_row][vc_column offset=&#8221;vc_hidden-lg vc_hidden-md vc_hidden-sm&#8221;][vc_column_text]<\/p>\n<div class=\"product-table__row o-grid\">\n<div class=\"product-table__wrapper o-col-12 o-col-4--md\">\n<div class=\"product-table__item u-padding-bottom--md u-flex u-flex-column\">\n<h3 class=\"product-table__title\"><strong>Technikai jellemz\u0151k<\/strong><\/h3>\n<ul>\n<li id=\"item-spec\" class=\"product-table__item-spec u-margin-bottom--sm\">\n<div class=\"product-table__item-title u-text--bold\">S\u00faly: \u00fcl\u00e9ssel: 12.2 kg, m\u00f3zeskos\u00e1rral: 13 kg<\/div>\n<\/li>\n<li id=\"item-spec\" class=\"product-table__item-spec u-margin-bottom--sm\">\n<div class=\"product-table__item-title u-text--bold\">Aj\u00e1nljuk: \u00fajsz\u00fcl\u00f6tt kort\u00f3l kb. 4 \u00e9ves korig, maximum 22 kg-ig<\/div>\n<\/li>\n<li id=\"item-spec\" class=\"product-table__item-spec u-margin-bottom--sm\">\n<div class=\"product-table__item-description\">Kateg\u00f3ria: k\u00e9nyelmes terep babakocsi<\/div>\n<\/li>\n<li>Ker\u00e9k m\u00e9retek: els\u0151: 22 cm, h\u00e1ts\u00f3: 30 cm<\/li>\n<li>Tol\u00f3kar magass\u00e1ga: 92-108 cm<\/li>\n<li>\u00dcl\u00e9s: Sz\u00e9: 39 cm Ho: 50 cm (10 centim\u00e9terrel b\u0151v\u00edthet\u0151 a l\u00e1bt\u00e1masz lejjebb \u00e9s a kupola feljebb t\u00f6rt\u00e9n\u0151 \u00e1ll\u00edt\u00e1s\u00e1val)<\/li>\n<li>Kapacit\u00e1s: Az \u00fcl\u00e9sben: 22 kg, bev\u00e1s\u00e1rl\u00f3kos\u00e1r kapacit\u00e1sa: 10 kg, 39 liter<\/li>\n<li>M\u00e9retei \u00f6sszecsukva: k\u00e9t darabban: 89 x 53 x 34 cm, egy darabban: 44 x 60 x 90 cm<\/li>\n<li>M\u00e9retei kinyitva: 93 x 60 x 105 cm<\/li>\n<li>\u00dcl\u00e9s magass\u00e1ga: 59 cm<\/li>\n<li>M\u00f3zeskos\u00e1r magass\u00e1ga: 54 &#8211; 74 cm<\/li>\n<li>Anyaga: anyagok \u00e9s t\u00f6ltet: 100% poli\u00e9szter, tol\u00f3kar bor\u00edt\u00e1sa: 100% poliuret\u00e1n m\u0171b\u0151r, matrac: 100% poli\u00e9szter<\/li>\n<li>Tiszt\u00edt\u00e1s: a huzatok 30 fokon moshat\u00f3k. A m\u0171b\u0151r kapaszkod\u00f3k puha nedves kend\u0151vel tiszt\u00edthat\u00f3k.<\/li>\n<li>A csomag tartalma: v\u00e1z kerekekkel \u00e9s kapaszkod\u00f3kkal, \u00fcl\u00e9s, m\u00f3zeskos\u00e1r, kupola, bev\u00e1s\u00e1rl\u00f3kos\u00e1r, es\u0151v\u00e9d\u0151.<\/li>\n<\/ul>\n<\/div>\n<\/div>\n<\/div>\n<p>[\/vc_column_text][\/vc_column][\/vc_row]<\/p>\n<\/div>","protected":false},"excerpt":{"rendered":"<p>[vc_row css=&#8221;.vc_custom_1678363682325{background-color: #6c5971 !important;}&#8221;][vc_column offset=&#8221;vc_hidden-xs&#8221;][vc_row_inner][vc_column_inner width=&#8221;1\/3&#8243;][vc_empty_space height=&#8221;120px&#8221;][vc_column_text] Bugaboo Fox 5 Az egyed\u00fcl\u00e1ll\u00f3 terep babakocsi [\/vc_column_text][\/vc_column_inner][vc_column_inner width=&#8221;2\/3&#8243;][vc_single_image image=&#8221;107567&#8243; img_size=&#8221;full&#8221; alignment=&#8221;center&#8221;][\/vc_column_inner][\/vc_row_inner][\/vc_column][\/vc_row][vc_row css=&#8221;.vc_custom_1678363682325{background-color: #6c5971 !important;}&#8221;][vc_column offset=&#8221;vc_hidden-lg vc_hidden-md vc_hidden-sm&#8221;][vc_row_inner][vc_column_inner width=&#8221;1\/3&#8243;][vc_column_text] Bugaboo Fox 5 Az egyed\u00fcl\u00e1ll\u00f3 terep babakocsi [\/vc_column_text][\/vc_column_inner][vc_column_inner width=&#8221;2\/3&#8243;][vc_single_image image=&#8221;107569&#8243; img_size=&#8221;full&#8221; alignment=&#8221;center&#8221;][\/vc_column_inner][\/vc_row_inner][\/vc_column][\/vc_row][vc_row css=&#8221;.vc_custom_1678360964963{background-color: #548087 !important;}&#8221;][vc_column][vc_column_text] A pocakon k\u00edv\u00fcli legjobb &#8222;babahordoz\u00f3&#8221; Kisbab\u00e1d \u00e9lete a pocakban&#8230;<\/p>\n","protected":false},"author":5,"featured_media":0,"parent":0,"menu_order":0,"comment_status":"closed","ping_status":"closed","template":"","meta":{"_acf_changed":false,"footnotes":""},"class_list":["post-107557","page","type-page","status-publish","hentry"],"acf":[],"amp_enabled":true,"_links":{"self":[{"href":"https:\/\/mamasandpapas.hu\/blog\/wp-json\/wp\/v2\/pages\/107557","targetHints":{"allow":["GET"]}}],"collection":[{"href":"https:\/\/mamasandpapas.hu\/blog\/wp-json\/wp\/v2\/pages"}],"about":[{"href":"https:\/\/mamasandpapas.hu\/blog\/wp-json\/wp\/v2\/types\/page"}],"author":[{"embeddable":true,"href":"https:\/\/mamasandpapas.hu\/blog\/wp-json\/wp\/v2\/users\/5"}],"replies":[{"embeddable":true,"href":"https:\/\/mamasandpapas.hu\/blog\/wp-json\/wp\/v2\/comments?post=107557"}],"version-history":[{"count":42,"href":"https:\/\/mamasandpapas.hu\/blog\/wp-json\/wp\/v2\/pages\/107557\/revisions"}],"predecessor-version":[{"id":109245,"href":"https:\/\/mamasandpapas.hu\/blog\/wp-json\/wp\/v2\/pages\/107557\/revisions\/109245"}],"wp:attachment":[{"href":"https:\/\/mamasandpapas.hu\/blog\/wp-json\/wp\/v2\/media?parent=107557"}],"curies":[{"name":"wp","href":"https:\/\/api.w.org\/{rel}","templated":true}]}}