{"id":107253,"date":"2022-12-09T11:09:35","date_gmt":"2022-12-09T11:09:35","guid":{"rendered":"https:\/\/mamasandpapas.hu\/blog\/?page_id=107253"},"modified":"2023-02-10T10:35:33","modified_gmt":"2023-02-10T10:35:33","slug":"cybex-aton-s2-i-size-autosules","status":"publish","type":"page","link":"https:\/\/mamasandpapas.hu\/blog\/cybex-aton-s2-i-size-autosules\/","title":{"rendered":"Cybex Aton S2 i-Size aut\u00f3s\u00fcl\u00e9s"},"content":{"rendered":"<div class=\"wpb-content-wrapper\"><p>[vc_row][vc_column][vc_column_text]<\/p>\n<p style=\"text-align: center;\">Minden, amire gyermekednek sz\u00fcks\u00e9ge van az els\u0151 haza\u00fatt\u00f3l kezdve. Az eleg\u00e1ns kialak\u00edt\u00e1snak \u00e9s a letesztelt \u00e9s ellen\u0151rz\u00f6tt biztons\u00e1gi elemeknek k\u00f6sz\u00f6nhet\u0151en az Aton S2 i-Size gyermek\u00fcl\u00e9s megb\u00edzhat\u00f3 v\u00e9delmet \u00e9s st\u00edlusos k\u00e9nyelmet ny\u00fajt a haszn\u00e1lat sor\u00e1n. Az UNECE leg\u00fajabb R129\/03-as biztons\u00e1gi szabv\u00e1nya szerint hiteles\u00edtett Aton S2 i-Size integr\u00e1lt \u00e9s b\u0151v\u00edthet\u0151 oldal\u00fctk\u00f6z\u00e9s elleni v\u00e9delemmel (L.S.P.) rendelkezik a maxim\u00e1lis biztons\u00e1g \u00e9rdek\u00e9ben oldal\u00fctk\u00f6z\u00e9s eset\u00e9n. A 11 poz\u00edci\u00f3ban \u00e1ll\u00edthat\u00f3 fejt\u00e1ml\u00e1nak k\u00f6sz\u00f6nhet\u0151en az \u00fcl\u00e9s ak\u00e1r 24 h\u00f3napos korig is l\u00e9p\u00e9st tart a gyermek fejl\u0151d\u00e9s\u00e9vel. Ezenk\u00edv\u00fcl az integr\u00e1lt \u00e9s \u00f6sszecsukhat\u00f3 XXL napkupola \u00e1rny\u00e9kot biztos\u00edt az aut\u00f3ban, \u00e9s megv\u00e9di a bab\u00e1t a napt\u00f3l \u00e9s a sz\u00e9lt\u0151l az aut\u00f3n k\u00edv\u00fcl is.<\/p>\n<p>[\/vc_column_text][vc_separator border_width=&#8221;3&#8243;][vc_row_inner][vc_column_inner width=&#8221;1\/2&#8243;][vc_single_image image=&#8221;107255&#8243; img_size=&#8221;full&#8221; alignment=&#8221;center&#8221;][\/vc_column_inner][vc_column_inner width=&#8221;1\/2&#8243;][vc_empty_space height=&#8221;150px&#8221;][vc_column_text]<\/p>\n<p class=\"t-title-2 u-paddingBottom20\"><strong><span style=\"font-size: 18px;\">K\u00e9nyelmes utaz\u00e1s garant\u00e1lt biztons\u00e1gban<\/span><\/strong><\/p>\n<p class=\"u-marginBottom30\">Az Aton S2 i-Size \u00e9s a Base One fejleszt\u00e9se a leg\u00fajabb R129\/03 -as biztons\u00e1gi szabv\u00e1nyoknak megfelel\u0151en t\u00f6rt\u00e9nt, bele\u00e9rtve az i-Size kompatibilit\u00e1st \u00e9s a fokozott oldal\u00fctk\u00f6z\u00e9s elleni v\u00e9delmet.<\/p>\n<p>[\/vc_column_text][\/vc_column_inner][\/vc_row_inner][vc_row_inner css=&#8221;.vc_custom_1659091556041{background-color: #f2f2f2 !important;}&#8221;][vc_column_inner width=&#8221;1\/2&#8243;][vc_single_image image=&#8221;107256&#8243; img_size=&#8221;full&#8221; alignment=&#8221;center&#8221;][\/vc_column_inner][vc_column_inner width=&#8221;1\/2&#8243;][vc_empty_space height=&#8221;150px&#8221;][vc_column_text]<\/p>\n<p class=\"t-title-2 u-paddingBottom20\"><strong><span style=\"font-size: 18px;\">Oldals\u00f3 \u00fctk\u00f6z\u00e9s eset\u00e9n cs\u00f6kkenti az \u00fctk\u00f6z\u00e9s erej\u00e9t<\/span><\/strong><\/p>\n<p class=\"u-marginBottom30\">Az oldals\u00f3 \u00fctk\u00f6z\u00e9s elleni v\u00e9delmi rendszer (L.S.P.), ami az ajt\u00f3 fel\u0151li oldalon kinyithat\u00f3, az olda\u00fctk\u00f6z\u00e9s erej\u00e9nek 25%-t elnyeli az energiaelnyel\u0151 pajzs seg\u00edts\u00e9g\u00e9vel. Ez maxim\u00e1lis biztons\u00e1got ny\u00fajt utaz\u00e1s sor\u00e1n.<\/p>\n<p>[\/vc_column_text][\/vc_column_inner][\/vc_row_inner][vc_row_inner][vc_column_inner width=&#8221;1\/2&#8243;][vc_single_image image=&#8221;107257&#8243; img_size=&#8221;full&#8221; alignment=&#8221;center&#8221;][\/vc_column_inner][vc_column_inner width=&#8221;1\/2&#8243;][vc_empty_space height=&#8221;150px&#8221;][vc_column_text]<\/p>\n<p class=\"t-title-2 u-paddingBottom20\"><strong><span style=\"font-size: 18px;\">L\u00e9p\u00e9st tart a gyermek n\u00f6veked\u00e9s\u00e9vel<\/span><\/strong><\/p>\n<p class=\"u-marginBottom30\">A 11 k\u00fcl\u00f6nb\u00f6z\u0151 magass\u00e1gba \u00e1ll\u00edthat\u00f3 fejt\u00e1ml\u00e1nak k\u00f6sz\u00f6nhet\u0151en az aut\u00f3s\u00fcl\u00e9s egy\u00fctt n\u0151 a gyermekkel, annak 24 h\u00f3napos kor\u00e1ig. A fej, a nyak \u00e9s a v\u00e1llak ergonomikusan t\u00e1mogatva vannak az aut\u00f3s\u00fcl\u00e9s haszn\u00e1lata k\u00f6zben, mik\u00f6zben a biztons\u00e1gi \u00f6v a n\u00f6veked\u00e9s \u00fctem\u00e9ben megfelel\u0151 m\u00e9retre \u00e1ll\u00edthat\u00f3.<\/p>\n<p>[\/vc_column_text][\/vc_column_inner][\/vc_row_inner][vc_row_inner css=&#8221;.vc_custom_1659091563168{background-color: #f2f2f2 !important;}&#8221;][vc_column_inner width=&#8221;1\/2&#8243;][vc_single_image image=&#8221;107258&#8243; img_size=&#8221;full&#8221; alignment=&#8221;center&#8221;][\/vc_column_inner][vc_column_inner width=&#8221;1\/2&#8243;][vc_empty_space height=&#8221;150px&#8221;][vc_column_text]<\/p>\n<p class=\"t-title-2 u-paddingBottom20\"><strong><span style=\"font-size: 18px;\">Napsug\u00e1rz\u00e1s \u00e9s sz\u00e9l elleni v\u00e9delem<\/span><\/strong><\/p>\n<p class=\"u-marginBottom30\">A be\u00e9p\u00edtett \u00e9s \u00f6sszecsukhat\u00f3 XXL m\u00e9ret\u0171 napkupola megb\u00edzhat\u00f3an v\u00e9d a napsug\u00e1rz\u00e1s ellen. Az UPF50+ v\u00e9delemmel ell\u00e1tott sz\u00f6vet megv\u00e9di a bab\u00e1k \u00e9rz\u00e9keny b\u0151r\u00e9t. K\u00fclt\u00e9ren val\u00f3 haszn\u00e1lat eset\u00e9n a kupola a sz\u00e9l ellen is v\u00e9delmet ny\u00fajt.<\/p>\n<p>[\/vc_column_text][\/vc_column_inner][\/vc_row_inner][vc_row_inner][vc_column_inner width=&#8221;1\/2&#8243;][vc_single_image image=&#8221;107259&#8243; img_size=&#8221;full&#8221; alignment=&#8221;center&#8221;][\/vc_column_inner][vc_column_inner width=&#8221;1\/2&#8243;][vc_empty_space height=&#8221;150px&#8221;][vc_column_text]<\/p>\n<p class=\"t-title-2 u-paddingBottom20\"><strong><span style=\"font-size: 18px;\">K\u00f6nny\u0171 \u00e9s egyszer\u0171 mozgat\u00e1s<\/span><\/strong><\/p>\n<p class=\"u-marginBottom30\">Mivel az Aton S2 i-Size s\u00falya mind\u00f6ssze 4,2 kg, \u00edgy az \u00fcl\u00e9s k\u00f6nnyen hordozhat\u00f3 \u00e9s elhelyezhet\u0151 az aut\u00f3ban vagy r\u00f6gz\u00edthet\u0151 a babakocsin. Ez\u00e1ltal cs\u00f6kken a h\u00e1tra nehezed\u0151 terhel\u00e9s, \u00edgy k\u00e9t \u00e9ves korig k\u00f6nnyed\u00e9n hordozhatod benne a gyermeket.<\/p>\n<p>[\/vc_column_text][\/vc_column_inner][\/vc_row_inner][vc_row_inner css=&#8221;.vc_custom_1659091571392{background-color: #f2f2f2 !important;}&#8221;][vc_column_inner width=&#8221;1\/2&#8243;][vc_single_image image=&#8221;107260&#8243; img_size=&#8221;full&#8221; alignment=&#8221;center&#8221;][\/vc_column_inner][vc_column_inner width=&#8221;1\/2&#8243;][vc_empty_space height=&#8221;150px&#8221;][vc_column_text]<\/p>\n<p class=\"t-title-2 u-paddingBottom20\"><strong><span style=\"font-size: 18px;\">Az utaz\u00e1s az aut\u00f3n k\u00edv\u00fcl is folytat\u00f3dik<\/span><\/strong><\/p>\n<p class=\"u-marginBottom30\">Az Aton S2 i-Size k\u00f6nnyen csatlakoztathat\u00f3 b\u00e1rmelyik CYBEX vagy gb babakocsihoz. \u00cdgy az \u00fcl\u00e9st a kocsib\u00f3l egyszer\u0171en \u00e9s k\u00f6nnyed\u00e9n kiv\u00e9ve indulhat is a v\u00e1rosi s\u00e9ta.<\/p>\n<p>[\/vc_column_text][\/vc_column_inner][\/vc_row_inner][vc_row_inner][vc_column_inner width=&#8221;1\/2&#8243;][vc_single_image image=&#8221;107261&#8243; img_size=&#8221;full&#8221; alignment=&#8221;center&#8221;][\/vc_column_inner][vc_column_inner width=&#8221;1\/2&#8243;][vc_empty_space height=&#8221;150px&#8221;][vc_column_text]<\/p>\n<p class=\"t-title-2 u-paddingBottom20\"><strong><span style=\"font-size: 18px;\">Ergonomikus k\u00e9nyelem a kisbab\u00e1k sz\u00e1m\u00e1ra<\/span><\/strong><\/p>\n<p class=\"u-marginBottom30\">T\u00f6k\u00e9letes k\u00e9nyelem az els\u0151 napt\u00f3l kezdve. Az \u00fajsz\u00fcl\u00f6tt sz\u0171k\u00edt\u0151 biztos\u00edtja az \u00fajsz\u00fcl\u00f6ttek sz\u00e1m\u00e1ra az ergonomikus k\u00e9nyelmet 60 cm-es testhosszig. Amikor a baba nagyobb lesz, a sz\u0171k\u00edt\u0151 egyszer\u0171en elt\u00e1vol\u00edthat\u00f3. Ez\u00e1ltal az \u00fcl\u00e9s az aktu\u00e1lis testhossznak \u00e9s \u00e9letkornak megfelel\u0151en biztos\u00edtja az optim\u00e1lis k\u00e9nyelmet.<\/p>\n<p>[\/vc_column_text][\/vc_column_inner][\/vc_row_inner][vc_row_inner][vc_column_inner width=&#8221;1\/2&#8243;][vc_empty_space height=&#8221;70px&#8221;][vc_column_text]<strong>Aj\u00e1nljuk:<\/strong>\u00a0\u00fajsz\u00fcl\u00f6tt kort\u00f3l 24 h\u00f3napos korig<br \/>\n<strong>Gyermek magass\u00e1g<\/strong>: 45-87 cm<br \/>\n<strong>Gyermek s\u00faly:<\/strong>\u00a0maximum 13 kg<br \/>\n<strong>Szabv\u00e1ny:<\/strong>\u00a0I-Size, UN R129\/03<br \/>\n<strong>ADAC teszt min\u0151s\u00edt\u00e9s:<\/strong>\u00a0j\u00f3<br \/>\n<strong>Kompatibilis b\u00e1zistalp<\/strong>: <em><a href=\"https:\/\/mamasandpapas.hu\/termek\/cybex-base-one-bazistalp-fekete\/\">Base One b\u00e1zistalp<\/a><\/em>\u00a0(k\u00fcl\u00f6n tudod megv\u00e1s\u00e1rolni)<\/p>\n<p>M\u00e9retei: Ho:66 x Sz\u00e9:44 x Ma:39 cm<br \/>\nS\u00falya: 4.2 kg<br \/>\nTiszt\u00edt\u00e1s: huzata 30 fokon moshat\u00f3.[\/vc_column_text][\/vc_column_inner][vc_column_inner width=&#8221;1\/2&#8243;][vc_video link=&#8221;https:\/\/youtu.be\/WQIa_R_1QLE&#8221;][\/vc_column_inner][\/vc_row_inner][\/vc_column][\/vc_row]<\/p>\n<\/div>","protected":false},"excerpt":{"rendered":"<p>[vc_row][vc_column][vc_column_text] Minden, amire gyermekednek sz\u00fcks\u00e9ge van az els\u0151 haza\u00fatt\u00f3l kezdve. Az eleg\u00e1ns kialak\u00edt\u00e1snak \u00e9s a letesztelt \u00e9s ellen\u0151rz\u00f6tt biztons\u00e1gi elemeknek k\u00f6sz\u00f6nhet\u0151en az Aton S2 i-Size gyermek\u00fcl\u00e9s megb\u00edzhat\u00f3 v\u00e9delmet \u00e9s st\u00edlusos k\u00e9nyelmet ny\u00fajt a haszn\u00e1lat sor\u00e1n. Az UNECE leg\u00fajabb R129\/03-as biztons\u00e1gi szabv\u00e1nya szerint hiteles\u00edtett Aton S2 i-Size integr\u00e1lt \u00e9s b\u0151v\u00edthet\u0151 oldal\u00fctk\u00f6z\u00e9s&#8230;<\/p>\n","protected":false},"author":5,"featured_media":0,"parent":0,"menu_order":0,"comment_status":"closed","ping_status":"closed","template":"","meta":{"_acf_changed":false,"footnotes":""},"class_list":["post-107253","page","type-page","status-publish","hentry"],"acf":[],"amp_enabled":true,"_links":{"self":[{"href":"https:\/\/mamasandpapas.hu\/blog\/wp-json\/wp\/v2\/pages\/107253","targetHints":{"allow":["GET"]}}],"collection":[{"href":"https:\/\/mamasandpapas.hu\/blog\/wp-json\/wp\/v2\/pages"}],"about":[{"href":"https:\/\/mamasandpapas.hu\/blog\/wp-json\/wp\/v2\/types\/page"}],"author":[{"embeddable":true,"href":"https:\/\/mamasandpapas.hu\/blog\/wp-json\/wp\/v2\/users\/5"}],"replies":[{"embeddable":true,"href":"https:\/\/mamasandpapas.hu\/blog\/wp-json\/wp\/v2\/comments?post=107253"}],"version-history":[{"count":10,"href":"https:\/\/mamasandpapas.hu\/blog\/wp-json\/wp\/v2\/pages\/107253\/revisions"}],"predecessor-version":[{"id":107527,"href":"https:\/\/mamasandpapas.hu\/blog\/wp-json\/wp\/v2\/pages\/107253\/revisions\/107527"}],"wp:attachment":[{"href":"https:\/\/mamasandpapas.hu\/blog\/wp-json\/wp\/v2\/media?parent=107253"}],"curies":[{"name":"wp","href":"https:\/\/api.w.org\/{rel}","templated":true}]}}