{"id":106587,"date":"2022-06-27T10:54:05","date_gmt":"2022-06-27T10:54:05","guid":{"rendered":"https:\/\/mamasandpapas.hu\/blog\/?page_id=106587"},"modified":"2023-09-13T18:59:10","modified_gmt":"2023-09-13T18:59:10","slug":"bugaboo-butterfly-babakocsi","status":"publish","type":"page","link":"https:\/\/mamasandpapas.hu\/blog\/bugaboo-butterfly-babakocsi\/","title":{"rendered":"Bugaboo Butterfly babakocsi"},"content":{"rendered":"<div class=\"wpb-content-wrapper\"><p>[vc_row css=&#8221;.vc_custom_1655915545585{background-color: #bfb6f7 !important;}&#8221;][vc_column width=&#8221;1\/3&#8243; offset=&#8221;vc_hidden-xs&#8221;][vc_empty_space height=&#8221;120px&#8221;][vc_column_text]<\/p>\n<h2 class=\"hero__tag\" style=\"text-align: center;\"><span style=\"color: #b533db;\">Bugaboo v\u00e1rosi babakocsi<\/span><\/h2>\n<h1 style=\"text-align: center;\"><span style=\"color: #ffffff;\">Butterfly<\/span><\/h1>\n<p class=\"hero__description u-margin-top-16 u-margin-bottom-16 \" style=\"text-align: center;\"><span style=\"color: #000000;\">A Bugaboo Butterfly az egy m\u00e1sodperc alatt \u00f6sszecsukhat\u00f3 v\u00e1rosi babakocsi k\u00f6zeli \u00e9s t\u00e1voli utaz\u00e1sokhoz.\u00a0<\/span><\/p>\n<p>[\/vc_column_text][\/vc_column][vc_column width=&#8221;2\/3&#8243; offset=&#8221;vc_hidden-xs&#8221;][vc_single_image image=&#8221;106642&#8243; img_size=&#8221;full&#8221; alignment=&#8221;center&#8221;][\/vc_column][\/vc_row][vc_row css=&#8221;.vc_custom_1655915545585{background-color: #bfb6f7 !important;}&#8221;][vc_column width=&#8221;1\/3&#8243; offset=&#8221;vc_hidden-lg vc_hidden-md vc_hidden-sm&#8221;][vc_column_text]<\/p>\n<h2 class=\"hero__tag\" style=\"text-align: center;\"><span style=\"color: #b533db;\">Bugaboo v\u00e1rosi babakocsi<\/span><\/h2>\n<h1 style=\"text-align: center;\"><span style=\"color: #ffffff;\">Butterfly<\/span><\/h1>\n<p class=\"hero__description u-margin-top-16 u-margin-bottom-16 \" style=\"text-align: center;\"><span style=\"color: #000000;\">A Bugaboo Butterfly az egy m\u00e1sodperc alatt \u00f6sszecsukhat\u00f3 v\u00e1rosi babakocsi k\u00f6zeli \u00e9s t\u00e1voli utaz\u00e1sokhoz.\u00a0<\/span><\/p>\n<p>[\/vc_column_text][\/vc_column][vc_column width=&#8221;2\/3&#8243; offset=&#8221;vc_hidden-lg vc_hidden-md vc_hidden-sm&#8221;][vc_single_image image=&#8221;106641&#8243; img_size=&#8221;full&#8221; alignment=&#8221;center&#8221;][\/vc_column][\/vc_row][vc_row css=&#8221;.vc_custom_1655916255720{background-color: #f0f0ff !important;}&#8221;][vc_column][vc_row_inner][vc_column_inner width=&#8221;1\/3&#8243;][\/vc_column_inner][vc_column_inner width=&#8221;1\/3&#8243;][vc_column_text]<\/p>\n<h2 class=\"u-h2 u-text--color-night-sky-lighter u-margin-bottom-24\" style=\"text-align: center;\">Szabadulj ki a v\u00e1rosba<\/h2>\n<p class=\"u-text--body-large u-margin-bottom-48 u-text--color-night-sky-lighter\" style=\"text-align: center;\">A Butterfly babakocsival val\u00f3di v\u00e1rosi kalandok v\u00e1rnak. N\u00e9zd meg egyed\u00fcl\u00e1ll\u00f3 tulajdons\u00e1gait!<\/p>\n<p>[\/vc_column_text][\/vc_column_inner][vc_column_inner width=&#8221;1\/3&#8243;][\/vc_column_inner][\/vc_row_inner][vc_row_inner][vc_column_inner width=&#8221;1\/4&#8243;][vc_column_text]<\/p>\n<p style=\"text-align: center;\"><span style=\"color: #b533db;\">\u00d6sszecsuk\u00e1s egy pillanat alatt<\/span><\/p>\n<p>[\/vc_column_text][\/vc_column_inner][vc_column_inner width=&#8221;1\/4&#8243;][vc_column_text]<\/p>\n<p style=\"text-align: center;\"><span style=\"color: #b533db;\">Rengeteg hely a holmiknak<\/span><\/p>\n<p>[\/vc_column_text][\/vc_column_inner][vc_column_inner width=&#8221;1\/4&#8243;][vc_column_text]<\/p>\n<p style=\"text-align: center;\"><span style=\"color: #b533db;\">Ultra kompakt<\/span><\/p>\n<p>[\/vc_column_text][\/vc_column_inner][vc_column_inner width=&#8221;1\/4&#8243;][vc_column_text]<\/p>\n<p style=\"text-align: center;\"><span style=\"color: #b533db;\">Els\u0151 oszt\u00e1ly\u00fa k\u00e9nyelem<\/span><\/p>\n<p>[\/vc_column_text][\/vc_column_inner][\/vc_row_inner][\/vc_column][\/vc_row][vc_row css=&#8221;.vc_custom_1655915545585{background-color: #bfb6f7 !important;}&#8221;][vc_column width=&#8221;1\/3&#8243; offset=&#8221;vc_hidden-xs&#8221;][vc_empty_space height=&#8221;120px&#8221;][vc_column_text]<\/p>\n<div class=\"c-hero-butterfly c-butterfly-compact \">\n<div class=\"hero__content hero__content--position-middle-left u-hidden u-visible-up--md\">\n<h1 class=\"hero__title\" style=\"text-align: center;\"><span style=\"color: #ffffff;\">Kicsi babakocsi a nagyv\u00e1rosba<\/span><\/h1>\n<h5 class=\"hero__subtitle u-text--body u-margin-bottom-40\" style=\"text-align: center;\"><span style=\"color: #ffffff;\">Cs\u00fasztasd be egy asztal al\u00e1 vagy vidd magaddal a metr\u00f3n! Ak\u00e1rhov\u00e1 is sodornak az \u00faj kalandok, a Butterfly mindenhov\u00e1 veled tart.<\/span><\/h5>\n<\/div>\n<\/div>\n<p>[\/vc_column_text][\/vc_column][vc_column width=&#8221;2\/3&#8243; offset=&#8221;vc_hidden-xs&#8221;][vc_single_image image=&#8221;106636&#8243; img_size=&#8221;full&#8221; alignment=&#8221;center&#8221;][\/vc_column][\/vc_row][vc_row css=&#8221;.vc_custom_1655915545585{background-color: #bfb6f7 !important;}&#8221;][vc_column width=&#8221;1\/3&#8243; offset=&#8221;vc_hidden-lg vc_hidden-md vc_hidden-sm&#8221;][vc_column_text]<\/p>\n<div class=\"c-hero-butterfly c-butterfly-compact \">\n<div class=\"hero__content hero__content--position-middle-left u-hidden u-visible-up--md\">\n<h1 class=\"hero__title\" style=\"text-align: center;\"><span style=\"color: #ffffff;\">Kicsi babakocsi a nagyv\u00e1rosba<\/span><\/h1>\n<h5 class=\"hero__subtitle u-text--body u-margin-bottom-40\" style=\"text-align: center;\"><span style=\"color: #ffffff;\">Cs\u00fasztasd be egy asztal al\u00e1 vagy vidd magaddal a metr\u00f3n! Ak\u00e1rhov\u00e1 is sodornak az \u00faj kalandok, a Butterfly mindenhov\u00e1 veled tart.<\/span><\/h5>\n<\/div>\n<\/div>\n<p>[\/vc_column_text][\/vc_column][vc_column width=&#8221;2\/3&#8243; offset=&#8221;vc_hidden-lg vc_hidden-md vc_hidden-sm&#8221;][vc_single_image image=&#8221;106637&#8243; img_size=&#8221;full&#8221; alignment=&#8221;center&#8221;][\/vc_column][\/vc_row][vc_row css=&#8221;.vc_custom_1655917128998{background-color: #ffffff !important;}&#8221;][vc_column][vc_row_inner][vc_column_inner width=&#8221;1\/3&#8243;][\/vc_column_inner][vc_column_inner width=&#8221;1\/3&#8243;][vc_column_text]<\/p>\n<h2 class=\"u-h3 u-margin-bottom-32 u-text--color-night-sky-lighter\" style=\"text-align: center;\">Gyere \u00e9s fedezd fel<\/h2>\n<p class=\"u-margin-bottom-40 u-text--color-night-sky-lighter\" style=\"text-align: center;\">Menj vele egy k\u00f6rt \u00e9s pr\u00f3b\u00e1ld ki hihetetlen adotts\u00e1gait!<\/p>\n<p>[\/vc_column_text][\/vc_column_inner][vc_column_inner width=&#8221;1\/3&#8243;][\/vc_column_inner][\/vc_row_inner][vc_row_inner css=&#8221;.vc_custom_1655918052629{background-color: #f2f2f2 !important;}&#8221;][vc_column_inner width=&#8221;1\/5&#8243;][vc_single_image image=&#8221;106606&#8243; img_size=&#8221;full&#8221; alignment=&#8221;center&#8221;][vc_column_text]<\/p>\n<h4 class=\"u-text--color-night-sky-lighter\" style=\"text-align: center;\">B\u0151v\u00edthet\u0151 kupola<\/h4>\n<p class=\"u-text--color-night-sky-lighter u-margin-top-8\" style=\"text-align: center;\">Szell\u0151z\u0151 ablakokkal ell\u00e1tott kinyithat\u00f3 kupol\u00e1ja lehet\u0151s\u00e9get ny\u00fajt a gyerk\u0151cnek, hogy alaposan szem\u00fcgyre vegye a v\u00e1rost. Kis kuck\u00f3j\u00e1ban t\u00f6k\u00e9letes v\u00e9delmet kap a napt\u00f3l, ugyanakkor kell\u0151 friss leveg\u0151t kintr\u0151l.<\/p>\n<p>[\/vc_column_text][\/vc_column_inner][vc_column_inner width=&#8221;1\/5&#8243;][vc_single_image image=&#8221;106609&#8243; img_size=&#8221;full&#8221; alignment=&#8221;center&#8221;][vc_column_text]<\/p>\n<h4 class=\"u-text--color-night-sky-lighter\" style=\"text-align: center;\">V\u00e1llon hordoz\u00e1s<\/h4>\n<p class=\"u-text--color-night-sky-lighter u-margin-top-8\" style=\"text-align: center;\">A Butterfly pehelys\u00faly\u00fa, \u00edgy nagyon k\u00f6nnyed\u00e9n vihet\u0151. Csak tedd a hordoz\u00f3 p\u00e1ntot a v\u00e1lladra \u00e9s m\u00e1r indulhattok is a leg\u00fajabb kih\u00edv\u00e1sokra!<\/p>\n<p>[\/vc_column_text][\/vc_column_inner][vc_column_inner width=&#8221;1\/5&#8243;][vc_single_image image=&#8221;106612&#8243; img_size=&#8221;full&#8221; alignment=&#8221;center&#8221;][vc_column_text]<\/p>\n<h4 class=\"u-text--color-night-sky-lighter\" style=\"text-align: center;\">Extra nagy \u00fcl\u00e9s<\/h4>\n<p class=\"u-text--color-night-sky-lighter u-margin-top-8\" style=\"text-align: center;\">Az extra nagy \u00fcl\u00e9s (63 cm) h\u00e1tt\u00e1ml\u00e1ja \u00e9s a l\u00e1bt\u00e1masz is \u00e1ll\u00edthat\u00f3, \u00edgy van lehet\u0151s\u00e9g egy\u00e9nileg be\u00e1ll\u00edtani a t\u00f6k\u00e9letes sz\u00f6get a szundiz\u00e1shoz.<\/p>\n<p>[\/vc_column_text][\/vc_column_inner][vc_column_inner width=&#8221;1\/5&#8243;][vc_single_image image=&#8221;106611&#8243; img_size=&#8221;full&#8221; alignment=&#8221;center&#8221;][vc_column_text]<\/p>\n<h4 class=\"u-text--color-night-sky-lighter\" style=\"text-align: center;\">T\u00e1gas bev\u00e1s\u00e1rl\u00f3 kos\u00e1r<\/h4>\n<p class=\"u-text--color-night-sky-lighter u-margin-top-8\" style=\"text-align: center;\">A bev\u00e1s\u00e1rl\u00f3 kos\u00e1r kapacit\u00e1sa 8 kg \u00e9s minden oldalr\u00f3l rendesen hozz\u00e1f\u00e9rhet\u0151, \u00edgy a legfontosabb kell\u00e9kek mindig k\u00e9zn\u00e9l lesznek.<\/p>\n<p>[\/vc_column_text][\/vc_column_inner][vc_column_inner width=&#8221;1\/5&#8243;][vc_single_image image=&#8221;106610&#8243; img_size=&#8221;full&#8221; alignment=&#8221;center&#8221;][vc_column_text]<\/p>\n<h4 class=\"u-text--color-night-sky-lighter\" style=\"text-align: center;\">Kimagasl\u00f3 al\u00e1t\u00e1maszt\u00e1s<\/h4>\n<p class=\"u-text--color-night-sky-lighter u-margin-top-8\" style=\"text-align: center;\">4 kerekes felf\u00fcggeszt\u00e9s\u00e9vel k\u00f6nnyed\u00e9n elboldogul az \u00fatpadk\u00e1kkal, lejt\u0151kkel, macskak\u00f6vekkel, mik\u00f6zben gyermeked zavartalanul pihenhet.<\/p>\n<p>[\/vc_column_text][\/vc_column_inner][\/vc_row_inner][vc_row_inner][vc_column_inner width=&#8221;1\/3&#8243; offset=&#8221;vc_hidden-xs&#8221;][vc_empty_space height=&#8221;120px&#8221;][vc_column_text]<\/p>\n<h2 class=\"u-h4 u-margin-bottom-16\" style=\"text-align: center;\">3 sz\u00ednben el\u00e9rhet\u0151<\/h2>\n<p>[\/vc_column_text][\/vc_column_inner][vc_column_inner width=&#8221;2\/3&#8243; offset=&#8221;vc_hidden-xs&#8221;][vc_single_image image=&#8221;106604&#8243; img_size=&#8221;full&#8221; alignment=&#8221;center&#8221;][\/vc_column_inner][\/vc_row_inner][vc_row_inner][vc_column_inner width=&#8221;1\/3&#8243; offset=&#8221;vc_hidden-lg vc_hidden-md vc_hidden-sm&#8221;][vc_column_text]<\/p>\n<h2 class=\"u-h4 u-margin-bottom-16\" style=\"text-align: center;\">3 sz\u00ednben el\u00e9rhet\u0151<\/h2>\n<p>[\/vc_column_text][\/vc_column_inner][vc_column_inner width=&#8221;2\/3&#8243; offset=&#8221;vc_hidden-lg vc_hidden-md vc_hidden-sm&#8221;][vc_single_image image=&#8221;106604&#8243; img_size=&#8221;full&#8221; alignment=&#8221;center&#8221;][\/vc_column_inner][\/vc_row_inner][\/vc_column][\/vc_row][vc_row css=&#8221;.vc_custom_1655918173866{background-color: #f0f0ff !important;}&#8221;][vc_column][vc_row_inner][vc_column_inner width=&#8221;1\/4&#8243;][\/vc_column_inner][vc_column_inner width=&#8221;1\/2&#8243;][vc_column_text]<\/p>\n<h2 class=\"u-text--centered u-margin-bottom-16\" style=\"text-align: center;\">Izgalmas kalandok v\u00e1rnak<\/h2>\n<p>[\/vc_column_text][\/vc_column_inner][vc_column_inner width=&#8221;1\/4&#8243;][\/vc_column_inner][\/vc_row_inner][vc_row_inner][vc_column_inner width=&#8221;1\/3&#8243;][vc_single_image image=&#8221;106614&#8243; img_size=&#8221;full&#8221; alignment=&#8221;center&#8221;][\/vc_column_inner][vc_column_inner width=&#8221;1\/3&#8243;][vc_single_image image=&#8221;106615&#8243; img_size=&#8221;full&#8221; alignment=&#8221;center&#8221;][\/vc_column_inner][vc_column_inner width=&#8221;1\/3&#8243;][vc_single_image image=&#8221;106616&#8243; img_size=&#8221;full&#8221; alignment=&#8221;center&#8221;][\/vc_column_inner][\/vc_row_inner][vc_row_inner][vc_column_inner width=&#8221;1\/6&#8243;][\/vc_column_inner][vc_column_inner width=&#8221;2\/3&#8243;][vc_video link=&#8221;https:\/\/youtu.be\/SkC2-BXKBPI&#8221;][\/vc_column_inner][vc_column_inner width=&#8221;1\/6&#8243;][\/vc_column_inner][\/vc_row_inner][\/vc_column][\/vc_row][vc_row css=&#8221;.vc_custom_1655919209230{background-color: #272771 !important;}&#8221;][vc_column width=&#8221;1\/3&#8243;][vc_single_image image=&#8221;106622&#8243; img_size=&#8221;full&#8221; alignment=&#8221;center&#8221;][vc_column_text]<\/p>\n<h4 class=\"u-text--color-night-sky-lighter\" style=\"text-align: center;\"><span style=\"color: #bab3f4;\">Els\u0151 oszt\u00e1ly\u00fa k\u00e9nyelem<\/span><\/h4>\n<p style=\"text-align: center;\"><span style=\"color: #ffffff;\">A v\u00e1ros sosem alszik, gyermeked azonban igen. Nagy, d\u00f6nthet\u0151 \u00fcl\u00e9se \u00e9s a babakocsi\u00a0 stabilit\u00e1sa gondoskodik r\u00f3la, hogy totyog\u00f3d nyugodtan pihenhessen mik\u00f6zben a v\u00e1ros ny\u00fczs\u00f6g k\u00f6r\u00fcl\u00f6tte.<\/span><\/p>\n<p>[\/vc_column_text][\/vc_column][vc_column width=&#8221;1\/3&#8243;][vc_single_image image=&#8221;106623&#8243; img_size=&#8221;full&#8221; alignment=&#8221;center&#8221;][vc_column_text]<\/p>\n<h4 class=\"u-text--color-night-sky-lighter\" style=\"text-align: center;\"><span style=\"color: #bab3f4;\">Ikonikus Bugaboo min\u0151s\u00e9g<\/span><\/h4>\n<p style=\"text-align: center;\"><span style=\"color: #ffffff;\">4000 tesztelt km, \u00f6sszesen 30 kg-os teherb\u00edr\u00e1s, mindek\u00f6zben pedig ir\u00e1ny\u00edt\u00e1sa gyerekj\u00e1t\u00e9k ak\u00e1rhov\u00e1 is mentek.<\/span><\/p>\n<p>[\/vc_column_text][\/vc_column][vc_column width=&#8221;1\/3&#8243;][vc_single_image image=&#8221;106621&#8243; img_size=&#8221;full&#8221; alignment=&#8221;center&#8221;][vc_column_text]<\/p>\n<h4 class=\"u-text--color-night-sky-lighter\" style=\"text-align: center;\"><span style=\"color: #bab3f4;\">K\u00e9nyelmes \u00e9s kompakt<\/span><\/h4>\n<p style=\"text-align: center;\"><span style=\"color: #ffffff;\">\u00d6sszecsukva extr\u00e9m kicsi \u00e9s extr\u00e9m k\u00f6nnyen vihet\u0151. IATA kompatibilis, ami azt jelenti, hogy megfelel az el\u0151\u00edrt k\u00e9zipoggy\u00e1sz k\u00f6vetelm\u00e9nyeknek.\u00a0<\/span><\/p>\n<p>[\/vc_column_text][\/vc_column][\/vc_row][vc_row][vc_column width=&#8221;1\/2&#8243;][vc_column_text]Aj\u00e1nljuk: 6 h\u00f3napos kort\u00f3l kb. 4 \u00e9ves korig (maximum 22 kg-ig)<\/p>\n<div class=\"product-table__wrapper o-col-12 o-col-4--md\">\n<div class=\"product-table__item u-padding-bottom--md u-flex u-flex-column\">\n<p>S\u00falya: 7.3 kg<\/p>\n<p>Els\u0151 kerekek m\u00e9rete: 11.9 cm<br \/>\nH\u00e1ts\u00f3 kerekek m\u00e9rete: 15.2 cm<br \/>\nBabakocsi m\u00e9rete \u00f6sszecsukva: 45 x 23 x 54 cm<br \/>\nBabakocsi m\u00e9rete kinyitva: 92.5 x 45 x 102.4 cm<\/p>\n<p>Tol\u00f3kar magass\u00e1ga: 102.4 cm<\/p>\n<\/div>\n<\/div>\n<p>[\/vc_column_text][\/vc_column][vc_column width=&#8221;1\/2&#8243;][vc_column_text]Egykezes h\u00e1trad\u00f6nt\u00e9si sz\u00f6g: 111\u00b0-145\u00b0<\/p>\n<p>Kapacit\u00e1s: \u00fcl\u00e9s: 22 kg, bev\u00e1s\u00e1rl\u00f3 kos\u00e1r: 8 kg<\/p>\n<p>Anyaga: \u00fcl\u00e9s: 100% poli\u00e9szter, l\u00e1bt\u00e1masz: 100% poliamid<br \/>\nTiszt\u00edt\u00e1s: \u00fcl\u00e9shuzata, bev\u00e1s\u00e1rl\u00f3 kosara \u00e9s hordoz\u00f3 p\u00e1nt 30 fokon moshat\u00f3<\/p>\n<p>A csomag tartalma: v\u00e1z a kerekekkel, \u00fcl\u00e9s alatti bev\u00e1s\u00e1rl\u00f3 kos\u00e1r, \u00fcl\u00e9shuzat \u00e9s kupola, l\u00e1bt\u00e1masz, \u00fcl\u00e9sbet\u00e9t, hordoz\u00f3 p\u00e1nt.[\/vc_column_text][\/vc_column][\/vc_row]<\/p>\n<\/div>","protected":false},"excerpt":{"rendered":"<p>[vc_row css=&#8221;.vc_custom_1655915545585{background-color: #bfb6f7 !important;}&#8221;][vc_column width=&#8221;1\/3&#8243; offset=&#8221;vc_hidden-xs&#8221;][vc_empty_space height=&#8221;120px&#8221;][vc_column_text] Bugaboo v\u00e1rosi babakocsi Butterfly A Bugaboo Butterfly az egy m\u00e1sodperc alatt \u00f6sszecsukhat\u00f3 v\u00e1rosi babakocsi k\u00f6zeli \u00e9s t\u00e1voli utaz\u00e1sokhoz.\u00a0 [\/vc_column_text][\/vc_column][vc_column width=&#8221;2\/3&#8243; offset=&#8221;vc_hidden-xs&#8221;][vc_single_image image=&#8221;106642&#8243; img_size=&#8221;full&#8221; alignment=&#8221;center&#8221;][\/vc_column][\/vc_row][vc_row css=&#8221;.vc_custom_1655915545585{background-color: #bfb6f7 !important;}&#8221;][vc_column width=&#8221;1\/3&#8243; offset=&#8221;vc_hidden-lg vc_hidden-md vc_hidden-sm&#8221;][vc_column_text] Bugaboo v\u00e1rosi babakocsi Butterfly A Bugaboo Butterfly az egy m\u00e1sodperc alatt \u00f6sszecsukhat\u00f3&#8230;<\/p>\n","protected":false},"author":5,"featured_media":0,"parent":0,"menu_order":0,"comment_status":"closed","ping_status":"closed","template":"","meta":{"_acf_changed":false,"footnotes":""},"class_list":["post-106587","page","type-page","status-publish","hentry"],"acf":[],"amp_enabled":true,"_links":{"self":[{"href":"https:\/\/mamasandpapas.hu\/blog\/wp-json\/wp\/v2\/pages\/106587","targetHints":{"allow":["GET"]}}],"collection":[{"href":"https:\/\/mamasandpapas.hu\/blog\/wp-json\/wp\/v2\/pages"}],"about":[{"href":"https:\/\/mamasandpapas.hu\/blog\/wp-json\/wp\/v2\/types\/page"}],"author":[{"embeddable":true,"href":"https:\/\/mamasandpapas.hu\/blog\/wp-json\/wp\/v2\/users\/5"}],"replies":[{"embeddable":true,"href":"https:\/\/mamasandpapas.hu\/blog\/wp-json\/wp\/v2\/comments?post=106587"}],"version-history":[{"count":68,"href":"https:\/\/mamasandpapas.hu\/blog\/wp-json\/wp\/v2\/pages\/106587\/revisions"}],"predecessor-version":[{"id":108390,"href":"https:\/\/mamasandpapas.hu\/blog\/wp-json\/wp\/v2\/pages\/106587\/revisions\/108390"}],"wp:attachment":[{"href":"https:\/\/mamasandpapas.hu\/blog\/wp-json\/wp\/v2\/media?parent=106587"}],"curies":[{"name":"wp","href":"https:\/\/api.w.org\/{rel}","templated":true}]}}