{"id":106017,"date":"2020-04-02T19:35:21","date_gmt":"2020-04-02T19:35:21","guid":{"rendered":"https:\/\/mamasandpapas.hu\/blog\/?page_id=106017"},"modified":"2020-04-06T14:11:13","modified_gmt":"2020-04-06T14:11:13","slug":"autosules","status":"publish","type":"page","link":"https:\/\/mamasandpapas.hu\/blog\/segitunk-vasarolni\/autosules\/","title":{"rendered":"Aut\u00f3s\u00fcl\u00e9s"},"content":{"rendered":"<div class=\"wpb-content-wrapper\"><p>[vc_row css=&#8221;.vc_custom_1585921704167{background-color: #f99484 !important;}&#8221;][vc_column][vc_single_image image=&#8221;106099&#8243; img_size=&#8221;full&#8221; onclick=&#8221;custom_link&#8221; link=&#8221;https:\/\/mamasandpapas.hu\/autosulesek\/&#8221;][vc_column_text]<\/p>\n<h1 style=\"text-align: center;\"><span style=\"font-size: 18px;\"><strong><span style=\"color: #ffffff;\">Aut\u00f3s\u00fcl\u00e9s<\/span><\/strong><\/span><\/h1>\n<p style=\"text-align: center;\"><span style=\"color: #ffffff; font-size: 16px;\"><strong>A megfelel\u0151 aut\u00f3s\u00fcl\u00e9s kiv\u00e1laszt\u00e1sa nagyon fontos, hiszen ebben fogod hazahozni gyermeked a k\u00f3rh\u00e1zb\u00f3l, \u00e9s ezt fogj\u00e1tok hossz\u00fa ideig haszn\u00e1lni, hogy biztons\u00e1gosan eljussatok A-b\u00f3l B-be. Gy\u0151z\u0151dj meg r\u00f3la, hogy maxim\u00e1lisan t\u00e1j\u00e9kozott vagy, haszn\u00e1ld \u00fatmutat\u00f3inkat.\u00a0\u00a0<\/strong><\/span><\/p>\n<p>[\/vc_column_text][\/vc_column][\/vc_row][vc_row][vc_column]\r\n            \r\n                            <div class=\"sh-blog-fancy-title-container sh-blog-fancy-title-container-sides\">\r\n                    <h2 class=\"sh-blog-fancy-title\" style=\"border-color: #f99484;\">\r\n                        Bejegyz\u00e9sek                    <\/h2>\r\n                <\/div>\r\n                        <div class=\"sh-blog-standard-posts blog-posts-VhunaZwUT6\">\r\n                <div class=\"sh-group blog-list blog-style-left-small blog-style-left-small-element   \">\r\n                    \r\n\t<article id=\"post-left-small-107235\" class=\"post-item post-107235 post type-post status-publish format-standard has-post-thumbnail hentry category-autosules\">\r\n\t\t<div class=\"post-thumbnail\" style=\"background-image: url( https:\/\/mamasandpapas.hu\/blog\/wp-content\/uploads\/2022\/12\/adac-blogcikk-desktop-1-585x372.jpg);\">\r\n\t\t\t            <a href=\"https:\/\/mamasandpapas.hu\/blog\/107235-2\/\" class=\"post-overlay\"><\/a>\r\n        \t\t\t\t\t<\/div>\r\n\t\t<div class=\"post-container\">\r\n\t\t\t<div class=\"post-container-content\">\r\n\r\n\t\t\t\t<div class=\"post-categories-container\">\r\n                <div class=\"post-categories\"><a href=\"https:\/\/mamasandpapas.hu\/blog\/kategoria\/autosules\/\">Aut\u00f3s\u00fcl\u00e9s<\/a><\/div>\r\n            <\/div>\t\t\t\t<a href=\"https:\/\/mamasandpapas.hu\/blog\/107235-2\/\" class=\"post-title\">\r\n\t\t\t\t\t<h2>\r\n\t\t\t\t\t\t\t\t\t\t\t\tGyerek\u00fcl\u00e9s teszt: hogyan v\u00e1laszd ki a legjobb gyerek\u00fcl\u00e9st?&nbsp;<span class=\"post-read-later post-read-later-guest\" href=\"#login-register\" data-type=\"add\" data-id=\"107235\"><i class=\"fa fa-bookmark-o\"><\/i><\/span>\t\t\t\t\t<\/h2>\r\n\t\t\t\t<\/a>\r\n\t\t\t\t<div class=\"post-meta\">\r\n\t\t\t\t\t\r\n    <div class=\"post-meta-content\">\r\n        \r\n                \r\n                \r\n                \r\n                \r\n                \r\n                                            <span class=\"responsive-post-read-later\">\r\n                    &nbsp;<span class=\"post-read-later post-read-later-guest\" href=\"#login-register\" data-type=\"add\" data-id=\"107235\"><i class=\"fa fa-bookmark-o\"><\/i><\/span>                <\/span>\r\n                        <\/div>\r\n\r\n\t\t\t\t<\/div>\r\n\r\n\t\t\t<\/div>\r\n\t\t<\/div>\r\n\t<\/article>\r\n\r\n\r\n\t<article id=\"post-left-small-26411\" class=\"post-item post-26411 post type-post status-publish format-standard has-post-thumbnail hentry category-autosules tag-autosules\">\r\n\t\t<div class=\"post-thumbnail\" style=\"background-image: url( https:\/\/mamasandpapas.hu\/blog\/wp-content\/uploads\/2020\/03\/autosules-gyerekeknek-babaknak-585x372.jpg);\">\r\n\t\t\t            <a href=\"https:\/\/mamasandpapas.hu\/blog\/autosules-gyerekeknek-babaknak\/\" class=\"post-overlay\"><\/a>\r\n        \t\t\t\t\t<\/div>\r\n\t\t<div class=\"post-container\">\r\n\t\t\t<div class=\"post-container-content\">\r\n\r\n\t\t\t\t<div class=\"post-categories-container\">\r\n                <div class=\"post-categories\"><a href=\"https:\/\/mamasandpapas.hu\/blog\/kategoria\/autosules\/\">Aut\u00f3s\u00fcl\u00e9s<\/a><\/div>\r\n            <\/div>\t\t\t\t<a href=\"https:\/\/mamasandpapas.hu\/blog\/autosules-gyerekeknek-babaknak\/\" class=\"post-title\">\r\n\t\t\t\t\t<h2>\r\n\t\t\t\t\t\t\t\t\t\t\t\tAut\u00f3s\u00fcl\u00e9s gyerekeknek, bab\u00e1knak&nbsp;<span class=\"post-read-later post-read-later-guest\" href=\"#login-register\" data-type=\"add\" data-id=\"26411\"><i class=\"fa fa-bookmark-o\"><\/i><\/span>\t\t\t\t\t<\/h2>\r\n\t\t\t\t<\/a>\r\n\t\t\t\t<div class=\"post-meta\">\r\n\t\t\t\t\t\r\n    <div class=\"post-meta-content\">\r\n        \r\n                \r\n                \r\n                \r\n                \r\n                \r\n                                            <span class=\"responsive-post-read-later\">\r\n                    &nbsp;<span class=\"post-read-later post-read-later-guest\" href=\"#login-register\" data-type=\"add\" data-id=\"26411\"><i class=\"fa fa-bookmark-o\"><\/i><\/span>                <\/span>\r\n                        <\/div>\r\n\r\n\t\t\t\t<\/div>\r\n\r\n\t\t\t<\/div>\r\n\t\t<\/div>\r\n\t<\/article>\r\n\r\n                <\/div>\r\n\r\n                \r\n            <\/div>\r\n\r\n        [\/vc_column][\/vc_row]<\/p>\n<\/div>","protected":false},"excerpt":{"rendered":"<p>[vc_row css=&#8221;.vc_custom_1585921704167{background-color: #f99484 !important;}&#8221;][vc_column][vc_single_image image=&#8221;106099&#8243; img_size=&#8221;full&#8221; onclick=&#8221;custom_link&#8221; link=&#8221;https:\/\/mamasandpapas.hu\/autosulesek\/&#8221;][vc_column_text] Aut\u00f3s\u00fcl\u00e9s A megfelel\u0151 aut\u00f3s\u00fcl\u00e9s kiv\u00e1laszt\u00e1sa nagyon fontos, hiszen ebben fogod hazahozni gyermeked a k\u00f3rh\u00e1zb\u00f3l, \u00e9s ezt fogj\u00e1tok hossz\u00fa ideig haszn\u00e1lni, hogy biztons\u00e1gosan eljussatok A-b\u00f3l B-be. Gy\u0151z\u0151dj meg r\u00f3la, hogy maxim\u00e1lisan t\u00e1j\u00e9kozott vagy, haszn\u00e1ld \u00fatmutat\u00f3inkat.\u00a0\u00a0 [\/vc_column_text][\/vc_column][\/vc_row][vc_row][vc_column][\/vc_column][\/vc_row]<\/p>\n","protected":false},"author":5,"featured_media":0,"parent":105795,"menu_order":0,"comment_status":"closed","ping_status":"closed","template":"","meta":{"_acf_changed":false,"footnotes":""},"class_list":["post-106017","page","type-page","status-publish","hentry"],"acf":[],"amp_enabled":true,"_links":{"self":[{"href":"https:\/\/mamasandpapas.hu\/blog\/wp-json\/wp\/v2\/pages\/106017","targetHints":{"allow":["GET"]}}],"collection":[{"href":"https:\/\/mamasandpapas.hu\/blog\/wp-json\/wp\/v2\/pages"}],"about":[{"href":"https:\/\/mamasandpapas.hu\/blog\/wp-json\/wp\/v2\/types\/page"}],"author":[{"embeddable":true,"href":"https:\/\/mamasandpapas.hu\/blog\/wp-json\/wp\/v2\/users\/5"}],"replies":[{"embeddable":true,"href":"https:\/\/mamasandpapas.hu\/blog\/wp-json\/wp\/v2\/comments?post=106017"}],"version-history":[{"count":8,"href":"https:\/\/mamasandpapas.hu\/blog\/wp-json\/wp\/v2\/pages\/106017\/revisions"}],"predecessor-version":[{"id":106145,"href":"https:\/\/mamasandpapas.hu\/blog\/wp-json\/wp\/v2\/pages\/106017\/revisions\/106145"}],"up":[{"embeddable":true,"href":"https:\/\/mamasandpapas.hu\/blog\/wp-json\/wp\/v2\/pages\/105795"}],"wp:attachment":[{"href":"https:\/\/mamasandpapas.hu\/blog\/wp-json\/wp\/v2\/media?parent=106017"}],"curies":[{"name":"wp","href":"https:\/\/api.w.org\/{rel}","templated":true}]}}