{"id":106002,"date":"2020-04-02T19:22:31","date_gmt":"2020-04-02T19:22:31","guid":{"rendered":"https:\/\/mamasandpapas.hu\/blog\/?page_id=106002"},"modified":"2020-04-06T14:11:39","modified_gmt":"2020-04-06T14:11:39","slug":"bababutor-es-matrac","status":"publish","type":"page","link":"https:\/\/mamasandpapas.hu\/blog\/segitunk-vasarolni\/bababutor-es-matrac\/","title":{"rendered":"Babab\u00fator \u00e9s matrac"},"content":{"rendered":"<div class=\"wpb-content-wrapper\"><p>[vc_row css=&#8221;.vc_custom_1585923569002{background-color: #f99484 !important;}&#8221;][vc_column][vc_single_image image=&#8221;106101&#8243; img_size=&#8221;full&#8221; onclick=&#8221;custom_link&#8221; link=&#8221;https:\/\/mamasandpapas.hu\/matracok\/&#8221;][vc_column_text]<\/p>\n<p style=\"text-align: center;\"><span style=\"font-size: 18px; color: #ffffff;\"><strong>Babab\u00fator \u00e9s matrac<\/strong><\/span><\/p>\n<p style=\"text-align: center;\"><span style=\"font-size: 16px; color: #ffffff;\"><strong>Amint elkezdesz k\u00e9sz\u00fclni kisbab\u00e1d \u00e9rkez\u00e9s\u00e9re f\u00e9szekrak\u00e1si \u00f6szt\u00f6n\u00f6d feler\u0151s\u00f6dik majd. Ebben a f\u00e9szekrak\u00e1sban pedig nagyon j\u00f3l fogunk tudni seg\u00edteni neked! B\u00fator- \u00e9s enteri\u0151r kollekci\u00f3ink,kieg\u00e9sz\u00edt\u0151ink valamint matracaink seg\u00edts\u00e9g\u00e9vel t\u00f6k\u00e9letes k\u00f6rnyezetet teremthetsz cs\u00f6pps\u00e9gednek. V\u00e1s\u00e1rl\u00e1si \u00fatmutat\u00f3ink \u00e9s tan\u00e1csaink pedig megmutatj\u00e1k, hogy hogyan rendezd be t\u00f6k\u00e9letesen a rendelkez\u00e9sre \u00e1ll\u00f3 helyet.<\/strong><\/span><\/p>\n<p>[\/vc_column_text][\/vc_column][\/vc_row][vc_row][vc_column]\r\n            \r\n                            <div class=\"sh-blog-fancy-title-container sh-blog-fancy-title-container-sides\">\r\n                    <h2 class=\"sh-blog-fancy-title\" style=\"border-color: #f99484;\">\r\n                        Bejegyz\u00e9sek                    <\/h2>\r\n                <\/div>\r\n                        <div class=\"sh-blog-standard-posts blog-posts-khfGQjTvXM\">\r\n                <div class=\"sh-group blog-list blog-style-left-small blog-style-left-small-element   \">\r\n                    \r\n\t<article id=\"post-left-small-106739\" class=\"post-item post-106739 post type-post status-publish format-standard has-post-thumbnail hentry category-babaszoba tag-bababutor tag-babaszoba tag-tippek\">\r\n\t\t<div class=\"post-thumbnail\" style=\"background-image: url( https:\/\/mamasandpapas.hu\/blog\/wp-content\/uploads\/2022\/07\/harwell-butorkollekcio-585x372.jpg);\">\r\n\t\t\t            <a href=\"https:\/\/mamasandpapas.hu\/blog\/hogyan-tervezd-meg-az-alombabaszobat-tippek-a-babaszoba-berendezes-kapcsan\/\" class=\"post-overlay\"><\/a>\r\n        \t\t\t\t\t<\/div>\r\n\t\t<div class=\"post-container\">\r\n\t\t\t<div class=\"post-container-content\">\r\n\r\n\t\t\t\t<div class=\"post-categories-container\">\r\n                <div class=\"post-categories\"><a href=\"https:\/\/mamasandpapas.hu\/blog\/kategoria\/babaszoba\/\">Babaszoba<\/a><\/div>\r\n            <\/div>\t\t\t\t<a href=\"https:\/\/mamasandpapas.hu\/blog\/hogyan-tervezd-meg-az-alombabaszobat-tippek-a-babaszoba-berendezes-kapcsan\/\" class=\"post-title\">\r\n\t\t\t\t\t<h2>\r\n\t\t\t\t\t\t\t\t\t\t\t\tHogyan tervezd meg az \u00e1lombabaszob\u00e1t? &#8211; Tippek a babaszoba berendez\u00e9s kapcs\u00e1n\u00a0&nbsp;<span class=\"post-read-later post-read-later-guest\" href=\"#login-register\" data-type=\"add\" data-id=\"106739\"><i class=\"fa fa-bookmark-o\"><\/i><\/span>\t\t\t\t\t<\/h2>\r\n\t\t\t\t<\/a>\r\n\t\t\t\t<div class=\"post-meta\">\r\n\t\t\t\t\t\r\n    <div class=\"post-meta-content\">\r\n        \r\n                \r\n                \r\n                \r\n                \r\n                \r\n                                            <span class=\"responsive-post-read-later\">\r\n                    &nbsp;<span class=\"post-read-later post-read-later-guest\" href=\"#login-register\" data-type=\"add\" data-id=\"106739\"><i class=\"fa fa-bookmark-o\"><\/i><\/span>                <\/span>\r\n                        <\/div>\r\n\r\n\t\t\t\t<\/div>\r\n\r\n\t\t\t<\/div>\r\n\t\t<\/div>\r\n\t<\/article>\r\n\r\n\r\n\t<article id=\"post-left-small-106423\" class=\"post-item post-106423 post type-post status-publish format-standard has-post-thumbnail hentry category-babaszoba tag-babaagy tag-bababutor tag-babaszoba tag-kisagy tag-pelenkazo\">\r\n\t\t<div class=\"post-thumbnail\" style=\"background-image: url( https:\/\/mamasandpapas.hu\/blog\/wp-content\/uploads\/2021\/04\/RMMLHM900_CCMLHM900_MELFI_GREY_3PC_LANDSCAPE_MINI_UBS-585x372.jpg);\">\r\n\t\t\t            <a href=\"https:\/\/mamasandpapas.hu\/blog\/babaszoba-butorok-2\/\" class=\"post-overlay\"><\/a>\r\n        \t\t\t\t\t<\/div>\r\n\t\t<div class=\"post-container\">\r\n\t\t\t<div class=\"post-container-content\">\r\n\r\n\t\t\t\t<div class=\"post-categories-container\">\r\n                <div class=\"post-categories\"><a href=\"https:\/\/mamasandpapas.hu\/blog\/kategoria\/babaszoba\/\">Babaszoba<\/a><\/div>\r\n            <\/div>\t\t\t\t<a href=\"https:\/\/mamasandpapas.hu\/blog\/babaszoba-butorok-2\/\" class=\"post-title\">\r\n\t\t\t\t\t<h2>\r\n\t\t\t\t\t\t\t\t\t\t\t\tBabaszoba b\u00fatorok&nbsp;<span class=\"post-read-later post-read-later-guest\" href=\"#login-register\" data-type=\"add\" data-id=\"106423\"><i class=\"fa fa-bookmark-o\"><\/i><\/span>\t\t\t\t\t<\/h2>\r\n\t\t\t\t<\/a>\r\n\t\t\t\t<div class=\"post-meta\">\r\n\t\t\t\t\t\r\n    <div class=\"post-meta-content\">\r\n        \r\n                \r\n                \r\n                \r\n                \r\n                \r\n                                            <span class=\"responsive-post-read-later\">\r\n                    &nbsp;<span class=\"post-read-later post-read-later-guest\" href=\"#login-register\" data-type=\"add\" data-id=\"106423\"><i class=\"fa fa-bookmark-o\"><\/i><\/span>                <\/span>\r\n                        <\/div>\r\n\r\n\t\t\t\t<\/div>\r\n\r\n\t\t\t<\/div>\r\n\t\t<\/div>\r\n\t<\/article>\r\n\r\n                <\/div>\r\n\r\n                                    <div class=\"sh-load-more\"\r\n    \t\t\t\tdata-categories=\"198\"\r\n    \t\t\t\tdata-post-style=\"left-small\"\r\n    \t\t\t\tdata-posts-per-page=\"2\"\r\n    \t\t\t\tdata-paged=\"2\"\r\n                    data-offset=\"0\"\r\n                    data-id=\"blog-posts-khfGQjTvXM\">\r\n    \t\t\t\t\tLoad more    \t\t\t\t<\/div>\r\n                \r\n            <\/div>\r\n\r\n        [\/vc_column][\/vc_row]<\/p>\n<\/div>","protected":false},"excerpt":{"rendered":"<p>[vc_row css=&#8221;.vc_custom_1585923569002{background-color: #f99484 !important;}&#8221;][vc_column][vc_single_image image=&#8221;106101&#8243; img_size=&#8221;full&#8221; onclick=&#8221;custom_link&#8221; link=&#8221;https:\/\/mamasandpapas.hu\/matracok\/&#8221;][vc_column_text] Babab\u00fator \u00e9s matrac Amint elkezdesz k\u00e9sz\u00fclni kisbab\u00e1d \u00e9rkez\u00e9s\u00e9re f\u00e9szekrak\u00e1si \u00f6szt\u00f6n\u00f6d feler\u0151s\u00f6dik majd. Ebben a f\u00e9szekrak\u00e1sban pedig nagyon j\u00f3l fogunk tudni seg\u00edteni neked! B\u00fator- \u00e9s enteri\u0151r kollekci\u00f3ink,kieg\u00e9sz\u00edt\u0151ink valamint matracaink seg\u00edts\u00e9g\u00e9vel t\u00f6k\u00e9letes k\u00f6rnyezetet teremthetsz cs\u00f6pps\u00e9gednek. V\u00e1s\u00e1rl\u00e1si \u00fatmutat\u00f3ink \u00e9s tan\u00e1csaink pedig megmutatj\u00e1k, hogy hogyan rendezd&#8230;<\/p>\n","protected":false},"author":5,"featured_media":0,"parent":105795,"menu_order":0,"comment_status":"closed","ping_status":"closed","template":"","meta":{"_acf_changed":false,"footnotes":""},"class_list":["post-106002","page","type-page","status-publish","hentry"],"acf":[],"amp_enabled":true,"_links":{"self":[{"href":"https:\/\/mamasandpapas.hu\/blog\/wp-json\/wp\/v2\/pages\/106002","targetHints":{"allow":["GET"]}}],"collection":[{"href":"https:\/\/mamasandpapas.hu\/blog\/wp-json\/wp\/v2\/pages"}],"about":[{"href":"https:\/\/mamasandpapas.hu\/blog\/wp-json\/wp\/v2\/types\/page"}],"author":[{"embeddable":true,"href":"https:\/\/mamasandpapas.hu\/blog\/wp-json\/wp\/v2\/users\/5"}],"replies":[{"embeddable":true,"href":"https:\/\/mamasandpapas.hu\/blog\/wp-json\/wp\/v2\/comments?post=106002"}],"version-history":[{"count":7,"href":"https:\/\/mamasandpapas.hu\/blog\/wp-json\/wp\/v2\/pages\/106002\/revisions"}],"predecessor-version":[{"id":106146,"href":"https:\/\/mamasandpapas.hu\/blog\/wp-json\/wp\/v2\/pages\/106002\/revisions\/106146"}],"up":[{"embeddable":true,"href":"https:\/\/mamasandpapas.hu\/blog\/wp-json\/wp\/v2\/pages\/105795"}],"wp:attachment":[{"href":"https:\/\/mamasandpapas.hu\/blog\/wp-json\/wp\/v2\/media?parent=106002"}],"curies":[{"name":"wp","href":"https:\/\/api.w.org\/{rel}","templated":true}]}}