{"id":105972,"date":"2020-04-02T19:06:13","date_gmt":"2020-04-02T19:06:13","guid":{"rendered":"https:\/\/mamasandpapas.hu\/blog\/?page_id=105972"},"modified":"2022-06-22T04:18:46","modified_gmt":"2022-06-22T04:18:46","slug":"ingyenes-szolgaltatasaink","status":"publish","type":"page","link":"https:\/\/mamasandpapas.hu\/blog\/ingyenes-szolgaltatasaink\/","title":{"rendered":"Ingyenes szolg\u00e1ltat\u00e1saink"},"content":{"rendered":"<div class=\"wpb-content-wrapper\"><p>[vc_row css=&#8221;.vc_custom_1587727224182{background-color: #f99484 !important;}&#8221;][vc_column][vc_column_text]<\/p>\n<p style=\"text-align: center;\"><span style=\"color: #ffffff;\"><strong><span style=\"font-size: 16px;\"><span style=\"font-family: arial, sans-serif;\">A Sz\u00e9pv\u00f6lgyi \u00fati \u00fczlet\u00fcnk 10-15 \u00f3r\u00e1ig kiz\u00e1r\u00f3lag el\u0151re egyeztetett id\u0151pontban fogadja v\u00e1s\u00e1rl\u00f3it a babav\u00e1r\u00e1shoz n\u00e9lk\u00fcl\u00f6zhetetlen term\u00e9kek beszerz\u00e9s\u00e9hez. K\u00e9rj\u00fck, hogy a l\u00e1togat\u00e1shoz foglalj magadnak id\u0151pontot a +36-70-391-6775-\u00f6s telefonsz\u00e1mon!\u00a0<\/span><span style=\"font-family: arial, sans-serif;\">A Sz\u00fcl\u0151k lesz\u00fcnk esem\u00e9ny\u00fcnket \u00e1thelyezt\u00fck a biztons\u00e1gos, online t\u00e9rbe, k\u00eds\u00e9rd figyelemmel k\u00f6z\u00f6ss\u00e9gi oldalainkat, ahol mindig h\u00edrt adunk az \u00faj id\u0151pontr\u00f3l!\u00a0<\/span><span style=\"font-family: arial, sans-serif;\">A Seg\u00edt\u00fcnk bev\u00e1s\u00e1rolni szolg\u00e1ltat\u00e1sunkat telefonon vagy vide\u00f3h\u00edv\u00e1sban is ig\u00e9nybe veheted! Koll\u00e9g\u00e1ink 10-18 \u00f3r\u00e1ig v\u00e1rj\u00e1k h\u00edv\u00e1sod a Sz\u00e9pv\u00f6lgyi \u00fati \u00fczlet\u00fcnkben!<\/span><\/span><\/strong><\/span><\/p>\n<p>[\/vc_column_text][\/vc_column][\/vc_row][vc_row][vc_column]\r\n            \r\n            \r\n\r\n            <div class=\"blog-posts-fancy-1PGC7rZBdR sh-blog-fancy\">\r\n                \r\n                <div class=\"blog-fancy-carousel-disabled blog-style-card  \">\r\n                                    <\/div>\r\n                                    <div class=\"widget-slide-arrows sh-carousel-buttons-styling\"><\/div>\r\n                            <\/div>\r\n\r\n\r\n\r\n\r\n\r\n        [\/vc_column][\/vc_row]<\/p>\n<\/div>","protected":false},"excerpt":{"rendered":"<p>[vc_row css=&#8221;.vc_custom_1587727224182{background-color: #f99484 !important;}&#8221;][vc_column][vc_column_text] A Sz\u00e9pv\u00f6lgyi \u00fati \u00fczlet\u00fcnk 10-15 \u00f3r\u00e1ig kiz\u00e1r\u00f3lag el\u0151re egyeztetett id\u0151pontban fogadja v\u00e1s\u00e1rl\u00f3it a babav\u00e1r\u00e1shoz n\u00e9lk\u00fcl\u00f6zhetetlen term\u00e9kek beszerz\u00e9s\u00e9hez. K\u00e9rj\u00fck, hogy a l\u00e1togat\u00e1shoz foglalj magadnak id\u0151pontot a +36-70-391-6775-\u00f6s telefonsz\u00e1mon!\u00a0A Sz\u00fcl\u0151k lesz\u00fcnk esem\u00e9ny\u00fcnket \u00e1thelyezt\u00fck a biztons\u00e1gos, online t\u00e9rbe, k\u00eds\u00e9rd figyelemmel k\u00f6z\u00f6ss\u00e9gi oldalainkat, ahol mindig h\u00edrt adunk az \u00faj id\u0151pontr\u00f3l!\u00a0A&#8230;<\/p>\n","protected":false},"author":5,"featured_media":0,"parent":0,"menu_order":0,"comment_status":"closed","ping_status":"closed","template":"","meta":{"_acf_changed":false,"footnotes":""},"class_list":["post-105972","page","type-page","status-publish","hentry"],"acf":[],"amp_enabled":true,"_links":{"self":[{"href":"https:\/\/mamasandpapas.hu\/blog\/wp-json\/wp\/v2\/pages\/105972","targetHints":{"allow":["GET"]}}],"collection":[{"href":"https:\/\/mamasandpapas.hu\/blog\/wp-json\/wp\/v2\/pages"}],"about":[{"href":"https:\/\/mamasandpapas.hu\/blog\/wp-json\/wp\/v2\/types\/page"}],"author":[{"embeddable":true,"href":"https:\/\/mamasandpapas.hu\/blog\/wp-json\/wp\/v2\/users\/5"}],"replies":[{"embeddable":true,"href":"https:\/\/mamasandpapas.hu\/blog\/wp-json\/wp\/v2\/comments?post=105972"}],"version-history":[{"count":29,"href":"https:\/\/mamasandpapas.hu\/blog\/wp-json\/wp\/v2\/pages\/105972\/revisions"}],"predecessor-version":[{"id":106586,"href":"https:\/\/mamasandpapas.hu\/blog\/wp-json\/wp\/v2\/pages\/105972\/revisions\/106586"}],"wp:attachment":[{"href":"https:\/\/mamasandpapas.hu\/blog\/wp-json\/wp\/v2\/media?parent=105972"}],"curies":[{"name":"wp","href":"https:\/\/api.w.org\/{rel}","templated":true}]}}