{"id":105902,"date":"2020-04-01T22:40:02","date_gmt":"2020-04-01T22:40:02","guid":{"rendered":"https:\/\/mamasandpapas.hu\/blog\/?page_id=105902"},"modified":"2020-04-06T14:09:48","modified_gmt":"2020-04-06T14:09:48","slug":"a-baba-fejlodese","status":"publish","type":"page","link":"https:\/\/mamasandpapas.hu\/blog\/tanacsok\/a-baba-fejlodese\/","title":{"rendered":"A baba fejl\u0151d\u00e9se"},"content":{"rendered":"<div class=\"wpb-content-wrapper\"><p>[vc_row css=&#8221;.vc_custom_1585780798913{background-color: #f99484 !important;}&#8221;][vc_column][vc_column_text]<\/p>\n<h1 style=\"text-align: center;\"><span style=\"font-size: 18px;\"><strong><span style=\"color: #ffffff;\">A baba fejl\u0151d\u00e9se<\/span><\/strong><\/span><\/h1>\n<p style=\"text-align: center;\"><span style=\"font-size: 16px; color: #ffffff;\"><strong>Hogy mikor fog gyermeked mosolyogni? Vagy besz\u00e9lni? Vagy \u00f6n\u00e1ll\u00f3an \u00fclni? Sz\u00e1mos m\u00e9rf\u00f6ldk\u0151 van a gyermek els\u0151 egy-k\u00e9t \u00e9v\u00e9ben. Cikkeink seg\u00edts\u00e9g\u00e9vel bizonyosodj meg r\u00f3la, hogy kell\u0151k\u00e9ppen t\u00e1j\u00e9kozott vagy-e \u00e9s inform\u00e1l\u00f3dj, hogy tudd mikor mire sz\u00e1m\u00edts \u00e9s figyelj.\u00a0<\/strong><\/span><\/p>\n<p>[\/vc_column_text][\/vc_column][\/vc_row][vc_row][vc_column]\r\n            \r\n                            <div class=\"sh-blog-fancy-title-container sh-blog-fancy-title-container-sides\">\r\n                    <h2 class=\"sh-blog-fancy-title\" style=\"border-color: #f99484;\">\r\n                        Bejegyz\u00e9sek                    <\/h2>\r\n                <\/div>\r\n                        <div class=\"sh-blog-standard-posts blog-posts-n2PFys4ouG\">\r\n                <div class=\"sh-group blog-list blog-style-left-small blog-style-left-small-element   \">\r\n                    \r\n\t<article id=\"post-left-small-108809\" class=\"post-item post-108809 post type-post status-publish format-standard has-post-thumbnail hentry category-a-baba-fejlodese category-jatek\">\r\n\t\t<div class=\"post-thumbnail\" style=\"background-image: url( https:\/\/mamasandpapas.hu\/blog\/wp-content\/uploads\/2024\/05\/a-korlatok-nelkuli-jatek-varazsa-fokep-585x372.jpg);\">\r\n\t\t\t            <a href=\"https:\/\/mamasandpapas.hu\/blog\/a-korlatok-nelkuli-jatek-varazsa-ahol-a-kepzelet-szarnyra-kel\/\" class=\"post-overlay\"><\/a>\r\n        \t\t\t\t\t<\/div>\r\n\t\t<div class=\"post-container\">\r\n\t\t\t<div class=\"post-container-content\">\r\n\r\n\t\t\t\t<div class=\"post-categories-container\">\r\n                <div class=\"post-categories\"><a href=\"https:\/\/mamasandpapas.hu\/blog\/kategoria\/a-baba-fejlodese\/\">A baba fejl\u0151d\u00e9se<\/a><\/div>\r\n            <\/div>\t\t\t\t<a href=\"https:\/\/mamasandpapas.hu\/blog\/a-korlatok-nelkuli-jatek-varazsa-ahol-a-kepzelet-szarnyra-kel\/\" class=\"post-title\">\r\n\t\t\t\t\t<h2>\r\n\t\t\t\t\t\t\t\t\t\t\t\tA korl\u00e1tok n\u00e9lk\u00fcli j\u00e1t\u00e9k var\u00e1zsa: Ahol a k\u00e9pzelet sz\u00e1rnyra kel&nbsp;<span class=\"post-read-later post-read-later-guest\" href=\"#login-register\" data-type=\"add\" data-id=\"108809\"><i class=\"fa fa-bookmark-o\"><\/i><\/span>\t\t\t\t\t<\/h2>\r\n\t\t\t\t<\/a>\r\n\t\t\t\t<div class=\"post-meta\">\r\n\t\t\t\t\t\r\n    <div class=\"post-meta-content\">\r\n        \r\n                \r\n                \r\n                \r\n                \r\n                \r\n                                            <span class=\"responsive-post-read-later\">\r\n                    &nbsp;<span class=\"post-read-later post-read-later-guest\" href=\"#login-register\" data-type=\"add\" data-id=\"108809\"><i class=\"fa fa-bookmark-o\"><\/i><\/span>                <\/span>\r\n                        <\/div>\r\n\r\n\t\t\t\t<\/div>\r\n\r\n\t\t\t<\/div>\r\n\t\t<\/div>\r\n\t<\/article>\r\n\r\n\r\n\t<article id=\"post-left-small-108794\" class=\"post-item post-108794 post type-post status-publish format-standard has-post-thumbnail hentry category-a-baba-fejlodese category-jatek\">\r\n\t\t<div class=\"post-thumbnail\" style=\"background-image: url( https:\/\/mamasandpapas.hu\/blog\/wp-content\/uploads\/2024\/05\/kontrasztokon-keresztul-a-vilag-fele-fokep-585x372.jpg);\">\r\n\t\t\t            <a href=\"https:\/\/mamasandpapas.hu\/blog\/kontrasztokon-keresztul-a-vilag-fele-a-magas-kontrasztu-jatekok-szerepe-a-csecsemok-latasfejleszteseben\/\" class=\"post-overlay\"><\/a>\r\n        \t\t\t\t\t<\/div>\r\n\t\t<div class=\"post-container\">\r\n\t\t\t<div class=\"post-container-content\">\r\n\r\n\t\t\t\t<div class=\"post-categories-container\">\r\n                <div class=\"post-categories\"><a href=\"https:\/\/mamasandpapas.hu\/blog\/kategoria\/a-baba-fejlodese\/\">A baba fejl\u0151d\u00e9se<\/a><\/div>\r\n            <\/div>\t\t\t\t<a href=\"https:\/\/mamasandpapas.hu\/blog\/kontrasztokon-keresztul-a-vilag-fele-a-magas-kontrasztu-jatekok-szerepe-a-csecsemok-latasfejleszteseben\/\" class=\"post-title\">\r\n\t\t\t\t\t<h2>\r\n\t\t\t\t\t\t\t\t\t\t\t\tKontrasztokon kereszt\u00fcl a vil\u00e1g fel\u00e9: A magas kontraszt\u00fa j\u00e1t\u00e9kok szerepe a csecsem\u0151k l\u00e1t\u00e1sfejleszt\u00e9s\u00e9ben&nbsp;<span class=\"post-read-later post-read-later-guest\" href=\"#login-register\" data-type=\"add\" data-id=\"108794\"><i class=\"fa fa-bookmark-o\"><\/i><\/span>\t\t\t\t\t<\/h2>\r\n\t\t\t\t<\/a>\r\n\t\t\t\t<div class=\"post-meta\">\r\n\t\t\t\t\t\r\n    <div class=\"post-meta-content\">\r\n        \r\n                \r\n                \r\n                \r\n                \r\n                \r\n                                            <span class=\"responsive-post-read-later\">\r\n                    &nbsp;<span class=\"post-read-later post-read-later-guest\" href=\"#login-register\" data-type=\"add\" data-id=\"108794\"><i class=\"fa fa-bookmark-o\"><\/i><\/span>                <\/span>\r\n                        <\/div>\r\n\r\n\t\t\t\t<\/div>\r\n\r\n\t\t\t<\/div>\r\n\t\t<\/div>\r\n\t<\/article>\r\n\r\n                <\/div>\r\n\r\n                                    <div class=\"sh-load-more\"\r\n    \t\t\t\tdata-categories=\"419\"\r\n    \t\t\t\tdata-post-style=\"left-small\"\r\n    \t\t\t\tdata-posts-per-page=\"2\"\r\n    \t\t\t\tdata-paged=\"2\"\r\n                    data-offset=\"0\"\r\n                    data-id=\"blog-posts-n2PFys4ouG\">\r\n    \t\t\t\t\tLoad more    \t\t\t\t<\/div>\r\n                \r\n            <\/div>\r\n\r\n        [\/vc_column][\/vc_row]<\/p>\n<\/div>","protected":false},"excerpt":{"rendered":"<p>[vc_row css=&#8221;.vc_custom_1585780798913{background-color: #f99484 !important;}&#8221;][vc_column][vc_column_text] A baba fejl\u0151d\u00e9se Hogy mikor fog gyermeked mosolyogni? Vagy besz\u00e9lni? Vagy \u00f6n\u00e1ll\u00f3an \u00fclni? Sz\u00e1mos m\u00e9rf\u00f6ldk\u0151 van a gyermek els\u0151 egy-k\u00e9t \u00e9v\u00e9ben. Cikkeink seg\u00edts\u00e9g\u00e9vel bizonyosodj meg r\u00f3la, hogy kell\u0151k\u00e9ppen t\u00e1j\u00e9kozott vagy-e \u00e9s inform\u00e1l\u00f3dj, hogy tudd mikor mire sz\u00e1m\u00edts \u00e9s figyelj.\u00a0 [\/vc_column_text][\/vc_column][\/vc_row][vc_row][vc_column][\/vc_column][\/vc_row]<\/p>\n","protected":false},"author":5,"featured_media":0,"parent":105789,"menu_order":0,"comment_status":"closed","ping_status":"closed","template":"","meta":{"_acf_changed":false,"footnotes":""},"class_list":["post-105902","page","type-page","status-publish","hentry"],"acf":[],"amp_enabled":true,"_links":{"self":[{"href":"https:\/\/mamasandpapas.hu\/blog\/wp-json\/wp\/v2\/pages\/105902","targetHints":{"allow":["GET"]}}],"collection":[{"href":"https:\/\/mamasandpapas.hu\/blog\/wp-json\/wp\/v2\/pages"}],"about":[{"href":"https:\/\/mamasandpapas.hu\/blog\/wp-json\/wp\/v2\/types\/page"}],"author":[{"embeddable":true,"href":"https:\/\/mamasandpapas.hu\/blog\/wp-json\/wp\/v2\/users\/5"}],"replies":[{"embeddable":true,"href":"https:\/\/mamasandpapas.hu\/blog\/wp-json\/wp\/v2\/comments?post=105902"}],"version-history":[{"count":6,"href":"https:\/\/mamasandpapas.hu\/blog\/wp-json\/wp\/v2\/pages\/105902\/revisions"}],"predecessor-version":[{"id":106143,"href":"https:\/\/mamasandpapas.hu\/blog\/wp-json\/wp\/v2\/pages\/105902\/revisions\/106143"}],"up":[{"embeddable":true,"href":"https:\/\/mamasandpapas.hu\/blog\/wp-json\/wp\/v2\/pages\/105789"}],"wp:attachment":[{"href":"https:\/\/mamasandpapas.hu\/blog\/wp-json\/wp\/v2\/media?parent=105902"}],"curies":[{"name":"wp","href":"https:\/\/api.w.org\/{rel}","templated":true}]}}