{"id":105888,"date":"2020-04-01T22:17:09","date_gmt":"2020-04-01T22:17:09","guid":{"rendered":"https:\/\/mamasandpapas.hu\/blog\/?page_id=105888"},"modified":"2020-04-06T14:09:51","modified_gmt":"2020-04-06T14:09:51","slug":"megerkeztem","status":"publish","type":"page","link":"https:\/\/mamasandpapas.hu\/blog\/tanacsok\/megerkeztem\/","title":{"rendered":"Meg\u00e9rkeztem"},"content":{"rendered":"<div class=\"wpb-content-wrapper\"><p>[vc_row css=&#8221;.vc_custom_1585779384483{background-color: #f99484 !important;}&#8221;][vc_column][vc_column_text]<\/p>\n<h1 style=\"text-align: center;\"><span style=\"font-size: 18px;\"><strong><span style=\"color: #ffffff;\">Meg\u00e9rkeztem!<\/span><\/strong><\/span><\/h1>\n<p style=\"text-align: center;\"><span style=\"font-size: 16px; color: #ffffff;\"><strong>Teh\u00e1t, szemed f\u00e9nye meg\u00e9rkezett. Hogyan tov\u00e1bb? J\u00f3 k\u00e9rd\u00e9s, amit minden \u00fajdons\u00fclt sz\u00fcl\u0151 feltesz mag\u00e1nak.\u00a0 Nos, mindenre nek\u00fcnk sincs v\u00e1laszunk, viszont n\u00e9h\u00e1ny olyan kulcsfontoss\u00e1g\u00fa dologban tudunk seg\u00edteni, amiket j\u00f3 ha tudsz az els\u0151 hetekben \u00e9s h\u00f3napokban.<\/strong><\/span><\/p>\n<p>[\/vc_column_text][\/vc_column][\/vc_row][vc_row][vc_column]\r\n            \r\n                            <div class=\"sh-blog-fancy-title-container sh-blog-fancy-title-container-sides\">\r\n                    <h2 class=\"sh-blog-fancy-title\" style=\"border-color: #f99484;\">\r\n                        Bejegyz\u00e9sek                    <\/h2>\r\n                <\/div>\r\n                        <div class=\"sh-blog-standard-posts blog-posts-X7uUm8MiBp\">\r\n                <div class=\"sh-group blog-list blog-style-left-small blog-style-left-small-element   \">\r\n                    \r\n\t<article id=\"post-left-small-48823\" class=\"post-item post-48823 post type-post status-publish format-standard has-post-thumbnail hentry category-babaszoba category-babaval-az-elet category-megerkeztem tag-baba tag-babaszoba-textilek tag-nyugodt-alvas\">\r\n\t\t<div class=\"post-thumbnail\" style=\"background-image: url( https:\/\/mamasandpapas.hu\/blog\/wp-content\/uploads\/2020\/03\/MP_Day_04S_6903_blog-585x372.jpg);\">\r\n\t\t\t            <a href=\"https:\/\/mamasandpapas.hu\/blog\/nyugodt-ejszakak\/\" class=\"post-overlay\"><\/a>\r\n        \t\t\t\t\t<\/div>\r\n\t\t<div class=\"post-container\">\r\n\t\t\t<div class=\"post-container-content\">\r\n\r\n\t\t\t\t<div class=\"post-categories-container\">\r\n                <div class=\"post-categories\"><a href=\"https:\/\/mamasandpapas.hu\/blog\/kategoria\/babaszoba\/\">Babaszoba<\/a><\/div>\r\n            <\/div>\t\t\t\t<a href=\"https:\/\/mamasandpapas.hu\/blog\/nyugodt-ejszakak\/\" class=\"post-title\">\r\n\t\t\t\t\t<h2>\r\n\t\t\t\t\t\t\t\t\t\t\t\tNyugodt \u00e9jszak\u00e1k&nbsp;<span class=\"post-read-later post-read-later-guest\" href=\"#login-register\" data-type=\"add\" data-id=\"48823\"><i class=\"fa fa-bookmark-o\"><\/i><\/span>\t\t\t\t\t<\/h2>\r\n\t\t\t\t<\/a>\r\n\t\t\t\t<div class=\"post-meta\">\r\n\t\t\t\t\t\r\n    <div class=\"post-meta-content\">\r\n        \r\n                \r\n                \r\n                \r\n                \r\n                \r\n                                            <span class=\"responsive-post-read-later\">\r\n                    &nbsp;<span class=\"post-read-later post-read-later-guest\" href=\"#login-register\" data-type=\"add\" data-id=\"48823\"><i class=\"fa fa-bookmark-o\"><\/i><\/span>                <\/span>\r\n                        <\/div>\r\n\r\n\t\t\t\t<\/div>\r\n\r\n\t\t\t<\/div>\r\n\t\t<\/div>\r\n\t<\/article>\r\n\r\n\r\n\t<article id=\"post-left-small-37102\" class=\"post-item post-37102 post type-post status-publish format-standard has-post-thumbnail hentry category-mamas-papas-utmutato category-megerkeztem tag-szoptatas\">\r\n\t\t<div class=\"post-thumbnail\" style=\"background-image: url( https:\/\/mamasandpapas.hu\/blog\/wp-content\/uploads\/2020\/03\/kosar_1-585x372.jpg);\">\r\n\t\t\t            <a href=\"https:\/\/mamasandpapas.hu\/blog\/szoptatasi-tanacsok-es-hasznos-kellekek\/\" class=\"post-overlay\"><\/a>\r\n        \t\t\t\t\t<\/div>\r\n\t\t<div class=\"post-container\">\r\n\t\t\t<div class=\"post-container-content\">\r\n\r\n\t\t\t\t<div class=\"post-categories-container\">\r\n                <div class=\"post-categories\"><a href=\"https:\/\/mamasandpapas.hu\/blog\/kategoria\/mamas-papas-utmutato\/\">Mamas &amp; Papas \u00fatmutat\u00f3<\/a><\/div>\r\n            <\/div>\t\t\t\t<a href=\"https:\/\/mamasandpapas.hu\/blog\/szoptatasi-tanacsok-es-hasznos-kellekek\/\" class=\"post-title\">\r\n\t\t\t\t\t<h2>\r\n\t\t\t\t\t\t\t\t\t\t\t\tSzoptat\u00e1si tan\u00e1csok \u00e9s hasznos kell\u00e9kek&nbsp;<span class=\"post-read-later post-read-later-guest\" href=\"#login-register\" data-type=\"add\" data-id=\"37102\"><i class=\"fa fa-bookmark-o\"><\/i><\/span>\t\t\t\t\t<\/h2>\r\n\t\t\t\t<\/a>\r\n\t\t\t\t<div class=\"post-meta\">\r\n\t\t\t\t\t\r\n    <div class=\"post-meta-content\">\r\n        \r\n                \r\n                \r\n                \r\n                \r\n                \r\n                                            <span class=\"responsive-post-read-later\">\r\n                    &nbsp;<span class=\"post-read-later post-read-later-guest\" href=\"#login-register\" data-type=\"add\" data-id=\"37102\"><i class=\"fa fa-bookmark-o\"><\/i><\/span>                <\/span>\r\n                        <\/div>\r\n\r\n\t\t\t\t<\/div>\r\n\r\n\t\t\t<\/div>\r\n\t\t<\/div>\r\n\t<\/article>\r\n\r\n                <\/div>\r\n\r\n                                    <div class=\"sh-load-more\"\r\n    \t\t\t\tdata-categories=\"421\"\r\n    \t\t\t\tdata-post-style=\"left-small\"\r\n    \t\t\t\tdata-posts-per-page=\"2\"\r\n    \t\t\t\tdata-paged=\"2\"\r\n                    data-offset=\"0\"\r\n                    data-id=\"blog-posts-X7uUm8MiBp\">\r\n    \t\t\t\t\tLoad more    \t\t\t\t<\/div>\r\n                \r\n            <\/div>\r\n\r\n        [\/vc_column][\/vc_row]<\/p>\n<\/div>","protected":false},"excerpt":{"rendered":"<p>[vc_row css=&#8221;.vc_custom_1585779384483{background-color: #f99484 !important;}&#8221;][vc_column][vc_column_text] Meg\u00e9rkeztem! Teh\u00e1t, szemed f\u00e9nye meg\u00e9rkezett. Hogyan tov\u00e1bb? J\u00f3 k\u00e9rd\u00e9s, amit minden \u00fajdons\u00fclt sz\u00fcl\u0151 feltesz mag\u00e1nak.\u00a0 Nos, mindenre nek\u00fcnk sincs v\u00e1laszunk, viszont n\u00e9h\u00e1ny olyan kulcsfontoss\u00e1g\u00fa dologban tudunk seg\u00edteni, amiket j\u00f3 ha tudsz az els\u0151 hetekben \u00e9s h\u00f3napokban. [\/vc_column_text][\/vc_column][\/vc_row][vc_row][vc_column][\/vc_column][\/vc_row]<\/p>\n","protected":false},"author":5,"featured_media":0,"parent":105789,"menu_order":0,"comment_status":"closed","ping_status":"closed","template":"","meta":{"_acf_changed":false,"footnotes":""},"class_list":["post-105888","page","type-page","status-publish","hentry"],"acf":[],"amp_enabled":true,"_links":{"self":[{"href":"https:\/\/mamasandpapas.hu\/blog\/wp-json\/wp\/v2\/pages\/105888","targetHints":{"allow":["GET"]}}],"collection":[{"href":"https:\/\/mamasandpapas.hu\/blog\/wp-json\/wp\/v2\/pages"}],"about":[{"href":"https:\/\/mamasandpapas.hu\/blog\/wp-json\/wp\/v2\/types\/page"}],"author":[{"embeddable":true,"href":"https:\/\/mamasandpapas.hu\/blog\/wp-json\/wp\/v2\/users\/5"}],"replies":[{"embeddable":true,"href":"https:\/\/mamasandpapas.hu\/blog\/wp-json\/wp\/v2\/comments?post=105888"}],"version-history":[{"count":7,"href":"https:\/\/mamasandpapas.hu\/blog\/wp-json\/wp\/v2\/pages\/105888\/revisions"}],"predecessor-version":[{"id":106142,"href":"https:\/\/mamasandpapas.hu\/blog\/wp-json\/wp\/v2\/pages\/105888\/revisions\/106142"}],"up":[{"embeddable":true,"href":"https:\/\/mamasandpapas.hu\/blog\/wp-json\/wp\/v2\/pages\/105789"}],"wp:attachment":[{"href":"https:\/\/mamasandpapas.hu\/blog\/wp-json\/wp\/v2\/media?parent=105888"}],"curies":[{"name":"wp","href":"https:\/\/api.w.org\/{rel}","templated":true}]}}