{"id":105878,"date":"2020-04-01T21:57:04","date_gmt":"2020-04-01T21:57:04","guid":{"rendered":"https:\/\/mamasandpapas.hu\/blog\/?page_id=105878"},"modified":"2020-04-06T14:07:00","modified_gmt":"2020-04-06T14:07:00","slug":"varandossag","status":"publish","type":"page","link":"https:\/\/mamasandpapas.hu\/blog\/tanacsok\/varandossag\/","title":{"rendered":"V\u00e1rand\u00f3ss\u00e1g"},"content":{"rendered":"<div class=\"wpb-content-wrapper\"><p>[vc_row css=&#8221;.vc_custom_1585777663352{background-color: #f99484 !important;}&#8221;][vc_column][vc_column_text]<\/p>\n<h1 style=\"text-align: center;\"><span style=\"font-size: 18px; color: #ffffff;\"><strong>V\u00e1rand\u00f3ss\u00e1g<\/strong><\/span><\/h1>\n<p style=\"text-align: center;\"><span style=\"font-size: 16px; color: #ffffff;\"><strong>\u00d3\u00f3\u00f3! V\u00e1rand\u00f3s vagy! Gratul\u00e1lunk! Izgalmas id\u0151szak ez \u00e9s utaz\u00e1sod a sz\u00fcl\u0151s\u00e9gbe m\u00e9g csak most kezd\u0151dik. Ak\u00e1r abba a t\u00edpusba tartozol, aki szeret felk\u00e9sz\u00fclt lenni \u00e9s j\u00f3l megtervezni mindent, ak\u00e1r abba, aki egyszer\u0171en csak sodr\u00f3dik az \u00e1rral, sz\u00e1mos tan\u00e1csunk van, hogy \u00e1tseg\u00edts\u00fcnk a v\u00e1rand\u00f3ss\u00e1g k\u00fcl\u00f6nb\u00f6z\u0151 l\u00e9pcs\u0151in az els\u0151 trimesztert\u0151l a harmadikig.<\/strong><\/span><\/p>\n<p>[\/vc_column_text][\/vc_column][\/vc_row][vc_row][vc_column]\r\n            \r\n                            <div class=\"sh-blog-fancy-title-container sh-blog-fancy-title-container-sides\">\r\n                    <h2 class=\"sh-blog-fancy-title\" style=\"border-color: #f99484;\">\r\n                        Bejegyz\u00e9sek                    <\/h2>\r\n                <\/div>\r\n                        <div class=\"sh-blog-standard-posts blog-posts-2QEe7ORgMf\">\r\n                <div class=\"sh-group blog-list blog-style-left-small blog-style-left-small-element   \">\r\n                    \r\n\t<article id=\"post-left-small-108353\" class=\"post-item post-108353 post type-post status-publish format-standard has-post-thumbnail hentry category-varandossag\">\r\n\t\t<div class=\"post-thumbnail\" style=\"background-image: url( https:\/\/mamasandpapas.hu\/blog\/wp-content\/uploads\/2023\/08\/a-terhesseg-hetei-otodik-het-585x372.jpg);\">\r\n\t\t\t            <a href=\"https:\/\/mamasandpapas.hu\/blog\/a-terhesseg-5-hete\/\" class=\"post-overlay\"><\/a>\r\n        \t\t\t\t\t<\/div>\r\n\t\t<div class=\"post-container\">\r\n\t\t\t<div class=\"post-container-content\">\r\n\r\n\t\t\t\t<div class=\"post-categories-container\">\r\n                <div class=\"post-categories\"><a href=\"https:\/\/mamasandpapas.hu\/blog\/kategoria\/varandossag\/\">V\u00e1rand\u00f3ss\u00e1g<\/a><\/div>\r\n            <\/div>\t\t\t\t<a href=\"https:\/\/mamasandpapas.hu\/blog\/a-terhesseg-5-hete\/\" class=\"post-title\">\r\n\t\t\t\t\t<h2>\r\n\t\t\t\t\t\t\t\t\t\t\t\tA terhess\u00e9g 5. hete&nbsp;<span class=\"post-read-later post-read-later-guest\" href=\"#login-register\" data-type=\"add\" data-id=\"108353\"><i class=\"fa fa-bookmark-o\"><\/i><\/span>\t\t\t\t\t<\/h2>\r\n\t\t\t\t<\/a>\r\n\t\t\t\t<div class=\"post-meta\">\r\n\t\t\t\t\t\r\n    <div class=\"post-meta-content\">\r\n        \r\n                \r\n                \r\n                \r\n                \r\n                \r\n                                            <span class=\"responsive-post-read-later\">\r\n                    &nbsp;<span class=\"post-read-later post-read-later-guest\" href=\"#login-register\" data-type=\"add\" data-id=\"108353\"><i class=\"fa fa-bookmark-o\"><\/i><\/span>                <\/span>\r\n                        <\/div>\r\n\r\n\t\t\t\t<\/div>\r\n\r\n\t\t\t<\/div>\r\n\t\t<\/div>\r\n\t<\/article>\r\n\r\n\r\n\t<article id=\"post-left-small-108338\" class=\"post-item post-108338 post type-post status-publish format-standard has-post-thumbnail hentry category-varandossag\">\r\n\t\t<div class=\"post-thumbnail\" style=\"background-image: url( https:\/\/mamasandpapas.hu\/blog\/wp-content\/uploads\/2023\/08\/a-terhesseg-negyedik-hete-blogcikk-585x372.jpg);\">\r\n\t\t\t            <a href=\"https:\/\/mamasandpapas.hu\/blog\/a-terhesseg-4-hete\/\" class=\"post-overlay\"><\/a>\r\n        \t\t\t\t\t<\/div>\r\n\t\t<div class=\"post-container\">\r\n\t\t\t<div class=\"post-container-content\">\r\n\r\n\t\t\t\t<div class=\"post-categories-container\">\r\n                <div class=\"post-categories\"><a href=\"https:\/\/mamasandpapas.hu\/blog\/kategoria\/varandossag\/\">V\u00e1rand\u00f3ss\u00e1g<\/a><\/div>\r\n            <\/div>\t\t\t\t<a href=\"https:\/\/mamasandpapas.hu\/blog\/a-terhesseg-4-hete\/\" class=\"post-title\">\r\n\t\t\t\t\t<h2>\r\n\t\t\t\t\t\t\t\t\t\t\t\tA terhess\u00e9g 4. hete&nbsp;<span class=\"post-read-later post-read-later-guest\" href=\"#login-register\" data-type=\"add\" data-id=\"108338\"><i class=\"fa fa-bookmark-o\"><\/i><\/span>\t\t\t\t\t<\/h2>\r\n\t\t\t\t<\/a>\r\n\t\t\t\t<div class=\"post-meta\">\r\n\t\t\t\t\t\r\n    <div class=\"post-meta-content\">\r\n        \r\n                \r\n                \r\n                \r\n                \r\n                \r\n                                            <span class=\"responsive-post-read-later\">\r\n                    &nbsp;<span class=\"post-read-later post-read-later-guest\" href=\"#login-register\" data-type=\"add\" data-id=\"108338\"><i class=\"fa fa-bookmark-o\"><\/i><\/span>                <\/span>\r\n                        <\/div>\r\n\r\n\t\t\t\t<\/div>\r\n\r\n\t\t\t<\/div>\r\n\t\t<\/div>\r\n\t<\/article>\r\n\r\n                <\/div>\r\n\r\n                                    <div class=\"sh-load-more\"\r\n    \t\t\t\tdata-categories=\"418\"\r\n    \t\t\t\tdata-post-style=\"left-small\"\r\n    \t\t\t\tdata-posts-per-page=\"2\"\r\n    \t\t\t\tdata-paged=\"2\"\r\n                    data-offset=\"0\"\r\n                    data-id=\"blog-posts-2QEe7ORgMf\">\r\n    \t\t\t\t\tLoad more    \t\t\t\t<\/div>\r\n                \r\n            <\/div>\r\n\r\n        [\/vc_column][\/vc_row]<\/p>\n<\/div>","protected":false},"excerpt":{"rendered":"<p>[vc_row css=&#8221;.vc_custom_1585777663352{background-color: #f99484 !important;}&#8221;][vc_column][vc_column_text] V\u00e1rand\u00f3ss\u00e1g \u00d3\u00f3\u00f3! V\u00e1rand\u00f3s vagy! Gratul\u00e1lunk! Izgalmas id\u0151szak ez \u00e9s utaz\u00e1sod a sz\u00fcl\u0151s\u00e9gbe m\u00e9g csak most kezd\u0151dik. Ak\u00e1r abba a t\u00edpusba tartozol, aki szeret felk\u00e9sz\u00fclt lenni \u00e9s j\u00f3l megtervezni mindent, ak\u00e1r abba, aki egyszer\u0171en csak sodr\u00f3dik az \u00e1rral, sz\u00e1mos tan\u00e1csunk van, hogy \u00e1tseg\u00edts\u00fcnk a v\u00e1rand\u00f3ss\u00e1g k\u00fcl\u00f6nb\u00f6z\u0151 l\u00e9pcs\u0151in&#8230;<\/p>\n","protected":false},"author":5,"featured_media":0,"parent":105789,"menu_order":0,"comment_status":"closed","ping_status":"closed","template":"","meta":{"_acf_changed":false,"footnotes":""},"class_list":["post-105878","page","type-page","status-publish","hentry"],"acf":[],"amp_enabled":true,"_links":{"self":[{"href":"https:\/\/mamasandpapas.hu\/blog\/wp-json\/wp\/v2\/pages\/105878","targetHints":{"allow":["GET"]}}],"collection":[{"href":"https:\/\/mamasandpapas.hu\/blog\/wp-json\/wp\/v2\/pages"}],"about":[{"href":"https:\/\/mamasandpapas.hu\/blog\/wp-json\/wp\/v2\/types\/page"}],"author":[{"embeddable":true,"href":"https:\/\/mamasandpapas.hu\/blog\/wp-json\/wp\/v2\/users\/5"}],"replies":[{"embeddable":true,"href":"https:\/\/mamasandpapas.hu\/blog\/wp-json\/wp\/v2\/comments?post=105878"}],"version-history":[{"count":6,"href":"https:\/\/mamasandpapas.hu\/blog\/wp-json\/wp\/v2\/pages\/105878\/revisions"}],"predecessor-version":[{"id":106140,"href":"https:\/\/mamasandpapas.hu\/blog\/wp-json\/wp\/v2\/pages\/105878\/revisions\/106140"}],"up":[{"embeddable":true,"href":"https:\/\/mamasandpapas.hu\/blog\/wp-json\/wp\/v2\/pages\/105789"}],"wp:attachment":[{"href":"https:\/\/mamasandpapas.hu\/blog\/wp-json\/wp\/v2\/media?parent=105878"}],"curies":[{"name":"wp","href":"https:\/\/api.w.org\/{rel}","templated":true}]}}