{"id":105852,"date":"2020-04-01T20:42:45","date_gmt":"2020-04-01T20:42:45","guid":{"rendered":"https:\/\/mamasandpapas.hu\/blog\/?page_id=105852"},"modified":"2020-04-06T14:19:06","modified_gmt":"2020-04-06T14:19:06","slug":"a-mamas-papas-utmutatoja","status":"publish","type":"page","link":"https:\/\/mamasandpapas.hu\/blog\/tanacsok\/a-mamas-papas-utmutatoja\/","title":{"rendered":"A Mamas &#038; Papas \u00fatmutat\u00f3ja"},"content":{"rendered":"<div class=\"wpb-content-wrapper\"><p>[vc_row css=&#8221;.vc_custom_1585773022326{background-color: #f99484 !important;}&#8221;][vc_column][vc_column_text]<\/p>\n<h1 style=\"text-align: center;\"><span style=\"font-size: 18px;\"><strong><span style=\"color: #ffffff;\">A Mamas &amp; Papas \u00fatmutat\u00f3ja\u2026<\/span><\/strong><\/span><\/h1>\n<p style=\"text-align: center;\"><span style=\"font-size: 16px; color: #ffffff;\"><strong>Tiszt\u00e1ban vagyunk vele, hogy a sz\u00fcl\u0151s\u00e9get mindenki m\u00e1sk\u00e9pp \u00e9li meg. Azt is pontosan tudjuk, hogy a legt\u00f6bb \u00fajdons\u00fclt sz\u00fcl\u0151nek sz\u00fcks\u00e9ge van n\u00e9h\u00e1ny tan\u00e1csra \u00e9s egy kis b\u00e1tor\u00edt\u00e1sra. Ez\u00e9rt hoztuk l\u00e9tre \u00fatmutat\u00f3nkat: hasznos cikkeinkben megtal\u00e1lod a legjobb tippeket \u00e9s tan\u00e1csokat amik a terhess\u00e9g, a sz\u00fcl\u0151i l\u00e9t k\u00fcl\u00f6nb\u00f6z\u0151 l\u00e9pcs\u0151ivel foglalkoznak \u00e9s m\u00e9g azon is t\u00fal.\u00a0<\/strong><\/span><\/p>\n<p>[\/vc_column_text][\/vc_column][\/vc_row][vc_row][vc_column]\r\n            \r\n                            <div class=\"sh-blog-fancy-title-container sh-blog-fancy-title-container-sides\">\r\n                    <h2 class=\"sh-blog-fancy-title\" style=\"border-color: #f99484;\">\r\n                        Bejegyz\u00e9sek                    <\/h2>\r\n                <\/div>\r\n                        <div class=\"sh-blog-standard-posts blog-posts-M64SNvcufL\">\r\n                <div class=\"sh-group blog-list blog-style-left-small blog-style-left-small-element   \">\r\n                    \r\n\t<article id=\"post-left-small-89766\" class=\"post-item post-89766 post type-post status-publish format-standard has-post-thumbnail hentry category-anyasag category-mamas-papas-utmutato tag-anya tag-munka\">\r\n\t\t<div class=\"post-thumbnail\" style=\"background-image: url( https:\/\/mamasandpapas.hu\/blog\/wp-content\/uploads\/2020\/03\/6212w5300-04_LIFESTYLE_FOLDED-1200x801_blog-585x372.jpg);\">\r\n\t\t\t            <a href=\"https:\/\/mamasandpapas.hu\/blog\/anya-visszamegy-dolgozni\/\" class=\"post-overlay\"><\/a>\r\n        \t\t\t\t\t<\/div>\r\n\t\t<div class=\"post-container\">\r\n\t\t\t<div class=\"post-container-content\">\r\n\r\n\t\t\t\t<div class=\"post-categories-container\">\r\n                <div class=\"post-categories\"><a href=\"https:\/\/mamasandpapas.hu\/blog\/kategoria\/anyasag\/\">Anyas\u00e1g<\/a><\/div>\r\n            <\/div>\t\t\t\t<a href=\"https:\/\/mamasandpapas.hu\/blog\/anya-visszamegy-dolgozni\/\" class=\"post-title\">\r\n\t\t\t\t\t<h2>\r\n\t\t\t\t\t\t\t\t\t\t\t\tAnya visszamegy dolgozni&nbsp;<span class=\"post-read-later post-read-later-guest\" href=\"#login-register\" data-type=\"add\" data-id=\"89766\"><i class=\"fa fa-bookmark-o\"><\/i><\/span>\t\t\t\t\t<\/h2>\r\n\t\t\t\t<\/a>\r\n\t\t\t\t<div class=\"post-meta\">\r\n\t\t\t\t\t\r\n    <div class=\"post-meta-content\">\r\n        \r\n                \r\n                \r\n                \r\n                \r\n                \r\n                                            <span class=\"responsive-post-read-later\">\r\n                    &nbsp;<span class=\"post-read-later post-read-later-guest\" href=\"#login-register\" data-type=\"add\" data-id=\"89766\"><i class=\"fa fa-bookmark-o\"><\/i><\/span>                <\/span>\r\n                        <\/div>\r\n\r\n\t\t\t\t<\/div>\r\n\r\n\t\t\t<\/div>\r\n\t\t<\/div>\r\n\t<\/article>\r\n\r\n\r\n\t<article id=\"post-left-small-37676\" class=\"post-item post-37676 post type-post status-publish format-standard has-post-thumbnail hentry category-a-baba-fejlodese category-babaapolas category-egeszseg category-mamas-papas-utmutato tag-a-fogzas-kezelese tag-fogzas\">\r\n\t\t<div class=\"post-thumbnail\" style=\"background-image: url( https:\/\/mamasandpapas.hu\/blog\/wp-content\/uploads\/2020\/03\/D4_S2_0113_blog-585x372.jpg);\">\r\n\t\t\t            <a href=\"https:\/\/mamasandpapas.hu\/blog\/fogzas-enyhitese\/\" class=\"post-overlay\"><\/a>\r\n        \t\t\t\t\t<\/div>\r\n\t\t<div class=\"post-container\">\r\n\t\t\t<div class=\"post-container-content\">\r\n\r\n\t\t\t\t<div class=\"post-categories-container\">\r\n                <div class=\"post-categories\"><a href=\"https:\/\/mamasandpapas.hu\/blog\/kategoria\/a-baba-fejlodese\/\">A baba fejl\u0151d\u00e9se<\/a><\/div>\r\n            <\/div>\t\t\t\t<a href=\"https:\/\/mamasandpapas.hu\/blog\/fogzas-enyhitese\/\" class=\"post-title\">\r\n\t\t\t\t\t<h2>\r\n\t\t\t\t\t\t\t\t\t\t\t\tFogz\u00e1s enyh\u00edt\u00e9se&nbsp;<span class=\"post-read-later post-read-later-guest\" href=\"#login-register\" data-type=\"add\" data-id=\"37676\"><i class=\"fa fa-bookmark-o\"><\/i><\/span>\t\t\t\t\t<\/h2>\r\n\t\t\t\t<\/a>\r\n\t\t\t\t<div class=\"post-meta\">\r\n\t\t\t\t\t\r\n    <div class=\"post-meta-content\">\r\n        \r\n                \r\n                \r\n                \r\n                \r\n                \r\n                                            <span class=\"responsive-post-read-later\">\r\n                    &nbsp;<span class=\"post-read-later post-read-later-guest\" href=\"#login-register\" data-type=\"add\" data-id=\"37676\"><i class=\"fa fa-bookmark-o\"><\/i><\/span>                <\/span>\r\n                        <\/div>\r\n\r\n\t\t\t\t<\/div>\r\n\r\n\t\t\t<\/div>\r\n\t\t<\/div>\r\n\t<\/article>\r\n\r\n                <\/div>\r\n\r\n                                    <div class=\"sh-load-more\"\r\n    \t\t\t\tdata-categories=\"422\"\r\n    \t\t\t\tdata-post-style=\"left-small\"\r\n    \t\t\t\tdata-posts-per-page=\"2\"\r\n    \t\t\t\tdata-paged=\"2\"\r\n                    data-offset=\"0\"\r\n                    data-id=\"blog-posts-M64SNvcufL\">\r\n    \t\t\t\t\tLoad more    \t\t\t\t<\/div>\r\n                \r\n            <\/div>\r\n\r\n        [\/vc_column][\/vc_row]<\/p>\n<\/div>","protected":false},"excerpt":{"rendered":"<p>[vc_row css=&#8221;.vc_custom_1585773022326{background-color: #f99484 !important;}&#8221;][vc_column][vc_column_text] A Mamas &amp; Papas \u00fatmutat\u00f3ja\u2026 Tiszt\u00e1ban vagyunk vele, hogy a sz\u00fcl\u0151s\u00e9get mindenki m\u00e1sk\u00e9pp \u00e9li meg. Azt is pontosan tudjuk, hogy a legt\u00f6bb \u00fajdons\u00fclt sz\u00fcl\u0151nek sz\u00fcks\u00e9ge van n\u00e9h\u00e1ny tan\u00e1csra \u00e9s egy kis b\u00e1tor\u00edt\u00e1sra. Ez\u00e9rt hoztuk l\u00e9tre \u00fatmutat\u00f3nkat: hasznos cikkeinkben megtal\u00e1lod a legjobb tippeket \u00e9s tan\u00e1csokat amik a&#8230;<\/p>\n","protected":false},"author":5,"featured_media":0,"parent":105789,"menu_order":0,"comment_status":"closed","ping_status":"closed","template":"","meta":{"_acf_changed":false,"footnotes":""},"class_list":["post-105852","page","type-page","status-publish","hentry"],"acf":[],"amp_enabled":true,"_links":{"self":[{"href":"https:\/\/mamasandpapas.hu\/blog\/wp-json\/wp\/v2\/pages\/105852","targetHints":{"allow":["GET"]}}],"collection":[{"href":"https:\/\/mamasandpapas.hu\/blog\/wp-json\/wp\/v2\/pages"}],"about":[{"href":"https:\/\/mamasandpapas.hu\/blog\/wp-json\/wp\/v2\/types\/page"}],"author":[{"embeddable":true,"href":"https:\/\/mamasandpapas.hu\/blog\/wp-json\/wp\/v2\/users\/5"}],"replies":[{"embeddable":true,"href":"https:\/\/mamasandpapas.hu\/blog\/wp-json\/wp\/v2\/comments?post=105852"}],"version-history":[{"count":10,"href":"https:\/\/mamasandpapas.hu\/blog\/wp-json\/wp\/v2\/pages\/105852\/revisions"}],"predecessor-version":[{"id":106149,"href":"https:\/\/mamasandpapas.hu\/blog\/wp-json\/wp\/v2\/pages\/105852\/revisions\/106149"}],"up":[{"embeddable":true,"href":"https:\/\/mamasandpapas.hu\/blog\/wp-json\/wp\/v2\/pages\/105789"}],"wp:attachment":[{"href":"https:\/\/mamasandpapas.hu\/blog\/wp-json\/wp\/v2\/media?parent=105852"}],"curies":[{"name":"wp","href":"https:\/\/api.w.org\/{rel}","templated":true}]}}