{"id":105795,"date":"2020-03-31T12:39:16","date_gmt":"2020-03-31T12:39:16","guid":{"rendered":"https:\/\/mamasandpapas.hu\/ujblog\/?page_id=105795"},"modified":"2020-04-06T13:59:09","modified_gmt":"2020-04-06T13:59:09","slug":"segitunk-vasarolni","status":"publish","type":"page","link":"https:\/\/mamasandpapas.hu\/blog\/segitunk-vasarolni\/","title":{"rendered":"Seg\u00edt\u00fcnk v\u00e1s\u00e1rolni"},"content":{"rendered":"<div class=\"wpb-content-wrapper\"><p>[vc_row css=&#8221;.vc_custom_1585944990693{background-color: #f99484 !important;}&#8221;][vc_column][vc_column_text]<\/p>\n<p style=\"text-align: center;\"><span style=\"color: #ffffff; font-size: 21px;\"><strong>Seg\u00edt\u00fcnk v\u00e1s\u00e1rolni<\/strong><\/span><\/p>\n<p style=\"text-align: center;\"><span style=\"font-size: 18px; color: #ffffff;\"><strong>V\u00e1s\u00e1rl\u00e1si \u00fatmutat\u00f3ink seg\u00edtenek eligazodni a babavil\u00e1gban.\u00a0 Ak\u00e1r els\u0151 vagy m\u00e1sodik babakocsit keresel, ak\u00e1r aut\u00f3s\u00fcl\u00e9st v\u00e1lasztan\u00e1l, ak\u00e1r a babaszob\u00e1t tervezed vagy egyszer\u0171en csak egy trendi babaruh\u00e1t venn\u00e9l gyermekednek, sz\u00e1mos hasznos \u00edr\u00e1sunk k\u00f6z\u00fcl v\u00e1laszthatsz.<\/strong><\/span><\/p>\n<p>[\/vc_column_text][\/vc_column][\/vc_row][vc_row][vc_column width=&#8221;1\/2&#8243;][vc_row_inner][vc_column_inner][vc_single_image image=&#8221;106067&#8243; img_size=&#8221;full&#8221; alignment=&#8221;center&#8221; onclick=&#8221;custom_link&#8221; link=&#8221;https:\/\/mamasandpapas.hu\/blog\/segitunk-vasarolni\/bababutor-es-matrac\/&#8221;][\/vc_column_inner][\/vc_row_inner][vc_column_text]<\/p>\n<h5 style=\"text-align: center;\"><strong>BABAB\u00daTOR \u00c9S MATRAC<\/strong><\/h5>\n<p>[\/vc_column_text][vc_row_inner][vc_column_inner][vc_single_image image=&#8221;106068&#8243; img_size=&#8221;full&#8221; alignment=&#8221;center&#8221; onclick=&#8221;custom_link&#8221; link=&#8221;https:\/\/mamasandpapas.hu\/blog\/segitunk-vasarolni\/babaruha\/&#8221;][\/vc_column_inner][\/vc_row_inner][vc_column_text]<\/p>\n<h5 style=\"text-align: center;\"><strong>BABARUHA<\/strong><\/h5>\n<p>[\/vc_column_text][\/vc_column][vc_column width=&#8221;1\/2&#8243;][vc_row_inner][vc_column_inner width=&#8221;1\/2&#8243;][vc_single_image image=&#8221;106058&#8243; img_size=&#8221;full&#8221; alignment=&#8221;center&#8221; onclick=&#8221;custom_link&#8221; link=&#8221;https:\/\/mamasandpapas.hu\/blog\/segitunk-vasarolni\/babakocsi-es-esernyokocsi\/&#8221;][vc_column_text]<\/p>\n<h5 style=\"text-align: center;\"><strong>BABAKOCSI \u00c9S ESERNY\u0150KOCSI<\/strong><\/h5>\n<p>[\/vc_column_text][vc_single_image image=&#8221;106057&#8243; img_size=&#8221;full&#8221; alignment=&#8221;center&#8221; onclick=&#8221;custom_link&#8221; link=&#8221;https:\/\/mamasandpapas.hu\/blog\/segitunk-vasarolni\/autosules\/&#8221;][vc_column_text]<\/p>\n<h5 style=\"text-align: center;\"><strong>AUT\u00d3S\u00dcL\u00c9S<\/strong><\/h5>\n<p>[\/vc_column_text][\/vc_column_inner][vc_column_inner width=&#8221;1\/2&#8243;][vc_single_image image=&#8221;106060&#8243; img_size=&#8221;full&#8221; alignment=&#8221;center&#8221; onclick=&#8221;custom_link&#8221; link=&#8221;https:\/\/mamasandpapas.hu\/blog\/segitunk-vasarolni\/a-tokeletes-kelengyelista\/&#8221;][vc_column_text]<\/p>\n<h5 style=\"text-align: center;\"><strong>A T\u00d6K\u00c9LETES KELENGYELISTA<\/strong><\/h5>\n<p>[\/vc_column_text][vc_single_image image=&#8221;106059&#8243; img_size=&#8221;full&#8221; alignment=&#8221;center&#8221; onclick=&#8221;custom_link&#8221; link=&#8221;https:\/\/mamasandpapas.hu\/blog\/segitunk-vasarolni\/jatek\/&#8221;][vc_column_text]<\/p>\n<h5 style=\"text-align: center;\"><strong>J\u00c1T\u00c9K<\/strong><\/h5>\n<p>[\/vc_column_text][\/vc_column_inner][\/vc_row_inner][\/vc_column][\/vc_row]<\/p>\n<\/div>","protected":false},"excerpt":{"rendered":"<p>[vc_row css=&#8221;.vc_custom_1585944990693{background-color: #f99484 !important;}&#8221;][vc_column][vc_column_text] Seg\u00edt\u00fcnk v\u00e1s\u00e1rolni V\u00e1s\u00e1rl\u00e1si \u00fatmutat\u00f3ink seg\u00edtenek eligazodni a babavil\u00e1gban.\u00a0 Ak\u00e1r els\u0151 vagy m\u00e1sodik babakocsit keresel, ak\u00e1r aut\u00f3s\u00fcl\u00e9st v\u00e1lasztan\u00e1l, ak\u00e1r a babaszob\u00e1t tervezed vagy egyszer\u0171en csak egy trendi babaruh\u00e1t venn\u00e9l gyermekednek, sz\u00e1mos hasznos \u00edr\u00e1sunk k\u00f6z\u00fcl v\u00e1laszthatsz. [\/vc_column_text][\/vc_column][\/vc_row][vc_row][vc_column width=&#8221;1\/2&#8243;][vc_row_inner][vc_column_inner][vc_single_image image=&#8221;106067&#8243; img_size=&#8221;full&#8221; alignment=&#8221;center&#8221; onclick=&#8221;custom_link&#8221; link=&#8221;https:\/\/mamasandpapas.hu\/blog\/segitunk-vasarolni\/bababutor-es-matrac\/&#8221;][\/vc_column_inner][\/vc_row_inner][vc_column_text] BABAB\u00daTOR \u00c9S MATRAC [\/vc_column_text][vc_row_inner][vc_column_inner][vc_single_image image=&#8221;106068&#8243;&#8230;<\/p>\n","protected":false},"author":4,"featured_media":0,"parent":0,"menu_order":0,"comment_status":"closed","ping_status":"closed","template":"","meta":{"_acf_changed":false,"footnotes":""},"class_list":["post-105795","page","type-page","status-publish","hentry"],"acf":[],"amp_enabled":true,"_links":{"self":[{"href":"https:\/\/mamasandpapas.hu\/blog\/wp-json\/wp\/v2\/pages\/105795","targetHints":{"allow":["GET"]}}],"collection":[{"href":"https:\/\/mamasandpapas.hu\/blog\/wp-json\/wp\/v2\/pages"}],"about":[{"href":"https:\/\/mamasandpapas.hu\/blog\/wp-json\/wp\/v2\/types\/page"}],"author":[{"embeddable":true,"href":"https:\/\/mamasandpapas.hu\/blog\/wp-json\/wp\/v2\/users\/4"}],"replies":[{"embeddable":true,"href":"https:\/\/mamasandpapas.hu\/blog\/wp-json\/wp\/v2\/comments?post=105795"}],"version-history":[{"count":6,"href":"https:\/\/mamasandpapas.hu\/blog\/wp-json\/wp\/v2\/pages\/105795\/revisions"}],"predecessor-version":[{"id":106137,"href":"https:\/\/mamasandpapas.hu\/blog\/wp-json\/wp\/v2\/pages\/105795\/revisions\/106137"}],"wp:attachment":[{"href":"https:\/\/mamasandpapas.hu\/blog\/wp-json\/wp\/v2\/media?parent=105795"}],"curies":[{"name":"wp","href":"https:\/\/api.w.org\/{rel}","templated":true}]}}