{"id":105789,"date":"2020-03-31T12:34:36","date_gmt":"2020-03-31T12:34:36","guid":{"rendered":"https:\/\/mamasandpapas.hu\/ujblog\/?page_id=105789"},"modified":"2020-04-06T13:59:46","modified_gmt":"2020-04-06T13:59:46","slug":"tanacsok","status":"publish","type":"page","link":"https:\/\/mamasandpapas.hu\/blog\/tanacsok\/","title":{"rendered":"Tan\u00e1csok"},"content":{"rendered":"<div class=\"wpb-content-wrapper\"><p>[vc_row css=&#8221;.vc_custom_1585749825007{background-color: #f99484 !important;}&#8221;][vc_column][vc_column_text css=&#8221;.vc_custom_1586181578559{background-color: #f99484 !important;}&#8221;]<\/p>\n<h1 style=\"text-align: center;\"><span style=\"color: #ffffff; font-size: 21px;\"><strong>Tan\u00e1csok \u00e9s \u00fatmutat\u00e1sok<\/strong><\/span><\/h1>\n<p style=\"text-align: center;\"><span style=\"font-size: 18px;\"><strong><span style=\"color: #ffffff;\">Minden Sz\u00fcl\u0151nek sz\u00fcks\u00e9ge van n\u00e9mi tan\u00e1csra. Sz\u00e1mos tipp\u00fcnk \u00e9s \u00e9rdekes r\u00e1l\u00e1t\u00e1sunk van k\u00fcl\u00f6nb\u00f6z\u0151 t\u00e9m\u00e1kban, hogy seg\u00edts\u00fcnk felk\u00e9sz\u00edteni T\u00e9ged a sz\u00fcl\u0151s\u00e9gre, legyen sz\u00f3 v\u00e1rand\u00f3ss\u00e1gr\u00f3l, sz\u00fcl\u00e9sr\u0151l, etet\u00e9sr\u0151l, hozz\u00e1t\u00e1pl\u00e1l\u00e1sr\u00f3l vagy a baba fejl\u0151d\u00e9s\u00e9r\u0151l.<\/span>\u00a0<\/strong><\/span><\/p>\n<p>[\/vc_column_text][\/vc_column][\/vc_row][vc_row][vc_column width=&#8221;1\/2&#8243;][vc_single_image image=&#8221;106070&#8243; img_size=&#8221;full&#8221; alignment=&#8221;center&#8221; onclick=&#8221;custom_link&#8221; link=&#8221;https:\/\/mamasandpapas.hu\/blog\/tanacsok\/a-baba-fejlodese\/&#8221;][vc_column_text]<\/p>\n<h5 style=\"text-align: center;\"><strong>A BABA FEJL\u0150D\u00c9SE<\/strong><\/h5>\n<p>[\/vc_column_text][\/vc_column][vc_column width=&#8221;1\/2&#8243;][vc_row_inner][vc_column_inner width=&#8221;1\/2&#8243;][vc_single_image image=&#8221;105867&#8243; img_size=&#8221;full&#8221; alignment=&#8221;center&#8221; onclick=&#8221;custom_link&#8221; link=&#8221;https:\/\/mamasandpapas.hu\/blog\/tanacsok\/megerkeztem\/&#8221;][vc_column_text]<\/p>\n<h5 style=\"text-align: center;\"><strong>MEG\u00c9RKEZTEM<\/strong><\/h5>\n<p>[\/vc_column_text][vc_single_image image=&#8221;105868&#8243; img_size=&#8221;full&#8221; alignment=&#8221;center&#8221; onclick=&#8221;custom_link&#8221; link=&#8221;https:\/\/mamasandpapas.hu\/blog\/tanacsok\/szules\/&#8221;][vc_column_text]<\/p>\n<h5 style=\"text-align: center;\"><strong>SZ\u00dcL\u00c9S<\/strong><\/h5>\n<p>[\/vc_column_text][\/vc_column_inner][vc_column_inner width=&#8221;1\/2&#8243;][vc_single_image image=&#8221;105869&#8243; img_size=&#8221;full&#8221; alignment=&#8221;center&#8221; onclick=&#8221;custom_link&#8221; link=&#8221;https:\/\/mamasandpapas.hu\/blog\/tanacsok\/varandossag\/&#8221;][vc_column_text]<\/p>\n<h5 style=\"text-align: center;\"><strong>V\u00c1RAND\u00d3SS\u00c1G<\/strong><\/h5>\n<p>[\/vc_column_text][vc_single_image image=&#8221;105870&#8243; img_size=&#8221;full&#8221; alignment=&#8221;center&#8221; onclick=&#8221;custom_link&#8221; link=&#8221;https:\/\/mamasandpapas.hu\/blog\/tanacsok\/a-mamas-papas-utmutatoja\/&#8221;][vc_column_text]<\/p>\n<h5 style=\"text-align: center;\"><strong>\u00daTMUTAT\u00d3<\/strong><\/h5>\n<p>[\/vc_column_text][\/vc_column_inner][\/vc_row_inner][\/vc_column][\/vc_row][vc_row css=&#8221;.vc_custom_1585850648366{background-color: #f99484 !important;}&#8221;][vc_column][vc_custom_heading text=&#8221;M\u00c9G T\u00d6BB TIPP&#8221; font_container=&#8221;tag:h2|text_align:center|color:%23ffffff&#8221; link=&#8221;url:https%3A%2F%2Fmamasandpapas.hu%2Fblog%2Fkategoria%2Fmeg-tobb-mamas-and-papas-tipp%2F|||&#8221;][vc_empty_space height=&#8221;20px&#8221;][\/vc_column][\/vc_row]<\/p>\n<\/div>","protected":false},"excerpt":{"rendered":"<p>[vc_row css=&#8221;.vc_custom_1585749825007{background-color: #f99484 !important;}&#8221;][vc_column][vc_column_text css=&#8221;.vc_custom_1586181578559{background-color: #f99484 !important;}&#8221;] Tan\u00e1csok \u00e9s \u00fatmutat\u00e1sok Minden Sz\u00fcl\u0151nek sz\u00fcks\u00e9ge van n\u00e9mi tan\u00e1csra. Sz\u00e1mos tipp\u00fcnk \u00e9s \u00e9rdekes r\u00e1l\u00e1t\u00e1sunk van k\u00fcl\u00f6nb\u00f6z\u0151 t\u00e9m\u00e1kban, hogy seg\u00edts\u00fcnk felk\u00e9sz\u00edteni T\u00e9ged a sz\u00fcl\u0151s\u00e9gre, legyen sz\u00f3 v\u00e1rand\u00f3ss\u00e1gr\u00f3l, sz\u00fcl\u00e9sr\u0151l, etet\u00e9sr\u0151l, hozz\u00e1t\u00e1pl\u00e1l\u00e1sr\u00f3l vagy a baba fejl\u0151d\u00e9s\u00e9r\u0151l.\u00a0 [\/vc_column_text][\/vc_column][\/vc_row][vc_row][vc_column width=&#8221;1\/2&#8243;][vc_single_image image=&#8221;106070&#8243; img_size=&#8221;full&#8221; alignment=&#8221;center&#8221; onclick=&#8221;custom_link&#8221; link=&#8221;https:\/\/mamasandpapas.hu\/blog\/tanacsok\/a-baba-fejlodese\/&#8221;][vc_column_text] A BABA FEJL\u0150D\u00c9SE&#8230;<\/p>\n","protected":false},"author":4,"featured_media":0,"parent":0,"menu_order":0,"comment_status":"closed","ping_status":"closed","template":"","meta":{"_acf_changed":false,"footnotes":""},"class_list":["post-105789","page","type-page","status-publish","hentry"],"acf":[],"amp_enabled":true,"_links":{"self":[{"href":"https:\/\/mamasandpapas.hu\/blog\/wp-json\/wp\/v2\/pages\/105789","targetHints":{"allow":["GET"]}}],"collection":[{"href":"https:\/\/mamasandpapas.hu\/blog\/wp-json\/wp\/v2\/pages"}],"about":[{"href":"https:\/\/mamasandpapas.hu\/blog\/wp-json\/wp\/v2\/types\/page"}],"author":[{"embeddable":true,"href":"https:\/\/mamasandpapas.hu\/blog\/wp-json\/wp\/v2\/users\/4"}],"replies":[{"embeddable":true,"href":"https:\/\/mamasandpapas.hu\/blog\/wp-json\/wp\/v2\/comments?post=105789"}],"version-history":[{"count":11,"href":"https:\/\/mamasandpapas.hu\/blog\/wp-json\/wp\/v2\/pages\/105789\/revisions"}],"predecessor-version":[{"id":106138,"href":"https:\/\/mamasandpapas.hu\/blog\/wp-json\/wp\/v2\/pages\/105789\/revisions\/106138"}],"wp:attachment":[{"href":"https:\/\/mamasandpapas.hu\/blog\/wp-json\/wp\/v2\/media?parent=105789"}],"curies":[{"name":"wp","href":"https:\/\/api.w.org\/{rel}","templated":true}]}}